{"id":28474,"date":"2023-09-04T21:00:39","date_gmt":"2023-09-04T21:00:39","guid":{"rendered":"https:\/\/agroflex.cz\/product\/agroflex-alto-melegagy-kis-uveghaz\/"},"modified":"2025-09-20T14:42:08","modified_gmt":"2025-09-20T14:42:08","slug":"agroflex-alto-melegagy-kis-uveghaz","status":"publish","type":"product","link":"https:\/\/agroflex.cz\/hu\/termek\/agroflex-alto-melegagy-kis-uveghaz\/","title":{"rendered":"Agroflex ALTO &#8211; meleg\u00e1gy &#8211; kis \u00fcvegh\u00e1z"},"content":{"rendered":"<div class=\"wpb-content-wrapper\"><p>[vc_row][vc_column][vc_separator style=&#8221;shadow&#8221; border_width=&#8221;5&#8243;][vc_column_text text_larger=&#8221;no&#8221; woodmart_inline=&#8221;no&#8221;]<\/p>\n<h2 style=\"text-align: center;\">Agroflex polikarbon\u00e1t meleg\u00e1gyak &#8211; ALTO<\/h2>\n<p>Alto meleg\u00e1gy &#8211; k\u00e9nyelem \u00e9s praktikum. K\u00f6nny\u0171 \u00e9s gyors hozz\u00e1f\u00e9r\u00e9s minden sarokhoz. A speci\u00e1lis tart\u00f3k nem teszik lehet\u0151v\u00e9 a nyitott r\u00e9szek bez\u00e1r\u00e1s\u00e1t. Ide\u00e1lis paradicsom \u00e9s uborka \u00fcltet\u00e9s\u00e9re \u00e9s termeszt\u00e9s\u00e9re. A lyuk m\u00e9rete 2000 mm, a r\u00f6gz\u00edt\u00e9shez f\u00e9m tart\u00f3kat haszn\u00e1lnak. \u00c9jszaka z\u00e1rva vannak, seg\u00edtik a n\u00f6v\u00e9nyeket a nap folyam\u00e1n felhalmoz\u00f3dott h\u0151 megtart\u00e1s\u00e1ban, a kett\u0151s n\u00f6veked\u00e9sben \u00e9s a fejl\u0151d\u00e9sben (pal\u00e1nt\u00e1khoz haszn\u00e1lj\u00e1k \u0151ket).     <\/p>\n<p>Az \u00fcvegh\u00e1z v\u00e1za, legfeljebb 100 kg terhel\u00e9s\u0171, kiv\u00e1l\u00f3 min\u0151s\u00e9g\u0171 horganyzott 20\u00d720 ac\u00e9lb\u00f3l k\u00edv\u00fclr\u0151l \u00e9s bel\u00fclr\u0151l horganyzott, ennek k\u00f6sz\u00f6nhet\u0151en nem fog f\u00e9lni a v\u00e1g\u00e1st\u00f3l a teljes kizs\u00e1km\u00e1nyol\u00e1s sor\u00e1n. Jekl 1,2 mm f\u00e9mvastags\u00e1ggal, ami t\u00f6bb, mint m\u00e1s gy\u00e1rt\u00f3k hasonl\u00f3 \u00fcvegh\u00e1zai. Nyitott n\u00e9gyzettel rendelkezik, amelynek k\u00f6sz\u00f6nhet\u0151en az ac\u00e9l mindk\u00e9t oldal\u00e1n horganyz\u00e1s t\u00f6rt\u00e9nik, \u00e9s bel\u00fclr\u0151l nem \u00e1ll fenn a korr\u00f3zi\u00f3 vesz\u00e9lye az id\u0151 m\u00fal\u00e1s\u00e1val. Hossz\u00fa ideig ellen\u00e1ll a kedvez\u0151tlen \u00e9ghajlati viszonyoknak.[\/vc_column_text][vc_separator][vc_column_text text_larger=&#8221;no&#8221; woodmart_inline=&#8221;no&#8221;]<\/p>\n<div class=\"wpb_text_column wpb_content_element\">\n<div class=\"wpb_wrapper\">\n<div class=\"wpb_text_column wpb_content_element\">\n<div class=\"wpb_wrapper\">\n<div class=\"vc_row wpb_row vc_row-fluid\">\n<div class=\"wpb_column vc_column_container vc_col-sm-12\">\n<div class=\"vc_column-inner\">\n<div class=\"wpb_wrapper\">\n<div class=\"wpb_text_column wpb_content_element\">\n<div class=\"wpb_wrapper\">\n<h3 style=\"text-align: center;\">Polikarbon\u00e1t \u00fcvegez\u00e9s<\/h3>\n<p>Speci\u00e1lis, tan\u00fas\u00edtott \u00fcreges polikarbon\u00e1tot haszn\u00e1lnak 4 mm vastag \u00fcvegh\u00e1zakhoz, UV-sz\u0171r\u0151vel. Ennek a term\u00e9knek az el\u0151nye a magas h\u0151szigetel\u00e9s az \u00fcveggel szemben, amely ellen\u00e1ll a mechanikai s\u00e9r\u00fcl\u00e9seknek, az id\u0151j\u00e1r\u00e1snak, a j\u00e9ges\u0151nek, ugyanakkor a polikarbon\u00e1t \u00e1tl\u00e1tsz\u00f3s\u00e1ga kiv\u00e9teles (tisztas\u00e1g \u2013 ak\u00e1r 86%). <\/p>\n<\/div>\n<\/div>\n<\/div>\n<\/div>\n<\/div>\n<\/div>\n<\/div>\n<\/div>\n<\/div>\n<\/div>\n<p>Az \u00f6sszeszerel\u00e9s egyszer\u0171, felk\u00e9sz\u00fcletlen ember sz\u00e1m\u00e1ra a telep\u00edt\u00e9s nem okoz probl\u00e9m\u00e1t, az alkatr\u00e9szek univerz\u00e1lisak. De a polikarbon\u00e1t farag\u00e1sa csak \u00f3vatoss\u00e1got, \u00f6sszecsukhat\u00f3 k\u00e9st \u00e9s rohan\u00e1st ig\u00e9nyel. A polikarbon\u00e1tot t\u00e9len nem kell elt\u00e1vol\u00edtani. A tet\u0151csavarok form\u00e1j\u00e1ban gumi al\u00e1t\u00e9ttel t\u00f6rt\u00e9n\u0151 r\u00f6gz\u00edt\u00e9st tartalmazza. A felszerel\u00e9st mind a f\u00f6ld\u00f6n, mind az alapon v\u00e9gzik[\/vc_column_text][\/vc_column][\/vc_row][vc_row][vc_column width=&#8221;1\/2&#8243;][vc_separator style=&#8221;shadow&#8221; border_width=&#8221;5&#8243;][vc_text_separator title=&#8221;Aj\u00e1nlott tartoz\u00e9kok:&#8221; title_align=&#8221;separator_align_left&#8221; align=&#8221;align_left&#8221; style=&#8221;dotted&#8221;]<div class=\"widget_products \"><div class=\"widget woocommerce widget_products\"><ul class=\"product_list_widget\"><li>\n\t\t<span class=\"widget-product-wrap\">\n\t\t<a href=\"https:\/\/agroflex.cz\/hu\/termek\/aero-100-automata-uveghazi-ablaknyito\/\" title=\"AERO-100 Automata \u00fcvegh\u00e1zi ablaknyit\u00f3\" class=\"widget-product-img\">\n\t\t\t<img decoding=\"async\" width=\"300\" height=\"300\" src=\"https:\/\/agroflex.cz\/wp-content\/uploads\/2023\/09\/avtomat2-1-300x300.jpg\" class=\"attachment-woocommerce_thumbnail size-woocommerce_thumbnail\" alt=\"Olejov\u00fd p\u00edst do sklen\u00edku\" srcset=\"https:\/\/agroflex.cz\/wp-content\/uploads\/2023\/09\/avtomat2-1-300x300.jpg 300w, https:\/\/agroflex.cz\/wp-content\/uploads\/2023\/09\/avtomat2-1-150x150.jpg 150w, https:\/\/agroflex.cz\/wp-content\/uploads\/2023\/09\/avtomat2-1-600x600.jpg 600w, https:\/\/agroflex.cz\/wp-content\/uploads\/2023\/09\/avtomat2-1.jpg 690w\" sizes=\"(max-width: 300px) 100vw, 300px\" \/>\t\t<\/a>\n\t\t<span class=\"widget-product-info\">\n\t\t\t<a href=\"https:\/\/agroflex.cz\/hu\/termek\/aero-100-automata-uveghazi-ablaknyito\/\" title=\"AERO-100 Automata \u00fcvegh\u00e1zi ablaknyit\u00f3\" class=\"wd-entities-title\">\n\t\t\t\tAERO-100 Automata \u00fcvegh\u00e1zi ablaknyit\u00f3\t\t\t<\/a>\n\t\t\t\t\t\t\t\t\t\t\t\t\t<span class=\"price\"><del aria-hidden=\"true\"><span class=\"woocommerce-Price-amount amount\"><bdi>1 632<span class=\"woocommerce-Price-currencySymbol\">&#75;&#269;<\/span><\/bdi><\/span><\/del> <span class=\"screen-reader-text\">Original price was: 1 632&#075;&#269;.<\/span><ins aria-hidden=\"true\"><span class=\"woocommerce-Price-amount amount\"><bdi>1 531<span class=\"woocommerce-Price-currencySymbol\">&#75;&#269;<\/span><\/bdi><\/span><\/ins><span class=\"screen-reader-text\">Current price is: 1 531&#075;&#269;.<\/span><\/span>\n\t\t<\/span>\n\t<\/span>\n\t<\/li>\n<\/ul><\/div><\/div>[vc_separator style=&#8221;shadow&#8221; border_width=&#8221;5&#8243;][vc_column_text text_larger=&#8221;no&#8221;]<\/p>\n<p style=\"text-align: center;\"><span style=\"color: #000000;\"><strong>\u00dcvegh\u00e1z param\u00e9terei:<\/strong><\/span><\/p>\n<table>\n<tbody>\n<tr style=\"height: 24px;\">\n\u00c9p\u00edt\u00e9s <\/p>\n<td style=\"width: 165.517px; height: 24px; text-align: center;\">t\u00edpusa<\/td>\n<td style=\"width: 265.483px; height: 24px; text-align: center;\">El\u0151regy\u00e1rtott<\/td>\n<\/tr>\n<tr style=\"height: 24px;\">\n<td style=\"width: 165.517px; height: 26px; text-align: center;\">Megengedett terhel\u00e9s<\/td>\n<td style=\"width: 265.483px; height: 26px; text-align: center;\">100 kg<\/td>\n<\/tr>\n<tr style=\"height: 24px;\">\n<td style=\"width: 165.517px; height: 24px; text-align: center;\">sz\u00e9less\u00e9g<\/td>\n<td style=\"width: 265.483px; height: 24px; text-align: center;\">1,3 m<\/td>\n<\/tr>\n<tr style=\"height: 24px;\">\n<td style=\"width: 165.517px; height: 24px; text-align: center;\">Magass\u00e1g a talajhoz<\/td>\n<td style=\"width: 265.483px; height: 24px; text-align: center;\">0,89 m<\/td>\n<\/tr>\n<tr style=\"height: 24px;\">\n<td style=\"width: 165.517px; height: 24px; text-align: center;\">Fa<\/td>\n<p> magass\u00e1ga<\/p>\n<td style=\"width: 265.483px; height: 24px; text-align: center;\">1,14 m<\/td>\n<\/tr>\n<tr style=\"height: 24px;\">\n<td style=\"width: 165.517px; height: 24px; text-align: center;\">hossz\u00fas\u00e1g<\/td>\n<td style=\"width: 265.483px; height: 24px; text-align: center;\"> 2 m-t\u0151l (hosszabb is megtehet\u0151 \u2013 modul\u00e1ci\u00f3 2 m-es l\u00e9p\u00e9sekben)<\/td>\n<\/tr>\n<tr style=\"height: 24px;\">\n<td style=\"width: 165.517px; height: 24px; text-align: center;\">\u00dcvegez\u00e9si<\/td>\n<p> anyag<\/p>\n<td style=\"width: 265.483px; height: 24px; text-align: center;\">polikarbon\u00e1t 4 mm (tisztas\u00e1g &#8211; ak\u00e1r 86%).<\/td>\n<\/tr>\n<tr style=\"height: 24px;\">\n<td style=\"width: 165.517px; height: 24px; text-align: center;\">UV-v\u00e9delem<\/td>\n<td style=\"width: 265.483px; height: 24px; text-align: center;\">igen (egyoldal\u00fa)<\/td>\n<\/tr>\n<tr style=\"height: 24px;\">\n<td style=\"width: 165.517px; height: 24px; text-align: center;\">\u00c9p\u00edt\u0151anyag<\/td>\n<td style=\"width: 265.483px; height: 24px; text-align: center;\">Horganyzott ac\u00e9l &#8211; Jekl n\u00e9gyzet 20&#215;20 \u043c\u043c<\/td>\n<\/tr>\n<tr style=\"height: 24px;\">\n<td style=\"width: 165.517px; height: 24px; text-align: center;\">Profil<\/td>\n<p> vastags\u00e1ga<\/p>\n<td style=\"width: 265.483px; height: 24px; text-align: center;\">1,2 mm (40%-kal vastagabb, mint a hagyom\u00e1nyos \u00fcvegh\u00e1zak)<\/td>\n<\/tr>\n<tr style=\"height: 35px;\">\n<td style=\"width: 165.517px; height: 35px; text-align: center;\">Furat<\/td>\n<p> m\u00e9rete<\/p>\n<td style=\"width: 265.483px; height: 35px; text-align: center;\">2 m<\/td>\n<\/tr>\n<tr style=\"height: 24px;\">\n<td style=\"width: 165.517px; height: 24px; text-align: center;\">lyuk<\/td>\n<td style=\"width: 265.483px; height: 24px; text-align: center;\">2 db \u00e9s 2 m\u00e9terenk\u00e9nti hosszabb\u00edt\u00f3<\/td>\n<\/tr>\n<tr style=\"height: 24px;\">\n<td style=\"width: 165.517px; height: 24px; text-align: center;\">Polikarbon\u00e1t<\/td>\n<p> r\u00f6gz\u00edt\u00e9s<\/p>\n<td style=\"width: 265.483px; height: 24px; text-align: center;\">Csavarok al\u00e1t\u00e9tekkel \u00e9s any\u00e1kkal M5<\/td>\n<\/tr>\n<tr style=\"height: 24px;\">\n<td style=\"width: 165.517px; height: 24px; text-align: center;\">Polikarbon\u00e1t<\/td>\n<p> garancia<\/p>\n<td style=\"width: 265.483px; height: 24px; text-align: center;\">10 \u00e9v<\/td>\n<\/tr>\n<tr style=\"height: 35px;\">\n<td style=\"width: 165.517px; height: 35px; text-align: center;\">\u00c9p\u00edt\u00e9si<\/td>\n<p> garancia<\/p>\n<td style=\"width: 265.483px; height: 35px; text-align: center;\">2 \u00e9v<\/td>\n<\/tr>\n<tr style=\"height: 24px;\">\n<td style=\"width: 165.517px; height: 24px; text-align: center;\">alap \u2013 nem k\u00f6telez\u0151<\/td>\n<td style=\"width: 265.483px; height: 24px; text-align: center;\">Nem sz\u00fcks\u00e9ges<\/td>\n<\/tr>\n<tr style=\"height: 24px;\">\n<td style=\"width: 185.867px; height: 24px; text-align: center;\">R\u00f6gz\u00edt\u00e9s a talajhoz<\/td>\n<td style=\"width: 243.133px; height: 24px; text-align: center;\">Kapcsol\u00f3d\u00f3 <a href=\"https:\/\/agroflex.cz\/hu\/kategorie-produktu\/uveghazi-horgonyzas\/\" target=\"_blank\" rel=\"noopener\">term\u00e9kek<\/a><\/td>\n<\/tr>\n<\/tbody>\n<\/table>\n<p>[\/vc_column_text][vc_separator style=&#8221;shadow&#8221; border_width=&#8221;5&#8243;][\/vc_column][vc_column width=&#8221;1\/2&#8243;][vc_separator style=&#8221;shadow&#8221; border_width=&#8221;5&#8243;][vc_column_text text_larger=&#8221;no&#8221; woodmart_inline=&#8221;no&#8221;]<\/p>\n<div class=\"wpb_text_column wpb_content_element\">\n<div class=\"wpb_wrapper\">\n<h3 style=\"text-align: center;\">Feler\u0151s\u00edt\u00e9sek<\/h3>\n<p>Az \u00fcvegh\u00e1z \u00f6sszeszerel\u00e9se szint\u00e9n egyszer\u0171 \u00e9s nem ig\u00e9nyel k\u00fcl\u00f6n\u00f6sebb k\u00e9szs\u00e9geket. Csak minim\u00e1lis szersz\u00e1mk\u00e9szletre van sz\u00fcks\u00e9g \u2013 csavarkulcsra, csavarh\u00faz\u00f3ra, k\u00e9sre. R\u00e9szletes utas\u00edt\u00e1sokat kap az \u00fcvegh\u00e1zzal egy\u00fctt. Az illusztr\u00e1lt utas\u00edt\u00e1s tov\u00e1bb egyszer\u0171s\u00edti az \u00fcvegh\u00e1z \u00e9p\u00edt\u00e9s\u00e9nek folyamat\u00e1t,   <\/p>\n<p>Ha nincs ideje a telep\u00edt\u00e9sre, <a href=\"https:\/\/agroflex.cz\/hu\/az-uveghaz-osszeszerelese\/\" target=\"_blank\" rel=\"noopener\"><strong>megrendelheti<\/strong><\/a> szakembereinkt\u0151l a telep\u00edt\u00e9st, akik mindent nagy szak\u00e9rtelemmel \u00e9s a lehet\u0151 legr\u00f6videbb id\u0151n bel\u00fcl \u00f6ssze\u00e1ll\u00edtanak \u00d6nnek. B\u00e1r az eg\u00e9sz \u00fcvegh\u00e1z \u00f6sszeszerel\u00e9se egyszer\u0171, a legt\u00f6bb id\u0151t ig\u00e9nybe veszi a polikarbon\u00e1t v\u00e1g\u00e1sa \u00e9s \u00e9lez\u00e9se, valamint az \u00fcvegh\u00e1z mindk\u00e9t el\u00fcls\u0151 oldal\u00e1ra t\u00f6rt\u00e9n\u0151 felszerel\u00e9se. Ez\u00e9rt k\u00edn\u00e1ljuk \u00d6nnek a lehet\u0151s\u00e9get, hogy megrendelje <a href=\"https:\/\/agroflex.cz\/hu\/az-uveghaz-osszeszerelese\/\" target=\"_blank\" rel=\"noopener\"><strong>az \u00f6sszeszerel\u00e9snek ezt a r\u00e9sz\u00e9t<\/strong><\/a>, amelyet rakt\u00e1runkban v\u00e9geznek, mindk\u00e9t el\u00fcls\u0151 oldalt polikarbon\u00e1ttal t\u00f6ltve kapja meg a hordoz\u00f3t\u00f3l.  Az \u00fcvegh\u00e1z m\u00f3dos\u00edthat\u00f3, \u00e9s a j\u00f6v\u0151ben lehets\u00e9ges a b\u0151v\u00edt\u00e9sek megval\u00f3s\u00edt\u00e1sa, \u00edgy az \u00fcvegh\u00e1z elm\u00e9leti hossza korl\u00e1tlan.<\/p>\n<\/div>\n<\/div>\n<p>[\/vc_column_text][vc_separator style=&#8221;shadow&#8221; border_width=&#8221;5&#8243;][vc_column_text woodmart_inline=&#8221;no&#8221; text_larger=&#8221;no&#8221;]<\/p>\n<h3 style=\"text-align: center;\">Alternat\u00edv\u00e1k<\/h3>\n<p>[\/vc_column_text]<div class=\"widget_products \"><div class=\"widget woocommerce widget_products\"><ul class=\"product_list_widget\"><li>\n\t\t<span class=\"widget-product-wrap\">\n\t\t<a href=\"https:\/\/agroflex.cz\/hu\/termek\/melegagy-polikarbonat-mini-lux-kis-uveghaz\/\" title=\"Meleg\u00e1gy polikarbon\u00e1t MINI LUX - kis \u00fcvegh\u00e1z\" class=\"widget-product-img\">\n\t\t\t<img decoding=\"async\" width=\"300\" height=\"300\" src=\"https:\/\/agroflex.cz\/wp-content\/uploads\/2023\/09\/maly-sklenik-na-zahradu-300x300.jpg\" class=\"attachment-woocommerce_thumbnail size-woocommerce_thumbnail\" alt=\"Mal\u00fd sklen\u00edk z polykarbon\u00e1tu\" srcset=\"https:\/\/agroflex.cz\/wp-content\/uploads\/2023\/09\/maly-sklenik-na-zahradu-300x300.jpg 300w, https:\/\/agroflex.cz\/wp-content\/uploads\/2023\/09\/maly-sklenik-na-zahradu-150x150.jpg 150w\" sizes=\"(max-width: 300px) 100vw, 300px\" \/>\t\t<\/a>\n\t\t<span class=\"widget-product-info\">\n\t\t\t<a href=\"https:\/\/agroflex.cz\/hu\/termek\/melegagy-polikarbonat-mini-lux-kis-uveghaz\/\" title=\"Meleg\u00e1gy polikarbon\u00e1t MINI LUX - kis \u00fcvegh\u00e1z\" class=\"wd-entities-title\">\n\t\t\t\tMeleg\u00e1gy polikarbon\u00e1t MINI LUX - kis \u00fcvegh\u00e1z\t\t\t<\/a>\n\t\t\t\t\t\t\t\t\t\t\t\t\t<span class=\"price\"><span class=\"woocommerce-Price-amount amount\" aria-hidden=\"true\"><bdi>11 253<span class=\"woocommerce-Price-currencySymbol\">&#75;&#269;<\/span><\/bdi><\/span> <span aria-hidden=\"true\">&ndash;<\/span> <span class=\"woocommerce-Price-amount amount\" aria-hidden=\"true\"><bdi>26 730<span class=\"woocommerce-Price-currencySymbol\">&#75;&#269;<\/span><\/bdi><\/span><span class=\"screen-reader-text\">\u00c1rtartom\u00e1ny: 11 253&#75;&#269; - 26 730&#75;&#269;<\/span><\/span>\n\t\t<\/span>\n\t<\/span>\n\t<\/li>\n<\/ul><\/div><\/div>[vc_separator style=&#8221;shadow&#8221; border_width=&#8221;5&#8243;][\/vc_column][\/vc_row]<\/p>\n<\/div>","protected":false},"excerpt":{"rendered":"<p style=\"text-align: justify;\"><span style=\"font-size: 10pt;\">Meleg\u00e1gy sz\u00e9less\u00e9ge 1,3 m, magass\u00e1ga 1,14 m, hossza 2 m-t\u0151l. Horganyzott, robusztus konstrukci\u00f3 ac\u00e9lac\u00e9l alapj\u00e1n, hegeszt\u00e9s n\u00e9lk\u00fcl. Levehet\u0151 \u00edvek \u00e9s v\u00e1laszfalak. Speci\u00e1lis polikarbon\u00e1t 4 mm vastag \u00fcvegh\u00e1zakhoz, UV sz\u0171r\u0151vel. Egyszer\u0171s\u00edtett \u00f6sszeszerel\u00e9s.    <\/span><\/p>\n","protected":false},"featured_media":0,"comment_status":"open","ping_status":"closed","template":"","meta":[],"product_brand":[],"product_cat":[1296],"product_tag":[],"class_list":{"0":"post-28474","1":"product","2":"type-product","3":"status-publish","5":"product_cat-kiegeszitok","7":"first","8":"outofstock","9":"taxable","10":"shipping-taxable","11":"product-type-variable","12":"has-default-attributes"},"_links":{"self":[{"href":"https:\/\/agroflex.cz\/hu\/wp-json\/wp\/v2\/product\/28474","targetHints":{"allow":["GET"]}}],"collection":[{"href":"https:\/\/agroflex.cz\/hu\/wp-json\/wp\/v2\/product"}],"about":[{"href":"https:\/\/agroflex.cz\/hu\/wp-json\/wp\/v2\/types\/product"}],"replies":[{"embeddable":true,"href":"https:\/\/agroflex.cz\/hu\/wp-json\/wp\/v2\/comments?post=28474"}],"wp:attachment":[{"href":"https:\/\/agroflex.cz\/hu\/wp-json\/wp\/v2\/media?parent=28474"}],"wp:term":[{"taxonomy":"product_brand","embeddable":true,"href":"https:\/\/agroflex.cz\/hu\/wp-json\/wp\/v2\/product_brand?post=28474"},{"taxonomy":"product_cat","embeddable":true,"href":"https:\/\/agroflex.cz\/hu\/wp-json\/wp\/v2\/product_cat?post=28474"},{"taxonomy":"product_tag","embeddable":true,"href":"https:\/\/agroflex.cz\/hu\/wp-json\/wp\/v2\/product_tag?post=28474"}],"curies":[{"name":"wp","href":"https:\/\/api.w.org\/{rel}","templated":true}]}}