{"id":29029,"date":"2023-09-04T21:00:41","date_gmt":"2023-09-04T21:00:41","guid":{"rendered":"https:\/\/agroflex.cz\/product\/beton-horgonykeszlet-gerenda-acel-horgony-csavarral\/"},"modified":"2023-09-04T21:00:41","modified_gmt":"2023-09-04T21:00:41","slug":"beton-horgonykeszlet-gerenda-acel-horgony-csavarral","status":"publish","type":"product","link":"https:\/\/agroflex.cz\/hu\/termek\/beton-horgonykeszlet-gerenda-acel-horgony-csavarral\/","title":{"rendered":"Beton horgonyk\u00e9szlet &#8211; gerenda ac\u00e9l horgony csavarral"},"content":{"rendered":"","protected":false},"excerpt":{"rendered":"<p>Ac\u00e9lcs\u0151 horgony<\/p>\n<p>\u00c1tmen\u0151 horgony csavarral a beton pr\u00e9selt z\u00f3n\u00e1j\u00e1ban t\u00f6rt\u00e9n\u0151 szerkezeti r\u00f6gz\u00edt\u00e9shez &#8211; ez egy univerz\u00e1lis t\u00e1gul\u00e1si mechanikus horgony. Az optim\u00e1lis forma minim\u00e1lisra cs\u00f6kkenti a telep\u00edt\u00e9shez sz\u00fcks\u00e9ges energi\u00e1t, \u00e9s \u00edgy lehet\u0151v\u00e9 teszi a sz\u0171k helyeken val\u00f3 haszn\u00e1latot is. Ez biztos\u00edtja a felhaszn\u00e1l\u00f3bar\u00e1t telep\u00edt\u00e9st. Ac\u00e9lszerkezetek, g\u00e9pek, teherhord\u00f3 profilok, \u00e1llv\u00e1nyok, k\u00e1belt\u00e1lc\u00e1k r\u00f6gz\u00edt\u00e9s\u00e9re.   <\/p>\n<p>\u00c1tm\u00e9r\u0151: 10 mm<\/p>\n<p>Hossz\u00fas\u00e1g: 80 mm<\/p>\n<p>Anyaga: ac\u00e9l<\/p>\n<p>Labda &#8211; 4 db<\/p>\n","protected":false},"featured_media":12391,"comment_status":"open","ping_status":"closed","template":"","meta":[],"product_brand":[419],"product_cat":[507,1320,1308],"product_tag":[],"class_list":{"0":"post-29029","1":"product","2":"type-product","3":"status-publish","4":"has-post-thumbnail","6":"product_brand-agroflex","7":"product_cat-tartozekok","8":"product_cat-rogzito-elemek","9":"product_cat-uveghazi-horgonyzas","11":"first","12":"instock","13":"taxable","14":"shipping-taxable","15":"purchasable","16":"product-type-simple"},"_links":{"self":[{"href":"https:\/\/agroflex.cz\/hu\/wp-json\/wp\/v2\/product\/29029","targetHints":{"allow":["GET"]}}],"collection":[{"href":"https:\/\/agroflex.cz\/hu\/wp-json\/wp\/v2\/product"}],"about":[{"href":"https:\/\/agroflex.cz\/hu\/wp-json\/wp\/v2\/types\/product"}],"replies":[{"embeddable":true,"href":"https:\/\/agroflex.cz\/hu\/wp-json\/wp\/v2\/comments?post=29029"}],"wp:featuredmedia":[{"embeddable":true,"href":"https:\/\/agroflex.cz\/hu\/wp-json\/wp\/v2\/media\/12391"}],"wp:attachment":[{"href":"https:\/\/agroflex.cz\/hu\/wp-json\/wp\/v2\/media?parent=29029"}],"wp:term":[{"taxonomy":"product_brand","embeddable":true,"href":"https:\/\/agroflex.cz\/hu\/wp-json\/wp\/v2\/product_brand?post=29029"},{"taxonomy":"product_cat","embeddable":true,"href":"https:\/\/agroflex.cz\/hu\/wp-json\/wp\/v2\/product_cat?post=29029"},{"taxonomy":"product_tag","embeddable":true,"href":"https:\/\/agroflex.cz\/hu\/wp-json\/wp\/v2\/product_tag?post=29029"}],"curies":[{"name":"wp","href":"https:\/\/api.w.org\/{rel}","templated":true}]}}