{"id":29035,"date":"2023-09-04T21:00:40","date_gmt":"2023-09-04T21:00:40","guid":{"rendered":"https:\/\/agroflex.cz\/product\/negyszogletes-acel-csatlakozo-kereszt-acel-rozsdamentes\/"},"modified":"2023-09-04T21:00:40","modified_gmt":"2023-09-04T21:00:40","slug":"negyszogletes-acel-csatlakozo-kereszt-acel-rozsdamentes","status":"publish","type":"product","link":"https:\/\/agroflex.cz\/hu\/termek\/negyszogletes-acel-csatlakozo-kereszt-acel-rozsdamentes\/","title":{"rendered":"N\u00e9gysz\u00f6gletes ac\u00e9l csatlakoz\u00f3, &#8222;kereszt&#8221;, ac\u00e9l &#8211; rozsdamentes"},"content":{"rendered":"","protected":false},"excerpt":{"rendered":"<p>A n\u00e9gyzet alak\u00fa csatlakoz\u00f3kat t\u00f6bb profil \u00f6sszekapcsol\u00e1s\u00e1ra haszn\u00e1lj\u00e1k. A tengelykapcsol\u00f3kat egyszer\u0171en be kell tolni a profilokba, \u00e9s megb\u00edzhat\u00f3an tartj\u00e1k. Ide\u00e1lis megold\u00e1s keret vagy egyszer\u0171 szerkezet \u00f6sszeszerel\u00e9s\u00e9hez. Csatlakoz\u00f3, egyenesen ac\u00e9lhoz 20 x 20 vagy 40 x 20 mm, ac\u00e9l &#8211; rozsdamentes ac\u00e9l  <\/p>\n<p>Az \u00e1r egy p\u00e1rra vonatkozik &#8211; csavarok n\u00e9lk\u00fcl.<\/p>\n","protected":false},"featured_media":0,"comment_status":"open","ping_status":"closed","template":"","meta":[],"product_brand":[419],"product_cat":[507,1320],"product_tag":[],"class_list":{"0":"post-29035","1":"product","2":"type-product","3":"status-publish","5":"product_brand-agroflex","6":"product_cat-tartozekok","7":"product_cat-rogzito-elemek","9":"first","10":"instock","11":"sale","12":"taxable","13":"shipping-taxable","14":"purchasable","15":"product-type-simple"},"_links":{"self":[{"href":"https:\/\/agroflex.cz\/hu\/wp-json\/wp\/v2\/product\/29035","targetHints":{"allow":["GET"]}}],"collection":[{"href":"https:\/\/agroflex.cz\/hu\/wp-json\/wp\/v2\/product"}],"about":[{"href":"https:\/\/agroflex.cz\/hu\/wp-json\/wp\/v2\/types\/product"}],"replies":[{"embeddable":true,"href":"https:\/\/agroflex.cz\/hu\/wp-json\/wp\/v2\/comments?post=29035"}],"wp:attachment":[{"href":"https:\/\/agroflex.cz\/hu\/wp-json\/wp\/v2\/media?parent=29035"}],"wp:term":[{"taxonomy":"product_brand","embeddable":true,"href":"https:\/\/agroflex.cz\/hu\/wp-json\/wp\/v2\/product_brand?post=29035"},{"taxonomy":"product_cat","embeddable":true,"href":"https:\/\/agroflex.cz\/hu\/wp-json\/wp\/v2\/product_cat?post=29035"},{"taxonomy":"product_tag","embeddable":true,"href":"https:\/\/agroflex.cz\/hu\/wp-json\/wp\/v2\/product_tag?post=29035"}],"curies":[{"name":"wp","href":"https:\/\/api.w.org\/{rel}","templated":true}]}}