{"id":29376,"date":"2023-09-04T21:00:52","date_gmt":"2023-09-04T21:00:52","guid":{"rendered":"https:\/\/agroflex.cz\/product\/grande-6-kerti-autobeallo\/"},"modified":"2025-09-20T14:43:14","modified_gmt":"2025-09-20T14:43:14","slug":"grande-6-kerti-autobeallo","status":"publish","type":"product","link":"https:\/\/agroflex.cz\/hu\/termek\/grande-6-kerti-autobeallo\/","title":{"rendered":"GRANDE 6 kerti aut\u00f3be\u00e1ll\u00f3"},"content":{"rendered":"<div class=\"wpb-content-wrapper\"><p>[vc_row][vc_column][vc_column_text css=&#8221;&#8221; woodmart_inline=&#8221;no&#8221; text_larger=&#8221;no&#8221;]<\/p>\n<h2 class=\"product_title entry-title\" style=\"text-align: center;\">GRANDE 6 &#8211; Kerti ac\u00e9l mened\u00e9k<\/h2>\n<p><strong>El\u0151\u00edr\u00e1s:<\/strong><\/p>\n<p>Hossz 600 cm (hosszabb is lehet \u2013 modul\u00e1ci\u00f3 2 m-es l\u00e9p\u00e9sekben)<br \/>\nSz\u00e9less\u00e9g 340 cm<br \/>\nSz\u00e9less\u00e9g (nett\u00f3) 300 cm<br \/>\nMagass\u00e1g 288 cm<br \/>\nMagass\u00e1g (nett\u00f3) 267 cm<br \/>\nMagass\u00e1g (oldal) 230 cm<br \/>\n\u00dcvegez\u00e9s anyaga: cell\u00e1s polikarbon\u00e1t 6mm UV v\u00e9delemmel<br \/>\nPolikarbon\u00e1t sz\u00edne: barna vagy s\u00e1rga<br \/>\nSzerkezet anyaga: porsz\u00f3rt<br \/>\nac\u00e9lb\u00f3l Oszlop &#8211; ac\u00e9l 60 x 60 mm,  F\u00e9mvastags\u00e1g 2 mm<br \/>\nTet\u0151\u00edvek &#8211; ac\u00e9l 25 x 25 mm, f\u00e9mvastags\u00e1g 2 mm<br \/>\nMegengedett terhel\u00e9s 2000 kg-ig<br \/>\nA r\u00f6gz\u00edt\u00e9st er\u0151s horgonyl\u00e1bak biztos\u00edtj\u00e1k, hogy megakad\u00e1lyozz\u00e1k az er\u0151s sz\u00e9ll\u00f6k\u00e9sek hat\u00e1s\u00e1ra t\u00f6rt\u00e9n\u0151 felborul\u00e1st.<\/p>\n<p>A mened\u00e9k felszerel\u00e9s\u00e9t s\u00edk meger\u0151s\u00edtett alapon (lehet\u0151leg beton, csempe stb.) kell elv\u00e9gezni.[\/vc_column_text][\/vc_column][\/vc_row]<\/p>\n<\/div>","protected":false},"excerpt":{"rendered":"<p>Sz\u00e9less\u00e9ge 340 cm, magass\u00e1ga 288 cm, hossza 600 cm, magass\u00e1ga (oldala) 230 cm. A kiv\u00e1l\u00f3 min\u0151s\u00e9g\u0171, robusztus f\u00e9mv\u00e1z ellen\u00e1ll a kedvez\u0151tlen id\u0151j\u00e1r\u00e1si viszonyoknak. A gar\u00e1zs aut\u00f3be\u00e1ll\u00f3 megv\u00e9di aut\u00f3j\u00e1t az id\u0151j\u00e1r\u00e1s vesz\u00e9lyeit\u0151l., \u00e9s ami a legfontosabb, megv\u00e9di aut\u00f3ja fest\u00e9k\u00e9t a nap UV-sug\u00e1rz\u00e1s\u00e1t\u00f3l. Ha nincs nagy kertje, akkor a gar\u00e1zs kocsibe\u00e1ll\u00f3j\u00e1t m\u00e1s m\u00f3don is haszn\u00e1lhatja &#8211; pergola mened\u00e9kk\u00e9nt \u00fcl\u00e9shez, kocsibe\u00e1ll\u00f3k\u00e9nt, ker\u00e9kp\u00e1rt\u00e1rol\u00f3k\u00e9nt, szemetesk\u00e9nt, buszv\u00e1r\u00f3k\u00e9nt stb.<\/p>\n","protected":false},"featured_media":11752,"comment_status":"open","ping_status":"closed","template":"","meta":[],"product_brand":[419],"product_cat":[1344],"product_tag":[],"class_list":{"0":"post-29376","1":"product","2":"type-product","3":"status-publish","4":"has-post-thumbnail","6":"product_brand-agroflex","7":"product_cat-autobeallok","9":"first","10":"onbackorder","11":"taxable","12":"shipping-taxable","13":"product-type-simple"},"_links":{"self":[{"href":"https:\/\/agroflex.cz\/hu\/wp-json\/wp\/v2\/product\/29376","targetHints":{"allow":["GET"]}}],"collection":[{"href":"https:\/\/agroflex.cz\/hu\/wp-json\/wp\/v2\/product"}],"about":[{"href":"https:\/\/agroflex.cz\/hu\/wp-json\/wp\/v2\/types\/product"}],"replies":[{"embeddable":true,"href":"https:\/\/agroflex.cz\/hu\/wp-json\/wp\/v2\/comments?post=29376"}],"wp:featuredmedia":[{"embeddable":true,"href":"https:\/\/agroflex.cz\/hu\/wp-json\/wp\/v2\/media\/11752"}],"wp:attachment":[{"href":"https:\/\/agroflex.cz\/hu\/wp-json\/wp\/v2\/media?parent=29376"}],"wp:term":[{"taxonomy":"product_brand","embeddable":true,"href":"https:\/\/agroflex.cz\/hu\/wp-json\/wp\/v2\/product_brand?post=29376"},{"taxonomy":"product_cat","embeddable":true,"href":"https:\/\/agroflex.cz\/hu\/wp-json\/wp\/v2\/product_cat?post=29376"},{"taxonomy":"product_tag","embeddable":true,"href":"https:\/\/agroflex.cz\/hu\/wp-json\/wp\/v2\/product_tag?post=29376"}],"curies":[{"name":"wp","href":"https:\/\/api.w.org\/{rel}","templated":true}]}}