{"id":29437,"date":"2023-09-04T21:00:52","date_gmt":"2023-09-04T21:00:52","guid":{"rendered":"https:\/\/agroflex.cz\/product\/grande-4-kerti-autobeallo\/"},"modified":"2023-09-04T21:00:52","modified_gmt":"2023-09-04T21:00:52","slug":"grande-4-kerti-autobeallo","status":"publish","type":"product","link":"https:\/\/agroflex.cz\/hu\/termek\/grande-4-kerti-autobeallo\/","title":{"rendered":"GRANDE 4 kerti aut\u00f3be\u00e1ll\u00f3"},"content":{"rendered":"","protected":false},"excerpt":{"rendered":"<p>Sz\u00e9less\u00e9g 340 cm, magass\u00e1g 288 cm, hossz\u00fas\u00e1g 400 cm, magass\u00e1g (oldal) 230 cm. A kiv\u00e1l\u00f3 min\u0151s\u00e9g\u0171, robusztus f\u00e9mv\u00e1z ellen\u00e1ll a kedvez\u0151tlen id\u0151j\u00e1r\u00e1si viszonyoknak. A gar\u00e1zs aut\u00f3be\u00e1ll\u00f3 megv\u00e9di aut\u00f3j\u00e1t az id\u0151j\u00e1r\u00e1s vesz\u00e9lyeit\u0151l., \u00e9s ami a legfontosabb, megv\u00e9di aut\u00f3ja fest\u00e9k\u00e9t a nap UV-sug\u00e1rz\u00e1s\u00e1t\u00f3l. Ha nincs nagy kertje, akkor a gar\u00e1zs kocsibe\u00e1ll\u00f3j\u00e1t m\u00e1s m\u00f3don is haszn\u00e1lhatja &#8211; pergola mened\u00e9kk\u00e9nt \u00fcl\u00e9shez, kocsibe\u00e1ll\u00f3k\u00e9nt, ker\u00e9kp\u00e1rt\u00e1rol\u00f3k\u00e9nt, szemetesk\u00e9nt, buszv\u00e1r\u00f3k\u00e9nt stb.<\/p>\n","protected":false},"featured_media":11752,"comment_status":"open","ping_status":"closed","template":"","meta":[],"product_brand":[419],"product_cat":[1344],"product_tag":[],"class_list":{"0":"post-29437","1":"product","2":"type-product","3":"status-publish","4":"has-post-thumbnail","6":"product_brand-agroflex","7":"product_cat-autobeallok","9":"first","10":"onbackorder","11":"taxable","12":"shipping-taxable","13":"product-type-simple"},"_links":{"self":[{"href":"https:\/\/agroflex.cz\/hu\/wp-json\/wp\/v2\/product\/29437","targetHints":{"allow":["GET"]}}],"collection":[{"href":"https:\/\/agroflex.cz\/hu\/wp-json\/wp\/v2\/product"}],"about":[{"href":"https:\/\/agroflex.cz\/hu\/wp-json\/wp\/v2\/types\/product"}],"replies":[{"embeddable":true,"href":"https:\/\/agroflex.cz\/hu\/wp-json\/wp\/v2\/comments?post=29437"}],"wp:featuredmedia":[{"embeddable":true,"href":"https:\/\/agroflex.cz\/hu\/wp-json\/wp\/v2\/media\/11752"}],"wp:attachment":[{"href":"https:\/\/agroflex.cz\/hu\/wp-json\/wp\/v2\/media?parent=29437"}],"wp:term":[{"taxonomy":"product_brand","embeddable":true,"href":"https:\/\/agroflex.cz\/hu\/wp-json\/wp\/v2\/product_brand?post=29437"},{"taxonomy":"product_cat","embeddable":true,"href":"https:\/\/agroflex.cz\/hu\/wp-json\/wp\/v2\/product_cat?post=29437"},{"taxonomy":"product_tag","embeddable":true,"href":"https:\/\/agroflex.cz\/hu\/wp-json\/wp\/v2\/product_tag?post=29437"}],"curies":[{"name":"wp","href":"https:\/\/api.w.org\/{rel}","templated":true}]}}