{"id":29881,"date":"2023-09-04T21:01:17","date_gmt":"2023-09-04T21:01:17","guid":{"rendered":"https:\/\/agroflex.cz\/product\/keszlet-s-uveghazi-kiegeszitok\/"},"modified":"2023-09-04T21:01:17","modified_gmt":"2023-09-04T21:01:17","slug":"keszlet-s-uveghazi-kiegeszitok","status":"publish","type":"product","link":"https:\/\/agroflex.cz\/hu\/termek\/keszlet-s-uveghazi-kiegeszitok\/","title":{"rendered":"k\u00e9szlet &#8211; S &#8211; \u00fcvegh\u00e1zi kieg\u00e9sz\u00edt\u0151k"},"content":{"rendered":"","protected":false},"excerpt":{"rendered":"<p>A k\u00e9szlet 2 &#8211; 2,5 &#8211; 3 m sz\u00e9less\u00e9g\u0171, 4, 6, 8 m hossz\u00fa \u00edves \u00fcvegh\u00e1zakhoz alkalmas<\/p>\n<p>A k\u00e9szlet mindent tartalmaz, amire sz\u00fcks\u00e9ge van a polikarbon\u00e1t 4-6-8mm v\u00e9delm\u00e9hez:<\/p>\n<ul>\n<li>U-t\u00edpus\u00fa v\u00e9gl\u00e9cek polikarbon\u00e1thoz &#8211; (S4 k\u00e9szlet &#8211; 11db, S6 k\u00e9szlet &#8211; 13db, S8 k\u00e9szlet &#8211; 15db)<\/li>\n<li>p\u00e1ra\u00e1tereszt\u0151 szell\u0151z\u0151szalag AntiDust 3500 &#8211; (S4 k\u00e9szlet &#8211; 1db, S6 k\u00e9szlet &#8211; 2db, S8 k\u00e9szlet &#8211; 2db)<\/li>\n<\/ul>\n","protected":false},"featured_media":0,"comment_status":"open","ping_status":"closed","template":"","meta":[],"product_brand":[419],"product_cat":[507],"product_tag":[],"class_list":{"0":"post-29881","1":"product","2":"type-product","3":"status-publish","5":"product_brand-agroflex","6":"product_cat-tartozekok","8":"first","9":"instock","10":"taxable","11":"shipping-taxable","12":"purchasable","13":"product-type-variable","14":"has-default-attributes"},"_links":{"self":[{"href":"https:\/\/agroflex.cz\/hu\/wp-json\/wp\/v2\/product\/29881","targetHints":{"allow":["GET"]}}],"collection":[{"href":"https:\/\/agroflex.cz\/hu\/wp-json\/wp\/v2\/product"}],"about":[{"href":"https:\/\/agroflex.cz\/hu\/wp-json\/wp\/v2\/types\/product"}],"replies":[{"embeddable":true,"href":"https:\/\/agroflex.cz\/hu\/wp-json\/wp\/v2\/comments?post=29881"}],"wp:attachment":[{"href":"https:\/\/agroflex.cz\/hu\/wp-json\/wp\/v2\/media?parent=29881"}],"wp:term":[{"taxonomy":"product_brand","embeddable":true,"href":"https:\/\/agroflex.cz\/hu\/wp-json\/wp\/v2\/product_brand?post=29881"},{"taxonomy":"product_cat","embeddable":true,"href":"https:\/\/agroflex.cz\/hu\/wp-json\/wp\/v2\/product_cat?post=29881"},{"taxonomy":"product_tag","embeddable":true,"href":"https:\/\/agroflex.cz\/hu\/wp-json\/wp\/v2\/product_tag?post=29881"}],"curies":[{"name":"wp","href":"https:\/\/api.w.org\/{rel}","templated":true}]}}