{"id":30534,"date":"2023-09-04T21:01:46","date_gmt":"2023-09-04T21:01:46","guid":{"rendered":"https:\/\/agroflex.cz\/product\/szellozoablak-profi-plus\/"},"modified":"2023-09-04T21:01:46","modified_gmt":"2023-09-04T21:01:46","slug":"szellozoablak-profi-plus","status":"publish","type":"product","link":"https:\/\/agroflex.cz\/hu\/termek\/szellozoablak-profi-plus\/","title":{"rendered":"Szell\u0151z\u0151ablak &#8211; PROFI PLUS"},"content":{"rendered":"<p><strong> <\/strong><\/p>\n<p>&nbsp;<\/p>\n<p>&nbsp;<\/p>\n","protected":false},"excerpt":{"rendered":"<p>A tet\u0151 oldals\u00f3 szell\u0151z\u0151ablaka az \u00fcvegh\u00e1z bels\u0151 h\u0151m\u00e9rs\u00e9klet\u00e9nek szab\u00e1lyoz\u00e1s\u00e1ra szolg\u00e1l. Ez egy eredeti b\u0151v\u00edt\u0151term\u00e9k a PROFI PLUS polikarbon\u00e1t kerti \u00fcvegh\u00e1zhoz. Az ablakkeret, mint az eg\u00e9sz \u00fcvegh\u00e1z, profilozott horganyzottb\u00f3l k\u00e9sz\u00fcl. Ac\u00e9lok. A szell\u0151z\u0151ablak teljes m\u00e9rt\u00e9kben kompatibilis az Aero-100, Thermovent, Univent, Megavent automata nyit\u00f3val, amely ehhez az ablakhoz rendelhet\u0151. A csomag tartalmazza az \u00f6sszes sz\u00fcks\u00e9ges r\u00f6gz\u00edt\u0151elemet.     <\/p>\n","protected":false},"featured_media":12820,"comment_status":"open","ping_status":"closed","template":"","meta":[],"product_brand":[419],"product_cat":[507,1338],"product_tag":[],"class_list":{"0":"post-30534","1":"product","2":"type-product","3":"status-publish","4":"has-post-thumbnail","6":"product_brand-agroflex","7":"product_cat-tartozekok","8":"product_cat-szellozo-ablakok","10":"first","11":"instock","12":"taxable","13":"shipping-taxable","14":"purchasable","15":"product-type-simple"},"_links":{"self":[{"href":"https:\/\/agroflex.cz\/hu\/wp-json\/wp\/v2\/product\/30534","targetHints":{"allow":["GET"]}}],"collection":[{"href":"https:\/\/agroflex.cz\/hu\/wp-json\/wp\/v2\/product"}],"about":[{"href":"https:\/\/agroflex.cz\/hu\/wp-json\/wp\/v2\/types\/product"}],"replies":[{"embeddable":true,"href":"https:\/\/agroflex.cz\/hu\/wp-json\/wp\/v2\/comments?post=30534"}],"wp:featuredmedia":[{"embeddable":true,"href":"https:\/\/agroflex.cz\/hu\/wp-json\/wp\/v2\/media\/12820"}],"wp:attachment":[{"href":"https:\/\/agroflex.cz\/hu\/wp-json\/wp\/v2\/media?parent=30534"}],"wp:term":[{"taxonomy":"product_brand","embeddable":true,"href":"https:\/\/agroflex.cz\/hu\/wp-json\/wp\/v2\/product_brand?post=30534"},{"taxonomy":"product_cat","embeddable":true,"href":"https:\/\/agroflex.cz\/hu\/wp-json\/wp\/v2\/product_cat?post=30534"},{"taxonomy":"product_tag","embeddable":true,"href":"https:\/\/agroflex.cz\/hu\/wp-json\/wp\/v2\/product_tag?post=30534"}],"curies":[{"name":"wp","href":"https:\/\/api.w.org\/{rel}","templated":true}]}}