{"id":30596,"date":"2023-09-04T21:02:03","date_gmt":"2023-09-04T21:02:03","guid":{"rendered":"https:\/\/agroflex.cz\/product\/femlemez-alap-1-m-szelessegu-melegagyhoz\/"},"modified":"2023-09-04T21:02:03","modified_gmt":"2023-09-04T21:02:03","slug":"femlemez-alap-1-m-szelessegu-melegagyhoz","status":"publish","type":"product","link":"https:\/\/agroflex.cz\/hu\/termek\/femlemez-alap-1-m-szelessegu-melegagyhoz\/","title":{"rendered":"F\u00e9mlemez alap 1 m sz\u00e9less\u00e9g\u0171 meleg\u00e1gyhoz"},"content":{"rendered":"","protected":false},"excerpt":{"rendered":"<p>Az alapok cs\u00f6kkentik a korr\u00f3zi\u00f3s aktivit\u00e1st, minden t\u00edpus\u00fa, 1 m sz\u00e9less\u00e9g\u0171 kerti meleg\u00e1gyakhoz. Ez egy egyed\u00fcl\u00e1ll\u00f3 rendszer, amely helyettes\u00edti az alapot abban az esetben, ha nem lehet szil\u00e1rd betonalapot vagy t\u00e9gl\u00e1b\u00f3l vagy csemp\u00e9b\u0151l k\u00e9sz\u00fclt alapot \u00e9p\u00edteni. Ez az alap k\u00f6r\u00fclbel\u00fcl 20 cm-rel megemeli a meleg\u00e1gyat. Az emel\u0151alap horganyzott profilokb\u00f3l k\u00e9sz\u00fcl. Horgonyl\u00e1bakat tartalmaz.    <\/p>\n<p>Alapm\u00e9retek (h &#8211; sz) 1 x 2m (hosszabb is elv\u00e9gezhet\u0151 &#8211; modul\u00e1ci\u00f3 2m hossz\u00fas\u00e1gban)<\/p>\n","protected":false},"featured_media":32400,"comment_status":"open","ping_status":"closed","template":"","meta":[],"product_brand":[419],"product_cat":[507,1308],"product_tag":[],"class_list":{"0":"post-30596","1":"product","2":"type-product","3":"status-publish","4":"has-post-thumbnail","6":"product_brand-agroflex","7":"product_cat-tartozekok","8":"product_cat-uveghazi-horgonyzas","10":"first","11":"instock","12":"sale","13":"taxable","14":"shipping-taxable","15":"purchasable","16":"product-type-variable","17":"has-default-attributes"},"_links":{"self":[{"href":"https:\/\/agroflex.cz\/hu\/wp-json\/wp\/v2\/product\/30596","targetHints":{"allow":["GET"]}}],"collection":[{"href":"https:\/\/agroflex.cz\/hu\/wp-json\/wp\/v2\/product"}],"about":[{"href":"https:\/\/agroflex.cz\/hu\/wp-json\/wp\/v2\/types\/product"}],"replies":[{"embeddable":true,"href":"https:\/\/agroflex.cz\/hu\/wp-json\/wp\/v2\/comments?post=30596"}],"wp:featuredmedia":[{"embeddable":true,"href":"https:\/\/agroflex.cz\/hu\/wp-json\/wp\/v2\/media\/32400"}],"wp:attachment":[{"href":"https:\/\/agroflex.cz\/hu\/wp-json\/wp\/v2\/media?parent=30596"}],"wp:term":[{"taxonomy":"product_brand","embeddable":true,"href":"https:\/\/agroflex.cz\/hu\/wp-json\/wp\/v2\/product_brand?post=30596"},{"taxonomy":"product_cat","embeddable":true,"href":"https:\/\/agroflex.cz\/hu\/wp-json\/wp\/v2\/product_cat?post=30596"},{"taxonomy":"product_tag","embeddable":true,"href":"https:\/\/agroflex.cz\/hu\/wp-json\/wp\/v2\/product_tag?post=30596"}],"curies":[{"name":"wp","href":"https:\/\/api.w.org\/{rel}","templated":true}]}}