{"id":30683,"date":"2023-09-04T21:00:32","date_gmt":"2023-09-04T21:00:32","guid":{"rendered":"https:\/\/agroflex.cz\/product\/antidust-3500-paraatereszto-szellozoszalag\/"},"modified":"2026-04-01T11:57:26","modified_gmt":"2026-04-01T11:57:26","slug":"antidust-3500-paraatereszto-szellozoszalag","status":"publish","type":"product","link":"https:\/\/agroflex.cz\/hu\/termek\/antidust-3500-paraatereszto-szellozoszalag\/","title":{"rendered":"AntiDust 3500 p\u00e1ra\u00e1tereszt\u0151 szell\u0151z\u0151szalag"},"content":{"rendered":"","protected":false},"excerpt":{"rendered":"<p>ANtiDust 3500 diff\u00fazi\u00f3s szell\u0151z\u0151szalag polikarbon\u00e1t h\u00fcvelylemezek \u00fcregeinek t\u00f6m\u00edt\u00e9s\u00e9re. Megakad\u00e1lyozza a por \u00e9s a szennyez\u0151d\u00e9s bejut\u00e1s\u00e1t az \u00fcregekbe. Az egyoldalas diff\u00fazi\u00f3s nyitott szalag megtartja a nedvess\u00e9get az \u00fcregek fel\u00e9. A szell\u0151z\u0151szalag kiengedi a nedvess\u00e9get az \u00fcregekb\u0151l. 4-10 mm-es polikarbon\u00e1t h\u00fcvelylemezek \u00fcregeinek lez\u00e1r\u00e1s\u00e1ra. Hossz 33m     <\/p>\n","protected":false},"featured_media":12615,"comment_status":"open","ping_status":"closed","template":"","meta":[],"product_brand":[419],"product_cat":[507,1314,1302],"product_tag":[],"class_list":{"0":"post-30683","1":"product","2":"type-product","3":"status-publish","4":"has-post-thumbnail","6":"product_brand-agroflex","7":"product_cat-tartozekok","8":"product_cat-pc-lapok-szegelyezese","9":"product_cat-polikarbonat-lapok","11":"first","12":"instock","13":"taxable","14":"shipping-taxable","15":"purchasable","16":"product-type-simple"},"_links":{"self":[{"href":"https:\/\/agroflex.cz\/hu\/wp-json\/wp\/v2\/product\/30683","targetHints":{"allow":["GET"]}}],"collection":[{"href":"https:\/\/agroflex.cz\/hu\/wp-json\/wp\/v2\/product"}],"about":[{"href":"https:\/\/agroflex.cz\/hu\/wp-json\/wp\/v2\/types\/product"}],"replies":[{"embeddable":true,"href":"https:\/\/agroflex.cz\/hu\/wp-json\/wp\/v2\/comments?post=30683"}],"wp:featuredmedia":[{"embeddable":true,"href":"https:\/\/agroflex.cz\/hu\/wp-json\/wp\/v2\/media\/12615"}],"wp:attachment":[{"href":"https:\/\/agroflex.cz\/hu\/wp-json\/wp\/v2\/media?parent=30683"}],"wp:term":[{"taxonomy":"product_brand","embeddable":true,"href":"https:\/\/agroflex.cz\/hu\/wp-json\/wp\/v2\/product_brand?post=30683"},{"taxonomy":"product_cat","embeddable":true,"href":"https:\/\/agroflex.cz\/hu\/wp-json\/wp\/v2\/product_cat?post=30683"},{"taxonomy":"product_tag","embeddable":true,"href":"https:\/\/agroflex.cz\/hu\/wp-json\/wp\/v2\/product_tag?post=30683"}],"curies":[{"name":"wp","href":"https:\/\/api.w.org\/{rel}","templated":true}]}}