{"id":30788,"date":"2023-09-04T21:00:32","date_gmt":"2023-09-04T21:00:32","guid":{"rendered":"https:\/\/agroflex.cz\/product\/lego-univerzalis-agyszegely\/"},"modified":"2023-09-04T21:00:32","modified_gmt":"2023-09-04T21:00:32","slug":"lego-univerzalis-agyszegely","status":"publish","type":"product","link":"https:\/\/agroflex.cz\/hu\/termek\/lego-univerzalis-agyszegely\/","title":{"rendered":"LEGO Univerz\u00e1lis \u00e1gyszeg\u00e9ly"},"content":{"rendered":"","protected":false},"excerpt":{"rendered":"<p>Ez az \u00e1gyszeg\u00e9ly\u0171 j\u00e1r\u00f3ka k\u00f6nnyen elv\u00e1lasztja kertj\u00e9t, vir\u00e1g\u00e1gy\u00e1s\u00e1t, kertj\u00e9t vagy p\u00e1zsitj\u00e1t. Ac\u00e9l mer\u00fcl\u0151szeg\u00e9lyt haszn\u00e1lnak emelt \u00e1gy\u00e1s l\u00e9trehoz\u00e1s\u00e1ra. A szakaszok \u00f6sszekapcsol\u00e1s\u00e1nak egyszer\u0171 \u00e9s megb\u00edzhat\u00f3 mechanizmusa lehet\u0151v\u00e9 teszi, hogy n\u00e9h\u00e1ny perc alatt \u00f6sszeszerelje \u00e9s felszerelje a k\u00fcl\u00f6nb\u00f6z\u0151 m\u00e9ret\u0171 \u00e9s form\u00e1j\u00fa emelt \u00e1gyakat professzion\u00e1lis szersz\u00e1m n\u00e9lk\u00fcl. Az azonos magass\u00e1g\u00fa vagy hossz\u00fas\u00e1g\u00fa egyes modulok k\u00fcl\u00f6nb\u00f6z\u0151 kompoz\u00edci\u00f3kba kombin\u00e1lhat\u00f3k. A vir\u00e1g\u00e1gy\u00e1s vastag f\u00e9mlemezb\u0151l k\u00e9sz\u00fcl, amely horganyzott.    <\/p>\n<p>El\u0151nye:<\/p>\n<ul>\n<li>K\u00f6nny\u0171 kezelhet\u0151s\u00e9g \u00e9s telep\u00edt\u00e9s (csak cs\u00fasztassa a talajba)<\/li>\n<li>lehet\u0151v\u00e9 teszi k\u00fcl\u00f6nb\u00f6z\u0151 m\u00e9ret\u0171 \u00e9s form\u00e1j\u00fa emelt \u00e1gyak \u00f6sszeszerel\u00e9s\u00e9t \u00e9s felszerel\u00e9s\u00e9t<\/li>\n<li>Stabil konstrukci\u00f3 a talajba \u00e1gyazott l\u00e1baknak (kerek l\u00e1baknak) k\u00f6sz\u00f6nhet\u0151en<\/li>\n<li>Egyszer\u0171 modul csatlakoz\u00e1si rendszer (nincs sz\u00fcks\u00e9g szersz\u00e1mokra)<\/li>\n<li>\u00d6sszecsukhat\u00f3 \u00e9s holtszezonban t\u00e1rolhat\u00f3<\/li>\n<\/ul>\n<p>A csomag 2 modult (p\u00e1r) tartalmaz.<\/p>\n<p>1 modul hossza: 65 cm \/ 90 cm \/ 197 cm<\/p>\n<p>A ker\u00edt\u00e9s magass\u00e1ga 19 cm \/ a talaj behatol\u00e1sa 19 cm Nagyon stabil fel\u00e9p\u00edt\u00e9s a l\u00e1baknak k\u00f6sz\u00f6nhet\u0151en &#8211; a talajba \u00e1gyazva. Az \u00f6sszeszerel\u00e9s nagyon egyszer\u0171. A vir\u00e1g\u00e1gy\u00e1s vastag f\u00e9mlemezb\u0151l k\u00e9sz\u00fcl, amely horganyzott. A ker\u00edt\u00e9s sz\u00e9lei gondosan hajl\u00edtottak \u00e9s biztons\u00e1gosan \u00f6sszeszerelhet\u0151k.   <\/p>\n<p>Az \u00e1r egy azonos m\u00e9ret\u0171 p\u00e1rra vonatkozik<\/p>\n<p>&nbsp;<\/p>\n","protected":false},"featured_media":12257,"comment_status":"open","ping_status":"closed","template":"","meta":[],"product_brand":[419],"product_cat":[507,1351,1375,1363],"product_tag":[],"class_list":{"0":"post-30788","1":"product","2":"type-product","3":"status-publish","4":"has-post-thumbnail","6":"product_brand-agroflex","7":"product_cat-tartozekok","8":"product_cat-emelt-agyak","9":"product_cat-kerti-szegelyek","10":"product_cat-fem-viragagyasok","12":"first","13":"instock","14":"sale","15":"taxable","16":"shipping-taxable","17":"purchasable","18":"product-type-variable","19":"has-default-attributes"},"_links":{"self":[{"href":"https:\/\/agroflex.cz\/hu\/wp-json\/wp\/v2\/product\/30788","targetHints":{"allow":["GET"]}}],"collection":[{"href":"https:\/\/agroflex.cz\/hu\/wp-json\/wp\/v2\/product"}],"about":[{"href":"https:\/\/agroflex.cz\/hu\/wp-json\/wp\/v2\/types\/product"}],"replies":[{"embeddable":true,"href":"https:\/\/agroflex.cz\/hu\/wp-json\/wp\/v2\/comments?post=30788"}],"wp:featuredmedia":[{"embeddable":true,"href":"https:\/\/agroflex.cz\/hu\/wp-json\/wp\/v2\/media\/12257"}],"wp:attachment":[{"href":"https:\/\/agroflex.cz\/hu\/wp-json\/wp\/v2\/media?parent=30788"}],"wp:term":[{"taxonomy":"product_brand","embeddable":true,"href":"https:\/\/agroflex.cz\/hu\/wp-json\/wp\/v2\/product_brand?post=30788"},{"taxonomy":"product_cat","embeddable":true,"href":"https:\/\/agroflex.cz\/hu\/wp-json\/wp\/v2\/product_cat?post=30788"},{"taxonomy":"product_tag","embeddable":true,"href":"https:\/\/agroflex.cz\/hu\/wp-json\/wp\/v2\/product_tag?post=30788"}],"curies":[{"name":"wp","href":"https:\/\/api.w.org\/{rel}","templated":true}]}}