{"id":30995,"date":"2023-09-04T21:00:33","date_gmt":"2023-09-04T21:00:33","guid":{"rendered":"https:\/\/agroflex.cz\/product\/drotracsos-keszlet-hegymaszo-novenyekhez\/"},"modified":"2023-09-04T21:00:33","modified_gmt":"2023-09-04T21:00:33","slug":"drotracsos-keszlet-hegymaszo-novenyekhez","status":"publish","type":"product","link":"https:\/\/agroflex.cz\/hu\/termek\/drotracsos-keszlet-hegymaszo-novenyekhez\/","title":{"rendered":"Dr\u00f3tr\u00e1csos k\u00e9szlet hegym\u00e1sz\u00f3 n\u00f6v\u00e9nyekhez"},"content":{"rendered":"","protected":false},"excerpt":{"rendered":"<p>Az \u00fcvegh\u00e1z teteje alatt a n\u00f6v\u00e9nyek megk\u00f6t\u00e9s\u00e9re tervezett fesz\u00edtett huzalok lehet\u0151v\u00e9 teszik a kik\u00f6t\u0151k\u00f6telek vagy h\u00e1l\u00f3k r\u00f6gz\u00edt\u00e9s\u00e9t. A dr\u00f3tr\u00e1csos k\u00e9szlet nagyon tart\u00f3s \u00e9s minden t\u00edpus\u00fa hegym\u00e1sz\u00f3 n\u00f6v\u00e9nyhez alkalmas. 4 &#8211; 6 &#8211; 8 &#8211; 10 m\u00e9teres rozsdamentes ac\u00e9lhuzalt \u00e9s foganty\u00fakat tartalmaz   <\/p>\n","protected":false},"featured_media":11669,"comment_status":"open","ping_status":"closed","template":"","meta":[],"product_brand":[419],"product_cat":[507,1320],"product_tag":[],"class_list":{"0":"post-30995","1":"product","2":"type-product","3":"status-publish","4":"has-post-thumbnail","6":"product_brand-agroflex","7":"product_cat-tartozekok","8":"product_cat-rogzito-elemek","10":"first","11":"instock","12":"taxable","13":"shipping-taxable","14":"purchasable","15":"product-type-variable"},"_links":{"self":[{"href":"https:\/\/agroflex.cz\/hu\/wp-json\/wp\/v2\/product\/30995","targetHints":{"allow":["GET"]}}],"collection":[{"href":"https:\/\/agroflex.cz\/hu\/wp-json\/wp\/v2\/product"}],"about":[{"href":"https:\/\/agroflex.cz\/hu\/wp-json\/wp\/v2\/types\/product"}],"replies":[{"embeddable":true,"href":"https:\/\/agroflex.cz\/hu\/wp-json\/wp\/v2\/comments?post=30995"}],"wp:featuredmedia":[{"embeddable":true,"href":"https:\/\/agroflex.cz\/hu\/wp-json\/wp\/v2\/media\/11669"}],"wp:attachment":[{"href":"https:\/\/agroflex.cz\/hu\/wp-json\/wp\/v2\/media?parent=30995"}],"wp:term":[{"taxonomy":"product_brand","embeddable":true,"href":"https:\/\/agroflex.cz\/hu\/wp-json\/wp\/v2\/product_brand?post=30995"},{"taxonomy":"product_cat","embeddable":true,"href":"https:\/\/agroflex.cz\/hu\/wp-json\/wp\/v2\/product_cat?post=30995"},{"taxonomy":"product_tag","embeddable":true,"href":"https:\/\/agroflex.cz\/hu\/wp-json\/wp\/v2\/product_tag?post=30995"}],"curies":[{"name":"wp","href":"https:\/\/api.w.org\/{rel}","templated":true}]}}