{"id":31250,"date":"2023-09-04T21:00:33","date_gmt":"2023-09-04T21:00:33","guid":{"rendered":"https:\/\/agroflex.cz\/product\/botanik-femlemez-alap-uveghazakhoz\/"},"modified":"2023-09-04T21:00:33","modified_gmt":"2023-09-04T21:00:33","slug":"botanik-femlemez-alap-uveghazakhoz","status":"publish","type":"product","link":"https:\/\/agroflex.cz\/hu\/termek\/botanik-femlemez-alap-uveghazakhoz\/","title":{"rendered":"Botanik f\u00e9mlemez alap \u00fcvegh\u00e1zakhoz"},"content":{"rendered":"","protected":false},"excerpt":{"rendered":"<p>Az alap cs\u00f6kkenti a korr\u00f3zi\u00f3s aktivit\u00e1st, biztos\u00edtja a 3 m vagy 5 m sz\u00e9less\u00e9g\u0171 \u00fcvegh\u00e1zak tart\u00f3j\u00e1nak stabilit\u00e1s\u00e1t. Ez egy egyed\u00fcl\u00e1ll\u00f3 rendszer, amely helyettes\u00edti az alapot abban az esetben, ha nem lehet szil\u00e1rd betonalapot vagy t\u00e9gl\u00e1b\u00f3l vagy csemp\u00e9b\u0151l k\u00e9sz\u00fclt alapot \u00e9p\u00edteni. Az alap 60\u00d740 m-os ac\u00e9lb\u00f3l k\u00e9sz\u00fcl, magass\u00e1g\u00fa.  <\/p>\n<p>Alapm\u00e9retek (h &#8211; sz) 4 x 3 m, 4 x 4 m vagy 4 x 5 m (hosszabb is lehets\u00e9ges \u2013 modul\u00e1ci\u00f3 2 m hossz\u00fas\u00e1gban)<\/p>\n","protected":false},"featured_media":13323,"comment_status":"open","ping_status":"closed","template":"","meta":[],"product_brand":[419],"product_cat":[507,1308],"product_tag":[],"class_list":{"0":"post-31250","1":"product","2":"type-product","3":"status-publish","4":"has-post-thumbnail","6":"product_brand-agroflex","7":"product_cat-tartozekok","8":"product_cat-uveghazi-horgonyzas","10":"first","11":"instock","12":"sale","13":"taxable","14":"shipping-taxable","15":"purchasable","16":"product-type-variable","17":"has-default-attributes"},"_links":{"self":[{"href":"https:\/\/agroflex.cz\/hu\/wp-json\/wp\/v2\/product\/31250","targetHints":{"allow":["GET"]}}],"collection":[{"href":"https:\/\/agroflex.cz\/hu\/wp-json\/wp\/v2\/product"}],"about":[{"href":"https:\/\/agroflex.cz\/hu\/wp-json\/wp\/v2\/types\/product"}],"replies":[{"embeddable":true,"href":"https:\/\/agroflex.cz\/hu\/wp-json\/wp\/v2\/comments?post=31250"}],"wp:featuredmedia":[{"embeddable":true,"href":"https:\/\/agroflex.cz\/hu\/wp-json\/wp\/v2\/media\/13323"}],"wp:attachment":[{"href":"https:\/\/agroflex.cz\/hu\/wp-json\/wp\/v2\/media?parent=31250"}],"wp:term":[{"taxonomy":"product_brand","embeddable":true,"href":"https:\/\/agroflex.cz\/hu\/wp-json\/wp\/v2\/product_brand?post=31250"},{"taxonomy":"product_cat","embeddable":true,"href":"https:\/\/agroflex.cz\/hu\/wp-json\/wp\/v2\/product_cat?post=31250"},{"taxonomy":"product_tag","embeddable":true,"href":"https:\/\/agroflex.cz\/hu\/wp-json\/wp\/v2\/product_tag?post=31250"}],"curies":[{"name":"wp","href":"https:\/\/api.w.org\/{rel}","templated":true}]}}