{"id":31317,"date":"2023-09-04T21:00:34","date_gmt":"2023-09-04T21:00:34","guid":{"rendered":"https:\/\/agroflex.cz\/product\/muanyag-magasagyas-vento-xl-0-7h\/"},"modified":"2025-09-20T14:46:42","modified_gmt":"2025-09-20T14:46:42","slug":"muanyag-magasagyas-vento-xl-0-7h","status":"publish","type":"product","link":"https:\/\/agroflex.cz\/hu\/termek\/muanyag-magasagyas-vento-xl-0-7h\/","title":{"rendered":"M\u0171anyag magas\u00e1gy\u00e1s VENTO XL 0.7H"},"content":{"rendered":"<div class=\"wpb-content-wrapper\"><p>[vc_row][vc_column][vc_column_text woodmart_inline=&#8221;no&#8221; text_larger=&#8221;no&#8221;]<\/p>\n<h2 style=\"text-align: center;\">Emelt \u00e1gy\u00e1s VENTO XL m\u0171anyag &#8211; barna<\/h2>\n<p>A m\u0171anyag vir\u00e1g\u00e1gy\u00e1sok egyik legfontosabb el\u0151nye a tart\u00f3ss\u00e1g \u00e9s a hossz\u00fa \u00e9lettartam. Kiv\u00e1l\u00f3 min\u0151s\u00e9g\u0171 anyagokb\u00f3l k\u00e9sz\u00fclnek, amelyek k\u00f6nnyen ellen\u00e1llnak az id\u0151j\u00e1r\u00e1snak, a rothad\u00e1snak \u00e9s a k\u00e1rtev\u0151knek. Ennek eredm\u00e9nyek\u00e9nt a m\u0171anyag emelt \u00e1gy\u00e1sok sokkal hosszabb eltarthat\u00f3s\u00e1got mutatnak, mint a hagyom\u00e1nyos fa vagy f\u00e9m \u00e1gyak.  <\/p>\n<p>Kialak\u00edt\u00e1suknak k\u00f6sz\u00f6nhet\u0151en a m\u0171anyag \u00e1gyak lehet\u0151v\u00e9 teszik a hely hat\u00e9kony kihaszn\u00e1l\u00e1s\u00e1t \u00e9s a termeszt\u00e9si k\u00f6r\u00fclm\u00e9nyek optimaliz\u00e1l\u00e1s\u00e1t. \u00d6nt\u00f6z\u0151rendszerrel is felszerelhet\u0151k, \u00e9s ak\u00e1r emel\u0151platformokra is elhelyezhet\u0151k a k\u00f6nnyebb hozz\u00e1f\u00e9r\u00e9s \u00e9rdek\u00e9ben. Mindez hozz\u00e1j\u00e1rul a term\u00e9shozam \u00e9s a n\u00f6v\u00e9nytermeszt\u00e9s siker\u00e9nek n\u00f6vel\u00e9s\u00e9hez.  <\/p>\n<p>\u00c1ltal\u00e1noss\u00e1gban elmondhat\u00f3, hogy a m\u0171anyag emelt \u00e1gy\u00e1sok nagyszer\u0171 lehet\u0151s\u00e9get jelentenek minden kert\u00e9sz sz\u00e1m\u00e1ra, aki hat\u00e9kony \u00e9s tart\u00f3s megold\u00e1st keres a n\u00f6v\u00e9nyek termeszt\u00e9s\u00e9re. Nekik k\u00f6sz\u00f6nhet\u0151en mindenki k\u00f6nnyed\u00e9n l\u00e9trehozhat egy leny\u0171g\u00f6z\u0151 \u00e9s produkt\u00edv kertet, f\u00fcggetlen\u00fcl a rendelkez\u00e9sre \u00e1ll\u00f3 hely m\u00e9ret\u00e9t\u0151l vagy jelleg\u00e9t\u0151l.[\/vc_column_text][\/vc_column][\/vc_row]<\/p>\n<\/div>","protected":false},"excerpt":{"rendered":"<p>Az \u00e1gyak magass\u00e1ga 15,5 cm \/ Sz\u00e9less\u00e9g: 70 cm \/ Alaphossz: 3 m hosszabb lehet \u2013 modul\u00e1ci\u00f3 1 m-es l\u00e9p\u00e9sekben. Nagyon stabil konstrukci\u00f3 a l\u00e1baknak k\u00f6sz\u00f6nhet\u0151en &#8211; a talajba \u00e1gyazva. Az \u00e1gy egym\u00e1sra rakhat\u00f3, \u00e9s \u00edgy megemelhet\u0151.   <\/p>\n","protected":false},"featured_media":12983,"comment_status":"open","ping_status":"closed","template":"","meta":[],"product_brand":[419],"product_cat":[507,1351,1369],"product_tag":[],"class_list":{"0":"post-31317","1":"product","2":"type-product","3":"status-publish","4":"has-post-thumbnail","6":"product_brand-agroflex","7":"product_cat-tartozekok","8":"product_cat-emelt-agyak","9":"product_cat-muanyag-viragagyasok","11":"first","12":"instock","13":"taxable","14":"shipping-taxable","15":"purchasable","16":"product-type-variable"},"_links":{"self":[{"href":"https:\/\/agroflex.cz\/hu\/wp-json\/wp\/v2\/product\/31317","targetHints":{"allow":["GET"]}}],"collection":[{"href":"https:\/\/agroflex.cz\/hu\/wp-json\/wp\/v2\/product"}],"about":[{"href":"https:\/\/agroflex.cz\/hu\/wp-json\/wp\/v2\/types\/product"}],"replies":[{"embeddable":true,"href":"https:\/\/agroflex.cz\/hu\/wp-json\/wp\/v2\/comments?post=31317"}],"wp:featuredmedia":[{"embeddable":true,"href":"https:\/\/agroflex.cz\/hu\/wp-json\/wp\/v2\/media\/12983"}],"wp:attachment":[{"href":"https:\/\/agroflex.cz\/hu\/wp-json\/wp\/v2\/media?parent=31317"}],"wp:term":[{"taxonomy":"product_brand","embeddable":true,"href":"https:\/\/agroflex.cz\/hu\/wp-json\/wp\/v2\/product_brand?post=31317"},{"taxonomy":"product_cat","embeddable":true,"href":"https:\/\/agroflex.cz\/hu\/wp-json\/wp\/v2\/product_cat?post=31317"},{"taxonomy":"product_tag","embeddable":true,"href":"https:\/\/agroflex.cz\/hu\/wp-json\/wp\/v2\/product_tag?post=31317"}],"curies":[{"name":"wp","href":"https:\/\/api.w.org\/{rel}","templated":true}]}}