{"id":31506,"date":"2023-09-04T21:00:34","date_gmt":"2023-09-04T21:00:34","guid":{"rendered":"https:\/\/agroflex.cz\/product\/emelt-agy-xl-horganyzott-femlemez\/"},"modified":"2023-09-04T21:00:34","modified_gmt":"2023-09-04T21:00:34","slug":"emelt-agy-xl-horganyzott-femlemez","status":"publish","type":"product","link":"https:\/\/agroflex.cz\/hu\/termek\/emelt-agy-xl-horganyzott-femlemez\/","title":{"rendered":"Emelt \u00e1gy XL &#8211; horganyzott f\u00e9mlemez"},"content":{"rendered":"","protected":false},"excerpt":{"rendered":"<p>A ker\u00edt\u00e9s magass\u00e1ga 18 cm \/ Sz\u00e9less\u00e9g: 65 cm \/ Alaphossz 200 cm-t\u0151l, hosszabb modul\u00e1ci\u00f3 200 cm-ben v\u00e9gezhet\u0151 el. A vir\u00e1g\u00e1gy\u00e1s egy tov\u00e1bbi alkatr\u00e9szr\u00e9teggel \u00e1ll\u00edthat\u00f3. Nagyon stabil konstrukci\u00f3 a l\u00e1baknak k\u00f6sz\u00f6nhet\u0151en &#8211; 18 cm a f\u00f6ldbe s\u00fcllyesztve. Az \u00f6sszeszerel\u00e9s nagyon egyszer\u0171.    Vir\u00e1g\u00e1gy\u00e1s &#8211; kerti j\u00e1rdaszeg\u00e9ly vastag f\u00e9mlemezb\u0151l k\u00e9sz\u00fcl, amely horganyzott. V\u00e9delmet ny\u00fajt a termesztett z\u00f6lds\u00e9geknek a h\u00e1zi\u00e1llatok r\u00e1gcs\u00e1lnival\u00f3it\u00f3l. Az \u00f6nt\u00f6z\u00e9s, a gyoml\u00e1l\u00e1s \u00e9s egy\u00e9b m\u0171veletek sor\u00e1n a talaj nem t\u0171nik el, \u00e9s nem pazarolja az id\u0151t az \u00e1gyak \u00fajra \u00e9s \u00fajra l\u00e9trehoz\u00e1s\u00e1ra. A ker\u00edt\u00e9s sz\u00e9lei gondosan hajl\u00edtottak \u00e9s biztons\u00e1gosan \u00f6sszeszerelhet\u0151k.  <\/p>\n","protected":false},"featured_media":11661,"comment_status":"open","ping_status":"closed","template":"","meta":[],"product_brand":[419],"product_cat":[507,1351,1363],"product_tag":[],"class_list":{"0":"post-31506","1":"product","2":"type-product","3":"status-publish","4":"has-post-thumbnail","6":"product_brand-agroflex","7":"product_cat-tartozekok","8":"product_cat-emelt-agyak","9":"product_cat-fem-viragagyasok","11":"first","12":"instock","13":"sale","14":"taxable","15":"shipping-taxable","16":"purchasable","17":"product-type-variable"},"_links":{"self":[{"href":"https:\/\/agroflex.cz\/hu\/wp-json\/wp\/v2\/product\/31506","targetHints":{"allow":["GET"]}}],"collection":[{"href":"https:\/\/agroflex.cz\/hu\/wp-json\/wp\/v2\/product"}],"about":[{"href":"https:\/\/agroflex.cz\/hu\/wp-json\/wp\/v2\/types\/product"}],"replies":[{"embeddable":true,"href":"https:\/\/agroflex.cz\/hu\/wp-json\/wp\/v2\/comments?post=31506"}],"wp:featuredmedia":[{"embeddable":true,"href":"https:\/\/agroflex.cz\/hu\/wp-json\/wp\/v2\/media\/11661"}],"wp:attachment":[{"href":"https:\/\/agroflex.cz\/hu\/wp-json\/wp\/v2\/media?parent=31506"}],"wp:term":[{"taxonomy":"product_brand","embeddable":true,"href":"https:\/\/agroflex.cz\/hu\/wp-json\/wp\/v2\/product_brand?post=31506"},{"taxonomy":"product_cat","embeddable":true,"href":"https:\/\/agroflex.cz\/hu\/wp-json\/wp\/v2\/product_cat?post=31506"},{"taxonomy":"product_tag","embeddable":true,"href":"https:\/\/agroflex.cz\/hu\/wp-json\/wp\/v2\/product_tag?post=31506"}],"curies":[{"name":"wp","href":"https:\/\/api.w.org\/{rel}","templated":true}]}}