{"id":18223,"date":"2025-07-23T13:24:35","date_gmt":"2025-07-23T13:24:35","guid":{"rendered":"https:\/\/agroflex.cz\/product\/agrowloknina-plandeka-na-tunel-foliowy-pokrycie-do-szklarni-przezroczysta\/"},"modified":"2025-09-22T14:54:11","modified_gmt":"2025-09-22T14:54:11","slug":"agrowloknina-plandeka-na-tunel-foliowy-pokrycie-do-szklarni-przezroczysta","status":"publish","type":"product","link":"https:\/\/agroflex.cz\/pl\/produkt\/agrowloknina-plandeka-na-tunel-foliowy-pokrycie-do-szklarni-przezroczysta\/","title":{"rendered":"Agrofilm &#8211; folia tunelowa &#8211; pokrywa szklarni, przezroczysta."},"content":{"rendered":"","protected":false},"excerpt":{"rendered":"<p>Folia polietylenowa odporna na promieniowanie UV do szklarni, pokrycie szklarni.<\/p>\n<p>Wymiary:<br \/>\n&#8211; szeroko\u015b\u0107 600m<\/p>\n<p>&#8211; d\u0142ugo\u015b\u0107 100m<\/p>\n<p>&#8211; grubo\u015b\u0107 100\u03bcm<\/p>\n<p>&#8211; powierzchnia 600m2<\/p>\n<p>&#8211; kolorowa przezroczysta<\/p>\n<p>folia odpowiednia do pokrywania obszar\u00f3w, tuneli foliowych &#8211; bezpo\u015brednia ekspozycja na s\u0142o\u0144ce przez 8 miesi\u0119cy.<\/p>\n","protected":false},"featured_media":18225,"comment_status":"closed","ping_status":"closed","template":"","meta":[],"product_brand":[419],"product_cat":[499,500],"product_tag":[],"class_list":{"0":"post-18223","1":"product","2":"type-product","3":"status-publish","4":"has-post-thumbnail","6":"product_brand-agroflex","7":"product_cat-akcesoria","8":"product_cat-agrowloknina-przezroczysta","10":"first","11":"instock","12":"sale","13":"taxable","14":"shipping-taxable","15":"purchasable","16":"product-type-simple"},"_links":{"self":[{"href":"https:\/\/agroflex.cz\/pl\/wp-json\/wp\/v2\/product\/18223","targetHints":{"allow":["GET"]}}],"collection":[{"href":"https:\/\/agroflex.cz\/pl\/wp-json\/wp\/v2\/product"}],"about":[{"href":"https:\/\/agroflex.cz\/pl\/wp-json\/wp\/v2\/types\/product"}],"replies":[{"embeddable":true,"href":"https:\/\/agroflex.cz\/pl\/wp-json\/wp\/v2\/comments?post=18223"}],"wp:featuredmedia":[{"embeddable":true,"href":"https:\/\/agroflex.cz\/pl\/wp-json\/wp\/v2\/media\/18225"}],"wp:attachment":[{"href":"https:\/\/agroflex.cz\/pl\/wp-json\/wp\/v2\/media?parent=18223"}],"wp:term":[{"taxonomy":"product_brand","embeddable":true,"href":"https:\/\/agroflex.cz\/pl\/wp-json\/wp\/v2\/product_brand?post=18223"},{"taxonomy":"product_cat","embeddable":true,"href":"https:\/\/agroflex.cz\/pl\/wp-json\/wp\/v2\/product_cat?post=18223"},{"taxonomy":"product_tag","embeddable":true,"href":"https:\/\/agroflex.cz\/pl\/wp-json\/wp\/v2\/product_tag?post=18223"}],"curies":[{"name":"wp","href":"https:\/\/api.w.org\/{rel}","templated":true}]}}