{"id":19112,"date":"2023-09-04T21:01:37","date_gmt":"2023-09-04T21:01:37","guid":{"rendered":"https:\/\/agroflex.cz\/product\/wiatroszczelna-szklarnia-ogrodowa-profi-plus\/"},"modified":"2025-09-19T08:06:59","modified_gmt":"2025-09-19T08:06:59","slug":"wiatroszczelna-szklarnia-ogrodowa-profi-plus","status":"publish","type":"product","link":"https:\/\/agroflex.cz\/pl\/produkt\/wiatroszczelna-szklarnia-ogrodowa-profi-plus\/","title":{"rendered":"Wiatroszczelna szklarnia ogrodowa PROFI PLUS"},"content":{"rendered":"<div class=\"wpb-content-wrapper\"><p>[vc_row][vc_column][vc_separator style=&#8221;shadow&#8221; border_width=&#8221;5&#8243;][vc_column_text text_larger=&#8221;no&#8221; woodmart_inline=&#8221;no&#8221;]<\/p>\n<h2 style=\"text-align: center;\"><strong>Szklarnia z poliw\u0119glanu PROFI PLUS<br \/>\n<\/strong><\/h2>\n<p>Profesjonalna, wielofunkcyjna, solidna szklarnia ogrodowa o du\u017cej pojemno\u015bci. Przeznaczony do uprawy ro\u015blin, ale mo\u017ce by\u0107 r\u00f3wnie\u017c wykorzystywany jako magazyn, gara\u017c, hala produkcyjna, zadaszenie basenu oraz w innych przypadkach. Je\u015bli szklarnia jest wyposa\u017cona w ogrzewanie, b\u0119dzie mo\u017cna uprawia\u0107 ro\u015bliny przez ca\u0142y rok. Podw\u00f3jne stale s\u0105 odporne na du\u017ce obci\u0105\u017cenia szklarni w okresie zimowym eksploatacji przy opadach \u015bniegu lub wietrze. Sk\u0142adana konstrukcja o obci\u0105\u017ceniu do 300 kg wykonana z wysokiej jako\u015bci stali ocynkowanej 40&#215;20 o grubo\u015bci \u015bcianki 1mm, odporno\u015bci na wiatr 30 m\/s. D\u0142uga \u017cywotno\u015b\u0107 konstrukcji stalowej.     <\/p>\n<p>Pami\u0119taj, \u017ce przy niskich konstrukcjach szklarniowych, w por\u00f3wnaniu z wysokimi konstrukcjami, gleba nagrzewa si\u0119 szybciej, a co za tym idzie ciep\u0142o utrzymuje si\u0119 d\u0142u\u017cej[\/vc_column_text][vc_separator][vc_column_text css=&#8221;&#8221; text_larger=&#8221;no&#8221; woodmart_inline=&#8221;no&#8221;]<\/p>\n<div class=\"vc_row wpb_row vc_row-fluid\">\n<div class=\"wpb_column vc_column_container vc_col-sm-12\">\n<div class=\"vc_column-inner\">\n<div class=\"wpb_wrapper\">\n<div class=\"wpb_text_column wpb_content_element\">\n<div class=\"wpb_wrapper\">\n<h4 style=\"text-align: center;\">Szyby z poliw\u0119glanu<\/h4>\n<p>Specjalnie certyfikowany pusty poliw\u0119glan do szklarni z filtrem UV. Zalet\u0105 tego produktu jest jego wysoka izolacyjno\u015b\u0107 termiczna od szk\u0142a. Odporny na uszkodzenia mechaniczne, warunki atmosferyczne i grad. Wyj\u0105tkowa przezierno\u015b\u0107 poliw\u0119glanu (przejrzysto\u015b\u0107 \u2013 do 86%).    Do wyboru jest kilka wzor\u00f3w, szklarnia ogrodowa PROFI PLUS wyposa\u017cona w poliw\u0119glan o grubo\u015bci 4mm, 6mm, co gwarantuje bezawaryjn\u0105 i d\u0142ug\u0105 \u017cywotno\u015b\u0107. Dla bardziej wymagaj\u0105cych klient\u00f3w i profesjonalist\u00f3w oferujemy wersje szklarniowe PROFI PLUS wyposa\u017cone w poliw\u0119glan o grubo\u015bci 8 mm. <\/p>\n<p>Poliw\u0119glan dostarczany jest w rolce i mocowany do konstrukcji za pomoc\u0105 wkr\u0119t\u00f3w samogwintuj\u0105cych.<\/p>\n<\/div>\n<\/div>\n<\/div>\n<\/div>\n<\/div>\n<\/div>\n<p>[\/vc_column_text][\/vc_column][\/vc_row][vc_row][vc_column width=&#8221;1\/2&#8243;][vc_separator style=&#8221;shadow&#8221; border_width=&#8221;5&#8243;][vc_text_separator title=&#8221;Zalecane akcesoria :&#8221; title_align=&#8221;separator_align_left&#8221; align=&#8221;align_left&#8221; style=&#8221;dotted&#8221;]<div class=\"widget_products \"><div class=\"widget woocommerce widget_products\"><ul class=\"product_list_widget\"><li>\n\t\t<span class=\"widget-product-wrap\">\n\t\t<a href=\"https:\/\/agroflex.cz\/pl\/produkt\/listwa-koncowa-typu-u-do-poliweglanu-4-6-8-10-mm\/\" title=\"Listwa ko\u0144cowa typu U do poliw\u0119glanu - 4, 6, 8, 10 mm\" class=\"widget-product-img\">\n\t\t\t<img decoding=\"async\" width=\"300\" height=\"300\" src=\"https:\/\/agroflex.cz\/wp-content\/uploads\/2023\/09\/lista-300x300.jpeg\" class=\"attachment-woocommerce_thumbnail size-woocommerce_thumbnail\" alt=\"\" srcset=\"https:\/\/agroflex.cz\/wp-content\/uploads\/2023\/09\/lista-300x300.jpeg 300w, https:\/\/agroflex.cz\/wp-content\/uploads\/2023\/09\/lista-150x150.jpeg 150w, https:\/\/agroflex.cz\/wp-content\/uploads\/2023\/09\/lista.jpeg 600w\" sizes=\"(max-width: 300px) 100vw, 300px\" \/>\t\t<\/a>\n\t\t<span class=\"widget-product-info\">\n\t\t\t<a href=\"https:\/\/agroflex.cz\/pl\/produkt\/listwa-koncowa-typu-u-do-poliweglanu-4-6-8-10-mm\/\" title=\"Listwa ko\u0144cowa typu U do poliw\u0119glanu - 4, 6, 8, 10 mm\" class=\"wd-entities-title\">\n\t\t\t\tListwa ko\u0144cowa typu U do poliw\u0119glanu - 4, 6, 8, 10 mm\t\t\t<\/a>\n\t\t\t\t\t\t\t<div class=\"star-rating\" role=\"img\" aria-label=\"Oceniono 5.00 na 5\"><span style=\"width:100%\">Oceniono <strong class=\"rating\">5.00<\/strong> na 5<\/span><\/div>\t\t\t\t\t\t<span class=\"price\"><span class=\"woocommerce-Price-amount amount\" aria-hidden=\"true\"><bdi>120<span class=\"woocommerce-Price-currencySymbol\">&#75;&#269;<\/span><\/bdi><\/span> <span aria-hidden=\"true\">&ndash;<\/span> <span class=\"woocommerce-Price-amount amount\" aria-hidden=\"true\"><bdi>140<span class=\"woocommerce-Price-currencySymbol\">&#75;&#269;<\/span><\/bdi><\/span><span class=\"screen-reader-text\">Zakres cen: od 120&#75;&#269; do 140&#75;&#269;<\/span><\/span>\n\t\t<\/span>\n\t<\/span>\n\t<\/li>\n<\/ul><\/div><\/div>[vc_separator style=&#8221;shadow&#8221; border_width=&#8221;5&#8243;][vc_column_text css=&#8221;&#8221; text_larger=&#8221;no&#8221; woodmart_inline=&#8221;no&#8221;]<\/p>\n<h3 style=\"text-align: center;\"><span style=\"color: #000000;\"><strong>Parametry szklarni:<\/strong><\/span><\/h3>\n<table style=\"width: 89.3284%;\">\n<tbody>\n<tr style=\"height: 24px;\">\n<td style=\"width: 39.2931%; height: 24px; text-align: left;\">Rodzaj konstrukcji<\/td>\n<td style=\"width: 59.4595%; height: 24px; text-align: right;\">Odpinane \u0142uki \u2013 sk\u0142adaj\u0105 si\u0119 z dw\u00f3ch cz\u0119\u015bci<\/td>\n<\/tr>\n<tr style=\"height: 24px;\">\n<td style=\"width: 39.2931%; height: 24px; text-align: left;\">Dopuszczalne obci\u0105\u017cenie<\/td>\n<td style=\"width: 59.4595%; height: 24px; text-align: right;\">300 kg\/m2<\/td>\n<\/tr>\n<tr style=\"height: 24px;\">\n<td style=\"width: 39.2931%; height: 24px; text-align: left;\">Szeroko\u015b\u0107<\/td>\n<td style=\"width: 59.4595%; height: 24px; text-align: right;\">4,00 mln<\/td>\n<\/tr>\n<tr style=\"height: 24px;\">\n<td style=\"width: 39.2931%; height: 24px; text-align: left;\">wysoko\u015b\u0107<\/td>\n<td style=\"width: 59.4595%; height: 24px; text-align: right;\">2,24 mln<\/td>\n<\/tr>\n<tr style=\"height: 24px;\">\n<td style=\"width: 39.2931%; height: 24px; text-align: left;\">D\u0142ugo\u015b\u0107 (warianty)<\/td>\n<td style=\"width: 59.4595%; height: 24px; text-align: right;\"> 4 m; 6 m; 8 m; 10 m; 12 m (mo\u017cna wykona\u0107 d\u0142u\u017csze &#8211; modulacja w odst\u0119pach co 2 m)<\/td>\n<\/tr>\n<tr style=\"height: 24px;\">\n<td style=\"width: 39.2931%; height: 24px; text-align: left;\">Materia\u0142 oszklenia<\/td>\n<td style=\"width: 59.4595%; height: 24px; text-align: right;\">Poliw\u0119glan 4mm, 6mm, 8mm<\/td>\n<\/tr>\n<tr style=\"height: 24px;\">\n<td style=\"width: 39.2931%; height: 24px; text-align: left;\">Waga<\/td>\n<p> powierzchni<\/p>\n<td style=\"width: 59.4595%; height: 24px; text-align: right;\">800 g\/m2 &#8211; 1500 g\/m2<\/td>\n<\/tr>\n<tr style=\"height: 24px;\">\nOchrona<br \/>\n poliw\u0119glanu <\/p>\n<td style=\"width: 39.2931%; height: 24px; text-align: left;\">przed promieniowaniem UV<\/td>\n<td style=\"width: 59.4595%; height: 24px; text-align: right;\">tak<\/td>\n<\/tr>\n<tr style=\"height: 24px;\">\n<td style=\"width: 39.2931%; height: 24px; text-align: left;\">Materia\u0142 konstrukcyjny<\/td>\n<td style=\"width: 59.4595%; height: 24px; text-align: right;\">Stal ocynkowana &#8211; podw\u00f3jna stal 40\u044520 \u043c\u043c<\/td>\n<\/tr>\n<tr style=\"height: 24px;\">\n<td style=\"width: 39.2931%; height: 24px; text-align: left;\">Grubo\u015b\u0107 profilu<\/td>\n<td style=\"width: 59.4595%; height: 24px; text-align: right;\">1mm<\/td>\n<\/tr>\n<tr style=\"height: 35px;\">\n<td style=\"width: 39.2931%; height: 35px; text-align: left;\">Odleg\u0142o\u015b\u0107 mi\u0119dzy krzywymi<\/td>\n<td style=\"width: 59.4595%; height: 35px; text-align: right;\">1 metr<\/td>\n<\/tr>\n<tr style=\"height: 35px;\">\n<td style=\"width: 39.2931%; height: 35px; text-align: left;\">zakotwiczenie st\u00f3p w ziemi<\/td>\n<td style=\"width: 59.4595%; height: 35px; text-align: right;\">Zawarte w pakiecie<\/td>\n<\/tr>\n<tr style=\"height: 24px;\">\n<td style=\"width: 39.2931%; height: 24px; text-align: left;\">typ<\/td>\n<td style=\"width: 59.4595%; height: 24px; text-align: right;\">przejezdny z obu stron<\/td>\n<\/tr>\n<tr style=\"height: 24px;\">\n<td style=\"width: 39.2931%; height: 24px; text-align: left;\">Drzwi wej\u015bciowe<\/td>\n<td style=\"width: 59.4595%; height: 24px; text-align: right;\">2 szt.<\/td>\n<\/tr>\n<tr style=\"height: 24px;\">\n<td style=\"width: 39.2931%; height: 24px; text-align: left;\">Kotwienie z poliw\u0119glanu<\/td>\n<td style=\"width: 59.4595%; height: 24px; text-align: right;\">tak<\/td>\n<\/tr>\n<tr style=\"height: 35px;\">\n<td style=\"width: 39.2931%; height: 35px; text-align: left;\">Gwarancja budowlana<\/td>\n<td style=\"width: 59.4595%; height: 35px; text-align: right;\">2 lata<\/td>\n<\/tr>\n<tr style=\"height: 24px;\">\n<td style=\"width: 39.2931%; height: 24px; text-align: left;\">baza<\/td>\n<td style=\"width: 59.4595%; height: 24px; text-align: right;\">Zalecamy zainstalowanie go w fundamencie<\/td>\n<\/tr>\n<\/tbody>\n<\/table>\n<p><span style=\"font-size: 10pt;\">W przypadku, gdy nie chcesz martwi\u0107 si\u0119 o kompletowanie niezb\u0119dnych akcesori\u00f3w szklarniowych, oferujemy kompletne <\/span><a href=\"https:\/\/agroflex.cz\/kategorie-produktu\/akcesoria\/sada-prislusenstvi\/\"><strong><span style=\"font-size: 10pt;\">r\u00f3\u017cne zestawy \/ zestawy akcesori\u00f3w szklarniowych.<\/span><\/strong><\/a>[\/vc_column_text][vc_separator style=&#8221;shadow&#8221; border_width=&#8221;5&#8243;][\/vc_column][vc_column width=&#8221;1\/2&#8243;][vc_separator style=&#8221;shadow&#8221; border_width=&#8221;5&#8243;][vc_column_text css=&#8221;&#8221; text_larger=&#8221;no&#8221; woodmart_inline=&#8221;no&#8221;]<\/p>\n<div class=\"vc_row wpb_row vc_row-fluid\">\n<div class=\"wpb_column vc_column_container vc_col-sm-12\">\n<div class=\"vc_column-inner\">\n<div class=\"wpb_wrapper\">\n<div class=\"wpb_text_column wpb_content_element\">\n<div class=\"wpb_wrapper\">\n<h4 style=\"text-align: center;\">Fundamenty szklarni<\/h4>\n<p>Aby zapewni\u0107 trwa\u0142o\u015b\u0107 szklarni, zaleca si\u0119 monta\u017c jej na wcze\u015bniej przygotowanym pod\u0142o\u017cu &#8211; fundamencie, wykonanym na podstawie jego wymiar\u00f3w na obwodzie podstawy, na przyk\u0142ad w postaci ramy o grubo\u015bci 100&#8230; 200 mm, co znacznie zmniejszy aktywno\u015b\u0107 korozyjn\u0105.<\/p>\n<p>Ram\u0119 szklarni nale\u017cy przymocowa\u0107 do fundamentu za pomoc\u0105 lub gwo\u017adzi, aby zapobiec przewr\u00f3ceniu si\u0119 przy silnym wietrze.<\/p>\n<p>Szklarnia z poliw\u0119glanu mo\u017ce by\u0107 dzi\u0119ki temu mocowana zgodnie z priorytetem ka\u017cdego klienta, mo\u017ce by\u0107 zainstalowana w ziemi (mocowanie zapewniaj\u0105 n\u00f3\u017cki kotwi\u0105ce), drewnianych pryzmatach 20 x 20 cm lub na podstawie. Jednak og\u00f3lnie rzecz bior\u0105c, kotwienie do podstawy jest lepszym wyborem, kt\u00f3ry znacznie zmniejszy aktywno\u015b\u0107 korozyjn\u0105.<\/p>\n<\/div>\n<\/div>\n<\/div>\n<\/div>\n<\/div>\n<\/div>\n<p>[\/vc_column_text]<div class=\"widget_products \"><div class=\"widget woocommerce widget_products\"><ul class=\"product_list_widget\"><li>\n\t\t<span class=\"widget-product-wrap\">\n\t\t<a href=\"https:\/\/agroflex.cz\/pl\/produkt\/podstawa-z-blachy-botanik-do-szklarni\/\" title=\"Podstawa z blachy Botanik do szklarni\" class=\"widget-product-img\">\n\t\t\t<img decoding=\"async\" width=\"300\" height=\"300\" src=\"https:\/\/agroflex.cz\/wp-content\/uploads\/2023\/09\/Zakladna-pro-zahradni-skleniky-Agroflex-300x300.jpg\" class=\"attachment-woocommerce_thumbnail size-woocommerce_thumbnail\" alt=\"\" srcset=\"https:\/\/agroflex.cz\/wp-content\/uploads\/2023\/09\/Zakladna-pro-zahradni-skleniky-Agroflex-300x300.jpg 300w, https:\/\/agroflex.cz\/wp-content\/uploads\/2023\/09\/Zakladna-pro-zahradni-skleniky-Agroflex-150x150.jpg 150w\" sizes=\"(max-width: 300px) 100vw, 300px\" \/>\t\t<\/a>\n\t\t<span class=\"widget-product-info\">\n\t\t\t<a href=\"https:\/\/agroflex.cz\/pl\/produkt\/podstawa-z-blachy-botanik-do-szklarni\/\" title=\"Podstawa z blachy Botanik do szklarni\" class=\"wd-entities-title\">\n\t\t\t\tPodstawa z blachy Botanik do szklarni\t\t\t<\/a>\n\t\t\t\t\t\t\t\t\t\t\t\t\t<span class=\"price\"><span class=\"woocommerce-Price-amount amount\" aria-hidden=\"true\"><bdi>968<span class=\"woocommerce-Price-currencySymbol\">&#75;&#269;<\/span><\/bdi><\/span> <span aria-hidden=\"true\">&ndash;<\/span> <span class=\"woocommerce-Price-amount amount\" aria-hidden=\"true\"><bdi>3 267<span class=\"woocommerce-Price-currencySymbol\">&#75;&#269;<\/span><\/bdi><\/span><span class=\"screen-reader-text\">Zakres cen: od 968&#75;&#269; do 3 267&#75;&#269;<\/span><\/span>\n\t\t<\/span>\n\t<\/span>\n\t<\/li>\n<\/ul><\/div><\/div>[vc_separator style=&#8221;shadow&#8221; border_width=&#8221;5&#8243;][vc_column_text css=&#8221;&#8221; text_larger=&#8221;no&#8221; woodmart_inline=&#8221;no&#8221;]<\/p>\n<div class=\"vc_row wpb_row vc_row-fluid\">\n<div class=\"wpb_column vc_column_container vc_col-sm-12\">\n<div class=\"vc_column-inner\">\n<div class=\"wpb_wrapper\">\n<div class=\"wpb_text_column wpb_content_element\">\n<div class=\"wpb_wrapper\">\n<h4 style=\"text-align: center;\">Mocowania<\/h4>\n<p>Monta\u017c szklarni jest r\u00f3wnie\u017c prosty i nie wymaga specjalnych umiej\u0119tno\u015bci. Potrzebny jest tylko minimalny zestaw narz\u0119dzi \u2013 klucz, \u015brubokr\u0119t, n\u00f3\u017c. Wraz ze szklarni\u0105 otrzymasz szczeg\u00f3\u0142owe instrukcje. Ilustrowana instrukcja jeszcze bardziej upro\u015bci proces budowy szklarni,   <\/p>\n<p>Je\u015bli nie masz czasu na instalacj\u0119, <a href=\"https:\/\/agroflex.cz\/montaz-skleniku\/\" target=\"_blank\" rel=\"noopener\"><strong>mo\u017cesz zam\u00f3wi\u0107 monta\u017c<\/strong><\/a> u naszych specjalist\u00f3w, kt\u00f3rzy zmontuj\u0105 wszystko za Ciebie z du\u017c\u0105 wiedz\u0105 i w jak najkr\u00f3tszym czasie. Chocia\u017c monta\u017c ca\u0142ej szklarni jest prosty, najwi\u0119cej czasu zajmuje przyci\u0119cie i obrze\u017ce poliw\u0119glanu oraz zamontowanie go po obu frontowych stronach szklarni. Dlatego oferujemy Pa\u0144stwu mo\u017cliwo\u015b\u0107 zam\u00f3wienia tej cz\u0119\u015bci <a href=\"https:\/\/agroflex.cz\/montaz-skleniku\/\" target=\"_blank\" rel=\"noopener\"><strong>monta\u017cu<\/strong><\/a>, kt\u00f3ra odbywa si\u0119 w naszym magazynie, otrzymaj\u0105 Pa\u0144stwo od przewo\u017anika obie strony przednie wype\u0142nione poliw\u0119glanem.  <\/p>\n<p>Szklarnia mo\u017ce by\u0107 modyfikowana, a w przysz\u0142o\u015bci mo\u017cliwa jest realizacja rozbudowy, dzi\u0119ki czemu teoretyczna d\u0142ugo\u015b\u0107 szklarni jest nieograniczona.<\/p>\n<\/div>\n<\/div>\n<\/div>\n<\/div>\n<\/div>\n<\/div>\n<p>[\/vc_column_text][vc_separator style=&#8221;shadow&#8221; border_width=&#8221;5&#8243;][vc_column_text woodmart_inline=&#8221;no&#8221; text_larger=&#8221;no&#8221;]<\/p>\n<h4 style=\"text-align: center;\">Alternatywy<\/h4>\n<p>[\/vc_column_text]<div class=\"widget_products \"><div class=\"widget woocommerce widget_products\"><ul class=\"product_list_widget\"><li>\n\t\t<span class=\"widget-product-wrap\">\n\t\t<a href=\"https:\/\/agroflex.cz\/pl\/produkt\/profesjonalna-szklarnia-rimessa-l40v\/\" title=\"Profesjonalna szklarnia RIMESSA L40V\" class=\"widget-product-img\">\n\t\t\t<img decoding=\"async\" width=\"300\" height=\"300\" src=\"https:\/\/agroflex.cz\/wp-content\/uploads\/2023\/09\/polykarbonatovy-sklenik-1-300x300.jpeg\" class=\"attachment-woocommerce_thumbnail size-woocommerce_thumbnail\" alt=\"sklen\u00edk z polykarbon\u00e1tu\" srcset=\"https:\/\/agroflex.cz\/wp-content\/uploads\/2023\/09\/polykarbonatovy-sklenik-1-300x300.jpeg 300w, https:\/\/agroflex.cz\/wp-content\/uploads\/2023\/09\/polykarbonatovy-sklenik-1-150x150.jpeg 150w\" sizes=\"(max-width: 300px) 100vw, 300px\" \/>\t\t<\/a>\n\t\t<span class=\"widget-product-info\">\n\t\t\t<a href=\"https:\/\/agroflex.cz\/pl\/produkt\/profesjonalna-szklarnia-rimessa-l40v\/\" title=\"Profesjonalna szklarnia RIMESSA L40V\" class=\"wd-entities-title\">\n\t\t\t\tProfesjonalna szklarnia RIMESSA L40V\t\t\t<\/a>\n\t\t\t\t\t\t\t\t\t\t\t\t\t<span class=\"price\"><span class=\"woocommerce-Price-amount amount\" aria-hidden=\"true\"><bdi>39 642<span class=\"woocommerce-Price-currencySymbol\">&#75;&#269;<\/span><\/bdi><\/span> <span aria-hidden=\"true\">&ndash;<\/span> <span class=\"woocommerce-Price-amount amount\" aria-hidden=\"true\"><bdi>179 351<span class=\"woocommerce-Price-currencySymbol\">&#75;&#269;<\/span><\/bdi><\/span><span class=\"screen-reader-text\">Zakres cen: od 39 642&#75;&#269; do 179 351&#75;&#269;<\/span><\/span>\n\t\t<\/span>\n\t<\/span>\n\t<\/li>\n<\/ul><\/div><\/div>[vc_separator style=&#8221;shadow&#8221; border_width=&#8221;5&#8243;][\/vc_column][\/vc_row]<\/p>\n<\/div>","protected":false},"excerpt":{"rendered":"<p><span style=\"font-size: 10pt;\">Szeroko\u015b\u0107 szklarni 4,03m, wysoko\u015b\u0107 2,24m, d\u0142ugo\u015b\u0107 od 4m. Ocynkowana, solidna konstrukcja na bazie stali stalowej. Podw\u00f3jna stal. Specjalny poliw\u0119glan do szklarni z filtrem UV. Nadaje si\u0119 r\u00f3wnie\u017c do lokalizacji g\u00f3rskich. \u0141atwy w monta\u017cu.     <\/span><\/p>\n","protected":false},"featured_media":19123,"comment_status":"open","ping_status":"closed","template":"","meta":[],"product_brand":[419],"product_cat":[482,865,866],"product_tag":[],"class_list":{"0":"post-19112","1":"product","2":"type-product","3":"status-publish","4":"has-post-thumbnail","6":"product_brand-agroflex","7":"product_cat-bez-kategorii","8":"product_cat-szklarnie-lukowe","9":"product_cat-przykrycie-basenu","11":"first","12":"instock","13":"taxable","14":"shipping-taxable","15":"purchasable","16":"product-type-variable","17":"has-default-attributes"},"_links":{"self":[{"href":"https:\/\/agroflex.cz\/pl\/wp-json\/wp\/v2\/product\/19112","targetHints":{"allow":["GET"]}}],"collection":[{"href":"https:\/\/agroflex.cz\/pl\/wp-json\/wp\/v2\/product"}],"about":[{"href":"https:\/\/agroflex.cz\/pl\/wp-json\/wp\/v2\/types\/product"}],"replies":[{"embeddable":true,"href":"https:\/\/agroflex.cz\/pl\/wp-json\/wp\/v2\/comments?post=19112"}],"wp:featuredmedia":[{"embeddable":true,"href":"https:\/\/agroflex.cz\/pl\/wp-json\/wp\/v2\/media\/19123"}],"wp:attachment":[{"href":"https:\/\/agroflex.cz\/pl\/wp-json\/wp\/v2\/media?parent=19112"}],"wp:term":[{"taxonomy":"product_brand","embeddable":true,"href":"https:\/\/agroflex.cz\/pl\/wp-json\/wp\/v2\/product_brand?post=19112"},{"taxonomy":"product_cat","embeddable":true,"href":"https:\/\/agroflex.cz\/pl\/wp-json\/wp\/v2\/product_cat?post=19112"},{"taxonomy":"product_tag","embeddable":true,"href":"https:\/\/agroflex.cz\/pl\/wp-json\/wp\/v2\/product_tag?post=19112"}],"curies":[{"name":"wp","href":"https:\/\/api.w.org\/{rel}","templated":true}]}}