{"id":20396,"date":"2023-09-04T21:00:41","date_gmt":"2023-09-04T21:00:41","guid":{"rendered":"https:\/\/agroflex.cz\/product\/szklarnia-ogrodowa-z-poliweglanu-optima\/"},"modified":"2025-09-19T08:08:53","modified_gmt":"2025-09-19T08:08:53","slug":"szklarnia-ogrodowa-z-poliweglanu-optima","status":"publish","type":"product","link":"https:\/\/agroflex.cz\/pl\/produkt\/szklarnia-ogrodowa-z-poliweglanu-optima\/","title":{"rendered":"Szklarnia ogrodowa z poliw\u0119glanu OPTIMA"},"content":{"rendered":"<div class=\"wpb-content-wrapper\"><p>[vc_row][vc_column][vc_separator style=&#8221;shadow&#8221; border_width=&#8221;5&#8243;][vc_column_text text_larger=&#8221;no&#8221; woodmart_inline=&#8221;no&#8221;]<\/p>\n<h2 style=\"text-align: center;\"><strong>Szklarnia z poliw\u0119glanu OPTIMA<br \/>\n<\/strong><\/h2>\n<p>Niedroga szklarnia ogrodowa \u0142ukowa z litego poliw\u0119glanu. Solidna szklarnia do ogrodu. R\u00f3\u017cnica w por\u00f3wnaniu z innymi szklarniami polega na zastosowaniu pojedynczego \u0142uku zamiast podw\u00f3jnego. Ale w regionach, w kt\u00f3rych nie ma najsurowszych warunk\u00f3w klimatycznych, to wystarczy. \u0141uki sta\u0142e i poprzeczki s\u0105 ocynkowane na zewn\u0105trz i wewn\u0105trz stali. Szklarnia wykonana jest ze stali. \u0141uki s\u0105 odporne na wiatr, du\u017ce obci\u0105\u017cenie szklarni w okresie zimowym podczas obfitych opad\u00f3w \u015bniegu. Konstrukcja o obci\u0105\u017ceniu do 200 kg wykonana z wysokiej jako\u015bci stali 20\u00d720 o grubo\u015bci 1 mm mo\u017ce wytrzyma\u0107 niekorzystne warunki klimatyczne przez d\u0142ugi czas. Szklarnia poliw\u0119glanowa OPTIMA ma nie tylko wytrzyma\u0142o\u015b\u0107, ale tak\u017ce jej monta\u017c jest \u0142atwiejszy i ma mniej element\u00f3w monta\u017cowych. Odleg\u0142o\u015b\u0107 mi\u0119dzy \u0142ukami wynosi 1 metr. Jednak w regionach, w kt\u00f3rych nie ma najsurowszych warunk\u00f3w klimatycznych, jest to wi\u0119cej ni\u017c wystarczaj\u0105ce.          <\/p>\n<p>Ta szklarnia jest lekk\u0105 odmian\u0105 szklarni Agroflex <a href=\"https:\/\/agroflex.cz\/produkt\/sklenik-z-polykarbonatu-agroflex-optima-lux-2\/\">Optima LUX<\/a> lub Optima LT[\/vc_column_text][vc_separator][vc_column_text text_larger=&#8221;no&#8221; woodmart_inline=&#8221;no&#8221;]<\/p>\n<h4 style=\"text-align: center;\">Szyby z poliw\u0119glanu<\/h4>\n<p>Specjalnie certyfikowany pusty poliw\u0119glan do szklarni z filtrem UV. Zalet\u0105 tego produktu jest jego wysoka izolacyjno\u015b\u0107 termiczna od szk\u0142a. Odporny na uszkodzenia mechaniczne, warunki atmosferyczne i grad. Wyj\u0105tkowa przezierno\u015b\u0107 poliw\u0119glanu (przejrzysto\u015b\u0107 &#8211; do 86%). Do wyboru jest kilka wzor\u00f3w, szklarnia ogrodowa OPTIMA wyposa\u017cona w poliw\u0119glan o grubo\u015bci 4mm, 6mm, co gwarantuje bezawaryjn\u0105 i d\u0142ug\u0105 \u017cywotno\u015b\u0107. Dla bardziej wymagaj\u0105cych klient\u00f3w i profesjonalist\u00f3w oferujemy wersj\u0119 szklarni ogrodowej OPTIMA 8mm. Poliw\u0119glan dostarczany jest w rolce i mocowany do konstrukcji za pomoc\u0105 wkr\u0119t\u00f3w samogwintuj\u0105cych.[\/vc_column_text][\/vc_column][\/vc_row][vc_row][vc_column width=&#8221;1\/2&#8243;][vc_separator style=&#8221;shadow&#8221; border_width=&#8221;5&#8243;][vc_text_separator title=&#8221;Zalecane akcesoria :&#8221; title_align=&#8221;separator_align_left&#8221; align=&#8221;align_left&#8221; style=&#8221;dotted&#8221;]<div class=\"widget_products \"><div class=\"widget woocommerce widget_products\"><ul class=\"product_list_widget\"><li>\n\t\t<span class=\"widget-product-wrap\">\n\t\t<a href=\"https:\/\/agroflex.cz\/pl\/produkt\/aero-100-automatyczny-otwieracz-do-okien-szklarniowych\/\" title=\"AERO-100 Automatyczny otwieracz do okien szklarniowych\" class=\"widget-product-img\">\n\t\t\t<img decoding=\"async\" width=\"300\" height=\"300\" src=\"https:\/\/agroflex.cz\/wp-content\/uploads\/2023\/09\/avtomat2-1-300x300.jpg\" class=\"attachment-woocommerce_thumbnail size-woocommerce_thumbnail\" alt=\"Olejov\u00fd p\u00edst do sklen\u00edku\" srcset=\"https:\/\/agroflex.cz\/wp-content\/uploads\/2023\/09\/avtomat2-1-300x300.jpg 300w, https:\/\/agroflex.cz\/wp-content\/uploads\/2023\/09\/avtomat2-1-150x150.jpg 150w, https:\/\/agroflex.cz\/wp-content\/uploads\/2023\/09\/avtomat2-1-600x600.jpg 600w, https:\/\/agroflex.cz\/wp-content\/uploads\/2023\/09\/avtomat2-1.jpg 690w\" sizes=\"(max-width: 300px) 100vw, 300px\" \/>\t\t<\/a>\n\t\t<span class=\"widget-product-info\">\n\t\t\t<a href=\"https:\/\/agroflex.cz\/pl\/produkt\/aero-100-automatyczny-otwieracz-do-okien-szklarniowych\/\" title=\"AERO-100 Automatyczny otwieracz do okien szklarniowych\" class=\"wd-entities-title\">\n\t\t\t\tAERO-100 Automatyczny otwieracz do okien szklarniowych\t\t\t<\/a>\n\t\t\t\t\t\t\t\t\t\t\t\t\t<span class=\"price\"><del aria-hidden=\"true\"><span class=\"woocommerce-Price-amount amount\"><bdi>1 632<span class=\"woocommerce-Price-currencySymbol\">&#75;&#269;<\/span><\/bdi><\/span><\/del> <span class=\"screen-reader-text\">Pierwotna cena wynosi\u0142a: 1 632&#075;&#269;.<\/span><ins aria-hidden=\"true\"><span class=\"woocommerce-Price-amount amount\"><bdi>1 531<span class=\"woocommerce-Price-currencySymbol\">&#75;&#269;<\/span><\/bdi><\/span><\/ins><span class=\"screen-reader-text\">Aktualna cena wynosi: 1 531&#075;&#269;.<\/span><\/span>\n\t\t<\/span>\n\t<\/span>\n\t<\/li>\n<\/ul><\/div><\/div>[vc_separator style=&#8221;shadow&#8221; border_width=&#8221;5&#8243;][vc_column_text text_larger=&#8221;no&#8221; woodmart_inline=&#8221;no&#8221;]<\/p>\n<h4 style=\"text-align: center;\"><span style=\"color: #000000;\"><strong>Parametry szklarni:<\/strong><\/span><\/h4>\n<table>\n<tbody>\n<tr style=\"height: 24px;\">\n<td style=\"width: 185.867px; height: 24px; text-align: left;\">Rodzaj konstrukcji<\/td>\n<td style=\"width: 243.133px; height: 24px; text-align: right;\">Sta\u0142y<\/td>\n<\/tr>\n<tr style=\"height: 24px;\">\n<td style=\"width: 185.867px; height: 24px; text-align: left;\">Dopuszczalne obci\u0105\u017cenie<\/td>\n<td style=\"width: 243.133px; height: 24px; text-align: right;\">200 kg<\/td>\n<\/tr>\n<tr style=\"height: 24px;\">\n<td style=\"width: 185.867px; height: 24px; text-align: left;\">Szeroko\u015b\u0107<\/td>\n<td style=\"width: 243.133px; height: 24px; text-align: right;\">2,5 mln<\/td>\n<\/tr>\n<tr style=\"height: 24px;\">\n<td style=\"width: 185.867px; height: 24px; text-align: left;\">wysoko\u015b\u0107<\/td>\n<td style=\"width: 243.133px; height: 24px; text-align: right;\">2 mln<\/td>\n<\/tr>\n<tr style=\"height: 24px;\">\n<td style=\"width: 185.867px; height: 24px; text-align: left;\">D\u0142ugo\u015b\u0107 (warianty)<\/td>\n<td style=\"width: 243.133px; height: 24px; text-align: right;\">4 m; 6 m; 8 m; (modulacja w krokach co 2 m)<\/td>\n<\/tr>\n<tr style=\"height: 24px;\">\n<td style=\"width: 185.867px; height: 24px; text-align: left;\">Materia\u0142 oszklenia<\/td>\n<td style=\"width: 243.133px; height: 24px; text-align: right;\">poliw\u0119glan 4, 6, 8mm (przejrzysto\u015b\u0107 &#8211; do 86%).<\/td>\n<\/tr>\n<tr style=\"height: 24px;\">\n<td style=\"width: 185.867px; height: 24px; text-align: left;\">Waga<\/td>\n<p> powierzchni<\/p>\n<td style=\"width: 243.133px; height: 24px; text-align: right;\">800 g\/m2 &#8211; 1500 g\/m2<\/td>\n<\/tr>\n<tr style=\"height: 24px;\">\nOchrona<br \/>\n poliw\u0119glanu <\/p>\n<td style=\"width: 185.867px; height: 24px; text-align: left;\">przed promieniowaniem UV<\/td>\n<td style=\"width: 243.133px; height: 24px; text-align: right;\">tak<\/td>\n<\/tr>\n<tr style=\"height: 24px;\">\n<td style=\"width: 185.867px; height: 24px; text-align: left;\">Wymiary desek<\/td>\n<td style=\"width: 243.133px; height: 24px; text-align: right;\">6 x 2,1 m<\/td>\n<\/tr>\n<tr style=\"height: 24px;\">\n<td style=\"width: 185.867px; height: 10px; text-align: left;\">Materia\u0142 konstrukcyjny<\/td>\n<td style=\"width: 243.133px; height: 10px; text-align: right;\">Stal ocynkowana<\/td>\n<\/tr>\n<tr style=\"height: 24px;\">\n<td style=\"width: 185.867px; height: 24px; text-align: left;\">Wytrzyma\u0142o\u015b\u0107 \u015bciany stalowej<\/td>\n<td style=\"width: 243.133px; height: 24px; text-align: right;\">1 mm<\/td>\n<\/tr>\n<tr style=\"height: 35px;\">\n<td style=\"width: 185.867px; height: 35px; text-align: left;\">Odleg\u0142o\u015b\u0107 mi\u0119dzy krzywymi<\/td>\n<td style=\"width: 243.133px; height: 35px; text-align: right;\">1 mln<\/td>\n<\/tr>\n<tr style=\"height: 35px;\">\n<td style=\"width: 185.867px; height: 35px; text-align: left;\">Pr\u0119ty zbrojeniowe<\/td>\n<p> \u0142uku<\/p>\n<td style=\"width: 243.133px; height: 35px; text-align: right;\">5 wierszy<\/td>\n<\/tr>\n<tr style=\"height: 24px;\">\n<td style=\"width: 170.4px; height: 24px; text-align: left;\">typ<\/td>\n<td style=\"width: 268.6px; height: 24px; text-align: right;\">przejezdny z obu stron<\/td>\n<\/tr>\n<tr style=\"height: 24px;\">\n<td style=\"width: 170.4px; height: 24px; text-align: left;\">Drzwi wej\u015bciowe<\/td>\n<td style=\"width: 268.6px; height: 24px; text-align: right;\">2 szt.<\/td>\n<\/tr>\n<tr style=\"height: 35px;\">\n<td style=\"width: 170.4px; height: 35px; text-align: left;\">Okno wentylacyjne z przodu<\/td>\n<td style=\"width: 268.6px; height: 35px; text-align: right;\">2 szt.<\/td>\n<\/tr>\n<tr style=\"height: 24px;\">\n<td style=\"width: 185.867px; height: 24px; text-align: left;\">Kotwienie z poliw\u0119glanu<\/td>\n<td style=\"width: 243.133px; height: 24px; text-align: right;\">z podk\u0142adkami i nakr\u0119tkami M5<\/td>\n<\/tr>\n<tr style=\"height: 24px;\">\nStopy <\/p>\n<td style=\"width: 185.867px; height: 24px; text-align: left;\">kotwi\u0105ce<\/td>\n<td style=\"width: 243.133px; height: 24px; text-align: right;\"><a href=\"https:\/\/agroflex.cz\/kategorie-produktu\/dodatki\/kotveni-skleniku\/\" target=\"_blank\" rel=\"noopener\">Produkty<\/a> powi\u0105zane<\/td>\n<\/tr>\n<tr style=\"height: 24px;\">\n<td style=\"width: 185.867px; height: 24px; text-align: left;\">Gwarancja na poliw\u0119glan<\/td>\n<td style=\"width: 243.133px; height: 24px; text-align: right;\">10 lat<\/td>\n<\/tr>\n<tr style=\"height: 35px;\">\n<td style=\"width: 185.867px; height: 35px; text-align: left;\">Gwarancja budowlana<\/td>\n<td style=\"width: 243.133px; height: 35px; text-align: right;\">5 lat<\/td>\n<\/tr>\n<\/tbody>\n<\/table>\n<p><span style=\"font-size: 10pt;\">W przypadku, gdy nie chcesz martwi\u0107 si\u0119 o kompletowanie niezb\u0119dnych akcesori\u00f3w szklarniowych, oferujemy kompletne <\/span><a href=\"https:\/\/agroflex.cz\/kategorie-produktu\/dodatki\/sada-prislusenstvi\/\"><strong><span style=\"font-size: 10pt;\">r\u00f3\u017cne zestawy \/ zestawy akcesori\u00f3w szklarniowych.<\/span><\/strong><\/a>[\/vc_column_text][vc_separator style=&#8221;shadow&#8221; border_width=&#8221;5&#8243;][\/vc_column][vc_column width=&#8221;1\/2&#8243;][vc_separator style=&#8221;shadow&#8221; border_width=&#8221;5&#8243;][vc_column_text css=&#8221;&#8221; text_larger=&#8221;no&#8221; woodmart_inline=&#8221;no&#8221;]<\/p>\n<div class=\"vc_row wpb_row vc_row-fluid\">\n<div class=\"wpb_column vc_column_container vc_col-sm-12\">\n<div class=\"vc_column-inner\">\n<div class=\"wpb_wrapper\">\n<div class=\"wpb_text_column wpb_content_element\">\n<div class=\"wpb_wrapper\">\n<h4 style=\"text-align: center;\">Fundamenty szklarni<\/h4>\n<p>Aby zapewni\u0107 trwa\u0142o\u015b\u0107 szklarni, zaleca si\u0119 monta\u017c jej na wcze\u015bniej przygotowanym pod\u0142o\u017cu &#8211; fundamencie, wykonanym na podstawie jego wymiar\u00f3w na obwodzie podstawy, na przyk\u0142ad w postaci ramy o grubo\u015bci 100&#8230; 200 mm, co znacznie zmniejszy aktywno\u015b\u0107 korozyjn\u0105. Ram\u0119 szklarni nale\u017cy przymocowa\u0107 do fundamentu za pomoc\u0105 lub gwo\u017adzi, aby zapobiec przewr\u00f3ceniu si\u0119 przy silnym wietrze.<\/p>\n<p>Szklarnia z poliw\u0119glanu mo\u017ce by\u0107 dzi\u0119ki temu mocowana zgodnie z priorytetem ka\u017cdego klienta, mo\u017ce by\u0107 montowana w gruncie (mocowanie zapewniaj\u0105 n\u00f3\u017cki kotwi\u0105ce), graniastos\u0142upach drewnianych 10 x 10 cm lub na podstawie. Jednak og\u00f3lnie rzecz bior\u0105c, kotwienie do podstawy jest lepszym wyborem, kt\u00f3ry znacznie zmniejszy aktywno\u015b\u0107 korozyjn\u0105.<\/p>\n<\/div>\n<\/div>\n<\/div>\n<\/div>\n<\/div>\n<\/div>\n<p>[\/vc_column_text]<div class=\"widget_products \"><div class=\"widget woocommerce widget_products\"><ul class=\"product_list_widget\"><li>\n\t\t<span class=\"widget-product-wrap\">\n\t\t<a href=\"https:\/\/agroflex.cz\/pl\/produkt\/podstawa-z-blachy-botanik-do-szklarni\/\" title=\"Podstawa z blachy Botanik do szklarni\" class=\"widget-product-img\">\n\t\t\t<img decoding=\"async\" width=\"300\" height=\"300\" src=\"https:\/\/agroflex.cz\/wp-content\/uploads\/2023\/09\/Zakladna-pro-zahradni-skleniky-Agroflex-300x300.jpg\" class=\"attachment-woocommerce_thumbnail size-woocommerce_thumbnail\" alt=\"\" srcset=\"https:\/\/agroflex.cz\/wp-content\/uploads\/2023\/09\/Zakladna-pro-zahradni-skleniky-Agroflex-300x300.jpg 300w, https:\/\/agroflex.cz\/wp-content\/uploads\/2023\/09\/Zakladna-pro-zahradni-skleniky-Agroflex-150x150.jpg 150w\" sizes=\"(max-width: 300px) 100vw, 300px\" \/>\t\t<\/a>\n\t\t<span class=\"widget-product-info\">\n\t\t\t<a href=\"https:\/\/agroflex.cz\/pl\/produkt\/podstawa-z-blachy-botanik-do-szklarni\/\" title=\"Podstawa z blachy Botanik do szklarni\" class=\"wd-entities-title\">\n\t\t\t\tPodstawa z blachy Botanik do szklarni\t\t\t<\/a>\n\t\t\t\t\t\t\t\t\t\t\t\t\t<span class=\"price\"><span class=\"woocommerce-Price-amount amount\" aria-hidden=\"true\"><bdi>968<span class=\"woocommerce-Price-currencySymbol\">&#75;&#269;<\/span><\/bdi><\/span> <span aria-hidden=\"true\">&ndash;<\/span> <span class=\"woocommerce-Price-amount amount\" aria-hidden=\"true\"><bdi>3 267<span class=\"woocommerce-Price-currencySymbol\">&#75;&#269;<\/span><\/bdi><\/span><span class=\"screen-reader-text\">Zakres cen: od 968&#75;&#269; do 3 267&#75;&#269;<\/span><\/span>\n\t\t<\/span>\n\t<\/span>\n\t<\/li>\n<\/ul><\/div><\/div>[vc_separator style=&#8221;shadow&#8221; border_width=&#8221;5&#8243;][vc_column_text css=&#8221;&#8221; text_larger=&#8221;no&#8221; woodmart_inline=&#8221;no&#8221;]<\/p>\n<div class=\"vc_row wpb_row vc_row-fluid\">\n<div class=\"wpb_column vc_column_container vc_col-sm-12\">\n<div class=\"vc_column-inner\">\n<div class=\"wpb_wrapper\">\n<div class=\"wpb_text_column wpb_content_element\">\n<div class=\"wpb_wrapper\">\n<h5 style=\"text-align: center;\">Mocowania<\/h5>\n<p>Monta\u017c szklarni jest r\u00f3wnie\u017c prosty i nie wymaga specjalnych umiej\u0119tno\u015bci. Potrzebny jest tylko minimalny zestaw narz\u0119dzi \u2013 klucz, \u015brubokr\u0119t, n\u00f3\u017c. Wraz ze szklarni\u0105 otrzymasz szczeg\u00f3\u0142owe instrukcje. Ilustrowana instrukcja jeszcze bardziej upro\u015bci proces budowy szklarni,   <\/p>\n<p>Je\u015bli nie masz czasu na instalacj\u0119, <a href=\"https:\/\/agroflex.cz\/montaz-skleniku\/\" target=\"_blank\" rel=\"noopener\"><strong>mo\u017cesz zam\u00f3wi\u0107 monta\u017c<\/strong><\/a> u naszych specjalist\u00f3w, kt\u00f3rzy zmontuj\u0105 wszystko za Ciebie z du\u017c\u0105 wiedz\u0105 i w jak najkr\u00f3tszym czasie. Chocia\u017c monta\u017c ca\u0142ej szklarni jest prosty, najwi\u0119cej czasu zajmuje przyci\u0119cie i obrze\u017ce poliw\u0119glanu oraz zamontowanie go po obu frontowych stronach szklarni. Dlatego oferujemy Pa\u0144stwu mo\u017cliwo\u015b\u0107 zam\u00f3wienia tej cz\u0119\u015bci <a href=\"https:\/\/agroflex.cz\/montaz-skleniku\/\" target=\"_blank\" rel=\"noopener\"><strong>monta\u017cu<\/strong><\/a>, kt\u00f3ra odbywa si\u0119 w naszym magazynie, otrzymaj\u0105 Pa\u0144stwo od przewo\u017anika obie strony przednie wype\u0142nione poliw\u0119glanem.  <\/p>\n<p>Szklarnia mo\u017ce by\u0107 modyfikowana, a w przysz\u0142o\u015bci mo\u017cliwa jest realizacja rozbudowy, dzi\u0119ki czemu teoretyczna d\u0142ugo\u015b\u0107 szklarni jest nieograniczona.<\/p>\n<\/div>\n<\/div>\n<\/div>\n<\/div>\n<\/div>\n<\/div>\n<p>[\/vc_column_text][vc_separator style=&#8221;shadow&#8221; border_width=&#8221;5&#8243;][vc_column_text woodmart_inline=&#8221;no&#8221; text_larger=&#8221;no&#8221;]<\/p>\n<h4 style=\"text-align: center;\">Alternatywy<\/h4>\n<p>[\/vc_column_text]<div class=\"widget_products \"><div class=\"widget woocommerce widget_products\"><ul class=\"product_list_widget\"><li>\n\t\t<span class=\"widget-product-wrap\">\n\t\t<a href=\"https:\/\/agroflex.cz\/pl\/produkt\/szklarnia-ogrodowa-optima-lt\/\" title=\"Szklarnia ogrodowa OPTIMA LT\" class=\"widget-product-img\">\n\t\t\t<img decoding=\"async\" width=\"300\" height=\"300\" src=\"https:\/\/agroflex.cz\/wp-content\/uploads\/2023\/09\/Sklenik-z-polykarbonatu-Titan-Optima-LT-agroflex6-300x300.jpg\" class=\"attachment-woocommerce_thumbnail size-woocommerce_thumbnail\" alt=\"polykarbon\u00e1tov\u00e9 sklen\u00edky celorocni sklenik\" srcset=\"https:\/\/agroflex.cz\/wp-content\/uploads\/2023\/09\/Sklenik-z-polykarbonatu-Titan-Optima-LT-agroflex6-300x300.jpg 300w, https:\/\/agroflex.cz\/wp-content\/uploads\/2023\/09\/Sklenik-z-polykarbonatu-Titan-Optima-LT-agroflex6-150x150.jpg 150w\" sizes=\"(max-width: 300px) 100vw, 300px\" \/>\t\t<\/a>\n\t\t<span class=\"widget-product-info\">\n\t\t\t<a href=\"https:\/\/agroflex.cz\/pl\/produkt\/szklarnia-ogrodowa-optima-lt\/\" title=\"Szklarnia ogrodowa OPTIMA LT\" class=\"wd-entities-title\">\n\t\t\t\tSzklarnia ogrodowa OPTIMA LT\t\t\t<\/a>\n\t\t\t\t\t\t\t\t\t\t\t\t\t<span class=\"price\"><span class=\"woocommerce-Price-amount amount\" aria-hidden=\"true\"><bdi>19 391<span class=\"woocommerce-Price-currencySymbol\">&#75;&#269;<\/span><\/bdi><\/span> <span aria-hidden=\"true\">&ndash;<\/span> <span class=\"woocommerce-Price-amount amount\" aria-hidden=\"true\"><bdi>58 864<span class=\"woocommerce-Price-currencySymbol\">&#75;&#269;<\/span><\/bdi><\/span><span class=\"screen-reader-text\">Zakres cen: od 19 391&#75;&#269; do 58 864&#75;&#269;<\/span><\/span>\n\t\t<\/span>\n\t<\/span>\n\t<\/li>\n<\/ul><\/div><\/div>[vc_separator style=&#8221;shadow&#8221; border_width=&#8221;5&#8243;][\/vc_column][\/vc_row]<\/p>\n<\/div>","protected":false},"excerpt":{"rendered":"<p style=\"text-align: justify;\"><span style=\"font-size: 10pt;\">Szeroko\u015b\u0107 szklarni 2,5m, wysoko\u015b\u0107 2m, d\u0142ugo\u015b\u0107 od 4m. Wszystkie \u0142uki szklarni s\u0105 solidne. Ekonomiczna szklarnia \u0142ukowa z poliw\u0119glanu. Szklarnia ogrodowa trwa\u0142a i stabilna, odporna na wiatr i \u015bnieg Specjalny poliw\u0119glan do szklarni grubo\u015bciowych z filtrem UV.   <\/span><\/p>\n","protected":false},"featured_media":0,"comment_status":"open","ping_status":"closed","template":"","meta":[],"product_brand":[419],"product_cat":[482,790,865,967],"product_tag":[],"class_list":{"0":"post-20396","1":"product","2":"type-product","3":"status-publish","5":"product_brand-agroflex","6":"product_cat-bez-kategorii","7":"product_cat-imprezy-w-szklarniach-ogrodowych","8":"product_cat-szklarnie-lukowe","9":"product_cat-stale-szklarnie","11":"first","12":"outofstock","13":"sale","14":"taxable","15":"shipping-taxable","16":"purchasable","17":"product-type-variable","18":"has-default-attributes"},"_links":{"self":[{"href":"https:\/\/agroflex.cz\/pl\/wp-json\/wp\/v2\/product\/20396","targetHints":{"allow":["GET"]}}],"collection":[{"href":"https:\/\/agroflex.cz\/pl\/wp-json\/wp\/v2\/product"}],"about":[{"href":"https:\/\/agroflex.cz\/pl\/wp-json\/wp\/v2\/types\/product"}],"replies":[{"embeddable":true,"href":"https:\/\/agroflex.cz\/pl\/wp-json\/wp\/v2\/comments?post=20396"}],"wp:attachment":[{"href":"https:\/\/agroflex.cz\/pl\/wp-json\/wp\/v2\/media?parent=20396"}],"wp:term":[{"taxonomy":"product_brand","embeddable":true,"href":"https:\/\/agroflex.cz\/pl\/wp-json\/wp\/v2\/product_brand?post=20396"},{"taxonomy":"product_cat","embeddable":true,"href":"https:\/\/agroflex.cz\/pl\/wp-json\/wp\/v2\/product_cat?post=20396"},{"taxonomy":"product_tag","embeddable":true,"href":"https:\/\/agroflex.cz\/pl\/wp-json\/wp\/v2\/product_tag?post=20396"}],"curies":[{"name":"wp","href":"https:\/\/api.w.org\/{rel}","templated":true}]}}