{"id":22181,"date":"2023-09-04T21:05:10","date_gmt":"2023-09-04T21:05:10","guid":{"rendered":"https:\/\/agroflex.cz\/product\/poliweglan-ogrodowy-mini-lux-mala-szklarnia\/"},"modified":"2025-09-19T08:10:32","modified_gmt":"2025-09-19T08:10:32","slug":"poliweglan-ogrodowy-mini-lux-mala-szklarnia","status":"publish","type":"product","link":"https:\/\/agroflex.cz\/pl\/produkt\/poliweglan-ogrodowy-mini-lux-mala-szklarnia\/","title":{"rendered":"Poliw\u0119glan ogrodowy MINI LUX &#8211; ma\u0142a szklarnia"},"content":{"rendered":"<div class=\"wpb-content-wrapper\"><p>[vc_row][vc_column][vc_separator style=&#8221;shadow&#8221; border_width=&#8221;5&#8243;][vc_column_text text_larger=&#8221;no&#8221; woodmart_inline=&#8221;no&#8221;]<\/p>\n<h2 style=\"text-align: center;\">Ma\u0142a szklarnia i szklarnia wykonana z poliw\u0119glanu TULIP MINI LUX<\/h2>\n<p>Model posiada niezawodn\u0105 ram\u0119 wykonan\u0105 z ocynkowanego \u0142uku. \u0141uki s\u0105 monolityczne, a odleg\u0142o\u015b\u0107 mi\u0119dzy nimi wynosi 1 metr, co przy niewielkiej wysoko\u015bci wystarcza do zapewnienia niezawodno\u015bci konstrukcji. W roli pow\u0142oki zewn\u0119trznej wyst\u0119puje poliw\u0119glan komorowy, kt\u00f3ry mocowany jest za pomoc\u0105 dachowych. Ta opcja monta\u017cu pozwala na przeprowadzenie punktowej wymiany poszycia w przypadku wyst\u0105pienia miejscowego uszkodzenia, czyli nie ma potrzeby wymiany poliw\u0119glanu na ca\u0142ej powierzchni etui. Idealny do sadzenia i uprawy pomidor\u00f3w i og\u00f3rk\u00f3w.[\/vc_column_text][vc_separator][vc_column_text text_larger=&#8221;no&#8221;]<\/p>\n<div class=\"vc_row wpb_row vc_row-fluid\">\n<div class=\"wpb_column vc_column_container vc_col-sm-12\">\n<div class=\"vc_column-inner\">\n<div class=\"wpb_wrapper\">\n<div class=\"wpb_text_column wpb_content_element\">\n<div class=\"wpb_wrapper\">\n<h4 style=\"text-align: center;\">Szyby z poliw\u0119glanu<\/h4>\n<p>Do szklarni o grubo\u015bci 4 mm z filtrem UV stosuje si\u0119 specjalny certyfikowany pusty poliw\u0119glan. Zalet\u0105 tego produktu jest jego wysoka izolacyjno\u015b\u0107 termiczna od szk\u0142a, kt\u00f3ra jest odporna na uszkodzenia mechaniczne, warunki atmosferyczne, grad, a przy tym wyj\u0105tkowa jest przezroczysto\u015b\u0107 poliw\u0119glanu (przejrzysto\u015b\u0107 \u2013 do 86%). <\/p>\n<\/div>\n<\/div>\n<\/div>\n<\/div>\n<\/div>\n<\/div>\n<p>[\/vc_column_text][\/vc_column][\/vc_row][vc_row][vc_column width=&#8221;1\/2&#8243;][vc_separator style=&#8221;shadow&#8221; border_width=&#8221;5&#8243;][vc_text_separator title=&#8221;Zalecane akcesoria :&#8221; title_align=&#8221;separator_align_left&#8221; align=&#8221;align_left&#8221; style=&#8221;dotted&#8221;]<div class=\"widget_products \"><div class=\"widget woocommerce widget_products\"><ul class=\"product_list_widget\"><li>\n\t\t<span class=\"widget-product-wrap\">\n\t\t<a href=\"https:\/\/agroflex.cz\/pl\/produkt\/listwa-koncowa-typu-u-do-poliweglanu-4-6-8-10-mm\/\" title=\"Listwa ko\u0144cowa typu U do poliw\u0119glanu - 4, 6, 8, 10 mm\" class=\"widget-product-img\">\n\t\t\t<img decoding=\"async\" width=\"300\" height=\"300\" src=\"https:\/\/agroflex.cz\/wp-content\/uploads\/2023\/09\/lista-300x300.jpeg\" class=\"attachment-woocommerce_thumbnail size-woocommerce_thumbnail\" alt=\"\" srcset=\"https:\/\/agroflex.cz\/wp-content\/uploads\/2023\/09\/lista-300x300.jpeg 300w, https:\/\/agroflex.cz\/wp-content\/uploads\/2023\/09\/lista-150x150.jpeg 150w, https:\/\/agroflex.cz\/wp-content\/uploads\/2023\/09\/lista.jpeg 600w\" sizes=\"(max-width: 300px) 100vw, 300px\" \/>\t\t<\/a>\n\t\t<span class=\"widget-product-info\">\n\t\t\t<a href=\"https:\/\/agroflex.cz\/pl\/produkt\/listwa-koncowa-typu-u-do-poliweglanu-4-6-8-10-mm\/\" title=\"Listwa ko\u0144cowa typu U do poliw\u0119glanu - 4, 6, 8, 10 mm\" class=\"wd-entities-title\">\n\t\t\t\tListwa ko\u0144cowa typu U do poliw\u0119glanu - 4, 6, 8, 10 mm\t\t\t<\/a>\n\t\t\t\t\t\t\t<div class=\"star-rating\" role=\"img\" aria-label=\"Oceniono 5.00 na 5\"><span style=\"width:100%\">Oceniono <strong class=\"rating\">5.00<\/strong> na 5<\/span><\/div>\t\t\t\t\t\t<span class=\"price\"><span class=\"woocommerce-Price-amount amount\" aria-hidden=\"true\"><bdi>120<span class=\"woocommerce-Price-currencySymbol\">&#75;&#269;<\/span><\/bdi><\/span> <span aria-hidden=\"true\">&ndash;<\/span> <span class=\"woocommerce-Price-amount amount\" aria-hidden=\"true\"><bdi>140<span class=\"woocommerce-Price-currencySymbol\">&#75;&#269;<\/span><\/bdi><\/span><span class=\"screen-reader-text\">Zakres cen: od 120&#75;&#269; do 140&#75;&#269;<\/span><\/span>\n\t\t<\/span>\n\t<\/span>\n\t<\/li>\n<\/ul><\/div><\/div>[vc_separator style=&#8221;shadow&#8221; border_width=&#8221;5&#8243;][vc_column_text text_larger=&#8221;no&#8221; woodmart_inline=&#8221;no&#8221;]<\/p>\n<h4 style=\"text-align: center;\"><span style=\"color: #000000;\"><strong>Parametry szklarni:<\/strong><\/span><\/h4>\n<table>\n<tbody>\n<tr style=\"height: 24px;\">\n<td style=\"width: 165.517px; height: 24px; text-align: left;\">Rodzaj konstrukcji<\/td>\n<td style=\"width: 265.483px; height: 24px; text-align: right;\">Solidny &#8211; nieroz\u0142\u0105czne \u0142uki<\/td>\n<\/tr>\n<tr style=\"height: 24px;\">\n<td style=\"width: 165.517px; height: 26px; text-align: left;\">Dopuszczalne obci\u0105\u017cenie<\/td>\n<td style=\"width: 265.483px; height: 26px; text-align: right;\">100 kg<\/td>\n<\/tr>\n<tr style=\"height: 24px;\">\n<td style=\"width: 165.517px; height: 24px; text-align: left;\">Szeroko\u015b\u0107<\/td>\n<td style=\"width: 265.483px; height: 24px; text-align: right;\">1,2 mln<\/td>\n<\/tr>\n<tr style=\"height: 24px;\">\n<td style=\"width: 165.517px; height: 24px; text-align: left;\">wysoko\u015b\u0107<\/td>\n<td style=\"width: 265.483px; height: 24px; text-align: right;\">1,2 mln<\/td>\n<\/tr>\n<tr style=\"height: 24px;\">\n<td style=\"width: 165.517px; height: 24px; text-align: left;\">d\u0142ugo\u015b\u0107<\/td>\n<td style=\"width: 265.483px; height: 24px; text-align: right;\"> od 3 m (mo\u017cliwo\u015b\u0107 wykonania d\u0142u\u017cszego \u2013 modulacja w krokach co 1 m)<\/td>\n<\/tr>\n<tr style=\"height: 24px;\">\n<td style=\"width: 165.517px; height: 24px; text-align: left;\">Materia\u0142 oszklenia<\/td>\n<td style=\"width: 265.483px; height: 24px; text-align: right;\">poliw\u0119glan 4 mm (przejrzysto\u015b\u0107 &#8211; do 86%).<\/td>\n<\/tr>\n<tr style=\"height: 24px;\">\nOchrona<br \/>\n poliw\u0119glanu <\/p>\n<td style=\"width: 165.517px; height: 24px; text-align: left;\">przed promieniowaniem UV<\/td>\n<td style=\"width: 265.483px; height: 24px; text-align: right;\">tak (jednostronnie)<\/td>\n<\/tr>\n<tr style=\"height: 24px;\">\n<td style=\"width: 165.517px; height: 24px; text-align: left;\">Materia\u0142 konstrukcyjny<\/td>\n<td style=\"width: 265.483px; height: 24px; text-align: right;\">Stal ocynkowana &#8211; Jekl kwadrat 20\u044520 \u043c\u043c<\/td>\n<\/tr>\n<tr style=\"height: 24px;\">\n<td style=\"width: 165.517px; height: 24px; text-align: left;\">Otw\u00f3r<\/td>\n<td style=\"width: 265.483px; height: 24px; text-align: right;\">1 szt na ka\u017cde przed\u0142u\u017cenie 1 m<\/td>\n<\/tr>\n<tr style=\"height: 24px;\">\n<td style=\"width: 165.517px; height: 24px; text-align: left;\">Gwarancja na poliw\u0119glan<\/td>\n<td style=\"width: 265.483px; height: 24px; text-align: right;\">10 lat<\/td>\n<\/tr>\n<tr style=\"height: 35px;\">\n<td style=\"width: 165.517px; height: 35px; text-align: left;\">Gwarancja budowlana<\/td>\n<td style=\"width: 265.483px; height: 35px; text-align: right;\">2 lata<\/td>\n<\/tr>\n<tr style=\"height: 24px;\">\nStopy <\/p>\n<td style=\"width: 185.867px; height: 24px; text-align: left;\">kotwi\u0105ce<\/td>\n<td style=\"width: 243.133px; height: 24px; text-align: right;\">Zawarte w pakiecie<\/td>\n<\/tr>\n<tr style=\"height: 24px;\">\nPodstawa <\/p>\n<td style=\"width: 185.867px; height: 24px; text-align: left;\">z tworzywa sztucznego<\/td>\n<td style=\"width: 243.133px; height: 24px; text-align: right;\">Zawarte w pakiecie<\/td>\n<\/tr>\n<tr style=\"height: 24px;\">\n<td style=\"width: 185.867px; height: 24px; text-align: left;\">Kotwienie do pod\u0142o\u017ca<\/td>\n<td style=\"width: 243.133px; height: 24px; text-align: right;\"><a href=\"https:\/\/agroflex.cz\/kategorie-produktu\/akcesoria\/kotveni-skleniku\/\" target=\"_blank\" rel=\"noopener\">Produkty<\/a> powi\u0105zane<\/td>\n<\/tr>\n<\/tbody>\n<\/table>\n<p>[\/vc_column_text][vc_separator style=&#8221;shadow&#8221; border_width=&#8221;5&#8243;][\/vc_column][vc_column width=&#8221;1\/2&#8243;][vc_separator style=&#8221;shadow&#8221; border_width=&#8221;5&#8243;][vc_column_text css=&#8221;&#8221; text_larger=&#8221;no&#8221; woodmart_inline=&#8221;no&#8221;]<\/p>\n<h4 style=\"text-align: center;\">Mocowania<\/h4>\n<p>Monta\u017c szklarni jest r\u00f3wnie\u017c prosty i nie wymaga specjalnych umiej\u0119tno\u015bci. Potrzebny jest tylko minimalny zestaw narz\u0119dzi \u2013 klucz, \u015brubokr\u0119t, n\u00f3\u017c. Wraz ze szklarni\u0105 otrzymasz szczeg\u00f3\u0142owe instrukcje. Ilustrowana instrukcja jeszcze bardziej upro\u015bci proces budowy szklarni,   <\/p>\n<p>Je\u015bli nie masz czasu na instalacj\u0119, <a href=\"\/?p=128\">mo\u017cesz zam\u00f3wi\u0107 monta\u017c<\/a> u naszych specjalist\u00f3w, kt\u00f3rzy zmontuj\u0105 wszystko za Ciebie z du\u017c\u0105 wiedz\u0105 i w jak najkr\u00f3tszym czasie. Chocia\u017c monta\u017c ca\u0142ej szklarni jest prosty, najwi\u0119cej czasu zajmuje przyci\u0119cie i obrze\u017ce poliw\u0119glanu oraz zamontowanie go po obu frontowych stronach szklarni. Dlatego oferujemy Pa\u0144stwu mo\u017cliwo\u015b\u0107 zam\u00f3wienia tej <a href=\"\/?p=128\">cz\u0119\u015bci monta\u017cu<\/a>, kt\u00f3ra odbywa si\u0119 w naszym magazynie.  <\/p>\n<p>Szklarnia mo\u017ce by\u0107 modyfikowana, a w przysz\u0142o\u015bci mo\u017cliwa jest realizacja rozbudowy, dzi\u0119ki czemu teoretyczna d\u0142ugo\u015b\u0107 szklarni jest nieograniczona[\/vc_column_text][vc_separator style=&#8221;shadow&#8221; border_width=&#8221;5&#8243;][vc_column_text woodmart_inline=&#8221;no&#8221; text_larger=&#8221;no&#8221;]<\/p>\n<h4 style=\"text-align: center;\">Alternatywy<\/h4>\n<p>[\/vc_column_text]<div class=\"widget_products \"><div class=\"widget woocommerce widget_products\"><ul class=\"product_list_widget\"><li>\n\t\t<span class=\"widget-product-wrap\">\n\t\t<a href=\"https:\/\/agroflex.cz\/pl\/produkt\/szklarnia-ogrodowa-z-poliweglanu-mini\/\" title=\"Szklarnia ogrodowa z poliw\u0119glanu MINI\" class=\"widget-product-img\">\n\t\t\t<img decoding=\"async\" width=\"300\" height=\"300\" src=\"https:\/\/agroflex.cz\/wp-content\/uploads\/2023\/09\/levny-sklenik-Agroflex-MINI-300x300.jpg\" class=\"attachment-woocommerce_thumbnail size-woocommerce_thumbnail\" alt=\"Szklarnia z poliw\u0119glanu\" srcset=\"https:\/\/agroflex.cz\/wp-content\/uploads\/2023\/09\/levny-sklenik-Agroflex-MINI-300x300.jpg 300w, https:\/\/agroflex.cz\/wp-content\/uploads\/2023\/09\/levny-sklenik-Agroflex-MINI-150x150.jpg 150w, https:\/\/agroflex.cz\/wp-content\/uploads\/2023\/09\/levny-sklenik-Agroflex-MINI-600x600.jpg 600w\" sizes=\"(max-width: 300px) 100vw, 300px\" \/>\t\t<\/a>\n\t\t<span class=\"widget-product-info\">\n\t\t\t<a href=\"https:\/\/agroflex.cz\/pl\/produkt\/szklarnia-ogrodowa-z-poliweglanu-mini\/\" title=\"Szklarnia ogrodowa z poliw\u0119glanu MINI\" class=\"wd-entities-title\">\n\t\t\t\tSzklarnia ogrodowa z poliw\u0119glanu MINI\t\t\t<\/a>\n\t\t\t\t\t\t\t<div class=\"star-rating\" role=\"img\" aria-label=\"Oceniono 4.00 na 5\"><span style=\"width:80%\">Oceniono <strong class=\"rating\">4.00<\/strong> na 5<\/span><\/div>\t\t\t\t\t\t<span class=\"price\"><span class=\"woocommerce-Price-amount amount\" aria-hidden=\"true\"><bdi>13 842<span class=\"woocommerce-Price-currencySymbol\">&#75;&#269;<\/span><\/bdi><\/span> <span aria-hidden=\"true\">&ndash;<\/span> <span class=\"woocommerce-Price-amount amount\" aria-hidden=\"true\"><bdi>20 486<span class=\"woocommerce-Price-currencySymbol\">&#75;&#269;<\/span><\/bdi><\/span><span class=\"screen-reader-text\">Zakres cen: od 13 842&#75;&#269; do 20 486&#75;&#269;<\/span><\/span>\n\t\t<\/span>\n\t<\/span>\n\t<\/li>\n<\/ul><\/div><\/div>[vc_separator style=&#8221;shadow&#8221; border_width=&#8221;5&#8243;][\/vc_column][\/vc_row]<\/p>\n<\/div>","protected":false},"excerpt":{"rendered":"<p><span style=\"font-size: 10pt;\">Szeroko\u015b\u0107 pod\u0142o\u017ca 1,2 m, wysoko\u015b\u0107 1,2 m, d\u0142ugo\u015b\u0107 od 2 m. Ca\u0142oroczna szklarnia wykonana z poliw\u0119glanu szklarnia do ogrodu. Cz\u0119\u015b\u0107 przesuwna o szeroko\u015bci 1 metra. Elementy konstrukcyjne charakteryzuj\u0105 si\u0119 du\u017c\u0105 wytrzyma\u0142o\u015bci\u0105 i d\u0142ug\u0105 \u017cywotno\u015bci\u0105. Specjalny poliw\u0119glan do gor\u0105cych \u0142\u00f3\u017cek o grubo\u015bci 4 mm z filtrem UV.    <\/span><\/p>\n","protected":false},"featured_media":32511,"comment_status":"open","ping_status":"closed","template":"","meta":[],"product_brand":[419],"product_cat":[482,790,1232,865,928,967],"product_tag":[],"class_list":{"0":"post-22181","1":"product","2":"type-product","3":"status-publish","4":"has-post-thumbnail","6":"product_brand-agroflex","7":"product_cat-bez-kategorii","8":"product_cat-imprezy-w-szklarniach-ogrodowych","9":"product_cat-siedlisko-mala-szklarnia","10":"product_cat-szklarnie-lukowe","11":"product_cat-dachy-przesuwne","12":"product_cat-stale-szklarnie","14":"first","15":"instock","16":"sale","17":"taxable","18":"shipping-taxable","19":"purchasable","20":"product-type-variable","21":"has-default-attributes"},"_links":{"self":[{"href":"https:\/\/agroflex.cz\/pl\/wp-json\/wp\/v2\/product\/22181","targetHints":{"allow":["GET"]}}],"collection":[{"href":"https:\/\/agroflex.cz\/pl\/wp-json\/wp\/v2\/product"}],"about":[{"href":"https:\/\/agroflex.cz\/pl\/wp-json\/wp\/v2\/types\/product"}],"replies":[{"embeddable":true,"href":"https:\/\/agroflex.cz\/pl\/wp-json\/wp\/v2\/comments?post=22181"}],"wp:featuredmedia":[{"embeddable":true,"href":"https:\/\/agroflex.cz\/pl\/wp-json\/wp\/v2\/media\/32511"}],"wp:attachment":[{"href":"https:\/\/agroflex.cz\/pl\/wp-json\/wp\/v2\/media?parent=22181"}],"wp:term":[{"taxonomy":"product_brand","embeddable":true,"href":"https:\/\/agroflex.cz\/pl\/wp-json\/wp\/v2\/product_brand?post=22181"},{"taxonomy":"product_cat","embeddable":true,"href":"https:\/\/agroflex.cz\/pl\/wp-json\/wp\/v2\/product_cat?post=22181"},{"taxonomy":"product_tag","embeddable":true,"href":"https:\/\/agroflex.cz\/pl\/wp-json\/wp\/v2\/product_tag?post=22181"}],"curies":[{"name":"wp","href":"https:\/\/api.w.org\/{rel}","templated":true}]}}