{"id":22798,"date":"2025-05-02T10:04:53","date_gmt":"2025-05-02T10:04:53","guid":{"rendered":"https:\/\/agroflex.cz\/product\/zadaszenie-basenowe-tulipan-xl\/"},"modified":"2025-09-19T08:19:18","modified_gmt":"2025-09-19T08:19:18","slug":"zadaszenie-basenowe-tulipan-xl","status":"publish","type":"product","link":"https:\/\/agroflex.cz\/pl\/produkt\/zadaszenie-basenowe-tulipan-xl\/","title":{"rendered":"Zadaszenie basenowe TULIPAN XL"},"content":{"rendered":"<div class=\"wpb-content-wrapper\"><p>[vc_row][vc_column][vc_separator style=&#8221;shadow&#8221; border_width=&#8221;5&#8243;][vc_column_text css=&#8221;&#8221; text_larger=&#8221;no&#8221; woodmart_inline=&#8221;no&#8221;]<\/p>\n<h2 style=\"text-align: center;\"><strong>Wielofunkcyjna profesjonalna szklarnia TULIPAN XL<\/strong><\/h2>\n<p><strong>TULIPAN XL<\/strong> to szklarnia z poliw\u0119glanu o du\u017cej pojemno\u015bci, kt\u00f3ra opr\u00f3cz uprawy ro\u015blin oferuje r\u00f3wnie\u017c eleganck\u0105 i niedrog\u0105 <strong>opcj\u0119 zadaszenia basenu<\/strong>. Dzi\u0119ki uniwersalnemu wzornictwu i innowacyjnym funkcjom jest idealnym rozwi\u0105zaniem do ka\u017cdego ogrodu. <\/p>\n<p><strong>Kluczowe cechy:<\/strong><\/p>\n<ul>\n<li><strong>Uniwersalne zastosowanie<\/strong> \u2013 uprawa ro\u015blin i przykrywanie basenu.<\/li>\n<li><strong>System otwierania bocznego ANTI-STORM<\/strong> \u2013 zwi\u0119kszona odporno\u015b\u0107 na wiatr.<\/li>\n<li><strong>Sk\u0142adany dach \u0142ukowy i cz\u0119\u015bci boczne<\/strong> \u2013 ca\u0142y dach mo\u017ce by\u0107 otwierany z obu stron lub tylko jego cz\u0119\u015b\u0107.<\/li>\n<li><strong>Elementy przesuwne o szeroko\u015bci 2 m<\/strong> \u2013 \u0142atwa obs\u0142uga i dost\u0119p.<\/li>\n<li><strong>Solidna konstrukcja<\/strong> \u2013 40 \u00d7 20 \u00d7 1 mm stalowe ostrza z podw\u00f3jnym \u0142ukiem zapewniaj\u0105 wysok\u0105 stabilno\u015b\u0107.<\/li>\n<\/ul>\n<p><strong>Materia\u0142 i wyko\u0144czenia:<\/strong><\/p>\n<ul>\n<li><strong>Certyfikowany poliw\u0119glan UV<\/strong> \u2013 wysoka przepuszczalno\u015b\u0107 \u015bwiat\u0142a, ochrona przed promieniowaniem UV.<\/li>\n<li>Je\u015bli u\u017cywasz szklarni ogrodowej jako ta\u0144szej <strong>opcji do zadaszenia basenu<\/strong> , mo\u017cesz potraktowa\u0107 metal specjalnym produktem kolorystycznym, kt\u00f3ry opr\u00f3cz estetycznego wygl\u0105du przed\u0142u\u017cy r\u00f3wnie\u017c \u017cywotno\u015b\u0107 ocynkowanej powierzchni.<\/li>\n<li><strong>Poliw\u0119glan barwiony na zam\u00f3wienie<\/strong> \u2013 kolor nale\u017cy okre\u015bli\u0107 przy zam\u00f3wieniu (wzrost ceny o ok. 5-9%, dok\u0142adna cena zostanie podana od razu).<\/li>\n<\/ul>\n<p><strong>Wa\u017cny:<\/strong><\/p>\n<p><strong>Nie zalecamy kotwienia szklarni w miejscach otwartych i wietrznych<\/strong> (np. pola, r\u00f3wniny itp.), gdzie mog\u0105 wyst\u0105pi\u0107 silne wiatry. Takie warunki mog\u0105 uszkodzi\u0107 <strong>plastikowe mechanizmy otwierania<\/strong>. W takich przypadkach zalecamy dodatkowe zabezpieczenie lub bardziej odpowiedni\u0105 lokalizacj\u0119.[\/vc_column_text][vc_separator][\/vc_column][\/vc_row][vc_row][vc_column width=&#8221;1\/2&#8243;][vc_text_separator title=&#8221;Zalecane akcesoria :&#8221; title_align=&#8221;separator_align_left&#8221; align=&#8221;align_left&#8221; style=&#8221;dotted&#8221;]<div class=\"widget_products \"><div class=\"widget woocommerce widget_products\"><ul class=\"product_list_widget\"><li>\n\t\t<span class=\"widget-product-wrap\">\n\t\t<a href=\"https:\/\/agroflex.cz\/pl\/produkt\/tasma-wentylacyjna-paroprzepuszczalna-antidust-3500\/\" title=\"Ta\u015bma wentylacyjna paroprzepuszczalna AntiDust 3500\" class=\"widget-product-img\">\n\t\t\t<img decoding=\"async\" width=\"300\" height=\"300\" src=\"https:\/\/agroflex.cz\/wp-content\/uploads\/2023\/09\/Ventilacni-paska-Antidust-300x300.jpg\" class=\"attachment-woocommerce_thumbnail size-woocommerce_thumbnail\" alt=\"\" srcset=\"https:\/\/agroflex.cz\/wp-content\/uploads\/2023\/09\/Ventilacni-paska-Antidust-300x300.jpg 300w, https:\/\/agroflex.cz\/wp-content\/uploads\/2023\/09\/Ventilacni-paska-Antidust-150x150.jpg 150w\" sizes=\"(max-width: 300px) 100vw, 300px\" \/>\t\t<\/a>\n\t\t<span class=\"widget-product-info\">\n\t\t\t<a href=\"https:\/\/agroflex.cz\/pl\/produkt\/tasma-wentylacyjna-paroprzepuszczalna-antidust-3500\/\" title=\"Ta\u015bma wentylacyjna paroprzepuszczalna AntiDust 3500\" class=\"wd-entities-title\">\n\t\t\t\tTa\u015bma wentylacyjna paroprzepuszczalna AntiDust 3500\t\t\t<\/a>\n\t\t\t\t\t\t\t<div class=\"star-rating\" role=\"img\" aria-label=\"Oceniono 5.00 na 5\"><span style=\"width:100%\">Oceniono <strong class=\"rating\">5.00<\/strong> na 5<\/span><\/div>\t\t\t\t\t\t<span class=\"price\"><span class=\"woocommerce-Price-amount amount\"><bdi>789<span class=\"woocommerce-Price-currencySymbol\">&#75;&#269;<\/span><\/bdi><\/span><\/span>\n\t\t<\/span>\n\t<\/span>\n\t<\/li>\n<\/ul><\/div><\/div>[vc_separator style=&#8221;shadow&#8221; border_width=&#8221;5&#8243;][vc_column_text text_larger=&#8221;no&#8221; woodmart_inline=&#8221;no&#8221;]<\/p>\n<h4 style=\"text-align: center;\"><span style=\"color: #000000;\"><strong>Parametry szklarni:<\/strong><\/span><\/h4>\n<table>\n<tbody>\n<tr style=\"height: 24px;\">\n<td style=\"width: 201px; height: 24px; text-align: left;\">Rodzaj konstrukcji<\/td>\n<td style=\"width: 262px; height: 24px; text-align: right;\">Sk\u0142adane<\/td>\n<\/tr>\n<tr style=\"height: 24px;\">\n<td style=\"width: 201px; height: 24px; text-align: left;\">Dopuszczalne obci\u0105\u017cenie<\/td>\n<td style=\"width: 262px; height: 24px; text-align: right;\">350 kg<\/td>\n<\/tr>\n<tr style=\"height: 24px;\">\n<td style=\"width: 201px; height: 24px; text-align: left;\">Szeroko\u015b\u0107<\/td>\n<td style=\"width: 262px; height: 24px; text-align: right;\">5,38 mln<\/td>\n<\/tr>\n<tr style=\"height: 24px;\">\n<td style=\"width: 201px; height: 24px; text-align: left;\">wysoko\u015b\u0107<\/td>\n<td style=\"width: 262px; height: 24px; text-align: right;\">2,43 mln<\/td>\n<\/tr>\n<tr style=\"height: 24px;\">\n<td style=\"width: 201px; height: 24px; text-align: left;\">D\u0142ugo\u015b\u0107 (warianty)<\/td>\n<td style=\"width: 262px; height: 24px; text-align: right;\">3,98 m; 5,95 m; 7,91 m; 9,88 m; 11,84 (mo\u017cliwe jest r\u00f3wnie\u017c przed\u0142u\u017cenie po 1,964 m)<\/td>\n<\/tr>\n<tr style=\"height: 24px;\">\n<td style=\"width: 201px; height: 24px; text-align: left;\">Materia\u0142 oszklenia<\/td>\n<td style=\"width: 262px; height: 24px; text-align: right;\">poliw\u0119glan 4 mm (przejrzysto\u015b\u0107 &#8211; do 86%).<\/td>\n<\/tr>\n<tr style=\"height: 24px;\">\n<td style=\"width: 201px; height: 24px; text-align: left;\">Ochrona przed<\/td>\n<p> promieniowaniem UV<\/p>\n<td style=\"width: 262px; height: 24px; text-align: right;\">tak (jednostronnie)<\/td>\n<\/tr>\n<tr style=\"height: 24px;\">\n<td style=\"width: 201px; height: 24px; text-align: left;\">Materia\u0142 konstrukcyjny<\/td>\n<td style=\"width: 262px; height: 24px; text-align: right;\">Stal ocynkowana &#8211; Jekl kwadrat 40\u044520 \u043c\u043c<\/td>\n<\/tr>\n<tr style=\"height: 24px;\">\n<td style=\"width: 201px; height: 24px; text-align: left;\">Wytrzyma\u0142o\u015b\u0107 \u015bciany stalowej<\/td>\n<td style=\"width: 262px; height: 24px; text-align: right;\">1 mm<\/td>\n<\/tr>\n<tr style=\"height: 35px;\">\n<td style=\"width: 201px; height: 35px; text-align: left;\">Odleg\u0142o\u015b\u0107 mi\u0119dzy krzywymi<\/td>\n<td style=\"width: 262px; height: 35px; text-align: right;\">1 metr<\/td>\n<\/tr>\n<tr style=\"height: 24px;\">\n<td style=\"width: 201px; height: 24px; text-align: left;\">typ<\/td>\n<td style=\"width: 262px; height: 24px; text-align: right;\">przejezdny z obu stron<\/td>\n<\/tr>\n<tr style=\"height: 24px;\">\n<td style=\"width: 201px; height: 24px; text-align: left;\">Drzwi wej\u015bciowe<\/td>\n<td style=\"width: 262px; height: 24px; text-align: right;\">2 szt.<\/td>\n<\/tr>\n<tr style=\"height: 35px;\">\n<td style=\"width: 201px; height: 35px; text-align: left;\">Okno wentylacyjne z przodu<\/td>\n<td style=\"width: 262px; height: 35px; text-align: right;\">2 szt.<\/td>\n<\/tr>\n<tr style=\"height: 24px;\">\n<td style=\"width: 201px; height: 24px; text-align: left;\">Kotwienie z poliw\u0119glanu<\/td>\n<td style=\"width: 262px; height: 24px; text-align: right;\">tak<\/td>\n<\/tr>\n<tr style=\"height: 24px;\">\n<td style=\"width: 201px; height: 24px; text-align: left;\">Gwarancja na poliw\u0119glan<\/td>\n<td style=\"width: 262px; height: 24px; text-align: right;\">10 lat<\/td>\n<\/tr>\n<tr style=\"height: 35px;\">\n<td style=\"width: 201px; height: 35px; text-align: left;\">Gwarancja budowlana<\/td>\n<td style=\"width: 262px; height: 35px; text-align: right;\">2 lata<\/td>\n<\/tr>\n<tr style=\"height: 24px;\">\n<td style=\"width: 201px; height: 24px; text-align: left;\">baza<\/td>\n<td style=\"width: 262px; height: 24px; text-align: right;\">niezb\u0119dny<\/td>\n<\/tr>\n<\/tbody>\n<\/table>\n<p><span style=\"font-size: 10pt;\">W przypadku, gdy nie chcesz martwi\u0107 si\u0119 o kompletowanie niezb\u0119dnych akcesori\u00f3w szklarniowych, oferujemy kompletne <\/span><a href=\"https:\/\/agroflex.cz\/kategorie-produktu\/dodatki\/sada-prislusenstvi\/\"><strong><span style=\"font-size: 10pt;\">r\u00f3\u017cne zestawy \/ zestawy akcesori\u00f3w szklarniowych.<\/span><\/strong><\/a>[\/vc_column_text][vc_separator style=&#8221;shadow&#8221; border_width=&#8221;5&#8243;][\/vc_column][vc_column width=&#8221;1\/2&#8243;][vc_column_text css=&#8221;&#8221; text_larger=&#8221;no&#8221; woodmart_inline=&#8221;no&#8221;]<\/p>\n<div class=\"vc_row wpb_row vc_row-fluid\">\n<div class=\"wpb_column vc_column_container vc_col-sm-12\">\n<div class=\"vc_column-inner\">\n<div class=\"wpb_wrapper\">\n<div class=\"wpb_text_column wpb_content_element\">\n<div class=\"wpb_wrapper\">\n<h4 style=\"text-align: center;\">Fundamenty szklarni<\/h4>\n<p>Aby zapewni\u0107 trwa\u0142o\u015b\u0107 szklarni, zaleca si\u0119 monta\u017c jej na wcze\u015bniej przygotowanym pod\u0142o\u017cu &#8211; fundamencie, wykonanym na podstawie jego wymiar\u00f3w na obwodzie podstawy, na przyk\u0142ad w postaci ramy o grubo\u015bci 100&#8230; 200 mm, co znacznie zmniejszy aktywno\u015b\u0107 korozyjn\u0105. Ram\u0119 szklarni nale\u017cy przymocowa\u0107 do fundamentu za pomoc\u0105 lub gwo\u017adzi, aby zapobiec przewr\u00f3ceniu si\u0119 przy silnym wietrze. <\/p>\n<p>Szklarnia z poliw\u0119glanu mo\u017ce by\u0107 dzi\u0119ki temu mocowana zgodnie z priorytetem ka\u017cdego klienta, mo\u017ce by\u0107 montowana w gruncie (mocowanie zapewniaj\u0105 n\u00f3\u017cki kotwi\u0105ce), graniastos\u0142upach drewnianych 10 x 10 cm lub na podstawie.<\/p>\n<p>Jednak og\u00f3lnie rzecz bior\u0105c, kotwienie do podstawy jest lepszym wyborem, kt\u00f3ry znacznie zmniejszy aktywno\u015b\u0107 korozyjn\u0105.<\/p>\n<\/div>\n<\/div>\n<\/div>\n<\/div>\n<\/div>\n<\/div>\n<p>[\/vc_column_text]<div class=\"widget_products \"><div class=\"widget woocommerce widget_products\"><ul class=\"product_list_widget\"><li>\n\t\t<span class=\"widget-product-wrap\">\n\t\t<a href=\"https:\/\/agroflex.cz\/pl\/produkt\/podstawa-z-blachy-botanik-do-szklarni\/\" title=\"Podstawa z blachy Botanik do szklarni\" class=\"widget-product-img\">\n\t\t\t<img decoding=\"async\" width=\"300\" height=\"300\" src=\"https:\/\/agroflex.cz\/wp-content\/uploads\/2023\/09\/Zakladna-pro-zahradni-skleniky-Agroflex-300x300.jpg\" class=\"attachment-woocommerce_thumbnail size-woocommerce_thumbnail\" alt=\"\" srcset=\"https:\/\/agroflex.cz\/wp-content\/uploads\/2023\/09\/Zakladna-pro-zahradni-skleniky-Agroflex-300x300.jpg 300w, https:\/\/agroflex.cz\/wp-content\/uploads\/2023\/09\/Zakladna-pro-zahradni-skleniky-Agroflex-150x150.jpg 150w\" sizes=\"(max-width: 300px) 100vw, 300px\" \/>\t\t<\/a>\n\t\t<span class=\"widget-product-info\">\n\t\t\t<a href=\"https:\/\/agroflex.cz\/pl\/produkt\/podstawa-z-blachy-botanik-do-szklarni\/\" title=\"Podstawa z blachy Botanik do szklarni\" class=\"wd-entities-title\">\n\t\t\t\tPodstawa z blachy Botanik do szklarni\t\t\t<\/a>\n\t\t\t\t\t\t\t\t\t\t\t\t\t<span class=\"price\"><span class=\"woocommerce-Price-amount amount\" aria-hidden=\"true\"><bdi>968<span class=\"woocommerce-Price-currencySymbol\">&#75;&#269;<\/span><\/bdi><\/span> <span aria-hidden=\"true\">&ndash;<\/span> <span class=\"woocommerce-Price-amount amount\" aria-hidden=\"true\"><bdi>3 267<span class=\"woocommerce-Price-currencySymbol\">&#75;&#269;<\/span><\/bdi><\/span><span class=\"screen-reader-text\">Zakres cen: od 968&#75;&#269; do 3 267&#75;&#269;<\/span><\/span>\n\t\t<\/span>\n\t<\/span>\n\t<\/li>\n<\/ul><\/div><\/div>[vc_separator style=&#8221;shadow&#8221; border_width=&#8221;5&#8243;][vc_column_text css=&#8221;&#8221; text_larger=&#8221;no&#8221; woodmart_inline=&#8221;no&#8221;]<\/p>\n<div class=\"vc_row wpb_row vc_row-fluid\">\n<div class=\"wpb_column vc_column_container vc_col-sm-12\">\n<div class=\"vc_column-inner\">\n<div class=\"wpb_wrapper\">\n<div class=\"wpb_text_column wpb_content_element\">\n<div class=\"wpb_wrapper\">\n<h4 style=\"text-align: center;\">Mocowania<\/h4>\n<p>Monta\u017c szklarni jest r\u00f3wnie\u017c prosty i nie wymaga specjalnych umiej\u0119tno\u015bci. Potrzebny jest tylko minimalny zestaw narz\u0119dzi \u2013 klucz, \u015brubokr\u0119t, n\u00f3\u017c. Wraz ze szklarni\u0105 otrzymasz szczeg\u00f3\u0142owe instrukcje. Ilustrowana instrukcja jeszcze bardziej upro\u015bci proces budowy szklarni,   <\/p>\n<p>Je\u015bli nie masz czasu na instalacj\u0119, <a href=\"https:\/\/agroflex.cz\/montaz-skleniku\/\" target=\"_blank\" rel=\"noopener\"><strong>mo\u017cesz zam\u00f3wi\u0107 monta\u017c<\/strong><\/a> u naszych specjalist\u00f3w, kt\u00f3rzy zmontuj\u0105 wszystko za Ciebie z du\u017c\u0105 wiedz\u0105 i w jak najkr\u00f3tszym czasie. Chocia\u017c monta\u017c ca\u0142ej szklarni jest prosty, najwi\u0119cej czasu zajmuje przyci\u0119cie i obrze\u017ce poliw\u0119glanu oraz zamontowanie go po obu frontowych stronach szklarni. Dlatego oferujemy Pa\u0144stwu mo\u017cliwo\u015b\u0107 zam\u00f3wienia tej cz\u0119\u015bci <a href=\"https:\/\/agroflex.cz\/montaz-skleniku\/\" target=\"_blank\" rel=\"noopener\"><strong>monta\u017cu<\/strong><\/a>, kt\u00f3ra odbywa si\u0119 w naszym magazynie, otrzymaj\u0105 Pa\u0144stwo od przewo\u017anika obie strony przednie wype\u0142nione poliw\u0119glanem. <\/p>\n<p>Szklarnia mo\u017ce by\u0107 modyfikowana, a w przysz\u0142o\u015bci mo\u017cliwa jest realizacja rozbudowy, dzi\u0119ki czemu teoretyczna d\u0142ugo\u015b\u0107 szklarni jest nieograniczona.<\/p>\n<\/div>\n<\/div>\n<\/div>\n<\/div>\n<\/div>\n<\/div>\n<p>[\/vc_column_text][vc_separator style=&#8221;shadow&#8221; border_width=&#8221;5&#8243;][vc_column_text woodmart_inline=&#8221;no&#8221; text_larger=&#8221;no&#8221;]<\/p>\n<h4 style=\"text-align: center;\">Alternatywy<\/h4>\n<p>[\/vc_column_text]<div class=\"widget_products \"><div class=\"widget woocommerce widget_products\"><ul class=\"product_list_widget\"><li>\n\t\t<span class=\"widget-product-wrap\">\n\t\t<a href=\"https:\/\/agroflex.cz\/pl\/produkt\/duza-szklarnia-z-poliweglanu-rimessa-l50v\/\" title=\"Du\u017ca szklarnia z poliw\u0119glanu RIMESSA L50V\" class=\"widget-product-img\">\n\t\t\t<img decoding=\"async\" width=\"300\" height=\"300\" src=\"https:\/\/agroflex.cz\/wp-content\/uploads\/2023\/09\/polykarbonatovy-sklenik-2-300x300.jpg\" class=\"attachment-woocommerce_thumbnail size-woocommerce_thumbnail\" alt=\"sklen\u00edk polykarbon\u00e1t\" srcset=\"https:\/\/agroflex.cz\/wp-content\/uploads\/2023\/09\/polykarbonatovy-sklenik-2-300x300.jpg 300w, https:\/\/agroflex.cz\/wp-content\/uploads\/2023\/09\/polykarbonatovy-sklenik-2-150x150.jpg 150w\" sizes=\"(max-width: 300px) 100vw, 300px\" \/>\t\t<\/a>\n\t\t<span class=\"widget-product-info\">\n\t\t\t<a href=\"https:\/\/agroflex.cz\/pl\/produkt\/duza-szklarnia-z-poliweglanu-rimessa-l50v\/\" title=\"Du\u017ca szklarnia z poliw\u0119glanu RIMESSA L50V\" class=\"wd-entities-title\">\n\t\t\t\tDu\u017ca szklarnia z poliw\u0119glanu RIMESSA L50V\t\t\t<\/a>\n\t\t\t\t\t\t\t\t\t\t\t\t\t<span class=\"price\"><span class=\"woocommerce-Price-amount amount\" aria-hidden=\"true\"><bdi>69 112<span class=\"woocommerce-Price-currencySymbol\">&#75;&#269;<\/span><\/bdi><\/span> <span aria-hidden=\"true\">&ndash;<\/span> <span class=\"woocommerce-Price-amount amount\" aria-hidden=\"true\"><bdi>262 411<span class=\"woocommerce-Price-currencySymbol\">&#75;&#269;<\/span><\/bdi><\/span><span class=\"screen-reader-text\">Zakres cen: od 69 112&#75;&#269; do 262 411&#75;&#269;<\/span><\/span>\n\t\t<\/span>\n\t<\/span>\n\t<\/li>\n<\/ul><\/div><\/div>[vc_separator style=&#8221;shadow&#8221; border_width=&#8221;5&#8243;][\/vc_column][\/vc_row]<\/p>\n<\/div>","protected":false},"excerpt":{"rendered":"<p style=\"text-align: justify;\"><span style=\"font-size: 10pt;\"><span style=\"color: #993300;\"><strong>WIADOMO\u015aCI!<\/strong> <\/span>Szeroko\u015b\u0107 szklarni 5,38m, wysoko\u015b\u0107 2,43m, d\u0142ugo\u015b\u0107 od 4m. Nowy system otwierania bocznego &#8222;ANTI-STORM&#8221; jest wiatroszczelny. Cz\u0119\u015b\u0107 przesuwna o szeroko\u015bci 2 metr\u00f3w. Szklarnia zapewnia pe\u0142n\u0105 wentylacj\u0119, naturalne podlewanie wod\u0105 deszczow\u0105. Specjalny certyfikowany p\u00f3\u0142przezroczysty poliw\u0119glan do szklarni o grubo\u015bci 4 mm z filtrem UV. Szklarnia jest przejezdna z obu stron.     <\/span><\/p>\n<p><strong> <\/strong><\/p>\n","protected":false},"featured_media":22804,"comment_status":"open","ping_status":"closed","template":"","meta":[],"product_brand":[419],"product_cat":[866],"product_tag":[],"class_list":{"0":"post-22798","1":"product","2":"type-product","3":"status-publish","4":"has-post-thumbnail","6":"product_brand-agroflex","7":"product_cat-przykrycie-basenu","9":"first","10":"instock","11":"taxable","12":"shipping-taxable","13":"purchasable","14":"product-type-variable","15":"has-default-attributes"},"_links":{"self":[{"href":"https:\/\/agroflex.cz\/pl\/wp-json\/wp\/v2\/product\/22798","targetHints":{"allow":["GET"]}}],"collection":[{"href":"https:\/\/agroflex.cz\/pl\/wp-json\/wp\/v2\/product"}],"about":[{"href":"https:\/\/agroflex.cz\/pl\/wp-json\/wp\/v2\/types\/product"}],"replies":[{"embeddable":true,"href":"https:\/\/agroflex.cz\/pl\/wp-json\/wp\/v2\/comments?post=22798"}],"wp:featuredmedia":[{"embeddable":true,"href":"https:\/\/agroflex.cz\/pl\/wp-json\/wp\/v2\/media\/22804"}],"wp:attachment":[{"href":"https:\/\/agroflex.cz\/pl\/wp-json\/wp\/v2\/media?parent=22798"}],"wp:term":[{"taxonomy":"product_brand","embeddable":true,"href":"https:\/\/agroflex.cz\/pl\/wp-json\/wp\/v2\/product_brand?post=22798"},{"taxonomy":"product_cat","embeddable":true,"href":"https:\/\/agroflex.cz\/pl\/wp-json\/wp\/v2\/product_cat?post=22798"},{"taxonomy":"product_tag","embeddable":true,"href":"https:\/\/agroflex.cz\/pl\/wp-json\/wp\/v2\/product_tag?post=22798"}],"curies":[{"name":"wp","href":"https:\/\/api.w.org\/{rel}","templated":true}]}}