{"id":22810,"date":"2025-05-02T10:45:27","date_gmt":"2025-05-02T10:45:27","guid":{"rendered":"https:\/\/agroflex.cz\/product\/zadaszenie-basenowe-tulipan-l40\/"},"modified":"2025-09-19T08:19:17","modified_gmt":"2025-09-19T08:19:17","slug":"zadaszenie-basenowe-tulipan-l40","status":"publish","type":"product","link":"https:\/\/agroflex.cz\/pl\/produkt\/zadaszenie-basenowe-tulipan-l40\/","title":{"rendered":"Zadaszenie basenowe TULIPAN L40"},"content":{"rendered":"<div class=\"wpb-content-wrapper\"><p>[vc_row][vc_column][vc_separator style=&#8221;shadow&#8221; border_width=&#8221;5&#8243;][vc_column_text css=&#8221;&#8221; text_larger=&#8221;no&#8221; woodmart_inline=&#8221;no&#8221;]<\/p>\n<h2 style=\"text-align: center;\">Zadaszenie basenowe <strong>TULIPAN L40<br \/>\n<\/strong><\/h2>\n<p data-start=\"177\" data-end=\"259\"><strong data-start=\"177\" data-end=\"259\">Wielofunkcyjna profesjonalna szklarnia ze sk\u0142adan\u0105 konstrukcj\u0105<\/strong><\/p>\n<p data-start=\"261\" data-end=\"611\">Agroflex TULIPAN XL to szklarnia z poliw\u0119glanu o du\u017cej pojemno\u015bci, kt\u00f3ra \u0142\u0105czy w sobie elegancj\u0119, praktyczno\u015b\u0107 i wysok\u0105 trwa\u0142o\u015b\u0107. Opr\u00f3cz tradycyjnego zastosowania do uprawy ro\u015blin, jest r\u00f3wnie\u017c niedrog\u0105 i estetycznie atrakcyjn\u0105 alternatyw\u0105 dla <strong data-start=\"494\" data-end=\"515\">zadaszenia basenu<\/strong>. Dzi\u0119ki uniwersalnemu wzornictwu i nowoczesnym rozwi\u0105zaniom technicznym doskonale sprawdzi si\u0119 w ka\u017cdym ogrodzie.  <\/p>\n<h3 data-start=\"613\" data-end=\"636\">Kluczowe cechy:<\/h3>\n<ul data-start=\"638\" data-end=\"1153\">\n<li data-start=\"638\" data-end=\"720\">\n<p data-start=\"640\" data-end=\"720\"><strong data-start=\"640\" data-end=\"663\">Uniwersalne zastosowanie<\/strong> \u2013 idealne jako szklarnia ogrodowa lub jako zadaszenie basenu.<\/p>\n<\/li>\n<li data-start=\"721\" data-end=\"824\">\n<p data-start=\"723\" data-end=\"824\"><strong data-start=\"723\" data-end=\"762\">System otwierania bocznego ANTI-STORM<\/strong> \u2013 zapewnia lepsz\u0105 odporno\u015b\u0107 na wiatr i \u0142atw\u0105 wentylacj\u0119.<\/p>\n<\/li>\n<li data-start=\"825\" data-end=\"939\">\n<p data-start=\"827\" data-end=\"939\"><strong data-start=\"827\" data-end=\"870\">Sk\u0142adany \u0142ukowy dach i cz\u0119\u015bci boczne<\/strong> \u2013 umo\u017cliwiaj\u0105 otwieranie dachu z jednej lub obu stron w zale\u017cno\u015bci od potrzeb.<\/p>\n<\/li>\n<li data-start=\"940\" data-end=\"1026\">\n<p data-start=\"942\" data-end=\"1026\"><strong data-start=\"942\" data-end=\"971\">Elementy przesuwne o szeroko\u015bci 1 m<\/strong> \u2013 wygodny dost\u0119p do basenu i \u0142atwa obs\u0142uga.<\/p>\n<\/li>\n<li data-start=\"1027\" data-end=\"1153\">\n<p data-start=\"1029\" data-end=\"1153\"><strong data-start=\"1029\" data-end=\"1052\">Solidna konstrukcja<\/strong> \u2013 wykonana z profili dwu\u0142ukowych 40 \u00d7 20 \u00d7 1 mm zapewnia maksymaln\u0105 stabilno\u015b\u0107 i d\u0142ug\u0105 \u017cywotno\u015b\u0107.<\/p>\n<\/li>\n<\/ul>\n<h3 data-start=\"1155\" data-end=\"1177\">Materia\u0142 i wyko\u0144czenia:<\/h3>\n<ul data-start=\"1179\" data-end=\"1588\">\n<li data-start=\"1179\" data-end=\"1290\">\n<p data-start=\"1181\" data-end=\"1290\"><strong data-start=\"1181\" data-end=\"1214\">Certyfikowany poliw\u0119glan UV<\/strong> \u2013 zapewnia wysok\u0105 przepuszczalno\u015b\u0107 \u015bwiat\u0142a i skuteczn\u0105 ochron\u0119 przed promieniowaniem UV.<\/p>\n<\/li>\n<li data-start=\"1428\" data-end=\"1588\">\n<p data-start=\"1430\" data-end=\"1588\"><strong data-start=\"1430\" data-end=\"1463\">Poliw\u0119glan kolorowy na zam\u00f3wienie<\/strong> \u2013 wybierz odcie\u0144 najlepiej pasuj\u0105cy do otoczenia (okre\u015bl przy zam\u00f3wieniu dop\u0142ata ok. 5-9% \u2013 o dok\u0142adnej cenie poinformujemy Ci\u0119 niezw\u0142ocznie).<\/p>\n<\/li>\n<li data-start=\"1428\" data-end=\"1588\">W przypadku zastosowania szklarni ogrodowej jako <strong>niedrogiego zadaszenia basenu<\/strong> , metalow\u0105 konstrukcj\u0119 mo\u017cna pokry\u0107 specjaln\u0105 kolorow\u0105 pow\u0142ok\u0105, kt\u00f3ra nie tylko poprawi wygl\u0105d, ale tak\u017ce przed\u0142u\u017cy \u017cywotno\u015b\u0107 ocynkowanej powierzchni.<\/li>\n<\/ul>\n<p><strong data-start=\"70\" data-end=\"94\">Wa\u017cny:<\/strong><br data-start=\"94\" data-end=\"97\">Nie zalecamy instalowania szklarni na otwartych i wietrznych obszarach, takich jak pola, r\u00f3wniny lub inne odkryte obszary, w kt\u00f3rych mog\u0105 wyst\u0105pi\u0107 silne wiatry. W takich warunkach istnieje ryzyko uszkodzenia plastikowych mechanizm\u00f3w otwierania. Zalecamy wyb\u00f3r bardziej chronionego miejsca lub zabezpieczenie konstrukcji dodatkowymi zabezpieczeniami.[\/vc_column_text][vc_separator][\/vc_column][\/vc_row][vc_row][vc_column width=&#8221;1\/2&#8243;][vc_separator style=&#8221;shadow&#8221; border_width=&#8221;5&#8243;][vc_text_separator title=&#8221;Zalecane akcesoria :&#8221; title_align=&#8221;separator_align_left&#8221; align=&#8221;align_left&#8221; style=&#8221;dotted&#8221;]<div class=\"widget_products \"><div class=\"widget woocommerce widget_products\"><ul class=\"product_list_widget\"><li>\n\t\t<span class=\"widget-product-wrap\">\n\t\t<a href=\"https:\/\/agroflex.cz\/pl\/produkt\/aero-100-automatyczny-otwieracz-do-okien-szklarniowych\/\" title=\"AERO-100 Automatyczny otwieracz do okien szklarniowych\" class=\"widget-product-img\">\n\t\t\t<img decoding=\"async\" width=\"300\" height=\"300\" src=\"https:\/\/agroflex.cz\/wp-content\/uploads\/2023\/09\/avtomat2-1-300x300.jpg\" class=\"attachment-woocommerce_thumbnail size-woocommerce_thumbnail\" alt=\"Olejov\u00fd p\u00edst do sklen\u00edku\" srcset=\"https:\/\/agroflex.cz\/wp-content\/uploads\/2023\/09\/avtomat2-1-300x300.jpg 300w, https:\/\/agroflex.cz\/wp-content\/uploads\/2023\/09\/avtomat2-1-150x150.jpg 150w, https:\/\/agroflex.cz\/wp-content\/uploads\/2023\/09\/avtomat2-1-600x600.jpg 600w, https:\/\/agroflex.cz\/wp-content\/uploads\/2023\/09\/avtomat2-1.jpg 690w\" sizes=\"(max-width: 300px) 100vw, 300px\" \/>\t\t<\/a>\n\t\t<span class=\"widget-product-info\">\n\t\t\t<a href=\"https:\/\/agroflex.cz\/pl\/produkt\/aero-100-automatyczny-otwieracz-do-okien-szklarniowych\/\" title=\"AERO-100 Automatyczny otwieracz do okien szklarniowych\" class=\"wd-entities-title\">\n\t\t\t\tAERO-100 Automatyczny otwieracz do okien szklarniowych\t\t\t<\/a>\n\t\t\t\t\t\t\t\t\t\t\t\t\t<span class=\"price\"><del aria-hidden=\"true\"><span class=\"woocommerce-Price-amount amount\"><bdi>1 632<span class=\"woocommerce-Price-currencySymbol\">&#75;&#269;<\/span><\/bdi><\/span><\/del> <span class=\"screen-reader-text\">Pierwotna cena wynosi\u0142a: 1 632&#075;&#269;.<\/span><ins aria-hidden=\"true\"><span class=\"woocommerce-Price-amount amount\"><bdi>1 531<span class=\"woocommerce-Price-currencySymbol\">&#75;&#269;<\/span><\/bdi><\/span><\/ins><span class=\"screen-reader-text\">Aktualna cena wynosi: 1 531&#075;&#269;.<\/span><\/span>\n\t\t<\/span>\n\t<\/span>\n\t<\/li>\n<\/ul><\/div><\/div>[vc_separator style=&#8221;shadow&#8221; border_width=&#8221;5&#8243;][vc_column_text css=&#8221;&#8221; text_larger=&#8221;no&#8221; woodmart_inline=&#8221;no&#8221;]<\/p>\n<h4 style=\"text-align: center;\"><span style=\"color: #000000;\"><strong>Parametry szklarni:<\/strong><\/span><\/h4>\n<table>\n<tbody>\n<tr style=\"height: 24px;\">\n<td style=\"width: 201px; height: 24px; text-align: left;\">Rodzaj konstrukcji<\/td>\n<td style=\"width: 262px; height: 24px; text-align: right;\">Odpinane \u0142uki<\/td>\n<\/tr>\n<tr style=\"height: 24px;\">\n<td style=\"width: 201px; height: 24px; text-align: left;\">Dopuszczalne obci\u0105\u017cenie<\/td>\n<td style=\"width: 262px; height: 24px; text-align: right;\">300 kg<\/td>\n<\/tr>\n<tr style=\"height: 24px;\">\n<td style=\"width: 201px; height: 24px; text-align: left;\">Szeroko\u015b\u0107<\/td>\n<td style=\"width: 262px; height: 24px; text-align: right;\">4,00 mln<\/td>\n<\/tr>\n<tr style=\"height: 24px;\">\n<td style=\"width: 201px; height: 24px; text-align: left;\">wysoko\u015b\u0107<\/td>\n<td style=\"width: 262px; height: 24px; text-align: right;\">2,24 mln<\/td>\n<\/tr>\n<tr style=\"height: 24px;\">\n<td style=\"width: 201px; height: 24px; text-align: left;\">D\u0142ugo\u015b\u0107 (warianty)<\/td>\n<td style=\"width: 262px; height: 24px; text-align: right;\">3,98 m; 5,95 m; 7,91 m; 9,88 m; 11,84 (mo\u017cliwe jest r\u00f3wnie\u017c przed\u0142u\u017cenie po 1,964 m)<\/td>\n<\/tr>\n<tr style=\"height: 24px;\">\n<td style=\"width: 201px; height: 24px; text-align: left;\">Materia\u0142 oszklenia<\/td>\n<td style=\"width: 262px; height: 24px; text-align: right;\">poliw\u0119glan 4 mm (przejrzysto\u015b\u0107 &#8211; do 86%).<\/td>\n<\/tr>\n<tr style=\"height: 24px;\">\n<td style=\"width: 201px; height: 24px; text-align: left;\">Ochrona przed<\/td>\n<p> promieniowaniem UV<\/p>\n<td style=\"width: 262px; height: 24px; text-align: right;\">tak (jednostronnie)<\/td>\n<\/tr>\n<tr style=\"height: 24px;\">\n<td style=\"width: 201px; height: 24px; text-align: left;\">Materia\u0142 konstrukcyjny<\/td>\n<td style=\"width: 262px; height: 24px; text-align: right;\"> Stal ocynkowana &#8211; Jekl kwadrat 40\u044520 \u043c\u043c<\/td>\n<\/tr>\n<tr style=\"height: 24px;\">\n<td style=\"width: 201px; height: 24px; text-align: left;\">Wytrzyma\u0142o\u015b\u0107 \u015bciany stalowej<\/td>\n<td style=\"width: 262px; height: 24px; text-align: right;\">1 mm<\/td>\n<\/tr>\n<tr style=\"height: 35px;\">\n<td style=\"width: 201px; height: 35px; text-align: left;\">Odleg\u0142o\u015b\u0107 mi\u0119dzy krzywymi<\/td>\n<td style=\"width: 262px; height: 35px; text-align: right;\">1 metr<\/td>\n<\/tr>\n<tr style=\"height: 24px;\">\n<td style=\"width: 201px; height: 24px; text-align: left;\">typ<\/td>\n<td style=\"width: 262px; height: 24px; text-align: right;\">przejezdny z obu stron<\/td>\n<\/tr>\n<tr style=\"height: 24px;\">\n<td style=\"width: 201px; height: 24px; text-align: left;\">Drzwi wej\u015bciowe<\/td>\n<td style=\"width: 262px; height: 24px; text-align: right;\">2 szt.<\/td>\n<\/tr>\n<tr style=\"height: 24px;\">\n<td style=\"width: 201px; height: 24px; text-align: left;\">Kotwienie z poliw\u0119glanu<\/td>\n<td style=\"width: 262px; height: 24px; text-align: right;\">tak<\/td>\n<\/tr>\n<tr style=\"height: 24px;\">\n<td style=\"width: 201px; height: 24px; text-align: left;\">Gwarancja na poliw\u0119glan<\/td>\n<td style=\"width: 262px; height: 24px; text-align: right;\">10 lat<\/td>\n<\/tr>\n<tr style=\"height: 35px;\">\n<td style=\"width: 201px; height: 35px; text-align: left;\">Gwarancja budowlana<\/td>\n<td style=\"width: 262px; height: 35px; text-align: right;\">2 lata<\/td>\n<\/tr>\n<tr style=\"height: 24px;\">\n<td style=\"width: 185.867px; height: 24px; text-align: left;\">baza<\/td>\n<td style=\"width: 282.967px; height: 24px; text-align: right;\">Zalecamy zainstalowanie go w fundamencie<\/td>\n<\/tr>\n<\/tbody>\n<\/table>\n<p><span style=\"font-size: 10pt;\">W przypadku, gdy nie chcesz martwi\u0107 si\u0119 o kompletowanie niezb\u0119dnych akcesori\u00f3w szklarniowych, oferujemy kompletne <a href=\"https:\/\/agroflex.cz\/kategorie-produktu\/accessories\/sada-prislusenstvi\/\"><strong>r\u00f3\u017cne zestawy \/ zestawy akcesori\u00f3w szklarniowych.<\/strong><\/a><\/span>[\/vc_column_text][vc_separator style=&#8221;shadow&#8221; border_width=&#8221;5&#8243;][\/vc_column][vc_column width=&#8221;1\/2&#8243;][vc_separator style=&#8221;shadow&#8221; border_width=&#8221;5&#8243;][vc_column_text css=&#8221;&#8221; text_larger=&#8221;no&#8221; woodmart_inline=&#8221;no&#8221;]<\/p>\n<div class=\"vc_row wpb_row vc_row-fluid\">\n<div class=\"wpb_column vc_column_container vc_col-sm-12\">\n<div class=\"vc_column-inner\">\n<div class=\"wpb_wrapper\">\n<div class=\"wpb_text_column wpb_content_element\">\n<div class=\"wpb_wrapper\">\n<h4 style=\"text-align: center;\">Fundamenty szklarni<\/h4>\n<p>Aby zapewni\u0107 trwa\u0142o\u015b\u0107 szklarni, zaleca si\u0119 monta\u017c jej na wcze\u015bniej przygotowanym pod\u0142o\u017cu &#8211; fundamencie, wykonanym na podstawie jego wymiar\u00f3w na obwodzie podstawy, na przyk\u0142ad w postaci ramy o grubo\u015bci 100&#8230; 200 mm, co znacznie zmniejszy aktywno\u015b\u0107 korozyjn\u0105. Ram\u0119 szklarni nale\u017cy przymocowa\u0107 do fundamentu za pomoc\u0105 lub gwo\u017adzi, aby zapobiec przewr\u00f3ceniu si\u0119 przy silnym wietrze. <\/p>\n<p>Szklarnia z poliw\u0119glanu mo\u017ce by\u0107 dzi\u0119ki temu mocowana zgodnie z priorytetem ka\u017cdego klienta, mo\u017ce by\u0107 montowana w ziemi (mocowanie zapewniaj\u0105 n\u00f3\u017cki kotwi\u0105ce), drewnianych pryzmatach 20 x 20 cm lub na podstawie. Jednak og\u00f3lnie rzecz bior\u0105c, kotwienie do podstawy jest lepszym wyborem, kt\u00f3ry znacznie zmniejszy aktywno\u015b\u0107 korozyjn\u0105. <\/p>\n<\/div>\n<\/div>\n<\/div>\n<\/div>\n<\/div>\n<\/div>\n<p>[\/vc_column_text]<div class=\"widget_products \"><div class=\"widget woocommerce widget_products\"><ul class=\"product_list_widget\"><li>\n\t\t<span class=\"widget-product-wrap\">\n\t\t<a href=\"https:\/\/agroflex.cz\/pl\/produkt\/podstawa-z-blachy-uni-do-szklarni\/\" title=\"Podstawa z blachy UNI do szklarni\" class=\"widget-product-img\">\n\t\t\t<img decoding=\"async\" width=\"300\" height=\"300\" src=\"https:\/\/agroflex.cz\/wp-content\/uploads\/2023\/09\/Plechova-zakladna-ke-skleniku-9-300x300.jpeg\" class=\"attachment-woocommerce_thumbnail size-woocommerce_thumbnail\" alt=\"\" srcset=\"https:\/\/agroflex.cz\/wp-content\/uploads\/2023\/09\/Plechova-zakladna-ke-skleniku-9-300x300.jpeg 300w, https:\/\/agroflex.cz\/wp-content\/uploads\/2023\/09\/Plechova-zakladna-ke-skleniku-9-150x150.jpeg 150w\" sizes=\"(max-width: 300px) 100vw, 300px\" \/>\t\t<\/a>\n\t\t<span class=\"widget-product-info\">\n\t\t\t<a href=\"https:\/\/agroflex.cz\/pl\/produkt\/podstawa-z-blachy-uni-do-szklarni\/\" title=\"Podstawa z blachy UNI do szklarni\" class=\"wd-entities-title\">\n\t\t\t\tPodstawa z blachy UNI do szklarni\t\t\t<\/a>\n\t\t\t\t\t\t\t\t\t\t\t\t\t<span class=\"price\"><span class=\"woocommerce-Price-amount amount\" aria-hidden=\"true\"><bdi>1 452<span class=\"woocommerce-Price-currencySymbol\">&#75;&#269;<\/span><\/bdi><\/span> <span aria-hidden=\"true\">&ndash;<\/span> <span class=\"woocommerce-Price-amount amount\" aria-hidden=\"true\"><bdi>3 116<span class=\"woocommerce-Price-currencySymbol\">&#75;&#269;<\/span><\/bdi><\/span><span class=\"screen-reader-text\">Zakres cen: od 1 452&#75;&#269; do 3 116&#75;&#269;<\/span><\/span>\n\t\t<\/span>\n\t<\/span>\n\t<\/li>\n<\/ul><\/div><\/div>[vc_separator style=&#8221;shadow&#8221; border_width=&#8221;5&#8243;][vc_column_text css=&#8221;&#8221; text_larger=&#8221;no&#8221; woodmart_inline=&#8221;no&#8221;]<\/p>\n<div class=\"vc_row wpb_row vc_row-fluid\">\n<div class=\"wpb_column vc_column_container vc_col-sm-12\">\n<div class=\"vc_column-inner\">\n<div class=\"wpb_wrapper\">\n<div class=\"wpb_text_column wpb_content_element\">\n<div class=\"wpb_wrapper\">\n<h4 style=\"text-align: center;\">Mocowania<\/h4>\n<p>Monta\u017c szklarni jest r\u00f3wnie\u017c prosty i nie wymaga specjalnych umiej\u0119tno\u015bci. Potrzebny jest tylko minimalny zestaw narz\u0119dzi \u2013 klucz, \u015brubokr\u0119t, n\u00f3\u017c. Wraz ze szklarni\u0105 otrzymasz szczeg\u00f3\u0142owe instrukcje. Ilustrowana instrukcja jeszcze bardziej upro\u015bci proces budowy szklarni,   <\/p>\n<p>Je\u015bli nie masz czasu na instalacj\u0119, <a href=\"https:\/\/agroflex.cz\/montaz-skleniku\/\" target=\"_blank\" rel=\"noopener\"><strong>mo\u017cesz zam\u00f3wi\u0107 monta\u017c<\/strong><\/a> u naszych specjalist\u00f3w, kt\u00f3rzy zmontuj\u0105 wszystko za Ciebie z du\u017c\u0105 wiedz\u0105 i w jak najkr\u00f3tszym czasie. Chocia\u017c monta\u017c ca\u0142ej szklarni jest prosty, najwi\u0119cej czasu zajmuje przyci\u0119cie i obrze\u017ce poliw\u0119glanu oraz zamontowanie go po obu frontowych stronach szklarni. Dlatego oferujemy Pa\u0144stwu mo\u017cliwo\u015b\u0107 zam\u00f3wienia tej cz\u0119\u015bci <a href=\"https:\/\/agroflex.cz\/montaz-skleniku\/\" target=\"_blank\" rel=\"noopener\"><strong>monta\u017cu<\/strong><\/a>, kt\u00f3ra odbywa si\u0119 w naszym magazynie, otrzymaj\u0105 Pa\u0144stwo od przewo\u017anika obie strony przednie wype\u0142nione poliw\u0119glanem. <\/p>\n<p>Szklarnia mo\u017ce by\u0107 modyfikowana, a w przysz\u0142o\u015bci mo\u017cliwa jest realizacja rozbudowy, dzi\u0119ki czemu teoretyczna d\u0142ugo\u015b\u0107 szklarni jest nieograniczona.<\/p>\n<\/div>\n<\/div>\n<\/div>\n<\/div>\n<\/div>\n<\/div>\n<p>[\/vc_column_text][vc_separator style=&#8221;shadow&#8221; border_width=&#8221;5&#8243;][vc_column_text woodmart_inline=&#8221;no&#8221; text_larger=&#8221;no&#8221;]<\/p>\n<h4 style=\"text-align: center;\">Alternatywy<\/h4>\n<p>[\/vc_column_text]<div class=\"widget_products \"><div class=\"widget woocommerce widget_products\"><ul class=\"product_list_widget\"><li>\n\t\t<span class=\"widget-product-wrap\">\n\t\t<a href=\"https:\/\/agroflex.cz\/pl\/produkt\/wiatroszczelna-szklarnia-ogrodowa-profi-plus\/\" title=\"Wiatroszczelna szklarnia ogrodowa PROFI PLUS\" class=\"widget-product-img\">\n\t\t\t<img decoding=\"async\" width=\"300\" height=\"300\" src=\"https:\/\/agroflex.cz\/wp-content\/uploads\/2023\/09\/polykarbonatovy-sklenik-4x6m-1-300x300.png\" class=\"attachment-woocommerce_thumbnail size-woocommerce_thumbnail\" alt=\"Szklarnia z poliw\u0119glanu 8mm\" srcset=\"https:\/\/agroflex.cz\/wp-content\/uploads\/2023\/09\/polykarbonatovy-sklenik-4x6m-1-300x300.png 300w, https:\/\/agroflex.cz\/wp-content\/uploads\/2023\/09\/polykarbonatovy-sklenik-4x6m-1-800x800.png 800w, https:\/\/agroflex.cz\/wp-content\/uploads\/2023\/09\/polykarbonatovy-sklenik-4x6m-1-150x150.png 150w, https:\/\/agroflex.cz\/wp-content\/uploads\/2023\/09\/polykarbonatovy-sklenik-4x6m-1-768x768.png 768w, https:\/\/agroflex.cz\/wp-content\/uploads\/2023\/09\/polykarbonatovy-sklenik-4x6m-1-600x600.png 600w, https:\/\/agroflex.cz\/wp-content\/uploads\/2023\/09\/polykarbonatovy-sklenik-4x6m-1.png 1024w\" sizes=\"(max-width: 300px) 100vw, 300px\" \/>\t\t<\/a>\n\t\t<span class=\"widget-product-info\">\n\t\t\t<a href=\"https:\/\/agroflex.cz\/pl\/produkt\/wiatroszczelna-szklarnia-ogrodowa-profi-plus\/\" title=\"Wiatroszczelna szklarnia ogrodowa PROFI PLUS\" class=\"wd-entities-title\">\n\t\t\t\tWiatroszczelna szklarnia ogrodowa PROFI PLUS\t\t\t<\/a>\n\t\t\t\t\t\t\t\t\t\t\t\t\t<span class=\"price\"><span class=\"woocommerce-Price-amount amount\" aria-hidden=\"true\"><bdi>47 295<span class=\"woocommerce-Price-currencySymbol\">&#75;&#269;<\/span><\/bdi><\/span> <span aria-hidden=\"true\">&ndash;<\/span> <span class=\"woocommerce-Price-amount amount\" aria-hidden=\"true\"><bdi>111 967<span class=\"woocommerce-Price-currencySymbol\">&#75;&#269;<\/span><\/bdi><\/span><span class=\"screen-reader-text\">Zakres cen: od 47 295&#75;&#269; do 111 967&#75;&#269;<\/span><\/span>\n\t\t<\/span>\n\t<\/span>\n\t<\/li>\n<\/ul><\/div><\/div>[vc_separator style=&#8221;shadow&#8221; border_width=&#8221;5&#8243;][\/vc_column][\/vc_row]<\/p>\n<\/div>","protected":false},"excerpt":{"rendered":"<p style=\"text-align: justify;\"><span style=\"font-size: 10pt;\"><span style=\"color: #993300;\"><strong>WIADOMO\u015aCI!  <\/strong><\/span>Szeroko\u015b\u0107 szklarni 4m, wysoko\u015b\u0107 2,24m, d\u0142ugo\u015b\u0107 od 4m. Nowy system otwierania bocznego &#8222;ANTI-STORM&#8221; jest wiatroszczelny. Cz\u0119\u015b\u0107 przesuwna o szeroko\u015bci 1 metra. Szklarnia zapewnia pe\u0142n\u0105 wentylacj\u0119, naturalne podlewanie wod\u0105 deszczow\u0105. Solidna konstrukcja. Specjalny certyfikowany p\u00f3\u0142przezroczysty poliw\u0119glan do szklarni o grubo\u015bci 4 mm z filtrem UV. Szklarnia jest przejezdna z obu stron.      <\/span><\/p>\n<p><strong> <\/strong><\/p>\n","protected":false},"featured_media":21429,"comment_status":"open","ping_status":"closed","template":"","meta":[],"product_brand":[419],"product_cat":[866],"product_tag":[],"class_list":{"0":"post-22810","1":"product","2":"type-product","3":"status-publish","4":"has-post-thumbnail","6":"product_brand-agroflex","7":"product_cat-przykrycie-basenu","9":"first","10":"instock","11":"taxable","12":"shipping-taxable","13":"purchasable","14":"product-type-variable","15":"has-default-attributes"},"_links":{"self":[{"href":"https:\/\/agroflex.cz\/pl\/wp-json\/wp\/v2\/product\/22810","targetHints":{"allow":["GET"]}}],"collection":[{"href":"https:\/\/agroflex.cz\/pl\/wp-json\/wp\/v2\/product"}],"about":[{"href":"https:\/\/agroflex.cz\/pl\/wp-json\/wp\/v2\/types\/product"}],"replies":[{"embeddable":true,"href":"https:\/\/agroflex.cz\/pl\/wp-json\/wp\/v2\/comments?post=22810"}],"wp:featuredmedia":[{"embeddable":true,"href":"https:\/\/agroflex.cz\/pl\/wp-json\/wp\/v2\/media\/21429"}],"wp:attachment":[{"href":"https:\/\/agroflex.cz\/pl\/wp-json\/wp\/v2\/media?parent=22810"}],"wp:term":[{"taxonomy":"product_brand","embeddable":true,"href":"https:\/\/agroflex.cz\/pl\/wp-json\/wp\/v2\/product_brand?post=22810"},{"taxonomy":"product_cat","embeddable":true,"href":"https:\/\/agroflex.cz\/pl\/wp-json\/wp\/v2\/product_cat?post=22810"},{"taxonomy":"product_tag","embeddable":true,"href":"https:\/\/agroflex.cz\/pl\/wp-json\/wp\/v2\/product_tag?post=22810"}],"curies":[{"name":"wp","href":"https:\/\/api.w.org\/{rel}","templated":true}]}}