{"id":22920,"date":"2023-09-04T21:05:32","date_gmt":"2023-09-04T21:05:32","guid":{"rendered":"https:\/\/agroflex.cz\/product\/zadaszenie-basenowe-agroflex-tulipan-b50\/"},"modified":"2025-09-19T08:19:51","modified_gmt":"2025-09-19T08:19:51","slug":"zadaszenie-basenowe-agroflex-tulipan-b50","status":"publish","type":"product","link":"https:\/\/agroflex.cz\/pl\/produkt\/zadaszenie-basenowe-agroflex-tulipan-b50\/","title":{"rendered":"Zadaszenie basenowe Agroflex TULIPAN B50"},"content":{"rendered":"<div class=\"wpb-content-wrapper\"><p>[vc_row][vc_column][vc_separator style=&#8221;shadow&#8221; border_width=&#8221;5&#8243;][vc_column_text text_larger=&#8221;no&#8221; woodmart_inline=&#8221;no&#8221;]<\/p>\n<h2 style=\"text-align: center;\"><strong>Zadaszenie basenowe TULIPAN B50<br \/>\n<\/strong><\/h2>\n<p>To nowo\u015b\u0107 2024 roku! Zadaszenie basenowe to idealne rozwi\u0105zanie do ochrony basenu i jego otoczenia przed niekorzystnymi warunkami atmosferycznymi. To wysokiej jako\u015bci schronienie zapewnia przyjemny cie\u0144 w gor\u0105ce letnie dni, chroni przed deszczem i wiatrem oraz pozwala przed\u0142u\u017cy\u0107 sezon k\u0105pielowy. Dzi\u0119ki nowoczesnemu wzornictwu i bardzo wytrzyma\u0142ym materia\u0142om pawilon jest nie tylko praktyczny, ale r\u00f3wnie\u017c estetyczny. Jest \u0142atwy w instalacji i utrzymaniu, a jednocze\u015bnie oferuje du\u017co miejsca do wygodnego poruszania si\u0119 po basenie. Ten pawilon to \u015bwietny wyb\u00f3r dla ka\u017cdego, kto chce cieszy\u0107 si\u0119 komfortowym p\u0142ywaniem przez ca\u0142y rok. Obudowa jest wiatroszczelna. Przesuwny dach i sekcje boczne o szeroko\u015bci 1 metra z konstrukcj\u0105 stalow\u0105 o grubo\u015bci 40 x 20 tworz\u0105 stabiln\u0105 konstrukcj\u0119 i gwarantuj\u0105 wysok\u0105 trwa\u0142o\u015b\u0107. Nadaje si\u0119 r\u00f3wnie\u017c do teren\u00f3w g\u00f3rskich. Zadaszenie basenu ma szerokie podw\u00f3jne drzwi na obu ko\u0144cach i jest przejezdne. Wewn\u0105trz mo\u017cna ustawi\u0107 sto\u0142y lub le\u017caki i wygodnie wypocz\u0105\u0107 z ca\u0142\u0105 rodzin\u0105 lub firm\u0105.[\/vc_column_text][vc_separator wd_hide_on_desktop=&#8221;no&#8221; wd_hide_on_tablet=&#8221;no&#8221; wd_hide_on_mobile=&#8221;no&#8221;][vc_column_text woodmart_inline=&#8221;no&#8221; text_larger=&#8221;no&#8221;]<\/p>\n<h3 style=\"text-align: center;\">Szyby z poliw\u0119glanu<\/h3>\n<p>Specjalnie certyfikowany pusty poliw\u0119glan do szklarni ogrodowych z filtrem UV. Zalet\u0105 tego produktu jest jego wysoka izolacyjno\u015b\u0107 termiczna od szk\u0142a. Odporny na uszkodzenia mechaniczne, warunki atmosferyczne i grad. Dzi\u0119ki obudowie temperatura wody jest wy\u017csza ni\u017c bez dachu.   <\/p>\n<p><strong><span style=\"color: #ff0000;\">Powiadomienie:<\/span> Nie zalecamy kotwienia szklarni ogrodowej w miejscu, w kt\u00f3rym wieje silny wiatr, np. na polu itp. Silne wiatry mog\u0105 uszkodzi\u0107 plastikowe elementy otwierane.  <\/strong>[\/vc_column_text][\/vc_column][\/vc_row][vc_row][vc_column width=&#8221;1\/2&#8243;][vc_separator style=&#8221;shadow&#8221; border_width=&#8221;5&#8243;][vc_column_text text_larger=&#8221;no&#8221; woodmart_inline=&#8221;no&#8221;]<\/p>\n<h4 style=\"text-align: center;\"><span style=\"color: #000000;\"><strong>Parametry:<\/strong><\/span><\/h4>\n<table>\n<tbody>\n<tr style=\"height: 24px;\">\n<td style=\"width: 201px; height: 24px; text-align: left;\">Rodzaj konstrukcji<\/td>\n<td style=\"width: 262px; height: 24px; text-align: right;\">Sk\u0142adane<\/td>\n<\/tr>\n<tr style=\"height: 24px;\">\n<td style=\"width: 201px; height: 24px; text-align: left;\">Dopuszczalne obci\u0105\u017cenie<\/td>\n<td style=\"width: 262px; height: 24px; text-align: right;\">350 kg<\/td>\n<\/tr>\n<tr style=\"height: 24px;\">\n<td style=\"width: 201px; height: 24px; text-align: left;\">Szeroko\u015b\u0107<\/td>\n<td style=\"width: 262px; height: 24px; text-align: right;\">5,38 mln<\/td>\n<\/tr>\n<tr style=\"height: 24px;\">\n<td style=\"width: 201px; height: 24px; text-align: left;\">wysoko\u015b\u0107<\/td>\n<td style=\"width: 262px; height: 24px; text-align: right;\">2,43 mln<\/td>\n<\/tr>\n<tr style=\"height: 24px;\">\n<td style=\"width: 201px; height: 24px; text-align: left;\">D\u0142ugo\u015b\u0107 (warianty)<\/td>\n<td style=\"width: 262px; height: 24px; text-align: right;\">3,98 m; 5,95 m; 7,91 m; 9,88 m; 11,84 m (mo\u017cliwe s\u0105 r\u00f3wnie\u017c d\u0142u\u017csze przed\u0142u\u017cenia do 1 964 m)<\/td>\n<\/tr>\n<tr style=\"height: 24px;\">\n<td style=\"width: 201px; height: 24px; text-align: left;\">Materia\u0142 oszklenia<\/td>\n<td style=\"width: 262px; height: 24px; text-align: right;\">poliw\u0119glan 4 mm (przejrzysto\u015b\u0107 &#8211; do 86%).<\/td>\n<\/tr>\n<tr style=\"height: 24px;\">\n<td style=\"width: 201px; height: 24px; text-align: left;\">Ochrona przed<\/td>\n<p> promieniowaniem UV<\/p>\n<td style=\"width: 262px; height: 24px; text-align: right;\">tak (jednostronnie)<\/td>\n<\/tr>\n<tr style=\"height: 24px;\">\n<td style=\"width: 201px; height: 24px; text-align: left;\">Materia\u0142 konstrukcyjny<\/td>\n<td style=\"width: 262px; height: 24px; text-align: right;\">Stal ocynkowana malowana proszkowo<\/td>\n<\/tr>\n<tr style=\"height: 24px;\">\n<td style=\"width: 201px; height: 24px; text-align: left;\">Kolor<\/td>\n<td style=\"width: 262px; height: 24px; text-align: right;\">RAL 9003 (bia\u0142y) lub RAL 8017 (br\u0105zowy)<\/td>\n<\/tr>\n<tr style=\"height: 24px;\">\n<td style=\"width: 161.267px; height: 24px; text-align: left;\">Wzmocnienie wewn\u0119trzne<\/td>\n<td style=\"width: 292.733px; height: 24px; text-align: right;\"> Podw\u00f3jna stal<\/td>\n<\/tr>\n<tr style=\"height: 35px;\">\n<td style=\"width: 201px; height: 35px; text-align: left;\">Odleg\u0142o\u015b\u0107 mi\u0119dzy krzywymi<\/td>\n<td style=\"width: 262px; height: 35px; text-align: right;\">1 metr<\/td>\n<\/tr>\n<tr style=\"height: 24px;\">\n<td style=\"width: 201px; height: 24px; text-align: left;\">typ<\/td>\n<td style=\"width: 262px; height: 24px; text-align: right;\">przejezdny z obu stron<\/td>\n<\/tr>\n<tr style=\"height: 24px;\">\n<td style=\"width: 201px; height: 24px; text-align: left;\">Drzwi wej\u015bciowe<\/td>\n<td style=\"width: 262px; height: 24px; text-align: right;\">2 szt.<\/td>\n<\/tr>\n<tr style=\"height: 24px;\">\n<td style=\"width: 201px; height: 24px; text-align: left;\">Kotwienie z poliw\u0119glanu<\/td>\n<td style=\"width: 262px; height: 24px; text-align: right;\">tak<\/td>\n<\/tr>\n<tr style=\"height: 24px;\">\n<td style=\"width: 201px; height: 24px; text-align: left;\">Gwarancja na poliw\u0119glan<\/td>\n<td style=\"width: 262px; height: 24px; text-align: right;\">10 lat<\/td>\n<\/tr>\n<tr style=\"height: 35px;\">\n<td style=\"width: 201px; height: 35px; text-align: left;\">Gwarancja budowlana<\/td>\n<td style=\"width: 262px; height: 35px; text-align: right;\">2 lata<\/td>\n<\/tr>\n<\/tbody>\n<\/table>\n<p>[\/vc_column_text][vc_separator style=&#8221;shadow&#8221; border_width=&#8221;5&#8243;][\/vc_column][vc_column width=&#8221;1\/2&#8243;][vc_separator style=&#8221;shadow&#8221; border_width=&#8221;5&#8243;][vc_column_text text_larger=&#8221;no&#8221; woodmart_inline=&#8221;no&#8221;]<\/p>\n<div class=\"vc_row wpb_row vc_row-fluid\">\n<div class=\"wpb_column vc_column_container vc_col-sm-12\">\n<div class=\"vc_column-inner\">\n<div class=\"wpb_wrapper\">\n<div class=\"wpb_text_column wpb_content_element\">\n<div class=\"wpb_wrapper\">\n<h4 style=\"text-align: center;\">Mocowania<\/h4>\n<p>Monta\u017c obudowy jest prosty i nie wymaga specjalnych umiej\u0119tno\u015bci. Potrzebny jest tylko minimalny zestaw narz\u0119dzi \u2013 klucz, \u015brubokr\u0119t, n\u00f3\u017c. Wraz ze szklarni\u0105 otrzymasz szczeg\u00f3\u0142owe instrukcje. Ilustrowana instrukcja jeszcze bardziej upro\u015bci proces budowy szklarni,   <\/p>\n<p>Je\u015bli nie masz czasu na instalacj\u0119, <a href=\"\/?p=128\">mo\u017cesz zam\u00f3wi\u0107 monta\u017c<\/a> u naszych specjalist\u00f3w, kt\u00f3rzy zmontuj\u0105 wszystko za Ciebie z du\u017c\u0105 wiedz\u0105 i w jak najkr\u00f3tszym czasie. Pokrycie dachowe mo\u017ce by\u0107 modyfikowane i mo\u017cliwe jest wykonanie rozbudowy w przysz\u0142o\u015bci, dzi\u0119ki czemu teoretyczna d\u0142ugo\u015b\u0107 szklarni jest nieograniczona<\/p>\n<\/div>\n<\/div>\n<\/div>\n<\/div>\n<\/div>\n<\/div>\n<p>[\/vc_column_text][vc_separator style=&#8221;shadow&#8221; border_width=&#8221;5&#8243;][vc_column_text woodmart_inline=&#8221;no&#8221; text_larger=&#8221;no&#8221;]<\/p>\n<h4 style=\"text-align: center;\">Alternatywy<\/h4>\n<p>[\/vc_column_text]<div class=\"widget_products \"><div class=\"widget woocommerce widget_products\"><ul class=\"product_list_widget\"><li>\n\t\t<span class=\"widget-product-wrap\">\n\t\t<a href=\"https:\/\/agroflex.cz\/pl\/produkt\/zadaszenie-basenowe-agroflex-tulipan\/\" title=\"Zadaszenie basenowe Agroflex TULIPAN\" class=\"widget-product-img\">\n\t\t\t<img decoding=\"async\" width=\"300\" height=\"300\" src=\"https:\/\/agroflex.cz\/wp-content\/uploads\/2023\/09\/zastreseni-bazenu-Botanik-Tulipan-300x300.jpg\" class=\"attachment-woocommerce_thumbnail size-woocommerce_thumbnail\" alt=\"zast\u0159e\u0161en\u00ed baz\u00e9n\u016f , pool roofing\" srcset=\"https:\/\/agroflex.cz\/wp-content\/uploads\/2023\/09\/zastreseni-bazenu-Botanik-Tulipan-300x300.jpg 300w, https:\/\/agroflex.cz\/wp-content\/uploads\/2023\/09\/zastreseni-bazenu-Botanik-Tulipan-150x150.jpg 150w\" sizes=\"(max-width: 300px) 100vw, 300px\" \/>\t\t<\/a>\n\t\t<span class=\"widget-product-info\">\n\t\t\t<a href=\"https:\/\/agroflex.cz\/pl\/produkt\/zadaszenie-basenowe-agroflex-tulipan\/\" title=\"Zadaszenie basenowe Agroflex TULIPAN\" class=\"wd-entities-title\">\n\t\t\t\tZadaszenie basenowe Agroflex TULIPAN\t\t\t<\/a>\n\t\t\t\t\t\t\t<div class=\"star-rating\" role=\"img\" aria-label=\"Oceniono 5.00 na 5\"><span style=\"width:100%\">Oceniono <strong class=\"rating\">5.00<\/strong> na 5<\/span><\/div>\t\t\t\t\t\t<span class=\"price\"><span class=\"woocommerce-Price-amount amount\" aria-hidden=\"true\"><bdi>30 875<span class=\"woocommerce-Price-currencySymbol\">&#75;&#269;<\/span><\/bdi><\/span> <span aria-hidden=\"true\">&ndash;<\/span> <span class=\"woocommerce-Price-amount amount\" aria-hidden=\"true\"><bdi>73 575<span class=\"woocommerce-Price-currencySymbol\">&#75;&#269;<\/span><\/bdi><\/span><span class=\"screen-reader-text\">Zakres cen: od 30 875&#75;&#269; do 73 575&#75;&#269;<\/span><\/span>\n\t\t<\/span>\n\t<\/span>\n\t<\/li>\n<\/ul><\/div><\/div>[vc_separator style=&#8221;shadow&#8221; border_width=&#8221;5&#8243;][\/vc_column][\/vc_row]<\/p>\n<\/div>","protected":false},"excerpt":{"rendered":"<p style=\"text-align: justify;\"><span style=\"font-size: 10pt;\"><span style=\"color: #993300;\"><strong>WIADOMO\u015aCI!<\/strong> <\/span>Solidna konstrukcja ze stali ocynkowanej malowanej proszkowo. Szeroko\u015b\u0107 5,38m, wysoko\u015b\u0107 2,43m, d\u0142ugo\u015b\u0107 od 4m. Nowy system otwierania bocznego &#8222;ANTI-STORM&#8221; jest wiatroszczelny. Cz\u0119\u015b\u0107 przesuwna o szeroko\u015bci 1 metra. Specjalnie certyfikowany p\u00f3\u0142przezroczysty poliw\u0119glan o grubo\u015bci 4 mm z filtrem UV.<br \/>\n<\/span><\/p>\n<p><strong> <\/strong><\/p>\n","protected":false},"featured_media":22954,"comment_status":"open","ping_status":"closed","template":"","meta":[],"product_brand":[419],"product_cat":[866],"product_tag":[],"class_list":{"0":"post-22920","1":"product","2":"type-product","3":"status-publish","4":"has-post-thumbnail","6":"product_brand-agroflex","7":"product_cat-przykrycie-basenu","9":"first","10":"instock","11":"taxable","12":"shipping-taxable","13":"purchasable","14":"product-type-variable","15":"has-default-attributes"},"_links":{"self":[{"href":"https:\/\/agroflex.cz\/pl\/wp-json\/wp\/v2\/product\/22920","targetHints":{"allow":["GET"]}}],"collection":[{"href":"https:\/\/agroflex.cz\/pl\/wp-json\/wp\/v2\/product"}],"about":[{"href":"https:\/\/agroflex.cz\/pl\/wp-json\/wp\/v2\/types\/product"}],"replies":[{"embeddable":true,"href":"https:\/\/agroflex.cz\/pl\/wp-json\/wp\/v2\/comments?post=22920"}],"wp:featuredmedia":[{"embeddable":true,"href":"https:\/\/agroflex.cz\/pl\/wp-json\/wp\/v2\/media\/22954"}],"wp:attachment":[{"href":"https:\/\/agroflex.cz\/pl\/wp-json\/wp\/v2\/media?parent=22920"}],"wp:term":[{"taxonomy":"product_brand","embeddable":true,"href":"https:\/\/agroflex.cz\/pl\/wp-json\/wp\/v2\/product_brand?post=22920"},{"taxonomy":"product_cat","embeddable":true,"href":"https:\/\/agroflex.cz\/pl\/wp-json\/wp\/v2\/product_cat?post=22920"},{"taxonomy":"product_tag","embeddable":true,"href":"https:\/\/agroflex.cz\/pl\/wp-json\/wp\/v2\/product_tag?post=22920"}],"curies":[{"name":"wp","href":"https:\/\/api.w.org\/{rel}","templated":true}]}}