{"id":24278,"date":"2023-09-04T21:02:38","date_gmt":"2023-09-04T21:02:38","guid":{"rendered":"https:\/\/agroflex.cz\/product\/profil-klejacy-z-poliweglanu-hcp-6-10mm\/"},"modified":"2023-09-04T21:02:38","modified_gmt":"2023-09-04T21:02:38","slug":"profil-klejacy-z-poliweglanu-hcp-6-10mm","status":"publish","type":"product","link":"https:\/\/agroflex.cz\/pl\/produkt\/profil-klejacy-z-poliweglanu-hcp-6-10mm\/","title":{"rendered":"Profil klej\u0105cy z poliw\u0119glanu HCP 6-10mm"},"content":{"rendered":"","protected":false},"excerpt":{"rendered":"<p>Oryginalny profil \u0142\u0105cz\u0105cy z poliw\u0119glanu HCP przeznaczony do \u0142\u0105czenia pustych blach poliw\u0119glanowych o grubo\u015bci 4-10mm. Do wi\u0119kszych pokry\u0107 dachowych np. pergoli, miejsc parkingowych, szklarni wykonanych z przezroczystego poliw\u0119glanu.  <\/p>\n<p>D\u0142ugo\u015b\u0107 6 m<\/p>\n","protected":false},"featured_media":12525,"comment_status":"open","ping_status":"closed","template":"","meta":[],"product_brand":[419],"product_cat":[499,1315,1321,1303],"product_tag":[],"class_list":{"0":"post-24278","1":"product","2":"type-product","3":"status-publish","4":"has-post-thumbnail","6":"product_brand-agroflex","7":"product_cat-akcesoria","8":"product_cat-krawedziowanie-plyt-pc","9":"product_cat-elementy-montazowe","10":"product_cat-arkusze-poliweglanowe","12":"first","13":"instock","14":"taxable","15":"shipping-taxable","16":"purchasable","17":"product-type-variable"},"_links":{"self":[{"href":"https:\/\/agroflex.cz\/pl\/wp-json\/wp\/v2\/product\/24278","targetHints":{"allow":["GET"]}}],"collection":[{"href":"https:\/\/agroflex.cz\/pl\/wp-json\/wp\/v2\/product"}],"about":[{"href":"https:\/\/agroflex.cz\/pl\/wp-json\/wp\/v2\/types\/product"}],"replies":[{"embeddable":true,"href":"https:\/\/agroflex.cz\/pl\/wp-json\/wp\/v2\/comments?post=24278"}],"wp:featuredmedia":[{"embeddable":true,"href":"https:\/\/agroflex.cz\/pl\/wp-json\/wp\/v2\/media\/12525"}],"wp:attachment":[{"href":"https:\/\/agroflex.cz\/pl\/wp-json\/wp\/v2\/media?parent=24278"}],"wp:term":[{"taxonomy":"product_brand","embeddable":true,"href":"https:\/\/agroflex.cz\/pl\/wp-json\/wp\/v2\/product_brand?post=24278"},{"taxonomy":"product_cat","embeddable":true,"href":"https:\/\/agroflex.cz\/pl\/wp-json\/wp\/v2\/product_cat?post=24278"},{"taxonomy":"product_tag","embeddable":true,"href":"https:\/\/agroflex.cz\/pl\/wp-json\/wp\/v2\/product_tag?post=24278"}],"curies":[{"name":"wp","href":"https:\/\/api.w.org\/{rel}","templated":true}]}}