{"id":24611,"date":"2023-09-04T21:03:22","date_gmt":"2023-09-04T21:03:22","guid":{"rendered":"https:\/\/agroflex.cz\/product\/okno-wentylacyjne-master\/"},"modified":"2023-09-04T21:03:22","modified_gmt":"2023-09-04T21:03:22","slug":"okno-wentylacyjne-master","status":"publish","type":"product","link":"https:\/\/agroflex.cz\/pl\/produkt\/okno-wentylacyjne-master\/","title":{"rendered":"Okno wentylacyjne &#8211; MASTER"},"content":{"rendered":"<p>&nbsp;<\/p>\n<p>&nbsp;<\/p>\n<p>&nbsp;<\/p>\n","protected":false},"excerpt":{"rendered":"<p>Okno wentylacyjne dachowe s\u0142u\u017cy do regulacji temperatury wewn\u0119trznej w szklarni. to oryginalny produkt przed\u0142u\u017caj\u0105cy do wytrzyma\u0142ej szklarni ogrodowej \u0142ukowej z poliw\u0119glanu MASTER. O\u015bcie\u017cnica okienna wykonana jest z ocynkowanej blachy, podobnie jak ca\u0142a szklarnia. stal. Okno wentylacyjne jest w pe\u0142ni kompatybilne z automatycznym otwieraczem Aero-100, Thermovent, Univent, Megavent, kt\u00f3re mo\u017cna zam\u00f3wi\u0107 z tym oknem. Opakowanie zawiera wszystkie niezb\u0119dne elementy monta\u017cowe.     <\/p>\n","protected":false},"featured_media":0,"comment_status":"open","ping_status":"closed","template":"","meta":[],"product_brand":[419],"product_cat":[499,1339],"product_tag":[],"class_list":{"0":"post-24611","1":"product","2":"type-product","3":"status-publish","5":"product_brand-agroflex","6":"product_cat-akcesoria","7":"product_cat-okna-wentylacyjne","9":"first","10":"instock","11":"taxable","12":"shipping-taxable","13":"purchasable","14":"product-type-simple"},"_links":{"self":[{"href":"https:\/\/agroflex.cz\/pl\/wp-json\/wp\/v2\/product\/24611","targetHints":{"allow":["GET"]}}],"collection":[{"href":"https:\/\/agroflex.cz\/pl\/wp-json\/wp\/v2\/product"}],"about":[{"href":"https:\/\/agroflex.cz\/pl\/wp-json\/wp\/v2\/types\/product"}],"replies":[{"embeddable":true,"href":"https:\/\/agroflex.cz\/pl\/wp-json\/wp\/v2\/comments?post=24611"}],"wp:attachment":[{"href":"https:\/\/agroflex.cz\/pl\/wp-json\/wp\/v2\/media?parent=24611"}],"wp:term":[{"taxonomy":"product_brand","embeddable":true,"href":"https:\/\/agroflex.cz\/pl\/wp-json\/wp\/v2\/product_brand?post=24611"},{"taxonomy":"product_cat","embeddable":true,"href":"https:\/\/agroflex.cz\/pl\/wp-json\/wp\/v2\/product_cat?post=24611"},{"taxonomy":"product_tag","embeddable":true,"href":"https:\/\/agroflex.cz\/pl\/wp-json\/wp\/v2\/product_tag?post=24611"}],"curies":[{"name":"wp","href":"https:\/\/api.w.org\/{rel}","templated":true}]}}