{"id":24725,"date":"2023-09-04T21:03:55","date_gmt":"2023-09-04T21:03:55","guid":{"rendered":"https:\/\/agroflex.cz\/product\/szkielet-szklarni-titan-lt1\/"},"modified":"2025-09-20T14:34:23","modified_gmt":"2025-09-20T14:34:23","slug":"szkielet-szklarni-titan-lt1","status":"publish","type":"product","link":"https:\/\/agroflex.cz\/pl\/produkt\/szkielet-szklarni-titan-lt1\/","title":{"rendered":"Szkielet szklarni TITAN LT1"},"content":{"rendered":"<div class=\"wpb-content-wrapper\"><p>[vc_row][vc_column][\/vc_column][\/vc_row][vc_row][vc_column width=&#8221;1\/2&#8243;][vc_separator style=&#8221;shadow&#8221; border_width=&#8221;5&#8243;][vc_column_text text_larger=&#8221;no&#8221;]<\/p>\n<h4 style=\"text-align: center;\"><span style=\"color: #000000;\"><strong>Szklarnia ogrodowa Agroflex &#8211; TITAN LT1 (rama)<br \/>\n<\/strong><\/span><\/h4>\n<p>\u0141adna i praktyczna, trwa\u0142a ogrodowa szklarnia \u0142ukowa wykonana z poliw\u0119glanu TITAN LT1. G\u0142\u00f3wn\u0105 r\u00f3\u017cnic\u0105 w stosunku do wi\u0119kszo\u015bci szklarni jest podw\u00f3jna krzywa \u0142ukowa. Szklarnia wykonana jest ze stali. \u0141uki i przegrody s\u0105 ocynkowane na zewn\u0105trz i wewn\u0105trz stali, a w miejscu spawania s\u0105 poddawane cynkowaniu mechanicznemu (<a href=\"\/?page_id=5731\">zabezpieczenie antykorozyjne<\/a> \u2013 zawarto\u015b\u0107 czystego wynosi oko\u0142o 90%). \u0141uki s\u0105 odporne na wiatr, du\u017ce obci\u0105\u017cenie szklarni. Konstrukcja o ud\u017awigu do 190 kg, podw\u00f3jna butla 20\u00d720 o grubo\u015bci 1 mm wytrzyma przez d\u0142ugi czas. Odleg\u0142o\u015b\u0107 mi\u0119dzy \u0142ukami wynosi 1 metr. Jednak w regionach, w kt\u00f3rych nie ma najsurowszych warunk\u00f3w klimatycznych, jest to wi\u0119cej ni\u017c wystarczaj\u0105ce. Przejezdny z obu stron.[\/vc_column_text][vc_separator style=&#8221;shadow&#8221; border_width=&#8221;5&#8243;][\/vc_column][vc_column width=&#8221;1\/2&#8243;][vc_separator style=&#8221;shadow&#8221; border_width=&#8221;5&#8243;][vc_text_separator title=&#8221;Alternatywy&#8221; title_align=&#8221;separator_align_left&#8221; align=&#8221;align_left&#8221;]<div class=\"widget_products \"><div class=\"widget woocommerce widget_products\"><ul class=\"product_list_widget\"><li>\n\t\t<span class=\"widget-product-wrap\">\n\t\t<a href=\"https:\/\/agroflex.cz\/pl\/produkt\/stajnia-szklarnia-ogrodowa-standard\/\" title=\"Stajnia szklarnia ogrodowa STANDARD\" class=\"widget-product-img\">\n\t\t\t<img decoding=\"async\" width=\"300\" height=\"300\" src=\"https:\/\/agroflex.cz\/wp-content\/uploads\/2023\/09\/levny-sklenik-z-polykarbonatu-Agroflex-Standard-300x300.jpg\" class=\"attachment-woocommerce_thumbnail size-woocommerce_thumbnail\" alt=\"Szklarnia z poliw\u0119glanu 3x6\" srcset=\"https:\/\/agroflex.cz\/wp-content\/uploads\/2023\/09\/levny-sklenik-z-polykarbonatu-Agroflex-Standard-300x300.jpg 300w, https:\/\/agroflex.cz\/wp-content\/uploads\/2023\/09\/levny-sklenik-z-polykarbonatu-Agroflex-Standard-150x150.jpg 150w, https:\/\/agroflex.cz\/wp-content\/uploads\/2023\/09\/levny-sklenik-z-polykarbonatu-Agroflex-Standard-600x600.jpg 600w\" sizes=\"(max-width: 300px) 100vw, 300px\" \/>\t\t<\/a>\n\t\t<span class=\"widget-product-info\">\n\t\t\t<a href=\"https:\/\/agroflex.cz\/pl\/produkt\/stajnia-szklarnia-ogrodowa-standard\/\" title=\"Stajnia szklarnia ogrodowa STANDARD\" class=\"wd-entities-title\">\n\t\t\t\tStajnia szklarnia ogrodowa STANDARD\t\t\t<\/a>\n\t\t\t\t\t\t\t\t\t\t\t\t\t<span class=\"price\"><span class=\"woocommerce-Price-amount amount\"><bdi>16 941<span class=\"woocommerce-Price-currencySymbol\">&#75;&#269;<\/span><\/bdi><\/span><\/span>\n\t\t<\/span>\n\t<\/span>\n\t<\/li>\n<\/ul><\/div><\/div>[vc_separator style=&#8221;shadow&#8221; border_width=&#8221;5&#8243;][\/vc_column][\/vc_row]<\/p>\n<\/div>","protected":false},"excerpt":{"rendered":"<p><span style=\"font-size: 10pt;\">Szklarnia o szeroko\u015bci 3m, wysoko\u015bci 2,1m, d\u0142ugo\u015bci od 4m. O podw\u00f3jnej konstrukcji ze stali o grubo\u015bci 20 x 20 x 1mm. Solidna konstrukcja stalowa. Odporno\u015b\u0107 na warunki atmosferyczne.   <\/span><\/p>\n","protected":false},"featured_media":13383,"comment_status":"open","ping_status":"closed","template":"","meta":[],"product_brand":[419],"product_cat":[482,1225],"product_tag":[],"class_list":{"0":"post-24725","1":"product","2":"type-product","3":"status-publish","4":"has-post-thumbnail","6":"product_brand-agroflex","7":"product_cat-bez-kategorii","8":"product_cat-szkielet-szklarni-bez-komputera","10":"first","11":"instock","12":"taxable","13":"shipping-taxable","14":"purchasable","15":"product-type-variable"},"_links":{"self":[{"href":"https:\/\/agroflex.cz\/pl\/wp-json\/wp\/v2\/product\/24725","targetHints":{"allow":["GET"]}}],"collection":[{"href":"https:\/\/agroflex.cz\/pl\/wp-json\/wp\/v2\/product"}],"about":[{"href":"https:\/\/agroflex.cz\/pl\/wp-json\/wp\/v2\/types\/product"}],"replies":[{"embeddable":true,"href":"https:\/\/agroflex.cz\/pl\/wp-json\/wp\/v2\/comments?post=24725"}],"wp:featuredmedia":[{"embeddable":true,"href":"https:\/\/agroflex.cz\/pl\/wp-json\/wp\/v2\/media\/13383"}],"wp:attachment":[{"href":"https:\/\/agroflex.cz\/pl\/wp-json\/wp\/v2\/media?parent=24725"}],"wp:term":[{"taxonomy":"product_brand","embeddable":true,"href":"https:\/\/agroflex.cz\/pl\/wp-json\/wp\/v2\/product_brand?post=24725"},{"taxonomy":"product_cat","embeddable":true,"href":"https:\/\/agroflex.cz\/pl\/wp-json\/wp\/v2\/product_cat?post=24725"},{"taxonomy":"product_tag","embeddable":true,"href":"https:\/\/agroflex.cz\/pl\/wp-json\/wp\/v2\/product_tag?post=24725"}],"curies":[{"name":"wp","href":"https:\/\/api.w.org\/{rel}","templated":true}]}}