{"id":25629,"date":"2023-09-04T21:05:07","date_gmt":"2023-09-04T21:05:07","guid":{"rendered":"https:\/\/agroflex.cz\/product\/szklarnia-z-poliweglanu-titan-lt1\/"},"modified":"2025-09-20T14:35:49","modified_gmt":"2025-09-20T14:35:49","slug":"szklarnia-z-poliweglanu-titan-lt1","status":"publish","type":"product","link":"https:\/\/agroflex.cz\/pl\/produkt\/szklarnia-z-poliweglanu-titan-lt1\/","title":{"rendered":"Szklarnia z poliw\u0119glanu TITAN LT1"},"content":{"rendered":"<div class=\"wpb-content-wrapper\"><p>[vc_row][vc_column][vc_separator style=&#8221;shadow&#8221; border_width=&#8221;5&#8243;][\/vc_column][\/vc_row][vc_row][vc_column][vc_column_text text_larger=&#8221;no&#8221; woodmart_inline=&#8221;no&#8221;]<\/p>\n<h2 style=\"text-align: center;\"><strong>  Szklarnia ogrodowa wykonana z poliw\u0119glanu TITAN LT1<br \/>\n<\/strong><\/h2>\n<p>\u0141adna i praktyczna, trwa\u0142a ogrodowa szklarnia ogrodowa \u0142ukowa. G\u0142\u00f3wn\u0105 r\u00f3\u017cnic\u0105 w stosunku do wi\u0119kszo\u015bci szklarni jest podw\u00f3jna belka \u0142ukowa. Szklarnia wykonana jest ze stali. \u0141uki i przegrody s\u0105 ocynkowane na zewn\u0105trz i wewn\u0105trz stali, a w miejscu spawania s\u0105 poddawane cynkowaniu mechanicznemu (<a href=\"\/?page_id=5731\">zabezpieczenie antykorozyjne<\/a> \u2013 zawarto\u015b\u0107 czystego wynosi oko\u0142o 90%). \u0141uki s\u0105 odporne na wiatr, du\u017ce obci\u0105\u017cenie szklarni. Konstrukcja o obci\u0105\u017ceniu do 200 kg, podw\u00f3jnej stali 20\u00d720 o grubo\u015bci 1 mm wytrzymuje przez d\u0142ugi czas. Odleg\u0142o\u015b\u0107 mi\u0119dzy \u0142ukami wynosi 1 metr. Jednak w regionach, w kt\u00f3rych nie ma najsurowszych warunk\u00f3w klimatycznych, jest to wi\u0119cej ni\u017c wystarczaj\u0105ce.       <\/p>\n<p>Ta szklarnia jest lekk\u0105 odmian\u0105 szklarni Agroflex <strong><a href=\"https:\/\/agroflex.cz\/pl\/produkt\/naprawiono-szklarnie-ogrodowa-titan\/\">TITAN,<\/a><\/strong> <a href=\"https:\/\/agroflex.cz\/produkt\/polykarbonatovy-sklenik-agroflex-atlant\/\"><strong>ATLANT<\/strong><\/a> lub <a href=\"https:\/\/agroflex.cz\/produkt\/sklenik-z-polykarbonatu-agroflex-titan-lux-2\/\"><strong>TITAN LUX<\/strong><\/a>. W ofercie posiadamy r\u00f3wnie\u017c ta\u0144sze wersje Agroflex <strong><a href=\"https:\/\/agroflex.cz\/produkt\/zahradni-sklenik-agroflex-standard\/\">STANDARD.<\/a><\/strong>[\/vc_column_text][vc_separator][vc_column_text css=&#8221;&#8221; text_larger=&#8221;no&#8221; woodmart_inline=&#8221;no&#8221;]<\/p>\n<h4 style=\"text-align: center;\">Szyby z poliw\u0119glanu<\/h4>\n<p>Specjalnie certyfikowany pusty poliw\u0119glan do szklarni z filtrem UV. Zalet\u0105 tego produktu jest jego wysoka izolacyjno\u015b\u0107 termiczna od szk\u0142a. Odporny na uszkodzenia mechaniczne, warunki atmosferyczne i grad. Wyj\u0105tkowa przezierno\u015b\u0107 poliw\u0119glanu (przejrzysto\u015b\u0107 &#8211; do 86%).   <\/p>\n<p>Do wyboru jest kilka wzor\u00f3w, szklarnia z poliw\u0119glanu TITAN LT1 wyposa\u017cona w poliw\u0119glan o grubo\u015bci 4mm, 6mm, co gwarantuje bezawaryjn\u0105 i d\u0142ug\u0105 \u017cywotno\u015b\u0107. Dla bardziej wymagaj\u0105cych klient\u00f3w i profesjonalist\u00f3w oferujemy wersj\u0119 szklarni ogrodowej TITAN LT1 wyposa\u017con\u0105 w poliw\u0119glan o grubo\u015bci 8mm. <\/p>\n<p>Poliw\u0119glan dostarczany jest w rolce i mocowany do konstrukcji za pomoc\u0105 wkr\u0119t\u00f3w samogwintuj\u0105cych.[\/vc_column_text][\/vc_column][\/vc_row][vc_row][vc_column width=&#8221;1\/2&#8243;][vc_separator style=&#8221;shadow&#8221; border_width=&#8221;5&#8243;][vc_text_separator title=&#8221;Zalecane akcesoria :&#8221; title_align=&#8221;separator_align_left&#8221; align=&#8221;align_left&#8221; style=&#8221;dotted&#8221;]<div class=\"widget_products \"><div class=\"widget woocommerce widget_products\"><ul class=\"product_list_widget\"><li>\n\t\t<span class=\"widget-product-wrap\">\n\t\t<a href=\"https:\/\/agroflex.cz\/pl\/produkt\/tasma-wentylacyjna-paroprzepuszczalna-antidust-3500\/\" title=\"Ta\u015bma wentylacyjna paroprzepuszczalna AntiDust 3500\" class=\"widget-product-img\">\n\t\t\t<img decoding=\"async\" width=\"300\" height=\"300\" src=\"https:\/\/agroflex.cz\/wp-content\/uploads\/2023\/09\/Ventilacni-paska-Antidust-300x300.jpg\" class=\"attachment-woocommerce_thumbnail size-woocommerce_thumbnail\" alt=\"\" srcset=\"https:\/\/agroflex.cz\/wp-content\/uploads\/2023\/09\/Ventilacni-paska-Antidust-300x300.jpg 300w, https:\/\/agroflex.cz\/wp-content\/uploads\/2023\/09\/Ventilacni-paska-Antidust-150x150.jpg 150w\" sizes=\"(max-width: 300px) 100vw, 300px\" \/>\t\t<\/a>\n\t\t<span class=\"widget-product-info\">\n\t\t\t<a href=\"https:\/\/agroflex.cz\/pl\/produkt\/tasma-wentylacyjna-paroprzepuszczalna-antidust-3500\/\" title=\"Ta\u015bma wentylacyjna paroprzepuszczalna AntiDust 3500\" class=\"wd-entities-title\">\n\t\t\t\tTa\u015bma wentylacyjna paroprzepuszczalna AntiDust 3500\t\t\t<\/a>\n\t\t\t\t\t\t\t<div class=\"star-rating\" role=\"img\" aria-label=\"Oceniono 5.00 na 5\"><span style=\"width:100%\">Oceniono <strong class=\"rating\">5.00<\/strong> na 5<\/span><\/div>\t\t\t\t\t\t<span class=\"price\"><span class=\"woocommerce-Price-amount amount\"><bdi>789<span class=\"woocommerce-Price-currencySymbol\">&#75;&#269;<\/span><\/bdi><\/span><\/span>\n\t\t<\/span>\n\t<\/span>\n\t<\/li>\n<\/ul><\/div><\/div>[vc_separator style=&#8221;shadow&#8221; border_width=&#8221;5&#8243;][vc_column_text text_larger=&#8221;no&#8221; woodmart_inline=&#8221;no&#8221;]<\/p>\n<h4 style=\"text-align: center;\"><span style=\"color: #000000;\"><strong>Parametry szklarni:<\/strong><\/span><\/h4>\n<table style=\"height: 533px; width: 85.9877%;\">\n<tbody>\n<tr style=\"height: 24px;\">\n<td style=\"width: 185.867px; height: 24px; text-align: left;\">Rodzaj konstrukcji<\/td>\n<td style=\"width: 268.6px; height: 24px; text-align: right;\">Rozbieralne<\/td>\n<\/tr>\n<tr style=\"height: 24px;\">\n<td style=\"width: 185.867px; height: 24px; text-align: left;\">Dopuszczalne obci\u0105\u017cenie<\/td>\n<td style=\"width: 268.6px; height: 24px; text-align: right;\">200 kg<\/td>\n<\/tr>\n<tr style=\"height: 24px;\">\nOdporno\u015b\u0107 <\/p>\n<td style=\"width: 185.867px; height: 24px; text-align: left;\">na wiatr<\/td>\n<td style=\"width: 268.6px; height: 24px; text-align: right;\">20 m\/s<\/td>\n<\/tr>\n<tr style=\"height: 24px;\">\n<td style=\"width: 185.867px; height: 24px; text-align: left;\">Szeroko\u015b\u0107<\/td>\n<td style=\"width: 268.6px; height: 24px; text-align: right;\">3 mln<\/td>\n<\/tr>\n<tr style=\"height: 24px;\">\n<td style=\"width: 185.867px; height: 24px; text-align: left;\">wysoko\u015b\u0107<\/td>\n<td style=\"width: 268.6px; height: 24px; text-align: right;\">2,1 mln<\/td>\n<\/tr>\n<tr style=\"height: 24px;\">\n<td style=\"width: 185.867px; height: 24px; text-align: left;\">D\u0142ugo\u015b\u0107 (warianty)<\/td>\n<td style=\"width: 268.6px; height: 24px; text-align: right;\">2 m; 4 m; 6 m; 8 m; 10 m; 12 m (mo\u017cna wykona\u0107 d\u0142u\u017csze &#8211; modulacja w odst\u0119pach co 2 m)<\/td>\n<\/tr>\n<tr style=\"height: 24px;\">\n<td style=\"width: 185.867px; height: 24px; text-align: left;\">Materia\u0142 oszklenia<\/td>\n<td style=\"width: 268.6px; height: 24px; text-align: right;\">poliw\u0119glan 4mm, 6mm, 8mm<\/td>\n<\/tr>\n<tr style=\"height: 24px;\">\n<td style=\"width: 185.867px; height: 24px; text-align: left;\">Waga<\/td>\n<p> powierzchni<\/p>\n<td style=\"width: 243.133px; height: 24px; text-align: right;\">800 g\/m2 &#8211; 1700 g\/m2<\/td>\n<\/tr>\n<tr style=\"height: 24px;\">\nOchrona<br \/>\n poliw\u0119glanu <\/p>\n<td style=\"width: 185.867px; height: 24px; text-align: left;\">przed promieniowaniem UV<\/td>\n<td style=\"width: 243.133px; height: 24px; text-align: right;\">tak<\/td>\n<\/tr>\n<tr style=\"height: 24px;\">\n<td style=\"width: 185.867px; height: 24px; text-align: left;\">Wymiary desek<\/td>\n<td style=\"width: 268.6px; height: 24px; text-align: right;\">6 x 2,1 m<\/td>\n<\/tr>\n<tr style=\"height: 24px;\">\n<td style=\"width: 185.867px; height: 10px; text-align: left;\">Materia\u0142 konstrukcyjny<\/td>\n<td style=\"width: 268.6px; height: 10px; text-align: right;\">Stal ocynkowana<\/td>\n<\/tr>\n<tr style=\"height: 35px;\">\n<td style=\"width: 185.867px; height: 35px; text-align: left;\">Odleg\u0142o\u015b\u0107 mi\u0119dzy krzywymi<\/td>\n<td style=\"width: 268.6px; height: 35px; text-align: right;\">1 metr<\/td>\n<\/tr>\n<tr style=\"height: 35px;\">\n<td style=\"width: 185.867px; height: 35px; text-align: left;\">Pr\u0119ty zbrojeniowe<\/td>\n<p> \u0142uku<\/p>\n<td style=\"width: 243.133px; height: 35px; text-align: right;\">3 wiersze<\/td>\n<\/tr>\n<tr style=\"height: 24px;\">\n<td style=\"width: 185.867px; height: 24px; text-align: left;\">typ<\/td>\n<td style=\"width: 268.6px; height: 24px; text-align: right;\">przejezdny z obu stron<\/td>\n<\/tr>\n<tr style=\"height: 24px;\">\n<td style=\"width: 185.867px; height: 24px; text-align: left;\">Drzwi wej\u015bciowe<\/td>\n<td style=\"width: 268.6px; height: 24px; text-align: right;\">2 szt.<\/td>\n<\/tr>\n<tr style=\"height: 35px;\">\n<td style=\"width: 185.867px; height: 35px; text-align: left;\">Okno wentylacyjne z przodu<\/td>\n<td style=\"width: 268.6px; height: 35px; text-align: right;\">2 szt.<\/td>\n<\/tr>\n<tr style=\"height: 24px;\">\n<td style=\"width: 185.867px; height: 24px; text-align: left;\">Kotwienie z poliw\u0119glanu<\/td>\n<td style=\"width: 268.6px; height: 24px; text-align: right;\">z podk\u0142adkami i nakr\u0119tkami M5<\/td>\n<\/tr>\n<tr style=\"height: 24px;\">\n<td style=\"width: 185.867px; height: 24px; text-align: left;\">Kotwiczenia<\/td>\n<td style=\"width: 243.133px; height: 24px; text-align: right;\"><a href=\"https:\/\/agroflex.cz\/pl\/kategorie-produktu\/kotwienie-szklarni\/\" target=\"_blank\" rel=\"noopener\">Produkty<\/a> powi\u0105zane<\/td>\n<\/tr>\n<tr style=\"height: 24px;\">\n<td style=\"width: 185.867px; height: 23px; text-align: left;\">Gwarancja na poliw\u0119glan<\/td>\n<td style=\"width: 268.6px; height: 23px; text-align: right;\">10 lat<\/td>\n<\/tr>\n<tr style=\"height: 35px;\">\n<td style=\"width: 185.867px; height: 35px; text-align: left;\">Gwarancja budowlana<\/td>\n<td style=\"width: 268.6px; height: 35px; text-align: right;\">5 lat<\/td>\n<\/tr>\n<tr style=\"height: 24px;\">\n<td style=\"width: 185.867px; height: 24px; text-align: left;\">baza<\/td>\n<td style=\"width: 268.6px; height: 24px; text-align: right;\">Niekonieczne<\/td>\n<\/tr>\n<\/tbody>\n<\/table>\n<p><span style=\"font-size: 10pt;\">W przypadku, gdy nie chcesz martwi\u0107 si\u0119 o kompletowanie niezb\u0119dnych akcesori\u00f3w szklarniowych, oferujemy kompletne <a href=\"https:\/\/agroflex.cz\/pl\/kategorie-produktu\/zestaw-akcesoriow\/\"><strong>r\u00f3\u017cne zestawy \/ zestawy akcesori\u00f3w szklarniowych.<\/strong><\/a><\/span>[\/vc_column_text][vc_separator style=&#8221;shadow&#8221; border_width=&#8221;5&#8243;][\/vc_column][vc_column width=&#8221;1\/2&#8243;][vc_separator style=&#8221;shadow&#8221; border_width=&#8221;5&#8243;][vc_column_text css=&#8221;&#8221; text_larger=&#8221;no&#8221; woodmart_inline=&#8221;no&#8221;]<\/p>\n<div class=\"vc_row wpb_row vc_row-fluid\">\n<div class=\"wpb_column vc_column_container vc_col-sm-12\">\n<div class=\"vc_column-inner\">\n<div class=\"wpb_wrapper\">\n<div class=\"wpb_text_column wpb_content_element\">\n<div class=\"wpb_wrapper\">\n<h4 style=\"text-align: center;\">Fundamenty szklarni<\/h4>\n<p>Aby zapewni\u0107 trwa\u0142o\u015b\u0107 szklarni, zaleca si\u0119 monta\u017c jej na wcze\u015bniej przygotowanym pod\u0142o\u017cu &#8211; fundamencie, wykonanym na podstawie jego wymiar\u00f3w na obwodzie podstawy, na przyk\u0142ad w postaci ramy o grubo\u015bci 100&#8230; 200 mm, co znacznie zmniejszy aktywno\u015b\u0107 korozyjn\u0105. Ram\u0119 szklarni nale\u017cy przymocowa\u0107 do fundamentu za pomoc\u0105 lub gwo\u017adzi, aby zapobiec przewr\u00f3ceniu si\u0119 przy silnym wietrze. <\/p>\n<p>Szklarni\u0119 z poliw\u0119glanu mo\u017cna zamocowa\u0107 zgodnie z priorytetem ka\u017cdego klienta, mo\u017cna j\u0105 zamontowa\u0107 w gruncie (mocowanie zapewniaj\u0105 n\u00f3\u017cki kotwi\u0105ce), pryzmatach drewnianych 10 x 10cm lub na podstawie. Jednak og\u00f3lnie rzecz bior\u0105c, kotwienie do podstawy jest lepszym wyborem, kt\u00f3ry znacznie zmniejszy aktywno\u015b\u0107 korozyjn\u0105. <\/p>\n<\/div>\n<\/div>\n<\/div>\n<\/div>\n<\/div>\n<\/div>\n<p>[\/vc_column_text]<div class=\"widget_products \"><div class=\"widget woocommerce widget_products\"><ul class=\"product_list_widget\"><li>\n\t\t<span class=\"widget-product-wrap\">\n\t\t<a href=\"https:\/\/agroflex.cz\/pl\/produkt\/podstawa-z-blachy-botanik-do-szklarni\/\" title=\"Podstawa z blachy Botanik do szklarni\" class=\"widget-product-img\">\n\t\t\t<img decoding=\"async\" width=\"300\" height=\"300\" src=\"https:\/\/agroflex.cz\/wp-content\/uploads\/2023\/09\/Zakladna-pro-zahradni-skleniky-Agroflex-300x300.jpg\" class=\"attachment-woocommerce_thumbnail size-woocommerce_thumbnail\" alt=\"\" srcset=\"https:\/\/agroflex.cz\/wp-content\/uploads\/2023\/09\/Zakladna-pro-zahradni-skleniky-Agroflex-300x300.jpg 300w, https:\/\/agroflex.cz\/wp-content\/uploads\/2023\/09\/Zakladna-pro-zahradni-skleniky-Agroflex-150x150.jpg 150w\" sizes=\"(max-width: 300px) 100vw, 300px\" \/>\t\t<\/a>\n\t\t<span class=\"widget-product-info\">\n\t\t\t<a href=\"https:\/\/agroflex.cz\/pl\/produkt\/podstawa-z-blachy-botanik-do-szklarni\/\" title=\"Podstawa z blachy Botanik do szklarni\" class=\"wd-entities-title\">\n\t\t\t\tPodstawa z blachy Botanik do szklarni\t\t\t<\/a>\n\t\t\t\t\t\t\t\t\t\t\t\t\t<span class=\"price\"><span class=\"woocommerce-Price-amount amount\" aria-hidden=\"true\"><bdi>968<span class=\"woocommerce-Price-currencySymbol\">&#75;&#269;<\/span><\/bdi><\/span> <span aria-hidden=\"true\">&ndash;<\/span> <span class=\"woocommerce-Price-amount amount\" aria-hidden=\"true\"><bdi>3 267<span class=\"woocommerce-Price-currencySymbol\">&#75;&#269;<\/span><\/bdi><\/span><span class=\"screen-reader-text\">Zakres cen: od 968&#75;&#269; do 3 267&#75;&#269;<\/span><\/span>\n\t\t<\/span>\n\t<\/span>\n\t<\/li>\n<\/ul><\/div><\/div>[vc_separator style=&#8221;shadow&#8221; border_width=&#8221;5&#8243;][vc_column_text css=&#8221;&#8221; text_larger=&#8221;no&#8221; woodmart_inline=&#8221;no&#8221;]<\/p>\n<div class=\"wpb_column vc_column_container vc_col-sm-12\">\n<div class=\"vc_column-inner\">\n<div class=\"wpb_wrapper\">\n<div class=\"wpb_text_column wpb_content_element\">\n<div class=\"wpb_wrapper\">\n<h4 style=\"text-align: center;\">Mocowania<\/h4>\n<p>Monta\u017c szklarni jest r\u00f3wnie\u017c prosty i nie wymaga specjalnych umiej\u0119tno\u015bci. Potrzebny jest tylko minimalny zestaw narz\u0119dzi \u2013 klucz, \u015brubokr\u0119t, n\u00f3\u017c. Wraz ze szklarni\u0105 otrzymasz szczeg\u00f3\u0142owe instrukcje. Ilustrowana instrukcja jeszcze bardziej upro\u015bci proces budowy szklarni,   <\/p>\n<p>Je\u015bli nie masz czasu na instalacj\u0119, <a href=\"https:\/\/agroflex.cz\/pl\/montaz-szklarni\/\" target=\"_blank\" rel=\"noopener\"><strong>mo\u017cesz zam\u00f3wi\u0107 monta\u017c<\/strong><\/a> u naszych specjalist\u00f3w, kt\u00f3rzy zmontuj\u0105 wszystko za Ciebie z du\u017c\u0105 wiedz\u0105 i w jak najkr\u00f3tszym czasie. Chocia\u017c monta\u017c ca\u0142ej szklarni jest prosty, najwi\u0119cej czasu zajmuje przyci\u0119cie i obrze\u017ce poliw\u0119glanu oraz zamontowanie go po obu frontowych stronach szklarni. Dlatego oferujemy Pa\u0144stwu mo\u017cliwo\u015b\u0107 zam\u00f3wienia tej cz\u0119\u015bci <a href=\"https:\/\/agroflex.cz\/pl\/montaz-szklarni\/\" target=\"_blank\" rel=\"noopener\"><strong>monta\u017cu<\/strong><\/a>, kt\u00f3ra odbywa si\u0119 w naszym magazynie, otrzymaj\u0105 Pa\u0144stwo od przewo\u017anika obie strony przednie wype\u0142nione poliw\u0119glanem. <\/p>\n<p>Szklarnia mo\u017ce by\u0107 modyfikowana, a w przysz\u0142o\u015bci mo\u017cliwa jest realizacja rozbudowy, dzi\u0119ki czemu teoretyczna d\u0142ugo\u015b\u0107 szklarni jest nieograniczona.<\/p>\n<\/div>\n<\/div>\n<\/div>\n<\/div>\n<\/div>\n<p>[\/vc_column_text][vc_separator style=&#8221;shadow&#8221; border_width=&#8221;5&#8243;][vc_column_text woodmart_inline=&#8221;no&#8221; text_larger=&#8221;no&#8221;]<\/p>\n<h4 style=\"text-align: center;\">Alternatywy<\/h4>\n<p>[\/vc_column_text]<div class=\"widget_products \"><div class=\"widget woocommerce widget_products\"><ul class=\"product_list_widget\"><li>\n\t\t<span class=\"widget-product-wrap\">\n\t\t<a href=\"https:\/\/agroflex.cz\/pl\/produkt\/wytrzymala-szklarnia-z-poliweglanu-atlant\/\" title=\"Wytrzyma\u0142a szklarnia z poliw\u0119glanu ATLANT\" class=\"widget-product-img\">\n\t\t\t<img decoding=\"async\" width=\"300\" height=\"300\" src=\"https:\/\/agroflex.cz\/wp-content\/uploads\/2023\/09\/Skleniky-z-polykarbonatu-Atlant-Agroflex-1-300x300.jpg\" class=\"attachment-woocommerce_thumbnail size-woocommerce_thumbnail\" alt=\"polykarbon\u00e1tov\u00fd sklen\u00edk celoro\u010dn\u00ed sklen\u00edk\" srcset=\"https:\/\/agroflex.cz\/wp-content\/uploads\/2023\/09\/Skleniky-z-polykarbonatu-Atlant-Agroflex-1-300x300.jpg 300w, https:\/\/agroflex.cz\/wp-content\/uploads\/2023\/09\/Skleniky-z-polykarbonatu-Atlant-Agroflex-1-150x150.jpg 150w, https:\/\/agroflex.cz\/wp-content\/uploads\/2023\/09\/Skleniky-z-polykarbonatu-Atlant-Agroflex-1-600x600.jpg 600w, https:\/\/agroflex.cz\/wp-content\/uploads\/2023\/09\/Skleniky-z-polykarbonatu-Atlant-Agroflex-1.jpg 660w\" sizes=\"(max-width: 300px) 100vw, 300px\" \/>\t\t<\/a>\n\t\t<span class=\"widget-product-info\">\n\t\t\t<a href=\"https:\/\/agroflex.cz\/pl\/produkt\/wytrzymala-szklarnia-z-poliweglanu-atlant\/\" title=\"Wytrzyma\u0142a szklarnia z poliw\u0119glanu ATLANT\" class=\"wd-entities-title\">\n\t\t\t\tWytrzyma\u0142a szklarnia z poliw\u0119glanu ATLANT\t\t\t<\/a>\n\t\t\t\t\t\t\t\t\t\t\t\t\t<span class=\"price\"><span class=\"woocommerce-Price-amount amount\" aria-hidden=\"true\"><bdi>18 890<span class=\"woocommerce-Price-currencySymbol\">&#75;&#269;<\/span><\/bdi><\/span> <span aria-hidden=\"true\">&ndash;<\/span> <span class=\"woocommerce-Price-amount amount\" aria-hidden=\"true\"><bdi>56 519<span class=\"woocommerce-Price-currencySymbol\">&#75;&#269;<\/span><\/bdi><\/span><span class=\"screen-reader-text\">Zakres cen: od 18 890&#75;&#269; do 56 519&#75;&#269;<\/span><\/span>\n\t\t<\/span>\n\t<\/span>\n\t<\/li>\n<\/ul><\/div><\/div>[vc_separator style=&#8221;shadow&#8221; border_width=&#8221;5&#8243;][\/vc_column][\/vc_row]<\/p>\n<\/div>","protected":false},"excerpt":{"rendered":"<p><span style=\"font-size: 10pt;\"><span style=\"color: #ff0000;\"><strong>CENA HIT !<\/strong><\/span>  Szeroko\u015b\u0107 szklarni 3m, wysoko\u015b\u0107 2,1m, d\u0142ugo\u015b\u0107 od 4m. Wytrzyma\u0142a g\u00f3rska szklarnia z poliw\u0119glanu o podw\u00f3jnej stalowej konstrukcji. Odporno\u015b\u0107 na warunki atmosferyczne i \u015bnieg. Specjalny poliw\u0119glan do szklarni z filtrem UV.    Szklarnia przejezdna z obu stron.<\/span><\/p>\n","protected":false},"featured_media":32505,"comment_status":"open","ping_status":"closed","template":"","meta":[],"product_brand":[419],"product_cat":[482,790,865],"product_tag":[],"class_list":{"0":"post-25629","1":"product","2":"type-product","3":"status-publish","4":"has-post-thumbnail","6":"product_brand-agroflex","7":"product_cat-bez-kategorii","8":"product_cat-imprezy-w-szklarniach-ogrodowych","9":"product_cat-szklarnie-lukowe","11":"first","12":"instock","13":"sale","14":"taxable","15":"shipping-taxable","16":"purchasable","17":"product-type-variable","18":"has-default-attributes"},"_links":{"self":[{"href":"https:\/\/agroflex.cz\/pl\/wp-json\/wp\/v2\/product\/25629","targetHints":{"allow":["GET"]}}],"collection":[{"href":"https:\/\/agroflex.cz\/pl\/wp-json\/wp\/v2\/product"}],"about":[{"href":"https:\/\/agroflex.cz\/pl\/wp-json\/wp\/v2\/types\/product"}],"replies":[{"embeddable":true,"href":"https:\/\/agroflex.cz\/pl\/wp-json\/wp\/v2\/comments?post=25629"}],"wp:featuredmedia":[{"embeddable":true,"href":"https:\/\/agroflex.cz\/pl\/wp-json\/wp\/v2\/media\/32505"}],"wp:attachment":[{"href":"https:\/\/agroflex.cz\/pl\/wp-json\/wp\/v2\/media?parent=25629"}],"wp:term":[{"taxonomy":"product_brand","embeddable":true,"href":"https:\/\/agroflex.cz\/pl\/wp-json\/wp\/v2\/product_brand?post=25629"},{"taxonomy":"product_cat","embeddable":true,"href":"https:\/\/agroflex.cz\/pl\/wp-json\/wp\/v2\/product_cat?post=25629"},{"taxonomy":"product_tag","embeddable":true,"href":"https:\/\/agroflex.cz\/pl\/wp-json\/wp\/v2\/product_tag?post=25629"}],"curies":[{"name":"wp","href":"https:\/\/api.w.org\/{rel}","templated":true}]}}