{"id":25939,"date":"2023-09-04T21:22:16","date_gmt":"2023-09-04T21:22:16","guid":{"rendered":"https:\/\/agroflex.cz\/product\/plyta-rdzenia-6mm-braz-21-x-2m\/"},"modified":"2025-09-20T14:36:48","modified_gmt":"2025-09-20T14:36:48","slug":"plyta-rdzenia-6mm-braz-21-x-2m","status":"publish","type":"product","link":"https:\/\/agroflex.cz\/pl\/produkt\/plyta-rdzenia-6mm-braz-21-x-2m\/","title":{"rendered":"P\u0142yta rdzenia 6mm br\u0105z &#8211; 2,1 x 2m"},"content":{"rendered":"<div class=\"wpb-content-wrapper\"><p>[vc_row][vc_column][vc_column_text css=&#8221;&#8221; woodmart_inline=&#8221;no&#8221; text_larger=&#8221;no&#8221;]<\/p>\n<h2 style=\"text-align: center;\">Poliw\u0119glan komorowy 6mm &#8211; br\u0105z<\/h2>\n<p>Arkusz poliw\u0119glanu 6 mm &#8211; kolor br\u0105zu, kom\u00f3rkowa dwu\u015bcienna p\u0142yta poliw\u0119glanowa. Deska jest lekka, odporna na uderzenia, \u0142atwa w monta\u017cu, umo\u017cliwia gi\u0119cie na zimno. Na przedniej stronie znajduje si\u0119 folia chroni\u0105ca przed promieniowaniem UV przed promieniowaniem UV, ochrona ta z g\u00f3ry przes\u0105dza o zastosowaniu poliw\u0119glanu na zewn\u0105trz, gdzie jest on nara\u017cony na niekorzystne zjawiska klimatyczne. Jednocze\u015bnie pusta struktura desek zapewnia zatrzymanie energii cieplnej w \u015brodku zim\u0105, a tym samym oszcz\u0119dno\u015b\u0107 koszt\u00f3w ogrzewania.   <\/p>\n<ul>\n<li>Nadaje si\u0119 do szklarni, parowc\u00f3w, okien piwnicznych, zadasze\u0144 basen\u00f3w, pergoli, szop gara\u017cowych itp.<\/li>\n<li>Usu\u0144 foli\u0119 ochronn\u0105 z ca\u0142ej powierzchni<\/li>\n<li>Kierunek kom\u00f3r powinien by\u0107 zawsze r\u00f3wnoleg\u0142y do kierunku wody na p\u0142ytach<\/li>\n<li>Otwarte kraw\u0119dzie poprzeczne desek uszczelni\u0107 ta\u015bm\u0105 wentylacyjn\u0105 lub ta\u015bm\u0105 aluminiow\u0105<\/li>\n<li>Umie\u015b\u0107 ko\u0144cowe profile U na poprzecznych kraw\u0119dziach desek za pomoc\u0105 ta\u015bmy wentylacyjnej lub ta\u015bmy aluminiowej<\/li>\n<\/ul>\n<p>[\/vc_column_text][\/vc_column][\/vc_row][vc_row][vc_column width=&#8221;1\/2&#8243;][vc_separator style=&#8221;shadow&#8221; border_width=&#8221;5&#8243; wd_hide_on_desktop=&#8221;no&#8221; wd_hide_on_tablet=&#8221;no&#8221; wd_hide_on_mobile=&#8221;no&#8221;][vc_column_text woodmart_inline=&#8221;no&#8221; text_larger=&#8221;no&#8221;]<\/p>\n<p style=\"text-align: center;\"><span style=\"color: #000000; font-size: 14pt;\"><strong>Parametry techniczne<br \/>\n<\/strong><\/span><\/p>\n<table>\n<tbody>\n<tr style=\"height: 24px;\">\n<td style=\"width: 205.217px; text-align: left; height: 24px;\">Wymiar p\u0142yty W-L<\/td>\n<td style=\"width: 257.283px; text-align: left; height: 24px;\">2100 &#8211; 2000 mm<\/td>\n<\/tr>\n<tr style=\"height: 24px;\">\n<td style=\"width: 205.217px; text-align: left; height: 10px;\">d\u0142ugo\u015b\u0107<\/td>\n<td style=\"width: 257.283px; text-align: left; height: 10px;\">w kierunku wn\u0119k<\/td>\n<\/tr>\n<tr style=\"height: 47px;\">\n<td style=\"width: 205.217px; text-align: left; height: 19px;\">grubo\u015b\u0107<\/td>\n<td style=\"width: 257.283px; text-align: left; height: 19px;\">6mm<\/td>\n<\/tr>\n<tr style=\"height: 24px;\">\n<td style=\"width: 205.217px; text-align: left; height: 10px;\">Waga<\/td>\n<p> powierzchni<\/p>\n<td style=\"width: 257.283px; text-align: left; height: 10px;\">1,3 kg\/m\u00b2<\/td>\n<\/tr>\n<tr style=\"height: 24px;\">\n<td style=\"width: 205.217px; text-align: left; height: 10px;\">Wsp\u00f3\u0142czynnik przenikania<\/td>\n<p> ciep\u0142a <\/p>\n<td style=\"width: 257.283px; text-align: left; height: 10px;\">K = 3,6 W\/m2K<\/td>\n<\/tr>\n<tr style=\"height: 24px;\">\n<td style=\"width: 205.217px; text-align: left; height: 10px;\">Koef. Rozszerzalno\u015b\u0107 cieplna <\/td>\n<td style=\"width: 257.283px; text-align: left; height: 10px;\">0,070 mm\/m \u00b0C<\/td>\n<\/tr>\n<tr style=\"height: 24px;\">\n<td style=\"width: 205.217px; text-align: left; height: 10px;\">promie\u0144 gi\u0119cia R<\/td>\n<td style=\"width: 257.283px; text-align: left; height: 10px;\">1000 mm<\/td>\n<\/tr>\n<tr style=\"height: 48px;\">\n<td style=\"width: 205.217px; text-align: left; height: 19px;\">stosowa\u0107 w przedziale temperatur od<\/td>\n<td style=\"width: 257.283px; text-align: left; height: 19px;\">Od -40 \u00ba\u0421 do +120 \u00ba\u0421.<\/td>\n<\/tr>\n<tr style=\"height: 24px;\">\n<td style=\"width: 205.217px; text-align: left; height: 10px;\">Ochrona przed<\/td>\n<p> promieniowaniem UV<\/p>\n<td style=\"width: 257.283px; text-align: left; height: 10px;\">tak<\/td>\n<\/tr>\n<tr style=\"height: 48px;\">\n<td style=\"width: 205.217px; text-align: left; height: 22px;\">Odporno\u015b\u0107 ogniowa<\/td>\n<td style=\"width: 257.283px; text-align: left; height: 22px;\">trudno palny, a p\u0142omie\u0144 sam ga\u015bnie<\/td>\n<\/tr>\n<tr style=\"height: 24px;\">\n<td style=\"width: 205.217px; text-align: left; height: 10px;\">\n odporny na grad<\/td>\n<td style=\"width: 257.283px; text-align: left; height: 10px;\">tak<\/td>\n<\/tr>\n<tr style=\"height: 24px;\">\n<td style=\"width: 205.217px; text-align: left; height: 10px;\">gwarancja<\/td>\n<td style=\"width: 257.283px; text-align: left; height: 10px;\">10 lat<\/td>\n<\/tr>\n<\/tbody>\n<\/table>\n<p>[\/vc_column_text][\/vc_column][vc_column width=&#8221;1\/2&#8243;][vc_separator style=&#8221;shadow&#8221; border_width=&#8221;5&#8243; wd_hide_on_desktop=&#8221;no&#8221; wd_hide_on_tablet=&#8221;no&#8221; wd_hide_on_mobile=&#8221;no&#8221;][vc_text_separator title=&#8221;Zalecane akcesoria :&#8221; title_align=&#8221;separator_align_left&#8221; align=&#8221;align_left&#8221;]<div class=\"widget_products \"><div class=\"widget woocommerce widget_products\"><ul class=\"product_list_widget\"><li>\n\t\t<span class=\"widget-product-wrap\">\n\t\t<a href=\"https:\/\/agroflex.cz\/pl\/produkt\/tasma-wentylacyjna-paroprzepuszczalna-antidust-3500\/\" title=\"Ta\u015bma wentylacyjna paroprzepuszczalna AntiDust 3500\" class=\"widget-product-img\">\n\t\t\t<img decoding=\"async\" width=\"300\" height=\"300\" src=\"https:\/\/agroflex.cz\/wp-content\/uploads\/2023\/09\/Ventilacni-paska-Antidust-300x300.jpg\" class=\"attachment-woocommerce_thumbnail size-woocommerce_thumbnail\" alt=\"\" srcset=\"https:\/\/agroflex.cz\/wp-content\/uploads\/2023\/09\/Ventilacni-paska-Antidust-300x300.jpg 300w, https:\/\/agroflex.cz\/wp-content\/uploads\/2023\/09\/Ventilacni-paska-Antidust-150x150.jpg 150w\" sizes=\"(max-width: 300px) 100vw, 300px\" \/>\t\t<\/a>\n\t\t<span class=\"widget-product-info\">\n\t\t\t<a href=\"https:\/\/agroflex.cz\/pl\/produkt\/tasma-wentylacyjna-paroprzepuszczalna-antidust-3500\/\" title=\"Ta\u015bma wentylacyjna paroprzepuszczalna AntiDust 3500\" class=\"wd-entities-title\">\n\t\t\t\tTa\u015bma wentylacyjna paroprzepuszczalna AntiDust 3500\t\t\t<\/a>\n\t\t\t\t\t\t\t<div class=\"star-rating\" role=\"img\" aria-label=\"Oceniono 5.00 na 5\"><span style=\"width:100%\">Oceniono <strong class=\"rating\">5.00<\/strong> na 5<\/span><\/div>\t\t\t\t\t\t<span class=\"price\"><span class=\"woocommerce-Price-amount amount\"><bdi>789<span class=\"woocommerce-Price-currencySymbol\">&#75;&#269;<\/span><\/bdi><\/span><\/span>\n\t\t<\/span>\n\t<\/span>\n\t<\/li>\n<\/ul><\/div><\/div>[\/vc_column][\/vc_row]<\/p>\n<\/div>","protected":false},"excerpt":{"rendered":"<p>Dwu\u015bcienne arkusze poliw\u0119glanu o grubo\u015bci 6 mm &#8211; s\u0105 to p\u0142askie (p\u0142askie) p\u0142yty kom\u00f3rkowe wykonane z niet\u0142uk\u0105cego si\u0119 POLIW\u0118GLANU z filtrem UV. S\u0105 doskona\u0142ym materia\u0142em do izolacji termicznej, niet\u0142uk\u0105cych si\u0119 przeszkle\u0144, o\u015bwietlenia i pokry\u0107 dachowych. Odporno\u015b\u0107 na warunki atmosferyczne.   Nadaje si\u0119 do szklarni, parowc\u00f3w, okien piwnicznych, zadasze\u0144 basen\u00f3w, pergoli, szop gara\u017cowych itp. Wymiary p\u0142yty (szeroko\u015b\u0107 x d\u0142ugo\u015b\u0107 w kierunku tulei): 2,1 x 2m &#8211; 4m2<\/p>\n","protected":false},"featured_media":15445,"comment_status":"closed","ping_status":"closed","template":"","meta":[],"product_brand":[419],"product_cat":[1303],"product_tag":[],"class_list":{"0":"post-25939","1":"product","2":"type-product","3":"status-publish","4":"has-post-thumbnail","6":"product_brand-agroflex","7":"product_cat-arkusze-poliweglanowe","9":"first","10":"instock","11":"sale","12":"taxable","13":"shipping-taxable","14":"purchasable","15":"product-type-simple"},"_links":{"self":[{"href":"https:\/\/agroflex.cz\/pl\/wp-json\/wp\/v2\/product\/25939","targetHints":{"allow":["GET"]}}],"collection":[{"href":"https:\/\/agroflex.cz\/pl\/wp-json\/wp\/v2\/product"}],"about":[{"href":"https:\/\/agroflex.cz\/pl\/wp-json\/wp\/v2\/types\/product"}],"replies":[{"embeddable":true,"href":"https:\/\/agroflex.cz\/pl\/wp-json\/wp\/v2\/comments?post=25939"}],"wp:featuredmedia":[{"embeddable":true,"href":"https:\/\/agroflex.cz\/pl\/wp-json\/wp\/v2\/media\/15445"}],"wp:attachment":[{"href":"https:\/\/agroflex.cz\/pl\/wp-json\/wp\/v2\/media?parent=25939"}],"wp:term":[{"taxonomy":"product_brand","embeddable":true,"href":"https:\/\/agroflex.cz\/pl\/wp-json\/wp\/v2\/product_brand?post=25939"},{"taxonomy":"product_cat","embeddable":true,"href":"https:\/\/agroflex.cz\/pl\/wp-json\/wp\/v2\/product_cat?post=25939"},{"taxonomy":"product_tag","embeddable":true,"href":"https:\/\/agroflex.cz\/pl\/wp-json\/wp\/v2\/product_tag?post=25939"}],"curies":[{"name":"wp","href":"https:\/\/api.w.org\/{rel}","templated":true}]}}