{"id":26038,"date":"2023-09-04T21:22:17","date_gmt":"2023-09-04T21:22:17","guid":{"rendered":"https:\/\/agroflex.cz\/product\/blacha-poliweglanowa-4mm-braz-21-x-6m\/"},"modified":"2023-09-04T21:22:17","modified_gmt":"2023-09-04T21:22:17","slug":"blacha-poliweglanowa-4mm-braz-21-x-6m","status":"publish","type":"product","link":"https:\/\/agroflex.cz\/pl\/produkt\/blacha-poliweglanowa-4mm-braz-21-x-6m\/","title":{"rendered":"Blacha poliw\u0119glanowa 4mm br\u0105z &#8211; 2,1 x 6m"},"content":{"rendered":"","protected":false},"excerpt":{"rendered":"<p>Dwu\u015bcienne arkusze poliw\u0119glanu o grubo\u015bci 4 mm &#8211; s\u0105 to p\u0142askie (proste) p\u0142yty kom\u00f3rkowe wykonane z niet\u0142uk\u0105cego si\u0119 POLIW\u0118GLANU z filtrem UV. S\u0105 doskona\u0142ym materia\u0142em do izolacji termicznej, niet\u0142uk\u0105cych si\u0119 przeszkle\u0144, o\u015bwietlenia i pokry\u0107 dachowych. Odporno\u015b\u0107 na warunki atmosferyczne. Nadaje si\u0119 do szklarni, parowc\u00f3w, okien piwnicznych, zadasze\u0144 basen\u00f3w, pergoli, szop gara\u017cowych itp. Wymiary p\u0142yty (szeroko\u015b\u0107 x d\u0142ugo\u015b\u0107 w kierunku rdzeni): 2,1 x 6m &#8211; 12m2    <\/p>\n","protected":false},"featured_media":15445,"comment_status":"closed","ping_status":"closed","template":"","meta":[],"product_brand":[419],"product_cat":[1303],"product_tag":[],"class_list":{"0":"post-26038","1":"product","2":"type-product","3":"status-publish","4":"has-post-thumbnail","6":"product_brand-agroflex","7":"product_cat-arkusze-poliweglanowe","9":"first","10":"instock","11":"taxable","12":"shipping-taxable","13":"purchasable","14":"product-type-simple"},"_links":{"self":[{"href":"https:\/\/agroflex.cz\/pl\/wp-json\/wp\/v2\/product\/26038","targetHints":{"allow":["GET"]}}],"collection":[{"href":"https:\/\/agroflex.cz\/pl\/wp-json\/wp\/v2\/product"}],"about":[{"href":"https:\/\/agroflex.cz\/pl\/wp-json\/wp\/v2\/types\/product"}],"replies":[{"embeddable":true,"href":"https:\/\/agroflex.cz\/pl\/wp-json\/wp\/v2\/comments?post=26038"}],"wp:featuredmedia":[{"embeddable":true,"href":"https:\/\/agroflex.cz\/pl\/wp-json\/wp\/v2\/media\/15445"}],"wp:attachment":[{"href":"https:\/\/agroflex.cz\/pl\/wp-json\/wp\/v2\/media?parent=26038"}],"wp:term":[{"taxonomy":"product_brand","embeddable":true,"href":"https:\/\/agroflex.cz\/pl\/wp-json\/wp\/v2\/product_brand?post=26038"},{"taxonomy":"product_cat","embeddable":true,"href":"https:\/\/agroflex.cz\/pl\/wp-json\/wp\/v2\/product_cat?post=26038"},{"taxonomy":"product_tag","embeddable":true,"href":"https:\/\/agroflex.cz\/pl\/wp-json\/wp\/v2\/product_tag?post=26038"}],"curies":[{"name":"wp","href":"https:\/\/api.w.org\/{rel}","templated":true}]}}