{"id":26619,"date":"2024-04-22T16:26:53","date_gmt":"2024-04-22T16:26:53","guid":{"rendered":"https:\/\/agroflex.cz\/product\/listwa-laczaca-h-poliweglan-10mm\/"},"modified":"2024-04-22T16:26:53","modified_gmt":"2024-04-22T16:26:53","slug":"listwa-laczaca-h-poliweglan-10mm","status":"publish","type":"product","link":"https:\/\/agroflex.cz\/pl\/produkt\/listwa-laczaca-h-poliweglan-10mm\/","title":{"rendered":"Listwa \u0142\u0105cz\u0105ca H poliw\u0119glan 10mm"},"content":{"rendered":"","protected":false},"excerpt":{"rendered":"<p>Oryginalny profil \u0142\u0105cz\u0105cy z poliw\u0119glanu typu H przeznaczony do \u0142\u0105czenia pustych w \u015brodku arkuszy poliw\u0119glanu o grubo\u015bci 8 mm. Do wi\u0119kszych pokry\u0107 dachowych np. pergoli, miejsc parkingowych, szklarni wykonanych z przezroczystego poliw\u0119glanu 8mm.  <\/p>\n","protected":false},"featured_media":11790,"comment_status":"open","ping_status":"closed","template":"","meta":[],"product_brand":[419],"product_cat":[499,1321,1303],"product_tag":[],"class_list":{"0":"post-26619","1":"product","2":"type-product","3":"status-publish","4":"has-post-thumbnail","6":"product_brand-agroflex","7":"product_cat-akcesoria","8":"product_cat-elementy-montazowe","9":"product_cat-arkusze-poliweglanowe","11":"first","12":"instock","13":"taxable","14":"shipping-taxable","15":"purchasable","16":"product-type-variable"},"_links":{"self":[{"href":"https:\/\/agroflex.cz\/pl\/wp-json\/wp\/v2\/product\/26619","targetHints":{"allow":["GET"]}}],"collection":[{"href":"https:\/\/agroflex.cz\/pl\/wp-json\/wp\/v2\/product"}],"about":[{"href":"https:\/\/agroflex.cz\/pl\/wp-json\/wp\/v2\/types\/product"}],"replies":[{"embeddable":true,"href":"https:\/\/agroflex.cz\/pl\/wp-json\/wp\/v2\/comments?post=26619"}],"wp:featuredmedia":[{"embeddable":true,"href":"https:\/\/agroflex.cz\/pl\/wp-json\/wp\/v2\/media\/11790"}],"wp:attachment":[{"href":"https:\/\/agroflex.cz\/pl\/wp-json\/wp\/v2\/media?parent=26619"}],"wp:term":[{"taxonomy":"product_brand","embeddable":true,"href":"https:\/\/agroflex.cz\/pl\/wp-json\/wp\/v2\/product_brand?post=26619"},{"taxonomy":"product_cat","embeddable":true,"href":"https:\/\/agroflex.cz\/pl\/wp-json\/wp\/v2\/product_cat?post=26619"},{"taxonomy":"product_tag","embeddable":true,"href":"https:\/\/agroflex.cz\/pl\/wp-json\/wp\/v2\/product_tag?post=26619"}],"curies":[{"name":"wp","href":"https:\/\/api.w.org\/{rel}","templated":true}]}}