{"id":27240,"date":"2023-09-04T21:00:34","date_gmt":"2023-09-04T21:00:34","guid":{"rendered":"https:\/\/agroflex.cz\/product\/listwa-koncowa-typu-u-do-poliweglanu-4-6-8-10-mm\/"},"modified":"2026-04-01T11:57:27","modified_gmt":"2026-04-01T11:57:27","slug":"listwa-koncowa-typu-u-do-poliweglanu-4-6-8-10-mm","status":"publish","type":"product","link":"https:\/\/agroflex.cz\/pl\/produkt\/listwa-koncowa-typu-u-do-poliweglanu-4-6-8-10-mm\/","title":{"rendered":"Listwa ko\u0144cowa typu U do poliw\u0119glanu &#8211; 4, 6, 8, 10 mm"},"content":{"rendered":"","protected":false},"excerpt":{"rendered":"<p>Ten profil wyko\u0144czeniowy nadaje si\u0119 do wyka\u0144czania ze wszystkich stron. Jest to lita lita ta\u015bma poliw\u0119glanowa o d\u0142ugo\u015bci 2100 mm. Listwa zosta\u0142a zaprojektowana jako U i jest umieszczona na kraw\u0119dzi arkusza poliw\u0119glanu 4mm, 6mm, 8mm, 10mm. Przeznaczony do szczelnego zamykania i oklejania pustych arkuszy poliw\u0119glanu. Aby prawid\u0142owo zamkn\u0105\u0107 arkusz poliw\u0119glanu, nale\u017cy najpierw wy\u0142o\u017cy\u0107 pokrycie dachowe ta\u015bm\u0105 uszczelniaj\u0105c\u0105 wentylacyjn\u0105, a nast\u0119pnie przymocowa\u0107 je profilem wyko\u0144czeniowym. Ta\u015bma zapobiega wnikaniu wilgoci w zag\u0142\u0119bienia deski, gdzie nie osadza si\u0119 brud i nie tworz\u0105 si\u0119 glony. Listwa przypod\u0142ogowa nie musi by\u0107 uszczelniana\/uszczelniana neutralnym silikonem.      <\/p>\n","protected":false},"featured_media":11680,"comment_status":"open","ping_status":"closed","template":"","meta":[],"product_brand":[419],"product_cat":[499,1315,1303],"product_tag":[],"class_list":{"0":"post-27240","1":"product","2":"type-product","3":"status-publish","4":"has-post-thumbnail","6":"product_brand-agroflex","7":"product_cat-akcesoria","8":"product_cat-krawedziowanie-plyt-pc","9":"product_cat-arkusze-poliweglanowe","11":"first","12":"instock","13":"taxable","14":"shipping-taxable","15":"purchasable","16":"product-type-variable","17":"has-default-attributes"},"_links":{"self":[{"href":"https:\/\/agroflex.cz\/pl\/wp-json\/wp\/v2\/product\/27240","targetHints":{"allow":["GET"]}}],"collection":[{"href":"https:\/\/agroflex.cz\/pl\/wp-json\/wp\/v2\/product"}],"about":[{"href":"https:\/\/agroflex.cz\/pl\/wp-json\/wp\/v2\/types\/product"}],"replies":[{"embeddable":true,"href":"https:\/\/agroflex.cz\/pl\/wp-json\/wp\/v2\/comments?post=27240"}],"wp:featuredmedia":[{"embeddable":true,"href":"https:\/\/agroflex.cz\/pl\/wp-json\/wp\/v2\/media\/11680"}],"wp:attachment":[{"href":"https:\/\/agroflex.cz\/pl\/wp-json\/wp\/v2\/media?parent=27240"}],"wp:term":[{"taxonomy":"product_brand","embeddable":true,"href":"https:\/\/agroflex.cz\/pl\/wp-json\/wp\/v2\/product_brand?post=27240"},{"taxonomy":"product_cat","embeddable":true,"href":"https:\/\/agroflex.cz\/pl\/wp-json\/wp\/v2\/product_cat?post=27240"},{"taxonomy":"product_tag","embeddable":true,"href":"https:\/\/agroflex.cz\/pl\/wp-json\/wp\/v2\/product_tag?post=27240"}],"curies":[{"name":"wp","href":"https:\/\/api.w.org\/{rel}","templated":true}]}}