{"id":27616,"date":"2023-09-04T21:00:36","date_gmt":"2023-09-04T21:00:36","guid":{"rendered":"https:\/\/agroflex.cz\/product\/aero-100-automatyczny-otwieracz-do-okien-szklarniowych\/"},"modified":"2025-09-20T14:40:47","modified_gmt":"2025-09-20T14:40:47","slug":"aero-100-automatyczny-otwieracz-do-okien-szklarniowych","status":"publish","type":"product","link":"https:\/\/agroflex.cz\/pl\/produkt\/aero-100-automatyczny-otwieracz-do-okien-szklarniowych\/","title":{"rendered":"AERO-100 Automatyczny otwieracz do okien szklarniowych"},"content":{"rendered":"<div class=\"wpb-content-wrapper\"><p>[vc_row][vc_column][vc_column_text text_larger=&#8221;no&#8221;]<\/p>\n<h3 style=\"text-align: center;\"><strong>  AERO-100 Uniwersalny automatyczny otwieracz<br \/>\n<\/strong><\/h3>\n<p>Automatyczny nap\u0119d do kontroli temperatury: otwieranie\/zamykanie lewych i prawych drzwi, okien, szklarni ogrodowych i przemys\u0142owych.<\/p>\n<p>Warunki pracy: w temperaturach od -20 do + 60\u0421, wilgotno\u015b\u0107 do 98%, obci\u0105\u017cenie (ci\u0119\u017car konstrukcji i wiatru) na wysuwanym pr\u0119cie 100 + 20 kg.<\/p>\n<p><strong>Wysok\u0105 niezawodno\u015b\u0107 zapewniaj\u0105 nast\u0119puj\u0105ce elementy:<\/strong><\/p>\n<ul>\n<li>Obudowa stalowa z nap\u0119dem termicznym;<\/li>\n<li>gruba wysuwana \u0142odyga; zawiasy stalowe (\u0142o\u017cyska kulkowe);<\/li>\n<li>mechaniczna spr\u0119\u017cyna powrotna;<\/li>\n<li>Stalowe uchwyty uniwersalne.<\/li>\n<\/ul>\n<p>Maszyna reaguje wra\u017cliwie na zmiany temperatury i pozwala na prac\u0119 w niesprzyjaj\u0105cych warunkach atmosferycznych, ma d\u0142ug\u0105 \u017cywotno\u015b\u0107 &#8211; do 10 lat. \u0141atwo\u015b\u0107 monta\u017cu zapewnia konstrukcja produktu, niezawodne uniwersalne wsporniki, kt\u00f3re pozwalaj\u0105 na monta\u017c produktu na wszystkich typach drzwi, skrzyde\u0142 okiennych i poprzeczek. <\/p>\n<p>Wysoka szybko\u015b\u0107 reakcji przy zmianie temperatury jest zapewniona dzi\u0119ki nowej recepturze cylindra nape\u0142niaj\u0105cego z termo\u017celem. kolor korpusu cylindra zapewnia zwi\u0119kszony transfer ciep\u0142a z otoczenia do \u017celu cylindra i z powrotem. Te cechy agregacji zapewniaj\u0105 szybki i p\u0142ynny ruch zapas\u00f3w. Pozwala na si\u0142owe otwarcie drzwi w temperaturze + 50 \u00b0 C i wy\u017cszej.   <\/p>\n<table>\n<tbody>\n<tr>\n<td style=\"width: 224px;\"><\/td>\n<\/tr>\n<\/tbody>\n<\/table>\n<p><a href=\"https:\/\/agroflex.cz\/wp-content\/uploads\/2020\/04\/Mont%C3%A1%C5%BEn%C3%AD-n%C3%A1vod-%E2%80%93-AERO-100_CZ1.pdf\" target=\"_blank\" rel=\"noopener\">Instrukcja monta\u017cu &#8211; AERO-100_CZ<\/a><br \/>\n<a href=\"https:\/\/agroflex.cz\/wp-content\/uploads\/2019\/06\/Navod-Otevirac-Aero-100-EN.pdf\">Instrukcja monta\u017cu &#8211; AERO-100_EN<\/a>[\/vc_column_text][\/vc_column][\/vc_row][vc_row][vc_column][vc_column_text text_larger=&#8221;no&#8221;]<\/p>\n<h3 style=\"text-align: center;\"><strong>Specyfikacja:<\/strong><\/h3>\n<table>\n<tbody>\n<tr style=\"height: 31px;\">\n<td style=\"width: 448.3px; height: 31px;\">Ci\u0119\u017car monta\u017cowy<\/td>\n<td style=\"width: 147.2px; height: 31px; text-align: left;\">0,75 kg<\/td>\n<\/tr>\n<tr style=\"height: 30px;\">\n<td style=\"width: 448.3px; height: 18px;\">Nap\u0119d termiczny cylindra stalowego:<\/p>\n<p>&#8211;<span style=\"font-size: 10pt;\"> d\u0142ugo\u015b\u0107;<\/span><\/p>\n<p>-\u015brednica.<\/td>\n<td style=\"width: 147.2px; height: 18px; text-align: left;\">\n<p>350 \u043c\u043c;<\/p>\n<p>22 \u043c\u043c.<\/td>\n<\/tr>\n<tr style=\"height: 35px;\">\n<td style=\"width: 448.3px; height: 35px;\">Czas wyd\u0142u\u017cenia t\u0142oczyska, gdy temperatura cylindra zmienia si\u0119 z 20 na 35 \u00b0C<\/td>\n<td style=\"width: 147.2px; height: 35px; text-align: left;\">do 40 min<\/td>\n<\/tr>\n<tr style=\"height: 32px;\">\n<td style=\"width: 448.3px; height: 32px;\">Czas w\u0142o\u017cenia pr\u0119ta, gdy temperatura cylindra zmienia si\u0119 z 35 na 16 \u00b0C<\/td>\n<td style=\"width: 147.2px; height: 32px; text-align: left;\">do 40 min<\/td>\n<\/tr>\n<tr style=\"height: 24px;\">\n<td style=\"width: 448.3px; height: 24px;\">Spr\u0119\u017cyna nawojowa, stalowa, ocynkowana<\/td>\n<td style=\"width: 147.2px; height: 24px; text-align: left;\">Wytrzyma\u0142o\u015b\u0107 od 4 do 10 kg.<\/td>\n<\/tr>\n<\/tbody>\n<\/table>\n<p>&nbsp;<\/p>\n<p>[\/vc_column_text][\/vc_column][\/vc_row]<\/p>\n<\/div>","protected":false},"excerpt":{"rendered":"<p>Automatyczny uniwersalny nap\u0119d przeznaczony do regulacji temperatury &#8211; otwieranie \/ zamykanie os\u0142on drzwiowych, okien dachowych i bocznych do szklarni ogrodowych i przemys\u0142owych. Warunki pracy w temperaturach od -20 do + 60\u0421, wilgotno\u015b\u0107 do 98%. Stalowa obudowa nap\u0119du cieplnego. Stalowe uchwyty uniwersalne   <\/p>\n","protected":false},"featured_media":32407,"comment_status":"open","ping_status":"closed","template":"","meta":[],"product_brand":[419],"product_cat":[499,1339],"product_tag":[],"class_list":{"0":"post-27616","1":"product","2":"type-product","3":"status-publish","4":"has-post-thumbnail","6":"product_brand-agroflex","7":"product_cat-akcesoria","8":"product_cat-okna-wentylacyjne","10":"first","11":"instock","12":"sale","13":"taxable","14":"shipping-taxable","15":"purchasable","16":"product-type-simple"},"_links":{"self":[{"href":"https:\/\/agroflex.cz\/pl\/wp-json\/wp\/v2\/product\/27616","targetHints":{"allow":["GET"]}}],"collection":[{"href":"https:\/\/agroflex.cz\/pl\/wp-json\/wp\/v2\/product"}],"about":[{"href":"https:\/\/agroflex.cz\/pl\/wp-json\/wp\/v2\/types\/product"}],"replies":[{"embeddable":true,"href":"https:\/\/agroflex.cz\/pl\/wp-json\/wp\/v2\/comments?post=27616"}],"wp:featuredmedia":[{"embeddable":true,"href":"https:\/\/agroflex.cz\/pl\/wp-json\/wp\/v2\/media\/32407"}],"wp:attachment":[{"href":"https:\/\/agroflex.cz\/pl\/wp-json\/wp\/v2\/media?parent=27616"}],"wp:term":[{"taxonomy":"product_brand","embeddable":true,"href":"https:\/\/agroflex.cz\/pl\/wp-json\/wp\/v2\/product_brand?post=27616"},{"taxonomy":"product_cat","embeddable":true,"href":"https:\/\/agroflex.cz\/pl\/wp-json\/wp\/v2\/product_cat?post=27616"},{"taxonomy":"product_tag","embeddable":true,"href":"https:\/\/agroflex.cz\/pl\/wp-json\/wp\/v2\/product_tag?post=27616"}],"curies":[{"name":"wp","href":"https:\/\/api.w.org\/{rel}","templated":true}]}}