{"id":27950,"date":"2023-09-04T21:00:37","date_gmt":"2023-09-04T21:00:37","guid":{"rendered":"https:\/\/agroflex.cz\/product\/okno-wentylacyjne-profi\/"},"modified":"2023-09-04T21:00:37","modified_gmt":"2023-09-04T21:00:37","slug":"okno-wentylacyjne-profi","status":"publish","type":"product","link":"https:\/\/agroflex.cz\/pl\/produkt\/okno-wentylacyjne-profi\/","title":{"rendered":"Okno wentylacyjne &#8211; PROFI"},"content":{"rendered":"<p><strong> <\/strong><\/p>\n<p>&nbsp;<\/p>\n<p>&nbsp;<\/p>\n","protected":false},"excerpt":{"rendered":"<p>Okno wentylacyjne dachowe s\u0142u\u017cy do regulacji temperatury wewn\u0119trznej w szklarni. to oryginalny produkt rozporowy do wytrzyma\u0142ej szklarni ogrodowej \u0142ukowej z poliw\u0119glanu Titan. O\u015bcie\u017cnica okienna wykonana jest, podobnie jak ca\u0142a szklarnia, z profilowanego ocynkowanego. Stali. Okno wentylacyjne jest w pe\u0142ni kompatybilne z automatycznym otwieraczem Aero-100, Thermovent, Univent, Megavent, kt\u00f3re mo\u017cna zam\u00f3wi\u0107 z tym oknem. Opakowanie zawiera wszystkie niezb\u0119dne elementy monta\u017cowe.     <\/p>\n","protected":false},"featured_media":11793,"comment_status":"open","ping_status":"closed","template":"","meta":[],"product_brand":[419],"product_cat":[499,1339],"product_tag":[],"class_list":{"0":"post-27950","1":"product","2":"type-product","3":"status-publish","4":"has-post-thumbnail","6":"product_brand-agroflex","7":"product_cat-akcesoria","8":"product_cat-okna-wentylacyjne","10":"first","11":"instock","12":"taxable","13":"shipping-taxable","14":"purchasable","15":"product-type-simple"},"_links":{"self":[{"href":"https:\/\/agroflex.cz\/pl\/wp-json\/wp\/v2\/product\/27950","targetHints":{"allow":["GET"]}}],"collection":[{"href":"https:\/\/agroflex.cz\/pl\/wp-json\/wp\/v2\/product"}],"about":[{"href":"https:\/\/agroflex.cz\/pl\/wp-json\/wp\/v2\/types\/product"}],"replies":[{"embeddable":true,"href":"https:\/\/agroflex.cz\/pl\/wp-json\/wp\/v2\/comments?post=27950"}],"wp:featuredmedia":[{"embeddable":true,"href":"https:\/\/agroflex.cz\/pl\/wp-json\/wp\/v2\/media\/11793"}],"wp:attachment":[{"href":"https:\/\/agroflex.cz\/pl\/wp-json\/wp\/v2\/media?parent=27950"}],"wp:term":[{"taxonomy":"product_brand","embeddable":true,"href":"https:\/\/agroflex.cz\/pl\/wp-json\/wp\/v2\/product_brand?post=27950"},{"taxonomy":"product_cat","embeddable":true,"href":"https:\/\/agroflex.cz\/pl\/wp-json\/wp\/v2\/product_cat?post=27950"},{"taxonomy":"product_tag","embeddable":true,"href":"https:\/\/agroflex.cz\/pl\/wp-json\/wp\/v2\/product_tag?post=27950"}],"curies":[{"name":"wp","href":"https:\/\/api.w.org\/{rel}","templated":true}]}}