{"id":28009,"date":"2023-09-04T21:00:37","date_gmt":"2023-09-04T21:00:37","guid":{"rendered":"https:\/\/agroflex.cz\/product\/zestaw-uszczelek-do-szklarni\/"},"modified":"2023-09-04T21:00:37","modified_gmt":"2023-09-04T21:00:37","slug":"zestaw-uszczelek-do-szklarni","status":"publish","type":"product","link":"https:\/\/agroflex.cz\/pl\/produkt\/zestaw-uszczelek-do-szklarni\/","title":{"rendered":"Zestaw uszczelek do szklarni"},"content":{"rendered":"","protected":false},"excerpt":{"rendered":"<p>Uniwersalne uszczelki do szklarni ogrodowych. W komplecie znajduj\u0105 si\u0119 uszczelki do przednich \u0142uk\u00f3w szklarni UT3 &#8211; 11,4m (s\u0142u\u017c\u0105ce do zako\u0144czenia \u015bciany wej\u015bciowej tak, aby kontakt mi\u0119dzy poszyciem dachu a frontami szklarni by\u0142 odpowiednio uszczelniony), uszczelki UT2 &#8211; 12,2 do drzwi w tym zawias\u00f3w i okien. Uszczelnienie do budowy szklarni nie jest absolutnie konieczne, szklarnie bez niego s\u0105 w pe\u0142ni u\u017cyteczne. W przypadku pe\u0142nowarto\u015bciowej uszczelki zalecamy zam\u00f3wienie uszczelki dodatkowo.   <\/p>\n","protected":false},"featured_media":0,"comment_status":"open","ping_status":"closed","template":"","meta":[],"product_brand":[419],"product_cat":[499,1333],"product_tag":[],"class_list":{"0":"post-28009","1":"product","2":"type-product","3":"status-publish","5":"product_brand-agroflex","6":"product_cat-akcesoria","7":"product_cat-foka","9":"first","10":"outofstock","11":"taxable","12":"shipping-taxable","13":"purchasable","14":"product-type-simple"},"_links":{"self":[{"href":"https:\/\/agroflex.cz\/pl\/wp-json\/wp\/v2\/product\/28009","targetHints":{"allow":["GET"]}}],"collection":[{"href":"https:\/\/agroflex.cz\/pl\/wp-json\/wp\/v2\/product"}],"about":[{"href":"https:\/\/agroflex.cz\/pl\/wp-json\/wp\/v2\/types\/product"}],"replies":[{"embeddable":true,"href":"https:\/\/agroflex.cz\/pl\/wp-json\/wp\/v2\/comments?post=28009"}],"wp:attachment":[{"href":"https:\/\/agroflex.cz\/pl\/wp-json\/wp\/v2\/media?parent=28009"}],"wp:term":[{"taxonomy":"product_brand","embeddable":true,"href":"https:\/\/agroflex.cz\/pl\/wp-json\/wp\/v2\/product_brand?post=28009"},{"taxonomy":"product_cat","embeddable":true,"href":"https:\/\/agroflex.cz\/pl\/wp-json\/wp\/v2\/product_cat?post=28009"},{"taxonomy":"product_tag","embeddable":true,"href":"https:\/\/agroflex.cz\/pl\/wp-json\/wp\/v2\/product_tag?post=28009"}],"curies":[{"name":"wp","href":"https:\/\/api.w.org\/{rel}","templated":true}]}}