{"id":28377,"date":"2023-09-04T21:00:38","date_gmt":"2023-09-04T21:00:38","guid":{"rendered":"https:\/\/agroflex.cz\/product\/listwa-laczaca-h-poliweglan-4mm-6mm\/"},"modified":"2023-09-04T21:00:38","modified_gmt":"2023-09-04T21:00:38","slug":"listwa-laczaca-h-poliweglan-4mm-6mm","status":"publish","type":"product","link":"https:\/\/agroflex.cz\/pl\/produkt\/listwa-laczaca-h-poliweglan-4mm-6mm\/","title":{"rendered":"Listwa \u0142\u0105cz\u0105ca H poliw\u0119glan 4mm, 6mm"},"content":{"rendered":"","protected":false},"excerpt":{"rendered":"<p>Oryginalny profil \u0142\u0105cz\u0105cy z poliw\u0119glanu typu H przeznaczony do \u0142\u0105czenia pustych w \u015brodku arkuszy poliw\u0119glanu. Do wi\u0119kszych pokry\u0107 dachowych np. pergoli, miejsc parkingowych, szklarni wykonanych z przezroczystego poliw\u0119glanu.  <\/p>\n","protected":false},"featured_media":11790,"comment_status":"open","ping_status":"closed","template":"","meta":[],"product_brand":[419],"product_cat":[1303,499,1315,1321],"product_tag":[],"class_list":{"0":"post-28377","1":"product","2":"type-product","3":"status-publish","4":"has-post-thumbnail","6":"product_brand-agroflex","7":"product_cat-arkusze-poliweglanowe","8":"product_cat-akcesoria","9":"product_cat-krawedziowanie-plyt-pc","10":"product_cat-elementy-montazowe","12":"first","13":"instock","14":"sale","15":"taxable","16":"shipping-taxable","17":"purchasable","18":"product-type-variable"},"_links":{"self":[{"href":"https:\/\/agroflex.cz\/pl\/wp-json\/wp\/v2\/product\/28377","targetHints":{"allow":["GET"]}}],"collection":[{"href":"https:\/\/agroflex.cz\/pl\/wp-json\/wp\/v2\/product"}],"about":[{"href":"https:\/\/agroflex.cz\/pl\/wp-json\/wp\/v2\/types\/product"}],"replies":[{"embeddable":true,"href":"https:\/\/agroflex.cz\/pl\/wp-json\/wp\/v2\/comments?post=28377"}],"wp:featuredmedia":[{"embeddable":true,"href":"https:\/\/agroflex.cz\/pl\/wp-json\/wp\/v2\/media\/11790"}],"wp:attachment":[{"href":"https:\/\/agroflex.cz\/pl\/wp-json\/wp\/v2\/media?parent=28377"}],"wp:term":[{"taxonomy":"product_brand","embeddable":true,"href":"https:\/\/agroflex.cz\/pl\/wp-json\/wp\/v2\/product_brand?post=28377"},{"taxonomy":"product_cat","embeddable":true,"href":"https:\/\/agroflex.cz\/pl\/wp-json\/wp\/v2\/product_cat?post=28377"},{"taxonomy":"product_tag","embeddable":true,"href":"https:\/\/agroflex.cz\/pl\/wp-json\/wp\/v2\/product_tag?post=28377"}],"curies":[{"name":"wp","href":"https:\/\/api.w.org\/{rel}","templated":true}]}}