{"id":28417,"date":"2023-09-04T21:00:39","date_gmt":"2023-09-04T21:00:39","guid":{"rendered":"https:\/\/agroflex.cz\/product\/wkret-samogwintujacy-do-blachy-55-x-32-mm-szesciokatny-ocynkowany-podkladka-i-guma-uszczelniajaca\/"},"modified":"2023-09-04T21:00:39","modified_gmt":"2023-09-04T21:00:39","slug":"wkret-samogwintujacy-do-blachy-55-x-32-mm-szesciokatny-ocynkowany-podkladka-i-guma-uszczelniajaca","status":"publish","type":"product","link":"https:\/\/agroflex.cz\/pl\/produkt\/wkret-samogwintujacy-do-blachy-55-x-32-mm-szesciokatny-ocynkowany-podkladka-i-guma-uszczelniajaca\/","title":{"rendered":"Wkr\u0119t samogwintuj\u0105cy do blachy &#8211; 5,5 x 32 mm &#8211; sze\u015bciok\u0105tny &#8211; ocynkowany &#8211; podk\u0142adka i guma uszczelniaj\u0105ca"},"content":{"rendered":"","protected":false},"excerpt":{"rendered":"<p>\u015aruba dachowa do \u017celaza<\/p>\n<p>Wysokiej jako\u015bci \u015bruba o wymiarach 5,5 x 32 mm &#8211; sze\u015bciok\u0105tny z podk\u0142adk\u0105 i gum\u0105 uszczelniaj\u0105c\u0105, ocynkowana. Wkr\u0119t wyposa\u017cony jest w ko\u0144c\u00f3wk\u0119 wiertarsk\u0105 do metalu, mo\u017cliwo\u015b\u0107 wiercenia wynosi 2 &#8211; 8 mm grubo\u015bci materia\u0142u. Minimalna grubo\u015b\u0107 pod\u0142o\u017ca: 1mm. Przeznaczony do mocowania do dach\u00f3w trapezowych \/ blaszanych, przezroczyste pokrycia dachowe w konstrukcjach stalowych. Zu\u017cycie min. 11 szt.\/m2<br \/>\nJedno opakowanie zawiera 20 szt.    <\/p>\n","protected":false},"featured_media":11827,"comment_status":"open","ping_status":"closed","template":"","meta":[],"product_brand":[],"product_cat":[499,1321,1303],"product_tag":[],"class_list":{"0":"post-28417","1":"product","2":"type-product","3":"status-publish","4":"has-post-thumbnail","6":"product_cat-akcesoria","7":"product_cat-elementy-montazowe","8":"product_cat-arkusze-poliweglanowe","10":"first","11":"outofstock","12":"taxable","13":"shipping-taxable","14":"purchasable","15":"product-type-simple"},"_links":{"self":[{"href":"https:\/\/agroflex.cz\/pl\/wp-json\/wp\/v2\/product\/28417","targetHints":{"allow":["GET"]}}],"collection":[{"href":"https:\/\/agroflex.cz\/pl\/wp-json\/wp\/v2\/product"}],"about":[{"href":"https:\/\/agroflex.cz\/pl\/wp-json\/wp\/v2\/types\/product"}],"replies":[{"embeddable":true,"href":"https:\/\/agroflex.cz\/pl\/wp-json\/wp\/v2\/comments?post=28417"}],"wp:featuredmedia":[{"embeddable":true,"href":"https:\/\/agroflex.cz\/pl\/wp-json\/wp\/v2\/media\/11827"}],"wp:attachment":[{"href":"https:\/\/agroflex.cz\/pl\/wp-json\/wp\/v2\/media?parent=28417"}],"wp:term":[{"taxonomy":"product_brand","embeddable":true,"href":"https:\/\/agroflex.cz\/pl\/wp-json\/wp\/v2\/product_brand?post=28417"},{"taxonomy":"product_cat","embeddable":true,"href":"https:\/\/agroflex.cz\/pl\/wp-json\/wp\/v2\/product_cat?post=28417"},{"taxonomy":"product_tag","embeddable":true,"href":"https:\/\/agroflex.cz\/pl\/wp-json\/wp\/v2\/product_tag?post=28417"}],"curies":[{"name":"wp","href":"https:\/\/api.w.org\/{rel}","templated":true}]}}