{"id":28755,"date":"2023-09-04T21:00:39","date_gmt":"2023-09-04T21:00:39","guid":{"rendered":"https:\/\/agroflex.cz\/product\/agroflex-alto-siedlisko-mala-szklarnia\/"},"modified":"2025-09-20T14:42:12","modified_gmt":"2025-09-20T14:42:12","slug":"agroflex-alto-siedlisko-mala-szklarnia","status":"publish","type":"product","link":"https:\/\/agroflex.cz\/pl\/produkt\/agroflex-alto-siedlisko-mala-szklarnia\/","title":{"rendered":"Agroflex ALTO &#8211; siedlisko &#8211; ma\u0142a szklarnia"},"content":{"rendered":"<div class=\"wpb-content-wrapper\"><p>[vc_row][vc_column][vc_separator style=&#8221;shadow&#8221; border_width=&#8221;5&#8243;][vc_column_text text_larger=&#8221;no&#8221; woodmart_inline=&#8221;no&#8221;]<\/p>\n<h2 style=\"text-align: center;\">Agregaty z poliw\u0119glanu Agroflex &#8211; ALTO<\/h2>\n<p>Siedlisko Alto &#8211; wygoda i praktyczno\u015b\u0107. \u0141atwy i szybki dost\u0119p do wszystkich zak\u0105tk\u00f3w. Specjalne uchwyty nie pozwalaj\u0105 na zamkni\u0119cie otwartych cz\u0119\u015bci. Idealny do sadzenia i uprawy pomidor\u00f3w i og\u00f3rk\u00f3w. Rozmiar otworu wynosi 2000 mm, do mocowania s\u0142u\u017c\u0105 metalowe wsporniki. S\u0105 zamykane na noc, pomagaj\u0105 ro\u015blinom zatrzymywa\u0107 ciep\u0142o nagromadzone w ci\u0105gu dnia, podwajaj\u0105 wzrost i wspomagaj\u0105 rozw\u00f3j (s\u0142u\u017c\u0105 do sadzonek).     <\/p>\n<p>Rama szklarni o obci\u0105\u017ceniu do 100 kg wykonana z wysokiej jako\u015bci stali ocynkowanej 20\u00d720 jest ocynkowana na zewn\u0105trz i wewn\u0105trz, dzi\u0119ki czemu nie b\u0119dziesz si\u0119 ba\u0142 ci\u0119cia przez ca\u0142y okres eksploatacji. Jekl o grubo\u015bci metalu 1,2 mm, czyli wi\u0119cej ni\u017c podobne szklarnie innych producent\u00f3w. Posiada otwarty kwadrat, dzi\u0119ki czemu cynkowanie nast\u0119puje po obu stronach stali i nie ma ryzyka korozji z up\u0142ywem czasu od wewn\u0105trz. Wytrzymuje niekorzystne warunki klimatyczne przez d\u0142ugi czas.[\/vc_column_text][vc_separator][vc_column_text text_larger=&#8221;no&#8221; woodmart_inline=&#8221;no&#8221;]<\/p>\n<div class=\"wpb_text_column wpb_content_element\">\n<div class=\"wpb_wrapper\">\n<div class=\"wpb_text_column wpb_content_element\">\n<div class=\"wpb_wrapper\">\n<div class=\"vc_row wpb_row vc_row-fluid\">\n<div class=\"wpb_column vc_column_container vc_col-sm-12\">\n<div class=\"vc_column-inner\">\n<div class=\"wpb_wrapper\">\n<div class=\"wpb_text_column wpb_content_element\">\n<div class=\"wpb_wrapper\">\n<h3 style=\"text-align: center;\">Szyby z poliw\u0119glanu<\/h3>\n<p>Do szklarni o grubo\u015bci 4 mm z filtrem UV stosuje si\u0119 specjalny certyfikowany pusty poliw\u0119glan. Zalet\u0105 tego produktu jest jego wysoka izolacyjno\u015b\u0107 termiczna od szk\u0142a, kt\u00f3ra jest odporna na uszkodzenia mechaniczne, warunki atmosferyczne, grad, a przy tym wyj\u0105tkowa jest przezroczysto\u015b\u0107 poliw\u0119glanu (przejrzysto\u015b\u0107 \u2013 do 86%). <\/p>\n<\/div>\n<\/div>\n<\/div>\n<\/div>\n<\/div>\n<\/div>\n<\/div>\n<\/div>\n<\/div>\n<\/div>\n<p>Monta\u017c jest prosty, dla osoby nieprzygotowanej instalacja nie sprawi problem\u00f3w, cz\u0119\u015bci s\u0105 uniwersalne. Ale rze\u017abienie poliw\u0119glanu wymaga tylko ostro\u017cno\u015bci, sk\u0142adanego no\u017ca i bez po\u015bpiechu. Poliw\u0119glanu nie trzeba zdejmowa\u0107 na zim\u0119. W komplecie mocowanie w postaci wkr\u0119t\u00f3w dachowych z gumow\u0105 podk\u0142adk\u0105. Monta\u017c odbywa si\u0119 zar\u00f3wno na ziemi, jak i na fundamencie[\/vc_column_text][\/vc_column][\/vc_row][vc_row][vc_column width=&#8221;1\/2&#8243;][vc_separator style=&#8221;shadow&#8221; border_width=&#8221;5&#8243;][vc_text_separator title=&#8221;Zalecane akcesoria :&#8221; title_align=&#8221;separator_align_left&#8221; align=&#8221;align_left&#8221; style=&#8221;dotted&#8221;]<div class=\"widget_products \"><div class=\"widget woocommerce widget_products\"><ul class=\"product_list_widget\"><li>\n\t\t<span class=\"widget-product-wrap\">\n\t\t<a href=\"https:\/\/agroflex.cz\/pl\/produkt\/aero-100-automatyczny-otwieracz-do-okien-szklarniowych\/\" title=\"AERO-100 Automatyczny otwieracz do okien szklarniowych\" class=\"widget-product-img\">\n\t\t\t<img decoding=\"async\" width=\"300\" height=\"300\" src=\"https:\/\/agroflex.cz\/wp-content\/uploads\/2023\/09\/avtomat2-1-300x300.jpg\" class=\"attachment-woocommerce_thumbnail size-woocommerce_thumbnail\" alt=\"Olejov\u00fd p\u00edst do sklen\u00edku\" srcset=\"https:\/\/agroflex.cz\/wp-content\/uploads\/2023\/09\/avtomat2-1-300x300.jpg 300w, https:\/\/agroflex.cz\/wp-content\/uploads\/2023\/09\/avtomat2-1-150x150.jpg 150w, https:\/\/agroflex.cz\/wp-content\/uploads\/2023\/09\/avtomat2-1-600x600.jpg 600w, https:\/\/agroflex.cz\/wp-content\/uploads\/2023\/09\/avtomat2-1.jpg 690w\" sizes=\"(max-width: 300px) 100vw, 300px\" \/>\t\t<\/a>\n\t\t<span class=\"widget-product-info\">\n\t\t\t<a href=\"https:\/\/agroflex.cz\/pl\/produkt\/aero-100-automatyczny-otwieracz-do-okien-szklarniowych\/\" title=\"AERO-100 Automatyczny otwieracz do okien szklarniowych\" class=\"wd-entities-title\">\n\t\t\t\tAERO-100 Automatyczny otwieracz do okien szklarniowych\t\t\t<\/a>\n\t\t\t\t\t\t\t\t\t\t\t\t\t<span class=\"price\"><del aria-hidden=\"true\"><span class=\"woocommerce-Price-amount amount\"><bdi>1 632<span class=\"woocommerce-Price-currencySymbol\">&#75;&#269;<\/span><\/bdi><\/span><\/del> <span class=\"screen-reader-text\">Pierwotna cena wynosi\u0142a: 1 632&#075;&#269;.<\/span><ins aria-hidden=\"true\"><span class=\"woocommerce-Price-amount amount\"><bdi>1 531<span class=\"woocommerce-Price-currencySymbol\">&#75;&#269;<\/span><\/bdi><\/span><\/ins><span class=\"screen-reader-text\">Aktualna cena wynosi: 1 531&#075;&#269;.<\/span><\/span>\n\t\t<\/span>\n\t<\/span>\n\t<\/li>\n<\/ul><\/div><\/div>[vc_separator style=&#8221;shadow&#8221; border_width=&#8221;5&#8243;][vc_column_text text_larger=&#8221;no&#8221;]<\/p>\n<p style=\"text-align: center;\"><span style=\"color: #000000;\"><strong>Parametry szklarni:<\/strong><\/span><\/p>\n<table>\n<tbody>\n<tr style=\"height: 24px;\">\n<td style=\"width: 165.517px; height: 24px; text-align: center;\">Rodzaj konstrukcji<\/td>\n<td style=\"width: 265.483px; height: 24px; text-align: center;\">Prefab<\/td>\n<\/tr>\n<tr style=\"height: 24px;\">\n<td style=\"width: 165.517px; height: 26px; text-align: center;\">Dopuszczalne obci\u0105\u017cenie<\/td>\n<td style=\"width: 265.483px; height: 26px; text-align: center;\">100 kg<\/td>\n<\/tr>\n<tr style=\"height: 24px;\">\n<td style=\"width: 165.517px; height: 24px; text-align: center;\">Szeroko\u015b\u0107<\/td>\n<td style=\"width: 265.483px; height: 24px; text-align: center;\">1,3 mln<\/td>\n<\/tr>\n<tr style=\"height: 24px;\">\n<td style=\"width: 165.517px; height: 24px; text-align: center;\">Wysoko\u015b\u0107 do gleby<\/td>\n<td style=\"width: 265.483px; height: 24px; text-align: center;\">0,89 mln<\/td>\n<\/tr>\n<tr style=\"height: 24px;\">\n<td style=\"width: 165.517px; height: 24px; text-align: center;\">Wysoko\u015b\u0107 dla drewna<\/td>\n<td style=\"width: 265.483px; height: 24px; text-align: center;\">1,14 mln<\/td>\n<\/tr>\n<tr style=\"height: 24px;\">\n<td style=\"width: 165.517px; height: 24px; text-align: center;\">d\u0142ugo\u015b\u0107<\/td>\n<td style=\"width: 265.483px; height: 24px; text-align: center;\"> od 2 m (mo\u017cna wykona\u0107 d\u0142u\u017csze \u2013 modulacja w odst\u0119pach co 2 m)<\/td>\n<\/tr>\n<tr style=\"height: 24px;\">\n<td style=\"width: 165.517px; height: 24px; text-align: center;\">Materia\u0142 oszklenia<\/td>\n<td style=\"width: 265.483px; height: 24px; text-align: center;\">poliw\u0119glan 4 mm (przejrzysto\u015b\u0107 &#8211; do 86%).<\/td>\n<\/tr>\n<tr style=\"height: 24px;\">\n<td style=\"width: 165.517px; height: 24px; text-align: center;\">Ochrona przed<\/td>\n<p> promieniowaniem UV<\/p>\n<td style=\"width: 265.483px; height: 24px; text-align: center;\">tak (jednostronnie)<\/td>\n<\/tr>\n<tr style=\"height: 24px;\">\n<td style=\"width: 165.517px; height: 24px; text-align: center;\">Materia\u0142 konstrukcyjny<\/td>\n<td style=\"width: 265.483px; height: 24px; text-align: center;\">Stal ocynkowana &#8211; Jekl kwadrat 20\u044520 \u043c\u043c<\/td>\n<\/tr>\n<tr style=\"height: 24px;\">\n<td style=\"width: 165.517px; height: 24px; text-align: center;\">Grubo\u015b\u0107 profilu<\/td>\n<td style=\"width: 265.483px; height: 24px; text-align: center;\">1,2 mm (40% grubsze ni\u017c w konwencjonalnych szklarniach)<\/td>\n<\/tr>\n<tr style=\"height: 35px;\">\n<td style=\"width: 165.517px; height: 35px; text-align: center;\">Rozmiar otworu<\/td>\n<td style=\"width: 265.483px; height: 35px; text-align: center;\">2 mln<\/td>\n<\/tr>\n<tr style=\"height: 24px;\">\n<td style=\"width: 165.517px; height: 24px; text-align: center;\">Otw\u00f3r<\/td>\n<td style=\"width: 265.483px; height: 24px; text-align: center;\">2 szt i co 2 m przed\u0142u\u017cenia<\/td>\n<\/tr>\n<tr style=\"height: 24px;\">\n<td style=\"width: 165.517px; height: 24px; text-align: center;\">Kotwienie z poliw\u0119glanu<\/td>\n<td style=\"width: 265.483px; height: 24px; text-align: center;\">z podk\u0142adkami i nakr\u0119tkami M5<\/td>\n<\/tr>\n<tr style=\"height: 24px;\">\n<td style=\"width: 165.517px; height: 24px; text-align: center;\">Gwarancja na poliw\u0119glan<\/td>\n<td style=\"width: 265.483px; height: 24px; text-align: center;\">10 lat<\/td>\n<\/tr>\n<tr style=\"height: 35px;\">\n<td style=\"width: 165.517px; height: 35px; text-align: center;\">Gwarancja budowlana<\/td>\n<td style=\"width: 265.483px; height: 35px; text-align: center;\">2 lata<\/td>\n<\/tr>\n<tr style=\"height: 24px;\">\n<td style=\"width: 165.517px; height: 24px; text-align: center;\">podstawa \u2013 nie jest wymagana<\/td>\n<td style=\"width: 265.483px; height: 24px; text-align: center;\">Niekonieczne<\/td>\n<\/tr>\n<tr style=\"height: 24px;\">\n<td style=\"width: 185.867px; height: 24px; text-align: center;\">Kotwienie do pod\u0142o\u017ca<\/td>\n<td style=\"width: 243.133px; height: 24px; text-align: center;\"><a href=\"https:\/\/agroflex.cz\/pl\/kategorie-produktu\/kotwienie-szklarni\/\" target=\"_blank\" rel=\"noopener\">Produkty<\/a> powi\u0105zane<\/td>\n<\/tr>\n<\/tbody>\n<\/table>\n<p>[\/vc_column_text][vc_separator style=&#8221;shadow&#8221; border_width=&#8221;5&#8243;][\/vc_column][vc_column width=&#8221;1\/2&#8243;][vc_separator style=&#8221;shadow&#8221; border_width=&#8221;5&#8243;][vc_column_text text_larger=&#8221;no&#8221; woodmart_inline=&#8221;no&#8221;]<\/p>\n<div class=\"wpb_text_column wpb_content_element\">\n<div class=\"wpb_wrapper\">\n<h3 style=\"text-align: center;\">Mocowania<\/h3>\n<p>Monta\u017c szklarni jest r\u00f3wnie\u017c prosty i nie wymaga specjalnych umiej\u0119tno\u015bci. Potrzebny jest tylko minimalny zestaw narz\u0119dzi \u2013 klucz, \u015brubokr\u0119t, n\u00f3\u017c. Wraz ze szklarni\u0105 otrzymasz szczeg\u00f3\u0142owe instrukcje. Ilustrowana instrukcja jeszcze bardziej upro\u015bci proces budowy szklarni,   <\/p>\n<p>Je\u015bli nie masz czasu na instalacj\u0119, <a href=\"https:\/\/agroflex.cz\/pl\/montaz-szklarni\/\" target=\"_blank\" rel=\"noopener\"><strong>mo\u017cesz zam\u00f3wi\u0107 monta\u017c<\/strong><\/a> u naszych specjalist\u00f3w, kt\u00f3rzy zmontuj\u0105 wszystko za Ciebie z du\u017c\u0105 wiedz\u0105 i w jak najkr\u00f3tszym czasie. Chocia\u017c monta\u017c ca\u0142ej szklarni jest prosty, najwi\u0119cej czasu zajmuje przyci\u0119cie i obrze\u017ce poliw\u0119glanu oraz zamontowanie go po obu frontowych stronach szklarni. Dlatego oferujemy Pa\u0144stwu mo\u017cliwo\u015b\u0107 zam\u00f3wienia tej cz\u0119\u015bci <a href=\"https:\/\/agroflex.cz\/pl\/montaz-szklarni\/\" target=\"_blank\" rel=\"noopener\"><strong>monta\u017cu<\/strong><\/a>, kt\u00f3ra odbywa si\u0119 w naszym magazynie, otrzymaj\u0105 Pa\u0144stwo od przewo\u017anika obie strony przednie wype\u0142nione poliw\u0119glanem.  Szklarnia mo\u017ce by\u0107 modyfikowana, a w przysz\u0142o\u015bci mo\u017cliwa jest realizacja rozbudowy, dzi\u0119ki czemu teoretyczna d\u0142ugo\u015b\u0107 szklarni jest nieograniczona.<\/p>\n<\/div>\n<\/div>\n<p>[\/vc_column_text][vc_separator style=&#8221;shadow&#8221; border_width=&#8221;5&#8243;][vc_column_text woodmart_inline=&#8221;no&#8221; text_larger=&#8221;no&#8221;]<\/p>\n<h3 style=\"text-align: center;\">Alternatywy<\/h3>\n<p>[\/vc_column_text]<div class=\"widget_products \"><div class=\"widget woocommerce widget_products\"><ul class=\"product_list_widget\"><li>\n\t\t<span class=\"widget-product-wrap\">\n\t\t<a href=\"https:\/\/agroflex.cz\/pl\/produkt\/poliweglan-ogrodowy-mini-lux-mala-szklarnia\/\" title=\"Poliw\u0119glan ogrodowy MINI LUX - ma\u0142a szklarnia\" class=\"widget-product-img\">\n\t\t\t<img decoding=\"async\" width=\"300\" height=\"300\" src=\"https:\/\/agroflex.cz\/wp-content\/uploads\/2023\/09\/maly-sklenik-na-zahradu-300x300.jpg\" class=\"attachment-woocommerce_thumbnail size-woocommerce_thumbnail\" alt=\"Mal\u00fd sklen\u00edk z polykarbon\u00e1tu\" srcset=\"https:\/\/agroflex.cz\/wp-content\/uploads\/2023\/09\/maly-sklenik-na-zahradu-300x300.jpg 300w, https:\/\/agroflex.cz\/wp-content\/uploads\/2023\/09\/maly-sklenik-na-zahradu-150x150.jpg 150w\" sizes=\"(max-width: 300px) 100vw, 300px\" \/>\t\t<\/a>\n\t\t<span class=\"widget-product-info\">\n\t\t\t<a href=\"https:\/\/agroflex.cz\/pl\/produkt\/poliweglan-ogrodowy-mini-lux-mala-szklarnia\/\" title=\"Poliw\u0119glan ogrodowy MINI LUX - ma\u0142a szklarnia\" class=\"wd-entities-title\">\n\t\t\t\tPoliw\u0119glan ogrodowy MINI LUX - ma\u0142a szklarnia\t\t\t<\/a>\n\t\t\t\t\t\t\t\t\t\t\t\t\t<span class=\"price\"><span class=\"woocommerce-Price-amount amount\" aria-hidden=\"true\"><bdi>11 253<span class=\"woocommerce-Price-currencySymbol\">&#75;&#269;<\/span><\/bdi><\/span> <span aria-hidden=\"true\">&ndash;<\/span> <span class=\"woocommerce-Price-amount amount\" aria-hidden=\"true\"><bdi>26 730<span class=\"woocommerce-Price-currencySymbol\">&#75;&#269;<\/span><\/bdi><\/span><span class=\"screen-reader-text\">Zakres cen: od 11 253&#75;&#269; do 26 730&#75;&#269;<\/span><\/span>\n\t\t<\/span>\n\t<\/span>\n\t<\/li>\n<\/ul><\/div><\/div>[vc_separator style=&#8221;shadow&#8221; border_width=&#8221;5&#8243;][\/vc_column][\/vc_row]<\/p>\n<\/div>","protected":false},"excerpt":{"rendered":"<p style=\"text-align: justify;\"><span style=\"font-size: 10pt;\">Szeroko\u015b\u0107 go\u017ani 1,3 m, wysoko\u015b\u0107 1,14 m, d\u0142ugo\u015b\u0107 od 2 m. Ocynkowana solidna konstrukcja oparta na stali stalowej bez spawania. Zdejmowane \u0142uki i \u015bcianki dzia\u0142owe. Specjalny poliw\u0119glan do szklarni o grubo\u015bci 4 mm z filtrem UV. Uproszczony monta\u017c.    <\/span><\/p>\n","protected":false},"featured_media":0,"comment_status":"open","ping_status":"closed","template":"","meta":[],"product_brand":[],"product_cat":[1297],"product_tag":[],"class_list":{"0":"post-28755","1":"product","2":"type-product","3":"status-publish","5":"product_cat-akcesoria-2","7":"first","8":"outofstock","9":"taxable","10":"shipping-taxable","11":"product-type-variable","12":"has-default-attributes"},"_links":{"self":[{"href":"https:\/\/agroflex.cz\/pl\/wp-json\/wp\/v2\/product\/28755","targetHints":{"allow":["GET"]}}],"collection":[{"href":"https:\/\/agroflex.cz\/pl\/wp-json\/wp\/v2\/product"}],"about":[{"href":"https:\/\/agroflex.cz\/pl\/wp-json\/wp\/v2\/types\/product"}],"replies":[{"embeddable":true,"href":"https:\/\/agroflex.cz\/pl\/wp-json\/wp\/v2\/comments?post=28755"}],"wp:attachment":[{"href":"https:\/\/agroflex.cz\/pl\/wp-json\/wp\/v2\/media?parent=28755"}],"wp:term":[{"taxonomy":"product_brand","embeddable":true,"href":"https:\/\/agroflex.cz\/pl\/wp-json\/wp\/v2\/product_brand?post=28755"},{"taxonomy":"product_cat","embeddable":true,"href":"https:\/\/agroflex.cz\/pl\/wp-json\/wp\/v2\/product_cat?post=28755"},{"taxonomy":"product_tag","embeddable":true,"href":"https:\/\/agroflex.cz\/pl\/wp-json\/wp\/v2\/product_tag?post=28755"}],"curies":[{"name":"wp","href":"https:\/\/api.w.org\/{rel}","templated":true}]}}