{"id":29016,"date":"2023-09-04T21:00:41","date_gmt":"2023-09-04T21:00:41","guid":{"rendered":"https:\/\/agroflex.cz\/product\/zestaw-kotew-do-betonu-kotwa-stalowa-do-belki-ze-sruba\/"},"modified":"2023-09-04T21:00:41","modified_gmt":"2023-09-04T21:00:41","slug":"zestaw-kotew-do-betonu-kotwa-stalowa-do-belki-ze-sruba","status":"publish","type":"product","link":"https:\/\/agroflex.cz\/pl\/produkt\/zestaw-kotew-do-betonu-kotwa-stalowa-do-belki-ze-sruba\/","title":{"rendered":"Zestaw kotew do betonu &#8211; kotwa stalowa do belki ze \u015brub\u0105"},"content":{"rendered":"","protected":false},"excerpt":{"rendered":"<p>Kotwa stalowa rurowa<\/p>\n<p>Kotwa przepustowa ze \u015brub\u0105 do monta\u017cu konstrukcyjnego w strefie prasowanej betonu &#8211; jest to uniwersalna kotwa mechaniczna rozpr\u0119\u017cna. Optymalny kszta\u0142t minimalizuje energi\u0119 potrzebn\u0105 do instalacji, a tym samym umo\u017cliwia zastosowanie nawet w ciasnych przestrzeniach. Zapewnia to przyjazn\u0105 dla u\u017cytkownika instalacj\u0119. Do kotwienia konstrukcji stalowych, maszyn, profili no\u015bnych, rega\u0142\u00f3w, korytek kablowych.   <\/p>\n<p>\u015arednica: 10 mm<\/p>\n<p>D\u0142ugo\u015b\u0107: 80 mm<\/p>\n<p>Materia\u0142: Stal<\/p>\n<p>Pi\u0142ka &#8211; 4 szt<\/p>\n","protected":false},"featured_media":12391,"comment_status":"open","ping_status":"closed","template":"","meta":[],"product_brand":[419],"product_cat":[499,1321,1309],"product_tag":[],"class_list":{"0":"post-29016","1":"product","2":"type-product","3":"status-publish","4":"has-post-thumbnail","6":"product_brand-agroflex","7":"product_cat-akcesoria","8":"product_cat-elementy-montazowe","9":"product_cat-kotwienie-szklarni","11":"first","12":"instock","13":"taxable","14":"shipping-taxable","15":"purchasable","16":"product-type-simple"},"_links":{"self":[{"href":"https:\/\/agroflex.cz\/pl\/wp-json\/wp\/v2\/product\/29016","targetHints":{"allow":["GET"]}}],"collection":[{"href":"https:\/\/agroflex.cz\/pl\/wp-json\/wp\/v2\/product"}],"about":[{"href":"https:\/\/agroflex.cz\/pl\/wp-json\/wp\/v2\/types\/product"}],"replies":[{"embeddable":true,"href":"https:\/\/agroflex.cz\/pl\/wp-json\/wp\/v2\/comments?post=29016"}],"wp:featuredmedia":[{"embeddable":true,"href":"https:\/\/agroflex.cz\/pl\/wp-json\/wp\/v2\/media\/12391"}],"wp:attachment":[{"href":"https:\/\/agroflex.cz\/pl\/wp-json\/wp\/v2\/media?parent=29016"}],"wp:term":[{"taxonomy":"product_brand","embeddable":true,"href":"https:\/\/agroflex.cz\/pl\/wp-json\/wp\/v2\/product_brand?post=29016"},{"taxonomy":"product_cat","embeddable":true,"href":"https:\/\/agroflex.cz\/pl\/wp-json\/wp\/v2\/product_cat?post=29016"},{"taxonomy":"product_tag","embeddable":true,"href":"https:\/\/agroflex.cz\/pl\/wp-json\/wp\/v2\/product_tag?post=29016"}],"curies":[{"name":"wp","href":"https:\/\/api.w.org\/{rel}","templated":true}]}}