{"id":29024,"date":"2023-09-04T21:00:40","date_gmt":"2023-09-04T21:00:40","guid":{"rendered":"https:\/\/agroflex.cz\/product\/lacznik-stalowy-kwadratowy-krzyzowy-stalowy-nierdzewny\/"},"modified":"2023-09-04T21:00:40","modified_gmt":"2023-09-04T21:00:40","slug":"lacznik-stalowy-kwadratowy-krzyzowy-stalowy-nierdzewny","status":"publish","type":"product","link":"https:\/\/agroflex.cz\/pl\/produkt\/lacznik-stalowy-kwadratowy-krzyzowy-stalowy-nierdzewny\/","title":{"rendered":"\u0141\u0105cznik stalowy kwadratowy, &#8222;krzy\u017cowy&#8221;, stalowy &#8211; nierdzewny"},"content":{"rendered":"","protected":false},"excerpt":{"rendered":"<p>\u0141\u0105czniki kwadratowe s\u0142u\u017c\u0105 do \u0142\u0105czenia kilku profili. \u0141\u0105czniki s\u0105 po prostu wciskane w profile i niezawodnie trzymane. Idealne rozwi\u0105zanie do monta\u017cu ramy lub prostej konstrukcji. \u0141\u0105cznik prosty do stali 20 x 20 lub 40 x 20 mm, stal &#8211; stal nierdzewna  <\/p>\n<p>Podana cena dotyczy jednej pary &#8211; bez.<\/p>\n","protected":false},"featured_media":0,"comment_status":"open","ping_status":"closed","template":"","meta":[],"product_brand":[419],"product_cat":[499,1321],"product_tag":[],"class_list":{"0":"post-29024","1":"product","2":"type-product","3":"status-publish","5":"product_brand-agroflex","6":"product_cat-akcesoria","7":"product_cat-elementy-montazowe","9":"first","10":"instock","11":"sale","12":"taxable","13":"shipping-taxable","14":"purchasable","15":"product-type-simple"},"_links":{"self":[{"href":"https:\/\/agroflex.cz\/pl\/wp-json\/wp\/v2\/product\/29024","targetHints":{"allow":["GET"]}}],"collection":[{"href":"https:\/\/agroflex.cz\/pl\/wp-json\/wp\/v2\/product"}],"about":[{"href":"https:\/\/agroflex.cz\/pl\/wp-json\/wp\/v2\/types\/product"}],"replies":[{"embeddable":true,"href":"https:\/\/agroflex.cz\/pl\/wp-json\/wp\/v2\/comments?post=29024"}],"wp:attachment":[{"href":"https:\/\/agroflex.cz\/pl\/wp-json\/wp\/v2\/media?parent=29024"}],"wp:term":[{"taxonomy":"product_brand","embeddable":true,"href":"https:\/\/agroflex.cz\/pl\/wp-json\/wp\/v2\/product_brand?post=29024"},{"taxonomy":"product_cat","embeddable":true,"href":"https:\/\/agroflex.cz\/pl\/wp-json\/wp\/v2\/product_cat?post=29024"},{"taxonomy":"product_tag","embeddable":true,"href":"https:\/\/agroflex.cz\/pl\/wp-json\/wp\/v2\/product_tag?post=29024"}],"curies":[{"name":"wp","href":"https:\/\/api.w.org\/{rel}","templated":true}]}}