{"id":29361,"date":"2023-09-04T21:00:52","date_gmt":"2023-09-04T21:00:52","guid":{"rendered":"https:\/\/agroflex.cz\/product\/wiata-samochodowa-grande-6-ogrodowa\/"},"modified":"2025-09-20T14:43:13","modified_gmt":"2025-09-20T14:43:13","slug":"wiata-samochodowa-grande-6-ogrodowa","status":"publish","type":"product","link":"https:\/\/agroflex.cz\/pl\/produkt\/wiata-samochodowa-grande-6-ogrodowa\/","title":{"rendered":"Wiata samochodowa GRANDE 6 ogrodowa"},"content":{"rendered":"<div class=\"wpb-content-wrapper\"><p>[vc_row][vc_column][vc_column_text css=&#8221;&#8221; woodmart_inline=&#8221;no&#8221; text_larger=&#8221;no&#8221;]<\/p>\n<h2 class=\"product_title entry-title\" style=\"text-align: center;\">GRANDE 6 &#8211; Stalowa wiata ogrodowa<\/h2>\n<p><strong>Specyfikacja:<\/strong><\/p>\n<p>D\u0142ugo\u015b\u0107 600 cm (mo\u017cna zrobi\u0107 d\u0142u\u017cej \u2013 modulacja w odst\u0119pach co 2 m)<br \/>\nSzeroko\u015b\u0107 340 cm<br \/>\nSzeroko\u015b\u0107 (netto) 300 cm<br \/>\nWysoko\u015b\u0107 288 cm<br \/>\nWysoko\u015b\u0107 (netto) 267 cm<br \/>\nWysoko\u015b\u0107 (bok) 230 cm<br \/>\nMateria\u0142 oszklenia: poliw\u0119glan komorowy 6mm z ochron\u0105<br \/>\nUV Kolor poliw\u0119glanu: br\u0105zowy lub \u017c\u00f3\u0142ty<br \/>\nMateria\u0142 konstrukcyjny: wykonany ze stali malowanej<br \/>\nproszkowo S\u0142upek &#8211; stal 60 x 60 mm,  Grubo\u015b\u0107 metalu 2mm<br \/>\n\u0141uki dachowe &#8211; stal 25 x 25 mm, grubo\u015b\u0107 metalu 2mm<br \/>\nDopuszczalne obci\u0105\u017cenie do 2000 kg<br \/>\nMocowanie zapewniaj\u0105 mocne stopy kotwi\u0105ce, kt\u00f3re zapobiegaj\u0105 przewr\u00f3ceniu si\u0119 pod wp\u0142ywem silnych podmuch\u00f3w wiatru.<\/p>\n<p>Monta\u017c schronu nale\u017cy wykona\u0107 na p\u0142askim wzmocnionym pod\u0142o\u017cu (najlepiej, p\u0142ytkach itp.).[\/vc_column_text][\/vc_column][\/vc_row]<\/p>\n<\/div>","protected":false},"excerpt":{"rendered":"<p>Szeroko\u015b\u0107 340 cm, wysoko\u015b\u0107 288 cm, d\u0142ugo\u015b\u0107 600 cm, wysoko\u015b\u0107 (bok) 230 cm. Wysokiej jako\u015bci, solidna metalowa rama jest odporna na niekorzystne warunki atmosferyczne. Wiata gara\u017cowa chroni Tw\u00f3j samoch\u00f3d przed zagro\u017ceniami zwi\u0105zanymi z warunkami atmosferycznymi., a tak\u017ce, co najwa\u017cniejsze, ochroni lakier Twojego samochodu przed promieniowaniem s\u0142onecznym UV. Je\u015bli nie masz du\u017cego ogrodu, mo\u017cesz wykorzysta\u0107 wiat\u0119 gara\u017cow\u0105 w inny spos\u00f3b &#8211; jako wiat\u0119 pergolow\u0105 do siedzenia, wiat\u0119 gara\u017cow\u0105, wiat\u0119 rowerow\u0105, kosz na \u015bmieci, poczekalni\u0119 autobusow\u0105 itp.<\/p>\n","protected":false},"featured_media":11752,"comment_status":"open","ping_status":"closed","template":"","meta":[],"product_brand":[419],"product_cat":[1345],"product_tag":[],"class_list":{"0":"post-29361","1":"product","2":"type-product","3":"status-publish","4":"has-post-thumbnail","6":"product_brand-agroflex","7":"product_cat-wiaty-samochodowe","9":"first","10":"onbackorder","11":"taxable","12":"shipping-taxable","13":"product-type-simple"},"_links":{"self":[{"href":"https:\/\/agroflex.cz\/pl\/wp-json\/wp\/v2\/product\/29361","targetHints":{"allow":["GET"]}}],"collection":[{"href":"https:\/\/agroflex.cz\/pl\/wp-json\/wp\/v2\/product"}],"about":[{"href":"https:\/\/agroflex.cz\/pl\/wp-json\/wp\/v2\/types\/product"}],"replies":[{"embeddable":true,"href":"https:\/\/agroflex.cz\/pl\/wp-json\/wp\/v2\/comments?post=29361"}],"wp:featuredmedia":[{"embeddable":true,"href":"https:\/\/agroflex.cz\/pl\/wp-json\/wp\/v2\/media\/11752"}],"wp:attachment":[{"href":"https:\/\/agroflex.cz\/pl\/wp-json\/wp\/v2\/media?parent=29361"}],"wp:term":[{"taxonomy":"product_brand","embeddable":true,"href":"https:\/\/agroflex.cz\/pl\/wp-json\/wp\/v2\/product_brand?post=29361"},{"taxonomy":"product_cat","embeddable":true,"href":"https:\/\/agroflex.cz\/pl\/wp-json\/wp\/v2\/product_cat?post=29361"},{"taxonomy":"product_tag","embeddable":true,"href":"https:\/\/agroflex.cz\/pl\/wp-json\/wp\/v2\/product_tag?post=29361"}],"curies":[{"name":"wp","href":"https:\/\/api.w.org\/{rel}","templated":true}]}}