{"id":29431,"date":"2023-09-04T21:00:52","date_gmt":"2023-09-04T21:00:52","guid":{"rendered":"https:\/\/agroflex.cz\/product\/wiata-samochodowa-grande-4-garden\/"},"modified":"2023-09-04T21:00:52","modified_gmt":"2023-09-04T21:00:52","slug":"wiata-samochodowa-grande-4-garden","status":"publish","type":"product","link":"https:\/\/agroflex.cz\/pl\/produkt\/wiata-samochodowa-grande-4-garden\/","title":{"rendered":"Wiata samochodowa GRANDE 4 Garden"},"content":{"rendered":"","protected":false},"excerpt":{"rendered":"<p>Szeroko\u015b\u0107 340 cm, wysoko\u015b\u0107 288 cm, d\u0142ugo\u015b\u0107 400 cm, wysoko\u015b\u0107 (bok) 230 cm. Wysokiej jako\u015bci, solidna metalowa rama jest odporna na niekorzystne warunki atmosferyczne. Wiata gara\u017cowa chroni Tw\u00f3j samoch\u00f3d przed zagro\u017ceniami zwi\u0105zanymi z warunkami atmosferycznymi., a tak\u017ce, co najwa\u017cniejsze, ochroni lakier Twojego samochodu przed promieniowaniem s\u0142onecznym UV. Je\u015bli nie masz du\u017cego ogrodu, mo\u017cesz wykorzysta\u0107 wiat\u0119 gara\u017cow\u0105 w inny spos\u00f3b &#8211; jako wiat\u0119 pergolow\u0105 do siedzenia, wiat\u0119 gara\u017cow\u0105, wiat\u0119 rowerow\u0105, kosz na \u015bmieci, poczekalni\u0119 autobusow\u0105 itp.<\/p>\n","protected":false},"featured_media":11752,"comment_status":"open","ping_status":"closed","template":"","meta":[],"product_brand":[419],"product_cat":[1345],"product_tag":[],"class_list":{"0":"post-29431","1":"product","2":"type-product","3":"status-publish","4":"has-post-thumbnail","6":"product_brand-agroflex","7":"product_cat-wiaty-samochodowe","9":"first","10":"onbackorder","11":"taxable","12":"shipping-taxable","13":"product-type-simple"},"_links":{"self":[{"href":"https:\/\/agroflex.cz\/pl\/wp-json\/wp\/v2\/product\/29431","targetHints":{"allow":["GET"]}}],"collection":[{"href":"https:\/\/agroflex.cz\/pl\/wp-json\/wp\/v2\/product"}],"about":[{"href":"https:\/\/agroflex.cz\/pl\/wp-json\/wp\/v2\/types\/product"}],"replies":[{"embeddable":true,"href":"https:\/\/agroflex.cz\/pl\/wp-json\/wp\/v2\/comments?post=29431"}],"wp:featuredmedia":[{"embeddable":true,"href":"https:\/\/agroflex.cz\/pl\/wp-json\/wp\/v2\/media\/11752"}],"wp:attachment":[{"href":"https:\/\/agroflex.cz\/pl\/wp-json\/wp\/v2\/media?parent=29431"}],"wp:term":[{"taxonomy":"product_brand","embeddable":true,"href":"https:\/\/agroflex.cz\/pl\/wp-json\/wp\/v2\/product_brand?post=29431"},{"taxonomy":"product_cat","embeddable":true,"href":"https:\/\/agroflex.cz\/pl\/wp-json\/wp\/v2\/product_cat?post=29431"},{"taxonomy":"product_tag","embeddable":true,"href":"https:\/\/agroflex.cz\/pl\/wp-json\/wp\/v2\/product_tag?post=29431"}],"curies":[{"name":"wp","href":"https:\/\/api.w.org\/{rel}","templated":true}]}}