{"id":29471,"date":"2023-09-04T21:00:53","date_gmt":"2023-09-04T21:00:53","guid":{"rendered":"https:\/\/agroflex.cz\/product\/sotto-xl-6-x-37m-wiata-garazowa\/"},"modified":"2023-09-04T21:00:53","modified_gmt":"2023-09-04T21:00:53","slug":"sotto-xl-6-x-37m-wiata-garazowa","status":"publish","type":"product","link":"https:\/\/agroflex.cz\/pl\/produkt\/sotto-xl-6-x-37m-wiata-garazowa\/","title":{"rendered":"SOTTO XL 6 x 3,7m &#8211; wiata gara\u017cowa"},"content":{"rendered":"","protected":false},"excerpt":{"rendered":"<p>Szeroko\u015b\u0107 372 cm, wysoko\u015b\u0107 297 cm, d\u0142ugo\u015b\u0107 600 cm, wysoko\u015b\u0107. Wysokiej jako\u015bci, solidna metalowa rama jest odporna na niekorzystne warunki atmosferyczne. Wiata gara\u017cowa chroni Tw\u00f3j samoch\u00f3d przed zagro\u017ceniami zwi\u0105zanymi z warunkami atmosferycznymi., a tak\u017ce, co najwa\u017cniejsze, ochroni lakier Twojego samochodu przed promieniowaniem s\u0142onecznym UV.<\/p>\n","protected":false},"featured_media":17288,"comment_status":"open","ping_status":"closed","template":"","meta":[],"product_brand":[419],"product_cat":[1345],"product_tag":[],"class_list":{"0":"post-29471","1":"product","2":"type-product","3":"status-publish","4":"has-post-thumbnail","6":"product_brand-agroflex","7":"product_cat-wiaty-samochodowe","9":"first","10":"instock","11":"taxable","12":"shipping-taxable","13":"purchasable","14":"product-type-simple"},"_links":{"self":[{"href":"https:\/\/agroflex.cz\/pl\/wp-json\/wp\/v2\/product\/29471","targetHints":{"allow":["GET"]}}],"collection":[{"href":"https:\/\/agroflex.cz\/pl\/wp-json\/wp\/v2\/product"}],"about":[{"href":"https:\/\/agroflex.cz\/pl\/wp-json\/wp\/v2\/types\/product"}],"replies":[{"embeddable":true,"href":"https:\/\/agroflex.cz\/pl\/wp-json\/wp\/v2\/comments?post=29471"}],"wp:featuredmedia":[{"embeddable":true,"href":"https:\/\/agroflex.cz\/pl\/wp-json\/wp\/v2\/media\/17288"}],"wp:attachment":[{"href":"https:\/\/agroflex.cz\/pl\/wp-json\/wp\/v2\/media?parent=29471"}],"wp:term":[{"taxonomy":"product_brand","embeddable":true,"href":"https:\/\/agroflex.cz\/pl\/wp-json\/wp\/v2\/product_brand?post=29471"},{"taxonomy":"product_cat","embeddable":true,"href":"https:\/\/agroflex.cz\/pl\/wp-json\/wp\/v2\/product_cat?post=29471"},{"taxonomy":"product_tag","embeddable":true,"href":"https:\/\/agroflex.cz\/pl\/wp-json\/wp\/v2\/product_tag?post=29471"}],"curies":[{"name":"wp","href":"https:\/\/api.w.org\/{rel}","templated":true}]}}