{"id":30020,"date":"2023-09-04T21:01:17","date_gmt":"2023-09-04T21:01:17","guid":{"rendered":"https:\/\/agroflex.cz\/product\/zestaw-l-akcesoria-do-szklarni\/"},"modified":"2023-09-04T21:01:17","modified_gmt":"2023-09-04T21:01:17","slug":"zestaw-l-akcesoria-do-szklarni","status":"publish","type":"product","link":"https:\/\/agroflex.cz\/pl\/produkt\/zestaw-l-akcesoria-do-szklarni\/","title":{"rendered":"zestaw &#8211; L &#8211; akcesoria do szklarni"},"content":{"rendered":"","protected":false},"excerpt":{"rendered":"<p>Zestaw nadaje si\u0119 do szklarni \u0142ukowych o szeroko\u015bci 2 &#8211; 2,5 &#8211; 3 m, d\u0142ugo\u015bci 4, 6, 8 m<\/p>\n<p>W zestawie znajduje si\u0119 wszystko, co niezb\u0119dne do ochrony poliw\u0119glanowego, automatycznego <a href=\"https:\/\/agroflex.cz\/pl\/produkt\/aero-100-automatyczny-otwieracz-do-okien-szklarniowych\/\">otwieracza<\/a> okien szklarni :<\/p>\n<ul>\n<li>Listwy ko\u0144cowe typu U do poliw\u0119glanu (zestaw L4 &#8211; 11szt, zestaw L6 &#8211; 13szt, zestaw L8 &#8211; 15szt)<\/li>\n<li>Ta\u015bma wentylacyjna paroprzepuszczalna AntiDust 3500 &#8211; (zestaw L4 &#8211; 1szt, zestaw L6 &#8211; 2szt, zestaw L8 &#8211; 2szt)<\/li>\n<li>Automatyczny otwieracz do okien szklarniowych AERO-100 \u2013 1 szt<\/li>\n<li>Uniwersalna podstawa blaszana &#8211; 1szt<\/li>\n<\/ul>\n","protected":false},"featured_media":0,"comment_status":"open","ping_status":"closed","template":"","meta":[],"product_brand":[419],"product_cat":[499],"product_tag":[],"class_list":{"0":"post-30020","1":"product","2":"type-product","3":"status-publish","5":"product_brand-agroflex","6":"product_cat-akcesoria","8":"first","9":"instock","10":"taxable","11":"shipping-taxable","12":"purchasable","13":"product-type-variable","14":"has-default-attributes"},"_links":{"self":[{"href":"https:\/\/agroflex.cz\/pl\/wp-json\/wp\/v2\/product\/30020","targetHints":{"allow":["GET"]}}],"collection":[{"href":"https:\/\/agroflex.cz\/pl\/wp-json\/wp\/v2\/product"}],"about":[{"href":"https:\/\/agroflex.cz\/pl\/wp-json\/wp\/v2\/types\/product"}],"replies":[{"embeddable":true,"href":"https:\/\/agroflex.cz\/pl\/wp-json\/wp\/v2\/comments?post=30020"}],"wp:attachment":[{"href":"https:\/\/agroflex.cz\/pl\/wp-json\/wp\/v2\/media?parent=30020"}],"wp:term":[{"taxonomy":"product_brand","embeddable":true,"href":"https:\/\/agroflex.cz\/pl\/wp-json\/wp\/v2\/product_brand?post=30020"},{"taxonomy":"product_cat","embeddable":true,"href":"https:\/\/agroflex.cz\/pl\/wp-json\/wp\/v2\/product_cat?post=30020"},{"taxonomy":"product_tag","embeddable":true,"href":"https:\/\/agroflex.cz\/pl\/wp-json\/wp\/v2\/product_tag?post=30020"}],"curies":[{"name":"wp","href":"https:\/\/api.w.org\/{rel}","templated":true}]}}