{"id":30585,"date":"2023-09-04T21:02:03","date_gmt":"2023-09-04T21:02:03","guid":{"rendered":"https:\/\/agroflex.cz\/product\/blaszana-podstawa-do-stolu-goracego-o-szerokosci-1m\/"},"modified":"2023-09-04T21:02:03","modified_gmt":"2023-09-04T21:02:03","slug":"blaszana-podstawa-do-stolu-goracego-o-szerokosci-1m","status":"publish","type":"product","link":"https:\/\/agroflex.cz\/pl\/produkt\/blaszana-podstawa-do-stolu-goracego-o-szerokosci-1m\/","title":{"rendered":"Blaszana podstawa do sto\u0142u gor\u0105cego o szeroko\u015bci 1m"},"content":{"rendered":"","protected":false},"excerpt":{"rendered":"<p>Podstawy zmniejszaj\u0105 aktywno\u015b\u0107 korozyjn\u0105, do wszelkiego rodzaju ogrod\u00f3w o szeroko\u015bci 1 m. Jest to unikalny system, kt\u00f3ry zast\u0119puje podstaw\u0119 w przypadku, gdy nie jest mo\u017cliwe zbudowanie solidnego fundamentu lub fundamentu z cegie\u0142 lub dach\u00f3wek. Ta podstawa podnosi siedlisko o oko\u0142o 20 cm. Podstawa podnoszenia wykonana jest z profili ocynkowanych. W komplecie n\u00f3\u017cki kotwi\u0105ce.    <\/p>\n<p>Podstawowe wymiary (d\u0142. &#8211; szer.) 1 x 2m (mo\u017cna zrobi\u0107 d\u0142u\u017csze \u2013 modulacja w d\u0142ugo\u015bci 2m)<\/p>\n","protected":false},"featured_media":32401,"comment_status":"open","ping_status":"closed","template":"","meta":[],"product_brand":[419],"product_cat":[499,1309],"product_tag":[],"class_list":{"0":"post-30585","1":"product","2":"type-product","3":"status-publish","4":"has-post-thumbnail","6":"product_brand-agroflex","7":"product_cat-akcesoria","8":"product_cat-kotwienie-szklarni","10":"first","11":"instock","12":"sale","13":"taxable","14":"shipping-taxable","15":"purchasable","16":"product-type-variable","17":"has-default-attributes"},"_links":{"self":[{"href":"https:\/\/agroflex.cz\/pl\/wp-json\/wp\/v2\/product\/30585","targetHints":{"allow":["GET"]}}],"collection":[{"href":"https:\/\/agroflex.cz\/pl\/wp-json\/wp\/v2\/product"}],"about":[{"href":"https:\/\/agroflex.cz\/pl\/wp-json\/wp\/v2\/types\/product"}],"replies":[{"embeddable":true,"href":"https:\/\/agroflex.cz\/pl\/wp-json\/wp\/v2\/comments?post=30585"}],"wp:featuredmedia":[{"embeddable":true,"href":"https:\/\/agroflex.cz\/pl\/wp-json\/wp\/v2\/media\/32401"}],"wp:attachment":[{"href":"https:\/\/agroflex.cz\/pl\/wp-json\/wp\/v2\/media?parent=30585"}],"wp:term":[{"taxonomy":"product_brand","embeddable":true,"href":"https:\/\/agroflex.cz\/pl\/wp-json\/wp\/v2\/product_brand?post=30585"},{"taxonomy":"product_cat","embeddable":true,"href":"https:\/\/agroflex.cz\/pl\/wp-json\/wp\/v2\/product_cat?post=30585"},{"taxonomy":"product_tag","embeddable":true,"href":"https:\/\/agroflex.cz\/pl\/wp-json\/wp\/v2\/product_tag?post=30585"}],"curies":[{"name":"wp","href":"https:\/\/api.w.org\/{rel}","templated":true}]}}