{"id":30603,"date":"2023-09-04T21:02:04","date_gmt":"2023-09-04T21:02:04","guid":{"rendered":"https:\/\/agroflex.cz\/product\/okno-wentylacyjne-rimessa-l-d\/"},"modified":"2023-09-04T21:02:04","modified_gmt":"2023-09-04T21:02:04","slug":"okno-wentylacyjne-rimessa-l-d","status":"publish","type":"product","link":"https:\/\/agroflex.cz\/pl\/produkt\/okno-wentylacyjne-rimessa-l-d\/","title":{"rendered":"Okno wentylacyjne &#8211; RIMESSA L-D"},"content":{"rendered":"<p><strong> <\/strong><\/p>\n<p>&nbsp;<\/p>\n<p>&nbsp;<\/p>\n","protected":false},"excerpt":{"rendered":"<p>Boczne okno wentylacyjne s\u0142u\u017cy do regulacji temperatury wewn\u0119trznej w szklarni. to oryginalny produkt przed\u0142u\u017caj\u0105cy do wytrzyma\u0142ej \u0142ukowej szklarni ogrodowej z poliw\u0119glanu RIMESSA L20, L25, L30V, L40, D20, D25. O\u015bcie\u017cnica okienna wykonana jest z ocynkowanej blachy, podobnie jak ca\u0142a szklarnia. stal. Okno wentylacyjne jest w pe\u0142ni kompatybilne z automatycznym otwieraczem Aero-100, Thermovent, Univent, Megavent, kt\u00f3re mo\u017cna zam\u00f3wi\u0107 z tym oknem. Opakowanie zawiera wszystkie niezb\u0119dne elementy monta\u017cowe.     <\/p>\n","protected":false},"featured_media":12499,"comment_status":"open","ping_status":"closed","template":"","meta":[],"product_brand":[419],"product_cat":[499,1339],"product_tag":[],"class_list":{"0":"post-30603","1":"product","2":"type-product","3":"status-publish","4":"has-post-thumbnail","6":"product_brand-agroflex","7":"product_cat-akcesoria","8":"product_cat-okna-wentylacyjne","10":"first","11":"onbackorder","12":"taxable","13":"shipping-taxable","14":"purchasable","15":"product-type-simple"},"_links":{"self":[{"href":"https:\/\/agroflex.cz\/pl\/wp-json\/wp\/v2\/product\/30603","targetHints":{"allow":["GET"]}}],"collection":[{"href":"https:\/\/agroflex.cz\/pl\/wp-json\/wp\/v2\/product"}],"about":[{"href":"https:\/\/agroflex.cz\/pl\/wp-json\/wp\/v2\/types\/product"}],"replies":[{"embeddable":true,"href":"https:\/\/agroflex.cz\/pl\/wp-json\/wp\/v2\/comments?post=30603"}],"wp:featuredmedia":[{"embeddable":true,"href":"https:\/\/agroflex.cz\/pl\/wp-json\/wp\/v2\/media\/12499"}],"wp:attachment":[{"href":"https:\/\/agroflex.cz\/pl\/wp-json\/wp\/v2\/media?parent=30603"}],"wp:term":[{"taxonomy":"product_brand","embeddable":true,"href":"https:\/\/agroflex.cz\/pl\/wp-json\/wp\/v2\/product_brand?post=30603"},{"taxonomy":"product_cat","embeddable":true,"href":"https:\/\/agroflex.cz\/pl\/wp-json\/wp\/v2\/product_cat?post=30603"},{"taxonomy":"product_tag","embeddable":true,"href":"https:\/\/agroflex.cz\/pl\/wp-json\/wp\/v2\/product_tag?post=30603"}],"curies":[{"name":"wp","href":"https:\/\/api.w.org\/{rel}","templated":true}]}}