{"id":30670,"date":"2023-09-04T21:00:32","date_gmt":"2023-09-04T21:00:32","guid":{"rendered":"https:\/\/agroflex.cz\/product\/tasma-wentylacyjna-paroprzepuszczalna-antidust-3500\/"},"modified":"2026-04-01T11:57:26","modified_gmt":"2026-04-01T11:57:26","slug":"tasma-wentylacyjna-paroprzepuszczalna-antidust-3500","status":"publish","type":"product","link":"https:\/\/agroflex.cz\/pl\/produkt\/tasma-wentylacyjna-paroprzepuszczalna-antidust-3500\/","title":{"rendered":"Ta\u015bma wentylacyjna paroprzepuszczalna AntiDust 3500"},"content":{"rendered":"","protected":false},"excerpt":{"rendered":"<p>Otwarta dyfuzyjnie ta\u015bma wentylacyjna ANtiDust 3500 do uszczelniania wn\u0119k arkuszy oku\u0107 z poliw\u0119glanu. Zapobiega przedostawaniu si\u0119 kurzu i brudu do jam zamkni\u0119tych. Jednostronnie otwarta dyfuzyjnie ta\u015bma zatrzymuje wilgo\u0107 w kierunku ubytk\u00f3w. Ta\u015bma wentylacyjna odprowadza wilgo\u0107 z jam zamkni\u0119tych. Do zamykania wn\u0119k w arkuszach oku\u0107 z poliw\u0119glanu 4-10mm. D\u0142ugo\u015b\u0107 33m     <\/p>\n","protected":false},"featured_media":12615,"comment_status":"open","ping_status":"closed","template":"","meta":[],"product_brand":[419],"product_cat":[499,1315,1303],"product_tag":[],"class_list":{"0":"post-30670","1":"product","2":"type-product","3":"status-publish","4":"has-post-thumbnail","6":"product_brand-agroflex","7":"product_cat-akcesoria","8":"product_cat-krawedziowanie-plyt-pc","9":"product_cat-arkusze-poliweglanowe","11":"first","12":"instock","13":"taxable","14":"shipping-taxable","15":"purchasable","16":"product-type-simple"},"_links":{"self":[{"href":"https:\/\/agroflex.cz\/pl\/wp-json\/wp\/v2\/product\/30670","targetHints":{"allow":["GET"]}}],"collection":[{"href":"https:\/\/agroflex.cz\/pl\/wp-json\/wp\/v2\/product"}],"about":[{"href":"https:\/\/agroflex.cz\/pl\/wp-json\/wp\/v2\/types\/product"}],"replies":[{"embeddable":true,"href":"https:\/\/agroflex.cz\/pl\/wp-json\/wp\/v2\/comments?post=30670"}],"wp:featuredmedia":[{"embeddable":true,"href":"https:\/\/agroflex.cz\/pl\/wp-json\/wp\/v2\/media\/12615"}],"wp:attachment":[{"href":"https:\/\/agroflex.cz\/pl\/wp-json\/wp\/v2\/media?parent=30670"}],"wp:term":[{"taxonomy":"product_brand","embeddable":true,"href":"https:\/\/agroflex.cz\/pl\/wp-json\/wp\/v2\/product_brand?post=30670"},{"taxonomy":"product_cat","embeddable":true,"href":"https:\/\/agroflex.cz\/pl\/wp-json\/wp\/v2\/product_cat?post=30670"},{"taxonomy":"product_tag","embeddable":true,"href":"https:\/\/agroflex.cz\/pl\/wp-json\/wp\/v2\/product_tag?post=30670"}],"curies":[{"name":"wp","href":"https:\/\/api.w.org\/{rel}","templated":true}]}}