{"id":31163,"date":"2023-09-04T21:00:33","date_gmt":"2023-09-04T21:00:33","guid":{"rendered":"https:\/\/agroflex.cz\/product\/podstawa-z-blachy-uni-do-szklarni\/"},"modified":"2023-09-04T21:00:33","modified_gmt":"2023-09-04T21:00:33","slug":"podstawa-z-blachy-uni-do-szklarni","status":"publish","type":"product","link":"https:\/\/agroflex.cz\/pl\/produkt\/podstawa-z-blachy-uni-do-szklarni\/","title":{"rendered":"Podstawa z blachy UNI do szklarni"},"content":{"rendered":"","protected":false},"excerpt":{"rendered":"<p>Podstawa zmniejsza aktywno\u015b\u0107 korozyjn\u0105, do szklarni ogrodowych wszystkich typ\u00f3w o szeroko\u015bci 3 m lub 4 m. Jest to unikalny system, kt\u00f3ry zast\u0119puje podstaw\u0119 w przypadku, gdy nie jest mo\u017cliwe zbudowanie solidnego fundamentu lub fundamentu z cegie\u0142 lub dach\u00f3wek. Ta podstawa podniesie szklarni\u0119 z poliw\u0119glanu o oko\u0142o 15 cm. Podstawa podnoszenia wykonana jest z profili 89\u00d740 mm, wysoko\u015b\u0107, d\u0142ugo\u015b\u0107 n\u00f3g 400 mm.   <\/p>\n<p>Podstawowe wymiary (d\u0142. &#8211; szer.) 4 x 3m lub 4 x 4m (mo\u017cliwo\u015b\u0107 wykonania d\u0142u\u017cszych \u2013 modulacja w d\u0142ugo\u015bci 2m)<\/p>\n","protected":false},"featured_media":32395,"comment_status":"open","ping_status":"closed","template":"","meta":[],"product_brand":[419],"product_cat":[499,1309],"product_tag":[],"class_list":{"0":"post-31163","1":"product","2":"type-product","3":"status-publish","4":"has-post-thumbnail","6":"product_brand-agroflex","7":"product_cat-akcesoria","8":"product_cat-kotwienie-szklarni","10":"first","11":"instock","12":"sale","13":"taxable","14":"shipping-taxable","15":"purchasable","16":"product-type-variable","17":"has-default-attributes"},"_links":{"self":[{"href":"https:\/\/agroflex.cz\/pl\/wp-json\/wp\/v2\/product\/31163","targetHints":{"allow":["GET"]}}],"collection":[{"href":"https:\/\/agroflex.cz\/pl\/wp-json\/wp\/v2\/product"}],"about":[{"href":"https:\/\/agroflex.cz\/pl\/wp-json\/wp\/v2\/types\/product"}],"replies":[{"embeddable":true,"href":"https:\/\/agroflex.cz\/pl\/wp-json\/wp\/v2\/comments?post=31163"}],"wp:featuredmedia":[{"embeddable":true,"href":"https:\/\/agroflex.cz\/pl\/wp-json\/wp\/v2\/media\/32395"}],"wp:attachment":[{"href":"https:\/\/agroflex.cz\/pl\/wp-json\/wp\/v2\/media?parent=31163"}],"wp:term":[{"taxonomy":"product_brand","embeddable":true,"href":"https:\/\/agroflex.cz\/pl\/wp-json\/wp\/v2\/product_brand?post=31163"},{"taxonomy":"product_cat","embeddable":true,"href":"https:\/\/agroflex.cz\/pl\/wp-json\/wp\/v2\/product_cat?post=31163"},{"taxonomy":"product_tag","embeddable":true,"href":"https:\/\/agroflex.cz\/pl\/wp-json\/wp\/v2\/product_tag?post=31163"}],"curies":[{"name":"wp","href":"https:\/\/api.w.org\/{rel}","templated":true}]}}