{"id":19316,"date":"2023-09-04T21:04:43","date_gmt":"2023-09-04T21:04:43","guid":{"rendered":"https:\/\/agroflex.cz\/product\/celoletni-rastlinjak-rimessa-l40\/"},"modified":"2025-09-23T20:23:23","modified_gmt":"2025-09-23T20:23:23","slug":"celoletni-rastlinjak-rimessa-l40","status":"publish","type":"product","link":"https:\/\/agroflex.cz\/sl\/izdelek\/celoletni-rastlinjak-rimessa-l40\/","title":{"rendered":"Celoletni rastlinjak RIMESSA L40"},"content":{"rendered":"<div class=\"wpb-content-wrapper\"><p>[vc_row][vc_column][vc_separator style=&#8221;shadow&#8221; border_width=&#8221;5&#8243;][vc_column_text text_larger=&#8221;no&#8221; woodmart_inline=&#8221;no&#8221;]<\/p>\n<h2 style=\"text-align: center;\"> <strong> <\/strong><strong> Vrtni rastlinjak RIMESSA L40<br \/>\n<\/strong><\/h2>\n<p>Kmetijski vrt ve\u010dnamenski polikarbonatni rastlinjak velike zmogljivosti z ravnimi stenami in obokano streho. Zasnovan za gojenje pridelkov. \u010ce je vrtni rastlinjak opremljen z ogrevanjem, bo mogo\u010de gojiti pridelke skozi vse leto. Snemljivi loki in predelne stene. Odporen na velike obremenitve rastlinjaka v zimskem obdobju delovanja v sne\u017enih padavinah ali vetru. Za povezavo profilov uporabljajo kvadratne sklopke (pajek). Okvir rastlinjaka z obremenitvijo do 300 kg je izdelan iz pocinkanega jekla 40\u00d720, pocinkanega na zunanji in notranji strani, zaradi \u010desar se ne boste bali rje skozi celotno operacijo. Ima debelino kovine 1 mm, kar je ve\u010d kot podobni rastlinjaki drugih proizvajalcev. Dolgo \u010dasa lahko prenese neugodne podnebne razmere.        <\/p>\n<p>Rastlinjak Rimessa L40 je lahka razli\u010dica rastlinjaka <a href=\"https:\/\/agroflex.cz\/produkt\/polykarbonatovy-sklenik-agroflex-rimessa-l40v\/\">Agroflex Rimessa L40V<\/a>[\/vc_column_text][vc_separator][vc_column_text css=&#8221;&#8221; text_larger=&#8221;no&#8221; woodmart_inline=&#8221;no&#8221;]<\/p>\n<h4 style=\"text-align: center;\">Polikarbonatna zasteklitev<\/h4>\n<p>Poseben certificirani votli polikarbonat za rastlinjake z UV filtrom. Prednost tega izdelka je visoka toplotna izolacija proti steklu. Odporen na mehanske po\u0161kodbe, vremenske vplive in to\u010do. Izjemna prosojnost polikarbonata (\u010distost \u2013 do 86%).   <\/p>\n<p>Izbirate lahko med ve\u010d izvedbami, vrtni rastlinjak RIMESSA L40 je opremljen s polikarbonatom 4 mm, 6 mm, ki zagotavlja brezhibno in dolgo \u017eivljenjsko dobo. Za zahtevnej\u0161e kupce in profesionalce ponujamo 8 mm razli\u010dice rastlinjaka RIMESSA L40[\/vc_column_text][\/vc_column][\/vc_row][vc_row][vc_column width=&#8221;1\/2&#8243;][vc_separator style=&#8221;shadow&#8221; border_width=&#8221;5&#8243;][vc_text_separator title=&#8221;Priporo\u010dena dodatna oprema:&#8221; title_align=&#8221;separator_align_left&#8221; align=&#8221;align_left&#8221; style=&#8221;dotted&#8221;]<div class=\"widget_products \"><div class=\"widget woocommerce widget_products\"><ul class=\"product_list_widget\"><li>\n\t\t<span class=\"widget-product-wrap\">\n\t\t<a href=\"https:\/\/agroflex.cz\/sl\/izdelek\/aero-100-avtomatski-odpirac-oken-za-rastlinjake\/\" title=\"AERO-100 Avtomatski odpira\u010d oken za rastlinjake\" class=\"widget-product-img\">\n\t\t\t<img decoding=\"async\" width=\"300\" height=\"300\" src=\"https:\/\/agroflex.cz\/wp-content\/uploads\/2023\/09\/avtomat2-1-300x300.jpg\" class=\"attachment-woocommerce_thumbnail size-woocommerce_thumbnail\" alt=\"Olejov\u00fd p\u00edst do sklen\u00edku\" srcset=\"https:\/\/agroflex.cz\/wp-content\/uploads\/2023\/09\/avtomat2-1-300x300.jpg 300w, https:\/\/agroflex.cz\/wp-content\/uploads\/2023\/09\/avtomat2-1-150x150.jpg 150w, https:\/\/agroflex.cz\/wp-content\/uploads\/2023\/09\/avtomat2-1-600x600.jpg 600w, https:\/\/agroflex.cz\/wp-content\/uploads\/2023\/09\/avtomat2-1.jpg 690w\" sizes=\"(max-width: 300px) 100vw, 300px\" \/>\t\t<\/a>\n\t\t<span class=\"widget-product-info\">\n\t\t\t<a href=\"https:\/\/agroflex.cz\/sl\/izdelek\/aero-100-avtomatski-odpirac-oken-za-rastlinjake\/\" title=\"AERO-100 Avtomatski odpira\u010d oken za rastlinjake\" class=\"wd-entities-title\">\n\t\t\t\tAERO-100 Avtomatski odpira\u010d oken za rastlinjake\t\t\t<\/a>\n\t\t\t\t\t\t\t\t\t\t\t\t\t<span class=\"price\"><del aria-hidden=\"true\"><span class=\"woocommerce-Price-amount amount\"><bdi>1 632<span class=\"woocommerce-Price-currencySymbol\">&#75;&#269;<\/span><\/bdi><\/span><\/del> <span class=\"screen-reader-text\">Izvirna cena je bila: 1 632&#075;&#269;.<\/span><ins aria-hidden=\"true\"><span class=\"woocommerce-Price-amount amount\"><bdi>1 531<span class=\"woocommerce-Price-currencySymbol\">&#75;&#269;<\/span><\/bdi><\/span><\/ins><span class=\"screen-reader-text\">Trenutna cena je: 1 531&#075;&#269;.<\/span><\/span>\n\t\t<\/span>\n\t<\/span>\n\t<\/li>\n<\/ul><\/div><\/div>[vc_separator style=&#8221;shadow&#8221; border_width=&#8221;5&#8243;][vc_column_text text_larger=&#8221;no&#8221; woodmart_inline=&#8221;no&#8221;]<\/p>\n<h4 style=\"text-align: center;\"><span style=\"color: #000000;\"><strong>Parametri toplogrednih plinov:<\/strong><\/span><\/h4>\n<table style=\"width: 89.5211%;\">\n<tbody>\n<tr style=\"height: 24px;\">\n<td style=\"width: 38.4774%; height: 24px; text-align: left;\">Vrsta konstrukcije<\/td>\n<td style=\"width: 60.2881%; height: 24px; text-align: right;\">Snemljivi loki<\/td>\n<\/tr>\n<tr style=\"height: 24px;\">\n<td style=\"width: 38.4774%; height: 24px; text-align: left;\">Dovoljena obremenitev<\/td>\n<td style=\"width: 60.2881%; height: 24px; text-align: right;\">300 kg<\/td>\n<\/tr>\n<tr style=\"height: 24px;\">\n<td style=\"width: 38.4774%; height: 24px; text-align: left;\">\u0161irina<\/td>\n<td style=\"width: 60.2881%; height: 24px; text-align: right;\">4 m<\/td>\n<\/tr>\n<tr style=\"height: 24px;\">\n<td style=\"width: 38.4774%; height: 24px; text-align: left;\">vi\u0161ina<\/td>\n<td style=\"width: 60.2881%; height: 24px; text-align: right;\">2,2 m<\/td>\n<\/tr>\n<tr style=\"height: 24px;\">\n<td style=\"width: 38.4774%; height: 24px; text-align: left;\">Dol\u017eina (razli\u010dice)<\/td>\n<td style=\"width: 60.2881%; height: 24px; text-align: right;\"> 4 m; 6 m; 8 m; 10 m; 12 m (dlje je mogo\u010de &#8211; modulacija v korakih po 2 m)<\/td>\n<\/tr>\n<tr style=\"height: 24px;\">\n<td style=\"width: 38.4774%; height: 24px; text-align: left;\">Material za zasteklitev<\/td>\n<td style=\"width: 60.2881%; height: 24px; text-align: right;\">polikarbonat 4mm, 6mm, 8mm, 10mm<\/td>\n<\/tr>\n<tr style=\"height: 24px;\">\n<td style=\"width: 38.4774%; height: 24px; text-align: left;\">Te\u017ea<\/td>\n<p> povr\u0161ine<\/p>\n<td style=\"width: 60.2881%; height: 24px; text-align: right;\">800 g\/m2 &#8211; 1700 g\/m2<\/td>\n<\/tr>\n<tr style=\"height: 24px;\">\n<td style=\"width: 38.4774%; height: 24px; text-align: left;\">UV za\u0161\u010dita<\/td>\n<p> polikarbonata<\/p>\n<td style=\"width: 60.2881%; height: 24px; text-align: right;\">Da<\/td>\n<\/tr>\n<tr style=\"height: 24px;\">\n<td style=\"width: 38.4774%; height: 24px; text-align: left;\">Gradbeni<\/td>\n<p> material<\/p>\n<td style=\"width: 60.2881%; height: 24px; text-align: right;\">pocinkano jeklo<\/td>\n<\/tr>\n<tr style=\"height: 24px;\">\n<td style=\"width: 38.4774%; height: 24px; text-align: left;\">Notranja<\/td>\n<p> oja\u010ditev<\/p>\n<td style=\"width: 60.2881%; height: 24px; text-align: right;\"> Dvojno jeklo 40&#215;20 in 20x20mm<\/td>\n<\/tr>\n<tr style=\"height: 24px;\">\n<td style=\"width: 38.4774%; height: 24px; text-align: left;\">Oja\u010ditvene palice<\/td>\n<td style=\"width: 60.2881%; height: 24px; text-align: right;\">7 vrstic<\/td>\n<\/tr>\n<tr style=\"height: 24px;\">\n<td style=\"width: 38.4774%; height: 24px; text-align: left;\">Trdnost jeklene<\/td>\n<p> stene<\/p>\n<td style=\"width: 60.2881%; height: 24px; text-align: right;\">1 mm<\/td>\n<\/tr>\n<tr style=\"height: 35px;\">\n<td style=\"width: 38.4774%; height: 35px; text-align: left;\">Razdalja med krivuljami<\/td>\n<td style=\"width: 60.2881%; height: 35px; text-align: right;\">1 m<\/td>\n<\/tr>\n<tr style=\"height: 24px;\">\n<td style=\"width: 38.4774%; height: 24px; text-align: left;\">Siganje na tla<\/td>\n<td style=\"width: 60.2881%; height: 24px; text-align: right;\"><a href=\"https:\/\/agroflex.cz\/kategorie-produktu\/dodatki\/kotveni-skleniku\/\" target=\"_blank\" rel=\"noopener\">Sorodni izdelki<\/a><\/td>\n<\/tr>\n<tr style=\"height: 24px;\">\n<td style=\"width: 38.4774%; height: 24px; text-align: left;\">vrsta<\/td>\n<td style=\"width: 60.2881%; height: 24px; text-align: right;\">prehoden na obeh straneh<\/td>\n<\/tr>\n<tr style=\"height: 24px;\">\n<td style=\"width: 38.4774%; height: 24px; text-align: left;\">Vhodna<\/td>\n<p> vrata<\/p>\n<td style=\"width: 60.2881%; height: 24px; text-align: right;\">2 kos<\/td>\n<\/tr>\n<tr style=\"height: 35px;\">\n<td style=\"width: 38.4774%; height: 35px; text-align: left;\">Prezra\u010devalno okno spredaj<\/td>\n<td style=\"width: 60.2881%; height: 35px; text-align: right;\">2 kos<\/td>\n<\/tr>\n<tr style=\"height: 24px;\">\n<td style=\"width: 38.4774%; height: 24px; text-align: left;\">Vi\u0161ina vrat<\/td>\n<td style=\"width: 60.2881%; height: 24px; text-align: right;\">1,90 m<\/td>\n<\/tr>\n<tr style=\"height: 24px;\">\n<td style=\"width: 38.4774%; height: 24px; text-align: left;\">\u0160irina vrat<\/td>\n<td style=\"width: 60.2881%; height: 24px; text-align: right;\">1,02 m<\/td>\n<\/tr>\n<tr style=\"height: 24px;\">\n<td style=\"width: 38.4774%; height: 24px; text-align: left;\">Vi\u0161ina stranske stene<\/td>\n<td style=\"width: 60.2881%; height: 24px; text-align: right;\">1,65 m<\/td>\n<\/tr>\n<tr style=\"height: 24px;\">\n<td style=\"width: 38.4774%; height: 24px; text-align: left;\">Siganje iz polikarbonata<\/td>\n<td style=\"width: 60.2881%; height: 24px; text-align: right;\">Da<\/td>\n<\/tr>\n<tr style=\"height: 35px;\">\n<td style=\"width: 38.4774%; height: 35px; text-align: left;\">Gradbena<\/td>\n<p> garancija<\/p>\n<td style=\"width: 60.2881%; height: 35px; text-align: right;\">2 leti<\/td>\n<\/tr>\n<tr style=\"height: 24px;\">\n<td style=\"width: 38.4774%; height: 24px; text-align: left;\">Garancija za polikarbonat<\/td>\n<td style=\"width: 60.2881%; height: 24px; text-align: right;\">10 let<\/td>\n<\/tr>\n<tr style=\"height: 24px;\">\n<td style=\"width: 38.4774%; height: 24px; text-align: left;\">baza<\/td>\n<td style=\"width: 60.2881%; height: 24px; text-align: right;\">Priporo\u010damo, da ga namestite v betonsko podlago<\/td>\n<\/tr>\n<tr style=\"height: 24px;\">\n<td style=\"width: 38.4774%; height: 24px; text-align: left;\">Siganje na tla<\/td>\n<td style=\"width: 60.2881%; height: 24px; text-align: right;\"><a href=\"https:\/\/agroflex.cz\/kategorie-produktu\/dodatki\/kotveni-skleniku\/\" target=\"_blank\" rel=\"noopener\">Sorodni izdelki<\/a><\/td>\n<\/tr>\n<\/tbody>\n<\/table>\n<p><span style=\"font-size: 10pt;\">V primeru, da ne \u017eelite skrbeti za sestavljanje potrebnih dodatkov za rastlinjake, vam ponujamo kompletne <a href=\"https:\/\/agroflex.cz\/kategorie-produktu\/dodatki\/sada-prislusenstvi\/\"><strong>razli\u010dne komplete \/ komplete dodatkov za rastlinjake.<\/strong><\/a><\/span>[\/vc_column_text][vc_separator style=&#8221;shadow&#8221; border_width=&#8221;5&#8243;][\/vc_column][vc_column width=&#8221;1\/2&#8243;][vc_separator style=&#8221;shadow&#8221; border_width=&#8221;5&#8243;][vc_column_text css=&#8221;&#8221; text_larger=&#8221;no&#8221; woodmart_inline=&#8221;no&#8221;]<\/p>\n<div class=\"vc_row wpb_row vc_row-fluid\">\n<div class=\"wpb_column vc_column_container vc_col-sm-12\">\n<div class=\"vc_column-inner\">\n<div class=\"wpb_wrapper\">\n<div class=\"wpb_text_column wpb_content_element\">\n<div class=\"wpb_wrapper\">\n<h4 style=\"text-align: center;\">Temelji za rastlinjak<\/h4>\n<p>Da bi zagotovili trajnost rastlinjaka, je priporo\u010dljivo, da ga namestite na vnaprej pripravljeno podlago &#8211; temelj, izdelan na podlagi njegovih dimenzij po obodu podno\u017eja, na primer v obliki okvirja debeline 100 &#8230; 200 mm, kar bo znatno zmanj\u0161alo korozijsko aktivnost. Okvir rastlinjaka je treba pritrditi na temelj z vijaki ali \u017eeblji, da se prepre\u010di prevrnitev pri mo\u010dnih vetrovih. <\/p>\n<p>Polikarbonatni rastlinjak se lahko pritrdi glede na prioriteto vsakega kupca, lahko se vgradi v tla (pritrditev je zagotovljena s sidrnimi nogami), lesene prizme 10 x 10cm ali na betonsko podlago. Vendar pa je na splo\u0161no sidranje na betonsko podlago bolj\u0161a izbira, ki bo znatno zmanj\u0161ala korozijsko aktivnost. <\/p>\n<\/div>\n<\/div>\n<\/div>\n<\/div>\n<\/div>\n<\/div>\n<p>[\/vc_column_text]<div class=\"widget_products \"><div class=\"widget woocommerce widget_products\"><ul class=\"product_list_widget\"><li>\n\t\t<span class=\"widget-product-wrap\">\n\t\t<a href=\"https:\/\/agroflex.cz\/sl\/izdelek\/botanik-plocevinasta-podlaga-za-rastlinjake\/\" title=\"Botanik plo\u010devinasta podlaga za rastlinjake\" class=\"widget-product-img\">\n\t\t\t<img decoding=\"async\" width=\"300\" height=\"300\" src=\"https:\/\/agroflex.cz\/wp-content\/uploads\/2023\/09\/Zakladna-pro-zahradni-skleniky-Agroflex-300x300.jpg\" class=\"attachment-woocommerce_thumbnail size-woocommerce_thumbnail\" alt=\"\" srcset=\"https:\/\/agroflex.cz\/wp-content\/uploads\/2023\/09\/Zakladna-pro-zahradni-skleniky-Agroflex-300x300.jpg 300w, https:\/\/agroflex.cz\/wp-content\/uploads\/2023\/09\/Zakladna-pro-zahradni-skleniky-Agroflex-150x150.jpg 150w\" sizes=\"(max-width: 300px) 100vw, 300px\" \/>\t\t<\/a>\n\t\t<span class=\"widget-product-info\">\n\t\t\t<a href=\"https:\/\/agroflex.cz\/sl\/izdelek\/botanik-plocevinasta-podlaga-za-rastlinjake\/\" title=\"Botanik plo\u010devinasta podlaga za rastlinjake\" class=\"wd-entities-title\">\n\t\t\t\tBotanik plo\u010devinasta podlaga za rastlinjake\t\t\t<\/a>\n\t\t\t\t\t\t\t\t\t\t\t\t\t<span class=\"price\"><span class=\"woocommerce-Price-amount amount\" aria-hidden=\"true\"><bdi>968<span class=\"woocommerce-Price-currencySymbol\">&#75;&#269;<\/span><\/bdi><\/span> <span aria-hidden=\"true\">&ndash;<\/span> <span class=\"woocommerce-Price-amount amount\" aria-hidden=\"true\"><bdi>3 267<span class=\"woocommerce-Price-currencySymbol\">&#75;&#269;<\/span><\/bdi><\/span><span class=\"screen-reader-text\">Cenovni razpon: od 968&#75;&#269; do 3 267&#75;&#269;<\/span><\/span>\n\t\t<\/span>\n\t<\/span>\n\t<\/li>\n<\/ul><\/div><\/div>[vc_separator style=&#8221;shadow&#8221; border_width=&#8221;5&#8243;][vc_column_text css=&#8221;&#8221; text_larger=&#8221;no&#8221; woodmart_inline=&#8221;no&#8221;]<\/p>\n<div class=\"vc_row wpb_row vc_row-fluid\">\n<div class=\"wpb_column vc_column_container vc_col-sm-12\">\n<div class=\"vc_column-inner\">\n<div class=\"wpb_wrapper\">\n<div class=\"wpb_text_column wpb_content_element\">\n<div class=\"wpb_wrapper\">\n<h5 style=\"text-align: center;\">Pritrditve<\/h5>\n<p>Sestavljanje rastlinjaka je tudi preprosto in ne zahteva posebnih ve\u0161\u010din. Potreben je le minimalen nabor orodij &#8211; klju\u010d, izvija\u010d, no\u017e. Podrobna navodila boste prejeli skupaj z rastlinjakom. Ilustrirano navodilo bo \u0161e dodatno poenostavilo postopek gradnje rastlinjaka,   <\/p>\n<p>\u010ce nimate \u010dasa za monta\u017eo, <a href=\"https:\/\/agroflex.cz\/montaz-skleniku\/\" target=\"_blank\" rel=\"noopener\"><strong>lahko monta\u017eo<\/strong><\/a> naro\u010dite pri na\u0161ih strokovnjakih, ki vam bodo vse sestavili z visoko strokovnostjo in v najkraj\u0161em mo\u017enem \u010dasu. \u010ceprav je monta\u017ea celotnega rastlinjaka preprosta, je potrebno najve\u010d \u010dasa za rezanje in rob polikarbonata ter njegovo monta\u017eo na obe sprednji strani rastlinjaka. Zato vam ponujamo mo\u017enost naro\u010dila tega dela <a href=\"https:\/\/agroflex.cz\/montaz-skleniku\/\" target=\"_blank\" rel=\"noopener\"><strong>monta\u017ee<\/strong><\/a>, ki se izvaja v na\u0161em skladi\u0161\u010du, od nosilca boste prejeli obe sprednji strani, napolnjeni s polikarbonatom.  <\/p>\n<p>Rastlinjak se lahko spremeni in izvedba raz\u0161iritev je mo\u017ena v prihodnosti, zato je teoreti\u010dna dol\u017eina rastlinjaka neomejena.<\/p>\n<\/div>\n<\/div>\n<\/div>\n<\/div>\n<\/div>\n<\/div>\n<p>[\/vc_column_text][vc_separator style=&#8221;shadow&#8221; border_width=&#8221;5&#8243;][vc_column_text woodmart_inline=&#8221;no&#8221; text_larger=&#8221;no&#8221;]<\/p>\n<h4 style=\"text-align: center;\">Alternative<\/h4>\n<p>[\/vc_column_text]<div class=\"widget_products \"><div class=\"widget woocommerce widget_products\"><ul class=\"product_list_widget\"><li>\n\t\t<span class=\"widget-product-wrap\">\n\t\t<a href=\"https:\/\/agroflex.cz\/sl\/izdelek\/vrtni-rastlinjak-proti-vetru-profi-plus\/\" title=\"Vrtni rastlinjak proti vetru PROFI PLUS\" class=\"widget-product-img\">\n\t\t\t<img decoding=\"async\" width=\"300\" height=\"300\" src=\"https:\/\/agroflex.cz\/wp-content\/uploads\/2023\/09\/polykarbonatovy-sklenik-4x6m-1-300x300.png\" class=\"attachment-woocommerce_thumbnail size-woocommerce_thumbnail\" alt=\"Polikarbonatna rastlinjaka 8mm\" srcset=\"https:\/\/agroflex.cz\/wp-content\/uploads\/2023\/09\/polykarbonatovy-sklenik-4x6m-1-300x300.png 300w, https:\/\/agroflex.cz\/wp-content\/uploads\/2023\/09\/polykarbonatovy-sklenik-4x6m-1-800x800.png 800w, https:\/\/agroflex.cz\/wp-content\/uploads\/2023\/09\/polykarbonatovy-sklenik-4x6m-1-150x150.png 150w, https:\/\/agroflex.cz\/wp-content\/uploads\/2023\/09\/polykarbonatovy-sklenik-4x6m-1-768x768.png 768w, https:\/\/agroflex.cz\/wp-content\/uploads\/2023\/09\/polykarbonatovy-sklenik-4x6m-1-600x600.png 600w, https:\/\/agroflex.cz\/wp-content\/uploads\/2023\/09\/polykarbonatovy-sklenik-4x6m-1.png 1024w\" sizes=\"(max-width: 300px) 100vw, 300px\" \/>\t\t<\/a>\n\t\t<span class=\"widget-product-info\">\n\t\t\t<a href=\"https:\/\/agroflex.cz\/sl\/izdelek\/vrtni-rastlinjak-proti-vetru-profi-plus\/\" title=\"Vrtni rastlinjak proti vetru PROFI PLUS\" class=\"wd-entities-title\">\n\t\t\t\tVrtni rastlinjak proti vetru PROFI PLUS\t\t\t<\/a>\n\t\t\t\t\t\t\t\t\t\t\t\t\t<span class=\"price\"><span class=\"woocommerce-Price-amount amount\" aria-hidden=\"true\"><bdi>47 295<span class=\"woocommerce-Price-currencySymbol\">&#75;&#269;<\/span><\/bdi><\/span> <span aria-hidden=\"true\">&ndash;<\/span> <span class=\"woocommerce-Price-amount amount\" aria-hidden=\"true\"><bdi>111 967<span class=\"woocommerce-Price-currencySymbol\">&#75;&#269;<\/span><\/bdi><\/span><span class=\"screen-reader-text\">Cenovni razpon: od 47 295&#75;&#269; do 111 967&#75;&#269;<\/span><\/span>\n\t\t<\/span>\n\t<\/span>\n\t<\/li>\n<\/ul><\/div><\/div>[vc_separator style=&#8221;shadow&#8221; border_width=&#8221;5&#8243;][\/vc_column][\/vc_row]<\/p>\n<\/div>","protected":false},"excerpt":{"rendered":"<p><span style=\"font-size: 10pt;\"><strong><span style=\"color: #ff6600;\">NOVICE!<\/span> <\/strong>\u0160irina rastlinjaka 4m, vi\u0161ina 2,2m, dol\u017eina od 4m. Robusten \u0161irok celoletni polikarbonatni rastlinjak za \u0161irok spekter zahtev. Pocinkana dvojna jeklena konstrukcija. Zasteklitev je izdelana iz vrhunskega visokokakovostnega polikarbonata debeline 4, 6 ali 8 mm. Vrtni rastlinjak primeren tudi za gorske lokacije, odporen na veter in sneg.<br \/>\n<\/span><\/p>\n<p><strong> <\/strong><\/p>\n","protected":false},"featured_media":13149,"comment_status":"open","ping_status":"closed","template":"","meta":[],"product_brand":[419],"product_cat":[484,749,733],"product_tag":[],"class_list":{"0":"post-19316","1":"product","2":"type-product","3":"status-publish","4":"has-post-thumbnail","6":"product_brand-agroflex","7":"product_cat-484","8":"product_cat-dogodki-v-vrtnih-rastlinjakih","9":"product_cat-rastlinjaki-tipa-a","11":"first","12":"instock","13":"sale","14":"taxable","15":"shipping-taxable","16":"purchasable","17":"product-type-variable","18":"has-default-attributes"},"_links":{"self":[{"href":"https:\/\/agroflex.cz\/sl\/wp-json\/wp\/v2\/product\/19316","targetHints":{"allow":["GET"]}}],"collection":[{"href":"https:\/\/agroflex.cz\/sl\/wp-json\/wp\/v2\/product"}],"about":[{"href":"https:\/\/agroflex.cz\/sl\/wp-json\/wp\/v2\/types\/product"}],"replies":[{"embeddable":true,"href":"https:\/\/agroflex.cz\/sl\/wp-json\/wp\/v2\/comments?post=19316"}],"wp:featuredmedia":[{"embeddable":true,"href":"https:\/\/agroflex.cz\/sl\/wp-json\/wp\/v2\/media\/13149"}],"wp:attachment":[{"href":"https:\/\/agroflex.cz\/sl\/wp-json\/wp\/v2\/media?parent=19316"}],"wp:term":[{"taxonomy":"product_brand","embeddable":true,"href":"https:\/\/agroflex.cz\/sl\/wp-json\/wp\/v2\/product_brand?post=19316"},{"taxonomy":"product_cat","embeddable":true,"href":"https:\/\/agroflex.cz\/sl\/wp-json\/wp\/v2\/product_cat?post=19316"},{"taxonomy":"product_tag","embeddable":true,"href":"https:\/\/agroflex.cz\/sl\/wp-json\/wp\/v2\/product_tag?post=19316"}],"curies":[{"name":"wp","href":"https:\/\/api.w.org\/{rel}","templated":true}]}}