{"id":21112,"date":"2023-09-04T21:02:15","date_gmt":"2023-09-04T21:02:15","guid":{"rendered":"https:\/\/agroflex.cz\/product\/mocan-polikarbonatni-rastlinjak-rimessa-l25\/"},"modified":"2025-09-19T08:09:25","modified_gmt":"2025-09-19T08:09:25","slug":"mocan-polikarbonatni-rastlinjak-rimessa-l25","status":"publish","type":"product","link":"https:\/\/agroflex.cz\/sl\/izdelek\/mocan-polikarbonatni-rastlinjak-rimessa-l25\/","title":{"rendered":"Mo\u010dan polikarbonatni rastlinjak RIMESSA L25"},"content":{"rendered":"<div class=\"wpb-content-wrapper\"><p>[vc_row][vc_column][vc_separator style=&#8221;shadow&#8221; border_width=&#8221;5&#8243;][vc_column_text css=&#8221;&#8221; text_larger=&#8221;no&#8221; woodmart_inline=&#8221;no&#8221;]<\/p>\n<h2 style=\"text-align: center;\"><strong>Polikarbonatni rastlinjak RIMESSA L25<br \/>\n<\/strong><\/h2>\n<p>Vrtni rastlinjak iz polikarbonata z ravnimi stenami in obokano streho RIMESSA L25. Profesionalna izjemno trpe\u017ena rastlinjaka za vrt, namenjena je votlemu polikarbonatu. Trdni ro\u010dno izdelani varjeni loki in predelne stene so pocinkani na zunanji in notranji strani jekla s tako imenovano vro\u010do metodo, zahvaljujo\u010d kateri se ne boste bali rje skozi celotno izkori\u0161\u010danje, obdelano s cinkovim pr\u0161ilom (protikorozijska za\u0161\u010dita) na mestu varjenja. Jeklo se uporablja kot material cevi.    <\/p>\n<p>Konstrukcija z obremenitvijo do 350 kg iz jekla 40&#215;20 debeline 1 mm. Zahvaljujo\u010d temu lahko dolgo \u010dasa prenese neugodne podnebne razmere. Fronte rastlinjakov varjene z \u017ee vstavljenimi vrati in odprtinami. Vi\u0161ina ravne stranske stene je 1,7 metra.   <\/p>\n<p>Ponujamo tudi \u0161ir\u0161o razli\u010dico rastlinjaka Agroflex <strong><a href=\"https:\/\/agroflex.cz\/produkt\/polykarbonatovy-sklenik-agroflex-rimessa-l30v-2\/\">Rimessa L30V<\/a><\/strong> ali <strong><a href=\"https:\/\/agroflex.cz\/sl\/izdelek\/mocan-vrtni-rastlinjak-rimessa-l27\/\">Rimessa L27<\/a><\/strong>.[\/vc_column_text][vc_separator][vc_column_text css=&#8221;&#8221; text_larger=&#8221;no&#8221; woodmart_inline=&#8221;no&#8221;]<\/p>\n<div class=\"vc_row wpb_row vc_row-fluid\">\n<div class=\"wpb_column vc_column_container vc_col-sm-12\">\n<div class=\"vc_column-inner\">\n<div class=\"wpb_wrapper\">\n<div class=\"wpb_text_column wpb_content_element\">\n<div class=\"wpb_wrapper\">\n<h4 style=\"text-align: center;\">Polikarbonatna zasteklitev<\/h4>\n<p>Poseben certificirani votli polikarbonat za rastlinjake z UV filtrom. Prednost tega izdelka je visoka toplotna izolacija proti steklu. Odporen na mehanske po\u0161kodbe, vremenske vplive in to\u010do. Izjemna prosojnost polikarbonata (\u010distost \u2013 do 86%).   <\/p>\n<p>Izbirate lahko med ve\u010d izvedbami, rastlinjak RIMESSA L25 je opremljen s 4 mm, 6 mm polikarbonatom, ki zagotavlja brezhibno in dolgo \u017eivljenjsko dobo. Za zahtevnej\u0161e kupce in strokovnjake ponujamo razli\u010dice rastlinjaka RIMESSA L25 s polikarbonatom 8 mm ali 10 mm. <\/p>\n<p>Polikarbonat je dobavljen v zvitku in je pritrjen na konstrukcijo s samoreznimi vijaki.<\/p>\n<\/div>\n<\/div>\n<\/div>\n<\/div>\n<\/div>\n<\/div>\n<p>[\/vc_column_text][\/vc_column][\/vc_row][vc_row][vc_column width=&#8221;1\/2&#8243;][vc_separator style=&#8221;shadow&#8221; border_width=&#8221;5&#8243;][vc_text_separator title=&#8221;Priporo\u010dena dodatna oprema:&#8221; title_align=&#8221;separator_align_left&#8221; align=&#8221;align_left&#8221; style=&#8221;dotted&#8221;]<div class=\"widget_products \"><div class=\"widget woocommerce widget_products\"><ul class=\"product_list_widget\"><li>\n\t\t<span class=\"widget-product-wrap\">\n\t\t<a href=\"https:\/\/agroflex.cz\/sl\/izdelek\/koncni-trak-tipa-u-za-polikarbonat-4-6-8-10-mm\/\" title=\"Kon\u010dni trak tipa U za polikarbonat - 4, 6, 8, 10 mm\" class=\"widget-product-img\">\n\t\t\t<img decoding=\"async\" width=\"300\" height=\"300\" src=\"https:\/\/agroflex.cz\/wp-content\/uploads\/2023\/09\/lista-300x300.jpeg\" class=\"attachment-woocommerce_thumbnail size-woocommerce_thumbnail\" alt=\"\" srcset=\"https:\/\/agroflex.cz\/wp-content\/uploads\/2023\/09\/lista-300x300.jpeg 300w, https:\/\/agroflex.cz\/wp-content\/uploads\/2023\/09\/lista-150x150.jpeg 150w, https:\/\/agroflex.cz\/wp-content\/uploads\/2023\/09\/lista.jpeg 600w\" sizes=\"(max-width: 300px) 100vw, 300px\" \/>\t\t<\/a>\n\t\t<span class=\"widget-product-info\">\n\t\t\t<a href=\"https:\/\/agroflex.cz\/sl\/izdelek\/koncni-trak-tipa-u-za-polikarbonat-4-6-8-10-mm\/\" title=\"Kon\u010dni trak tipa U za polikarbonat - 4, 6, 8, 10 mm\" class=\"wd-entities-title\">\n\t\t\t\tKon\u010dni trak tipa U za polikarbonat - 4, 6, 8, 10 mm\t\t\t<\/a>\n\t\t\t\t\t\t\t<div class=\"star-rating\" role=\"img\" aria-label=\"Ocenjeno 5.00 od 5\"><span style=\"width:100%\">Ocenjeno <strong class=\"rating\">5.00<\/strong> od 5<\/span><\/div>\t\t\t\t\t\t<span class=\"price\"><span class=\"woocommerce-Price-amount amount\" aria-hidden=\"true\"><bdi>120<span class=\"woocommerce-Price-currencySymbol\">&#75;&#269;<\/span><\/bdi><\/span> <span aria-hidden=\"true\">&ndash;<\/span> <span class=\"woocommerce-Price-amount amount\" aria-hidden=\"true\"><bdi>140<span class=\"woocommerce-Price-currencySymbol\">&#75;&#269;<\/span><\/bdi><\/span><span class=\"screen-reader-text\">Cenovni razpon: od 120&#75;&#269; do 140&#75;&#269;<\/span><\/span>\n\t\t<\/span>\n\t<\/span>\n\t<\/li>\n<\/ul><\/div><\/div>[vc_separator style=&#8221;shadow&#8221; border_width=&#8221;5&#8243;][vc_column_text text_larger=&#8221;no&#8221; woodmart_inline=&#8221;no&#8221;]<\/p>\n<h4 style=\"text-align: center;\"><span style=\"color: #000000;\"><strong>Parametri toplogrednih plinov:<\/strong><\/span><\/h4>\n<table>\n<tbody>\n<tr style=\"height: 24px;\">\n<td style=\"width: 185.867px; height: 24px; text-align: left;\">Vrsta konstrukcije<\/td>\n<td style=\"width: 243.133px; height: 24px; text-align: right;\">Dolo\u010den<\/td>\n<\/tr>\n<tr style=\"height: 24px;\">\n<td style=\"width: 185.867px; height: 24px; text-align: left;\">Dovoljena obremenitev<\/td>\n<td style=\"width: 243.133px; height: 24px; text-align: right;\">350 kg<\/td>\n<\/tr>\n<tr style=\"height: 24px;\">\n<td style=\"width: 185.867px; height: 24px; text-align: left;\">\u0161irina<\/td>\n<td style=\"width: 243.133px; height: 24px; text-align: right;\">2,50 m<\/td>\n<\/tr>\n<tr style=\"height: 24px;\">\n<td style=\"width: 185.867px; height: 24px; text-align: left;\">vi\u0161ina<\/td>\n<td style=\"width: 243.133px; height: 24px; text-align: right;\">2,00 m<\/td>\n<\/tr>\n<tr style=\"height: 24px;\">\n<td style=\"width: 185.867px; height: 24px; text-align: left;\">Dol\u017eina (razli\u010dice)<\/td>\n<td style=\"width: 243.133px; height: 24px; text-align: right;\">4 m; 6 m; 8 m; 10 m; 12 m (dlje je mogo\u010de &#8211; modulacija v korakih po 2 m)<\/td>\n<\/tr>\n<tr style=\"height: 24px;\">\n<td style=\"width: 185.867px; height: 24px; text-align: left;\">Material za zasteklitev<\/td>\n<td style=\"width: 243.133px; height: 24px; text-align: right;\">Polikarbonat 4mm, 6mm, 8mm, 10mm<\/td>\n<\/tr>\n<tr style=\"height: 24px;\">\n<td style=\"width: 185.867px; height: 24px; text-align: left;\">UV za\u0161\u010dita<\/td>\n<p> polikarbonata<\/p>\n<td style=\"width: 243.133px; height: 24px; text-align: right;\">Da<\/td>\n<\/tr>\n<tr style=\"height: 24px;\">\n<td style=\"width: 185.867px; height: 24px; text-align: left;\">Te\u017ea<\/td>\n<p> povr\u0161ine<\/p>\n<td style=\"width: 243.133px; height: 24px; text-align: right;\">800 g\/m2 &#8211; 1700 g\/m2<\/td>\n<\/tr>\n<tr style=\"height: 24px;\">\n<td style=\"width: 185.867px; height: 10px; text-align: left;\">Gradbeni<\/td>\n<p> material<\/p>\n<td style=\"width: 243.133px; height: 10px; text-align: right;\">pocinkano jeklo<\/td>\n<\/tr>\n<tr style=\"height: 35px;\">\n<td style=\"width: 185.867px; height: 35px; text-align: left;\">Razdalja med krivuljami<\/td>\n<td style=\"width: 243.133px; height: 35px; text-align: right;\">1 meter<\/td>\n<\/tr>\n<tr style=\"height: 24px;\">\n<td style=\"width: 170.4px; height: 24px; text-align: left;\">vrsta<\/td>\n<td style=\"width: 268.6px; height: 24px; text-align: right;\">prehoden na obeh straneh<\/td>\n<\/tr>\n<tr style=\"height: 24px;\">\n<td style=\"width: 170.4px; height: 24px; text-align: left;\">Vhodna<\/td>\n<p> vrata<\/p>\n<td style=\"width: 268.6px; height: 24px; text-align: right;\">2 kos<\/td>\n<\/tr>\n<tr style=\"height: 35px;\">\n<td style=\"width: 170.4px; height: 35px; text-align: left;\">Prezra\u010devalno okno spredaj<\/td>\n<td style=\"width: 268.6px; height: 35px; text-align: right;\">2 kos<\/td>\n<\/tr>\n<tr style=\"height: 24px;\">\n<td style=\"width: 185.867px; height: 24px; text-align: left;\">Siganje iz polikarbonata<\/td>\n<td style=\"width: 243.133px; height: 24px; text-align: right;\">Vijaki s podlo\u017ekami in maticami M5<\/td>\n<\/tr>\n<tr style=\"height: 24px;\">\n<td style=\"width: 185.867px; height: 24px; text-align: left;\">Siganje na tla<\/td>\n<td style=\"width: 243.133px; height: 24px; text-align: right;\"><a href=\"https:\/\/agroflex.cz\/kategorie-produktu\/accessories\/kotveni-skleniku\/\" target=\"_blank\" rel=\"noopener\">Sorodni izdelki<\/a><\/td>\n<\/tr>\n<tr style=\"height: 24px;\">\n<td style=\"width: 185.867px; height: 24px; text-align: left;\">baza<\/td>\n<td style=\"width: 243.133px; height: 24px; text-align: right;\">Ni potrebe<\/td>\n<\/tr>\n<tr style=\"height: 24px;\">\n<td style=\"width: 185.867px; height: 24px; text-align: left;\">Garancija za polikarbonat<\/td>\n<td style=\"width: 243.133px; height: 24px; text-align: right;\">10 let<\/td>\n<\/tr>\n<tr style=\"height: 35px;\">\n<td style=\"width: 185.867px; height: 35px; text-align: left;\">Gradbena<\/td>\n<p> garancija<\/p>\n<td style=\"width: 243.133px; height: 35px; text-align: right;\">5 let<\/td>\n<\/tr>\n<\/tbody>\n<\/table>\n<p><span style=\"font-size: 10pt;\">V primeru, da ne \u017eelite skrbeti za sestavljanje potrebnih dodatkov za rastlinjake, vam ponujamo kompletne <\/span><a href=\"https:\/\/agroflex.cz\/kategorie-produktu\/accessories\/sada-prislusenstvi\/\"><strong><span style=\"font-size: 10pt;\">razli\u010dne komplete \/ komplete dodatkov za rastlinjake.<\/span><\/strong><\/a>[\/vc_column_text][vc_separator style=&#8221;shadow&#8221; border_width=&#8221;5&#8243;][\/vc_column][vc_column width=&#8221;1\/2&#8243;][vc_separator style=&#8221;shadow&#8221; border_width=&#8221;5&#8243;][vc_column_text css=&#8221;&#8221; text_larger=&#8221;no&#8221; woodmart_inline=&#8221;no&#8221;]<\/p>\n<div class=\"vc_row wpb_row vc_row-fluid\">\n<div class=\"wpb_column vc_column_container vc_col-sm-12\">\n<div class=\"vc_column-inner\">\n<div class=\"wpb_wrapper\">\n<div class=\"wpb_text_column wpb_content_element\">\n<div class=\"wpb_wrapper\">\n<h4 style=\"text-align: center;\">Temelji za rastlinjak<\/h4>\n<p>Da bi zagotovili trajnost rastlinjaka, je priporo\u010dljivo, da ga namestite na vnaprej pripravljeno podlago &#8211; temelj, izdelan na podlagi njegovih dimenzij po obodu podno\u017eja, na primer v obliki okvirja debeline 100 &#8230; 200 mm, kar bo znatno zmanj\u0161alo korozijsko aktivnost.<\/p>\n<p>Okvir rastlinjaka je treba pritrditi na temelj z vijaki ali \u017eeblji, da se prepre\u010di prevrnitev pri mo\u010dnih vetrovih.<\/p>\n<p>Rastlinjak se lahko pritrdi glede na prioriteto vsakega kupca, lahko se vgradi v tla (pritrditev je zagotovljena s sidrnimi nogami), lesene prizme 10 x 10 cm ali na betonsko podlago. Vendar pa je na splo\u0161no sidranje na betonsko podlago bolj\u0161a izbira, ki bo znatno zmanj\u0161ala korozijsko aktivnost. <\/p>\n<\/div>\n<\/div>\n<\/div>\n<\/div>\n<\/div>\n<\/div>\n<p>[\/vc_column_text]<div class=\"widget_products \"><div class=\"widget woocommerce widget_products\"><ul class=\"product_list_widget\"><li>\n\t\t<span class=\"widget-product-wrap\">\n\t\t<a href=\"https:\/\/agroflex.cz\/sl\/izdelek\/botanik-plocevinasta-podlaga-za-rastlinjake\/\" title=\"Botanik plo\u010devinasta podlaga za rastlinjake\" class=\"widget-product-img\">\n\t\t\t<img decoding=\"async\" width=\"300\" height=\"300\" src=\"https:\/\/agroflex.cz\/wp-content\/uploads\/2023\/09\/Zakladna-pro-zahradni-skleniky-Agroflex-300x300.jpg\" class=\"attachment-woocommerce_thumbnail size-woocommerce_thumbnail\" alt=\"\" srcset=\"https:\/\/agroflex.cz\/wp-content\/uploads\/2023\/09\/Zakladna-pro-zahradni-skleniky-Agroflex-300x300.jpg 300w, https:\/\/agroflex.cz\/wp-content\/uploads\/2023\/09\/Zakladna-pro-zahradni-skleniky-Agroflex-150x150.jpg 150w\" sizes=\"(max-width: 300px) 100vw, 300px\" \/>\t\t<\/a>\n\t\t<span class=\"widget-product-info\">\n\t\t\t<a href=\"https:\/\/agroflex.cz\/sl\/izdelek\/botanik-plocevinasta-podlaga-za-rastlinjake\/\" title=\"Botanik plo\u010devinasta podlaga za rastlinjake\" class=\"wd-entities-title\">\n\t\t\t\tBotanik plo\u010devinasta podlaga za rastlinjake\t\t\t<\/a>\n\t\t\t\t\t\t\t\t\t\t\t\t\t<span class=\"price\"><span class=\"woocommerce-Price-amount amount\" aria-hidden=\"true\"><bdi>968<span class=\"woocommerce-Price-currencySymbol\">&#75;&#269;<\/span><\/bdi><\/span> <span aria-hidden=\"true\">&ndash;<\/span> <span class=\"woocommerce-Price-amount amount\" aria-hidden=\"true\"><bdi>3 267<span class=\"woocommerce-Price-currencySymbol\">&#75;&#269;<\/span><\/bdi><\/span><span class=\"screen-reader-text\">Cenovni razpon: od 968&#75;&#269; do 3 267&#75;&#269;<\/span><\/span>\n\t\t<\/span>\n\t<\/span>\n\t<\/li>\n<\/ul><\/div><\/div>[vc_separator style=&#8221;shadow&#8221; border_width=&#8221;5&#8243;][vc_column_text css=&#8221;&#8221; text_larger=&#8221;no&#8221; woodmart_inline=&#8221;no&#8221;]<\/p>\n<div class=\"vc_row wpb_row vc_row-fluid\">\n<div class=\"wpb_column vc_column_container vc_col-sm-12\">\n<div class=\"vc_column-inner\">\n<div class=\"wpb_wrapper\">\n<div class=\"wpb_text_column wpb_content_element\">\n<div class=\"wpb_wrapper\">\n<h4 style=\"text-align: center;\">Pritrditve<\/h4>\n<p>Sestavljanje rastlinjaka je tudi preprosto in ne zahteva posebnih ve\u0161\u010din. Potreben je le minimalen nabor orodij &#8211; klju\u010d, izvija\u010d, no\u017e. Podrobna navodila boste prejeli skupaj z rastlinjakom. Ilustrirano navodilo bo \u0161e dodatno poenostavilo postopek gradnje rastlinjaka,   <\/p>\n<div class=\"wpb_text_column wpb_content_element\">\n<div class=\"wpb_wrapper\">\n<div class=\"wpb_text_column wpb_content_element\">\n<div class=\"wpb_wrapper\">\n<p>\u010ce nimate \u010dasa za monta\u017eo, <a href=\"https:\/\/agroflex.cz\/montaz-skleniku\/\" target=\"_blank\" rel=\"noopener\"><strong>lahko monta\u017eo<\/strong><\/a> naro\u010dite pri na\u0161ih strokovnjakih, ki vam bodo vse sestavili z visoko strokovnostjo in v najkraj\u0161em mo\u017enem \u010dasu. \u010ceprav je monta\u017ea celotnega rastlinjaka preprosta, je potrebno najve\u010d \u010dasa za rezanje in rob polikarbonata ter njegovo monta\u017eo na obe sprednji strani rastlinjaka. Zato vam ponujamo mo\u017enost naro\u010dila tega dela <a href=\"https:\/\/agroflex.cz\/montaz-skleniku\/\" target=\"_blank\" rel=\"noopener\"><strong>monta\u017ee<\/strong><\/a>, ki se izvaja v na\u0161em skladi\u0161\u010du, od nosilca boste prejeli obe sprednji strani, napolnjeni s polikarbonatom.  <\/p>\n<p>Rastlinjak se lahko spremeni in izvedba raz\u0161iritev je mo\u017ena v prihodnosti, zato je teoreti\u010dna dol\u017eina rastlinjaka neomejena.<\/p>\n<\/div>\n<\/div>\n<\/div>\n<\/div>\n<p>&nbsp;<\/p>\n<\/div>\n<\/div>\n<\/div>\n<\/div>\n<\/div>\n<\/div>\n<p>[\/vc_column_text][vc_separator style=&#8221;shadow&#8221; border_width=&#8221;5&#8243;][vc_column_text woodmart_inline=&#8221;no&#8221; text_larger=&#8221;no&#8221;]<\/p>\n<h4 style=\"text-align: center;\">Alternative<\/h4>\n<p>[\/vc_column_text]<div class=\"widget_products \"><div class=\"widget woocommerce widget_products\"><ul class=\"product_list_widget\"><li>\n\t\t<span class=\"widget-product-wrap\">\n\t\t<a href=\"https:\/\/agroflex.cz\/sl\/izdelek\/mocan-vrtni-rastlinjak-rimessa-l27\/\" title=\"Mo\u010dan vrtni rastlinjak RIMESSA L27\" class=\"widget-product-img\">\n\t\t\t<img decoding=\"async\" width=\"300\" height=\"300\" src=\"https:\/\/agroflex.cz\/wp-content\/uploads\/2023\/09\/Skleniky-z-polykarbonatu-300x300.jpg\" class=\"attachment-woocommerce_thumbnail size-woocommerce_thumbnail\" alt=\"Rastlinjak iz polikarbonata\" srcset=\"https:\/\/agroflex.cz\/wp-content\/uploads\/2023\/09\/Skleniky-z-polykarbonatu-300x300.jpg 300w, https:\/\/agroflex.cz\/wp-content\/uploads\/2023\/09\/Skleniky-z-polykarbonatu-150x150.jpg 150w\" sizes=\"(max-width: 300px) 100vw, 300px\" \/>\t\t<\/a>\n\t\t<span class=\"widget-product-info\">\n\t\t\t<a href=\"https:\/\/agroflex.cz\/sl\/izdelek\/mocan-vrtni-rastlinjak-rimessa-l27\/\" title=\"Mo\u010dan vrtni rastlinjak RIMESSA L27\" class=\"wd-entities-title\">\n\t\t\t\tMo\u010dan vrtni rastlinjak RIMESSA L27\t\t\t<\/a>\n\t\t\t\t\t\t\t<div class=\"star-rating\" role=\"img\" aria-label=\"Ocenjeno 5.00 od 5\"><span style=\"width:100%\">Ocenjeno <strong class=\"rating\">5.00<\/strong> od 5<\/span><\/div>\t\t\t\t\t\t<span class=\"price\"><span class=\"woocommerce-Price-amount amount\" aria-hidden=\"true\"><bdi>19 140<span class=\"woocommerce-Price-currencySymbol\">&#75;&#269;<\/span><\/bdi><\/span> <span aria-hidden=\"true\">&ndash;<\/span> <span class=\"woocommerce-Price-amount amount\" aria-hidden=\"true\"><bdi>61 753<span class=\"woocommerce-Price-currencySymbol\">&#75;&#269;<\/span><\/bdi><\/span><span class=\"screen-reader-text\">Cenovni razpon: od 19 140&#75;&#269; do 61 753&#75;&#269;<\/span><\/span>\n\t\t<\/span>\n\t<\/span>\n\t<\/li>\n<\/ul><\/div><\/div>[vc_separator style=&#8221;shadow&#8221; border_width=&#8221;5&#8243;][\/vc_column][\/vc_row]<\/p>\n<\/div>","protected":false},"excerpt":{"rendered":"<p><span style=\"font-size: 10pt;\"><strong><span style=\"color: #ff0000;\">CENA JE USPE\u0160NA!<\/span> <\/strong>\u0160irina rastlinjaka 2,5 m, vi\u0161ina 2 m, dol\u017eina od 4 m. Polikarbonatni rastlinjak primeren za vsak vrt. Vsi toplogredni loki so trdni in izdelani iz visokokakovostnega JEKLU. Poseben polikarbonat za rastlinjake z UV filtrom. Primerna tudi za gorske lokacije, odporna proti vetru.    <\/span><\/p>\n<p><strong> <\/strong><\/p>\n","protected":false},"featured_media":12340,"comment_status":"open","ping_status":"closed","template":"","meta":[],"product_brand":[419],"product_cat":[484,749,733,954],"product_tag":[],"class_list":{"0":"post-21112","1":"product","2":"type-product","3":"status-publish","4":"has-post-thumbnail","6":"product_brand-agroflex","7":"product_cat-484","8":"product_cat-dogodki-v-vrtnih-rastlinjakih","9":"product_cat-rastlinjaki-tipa-a","10":"product_cat-fiksni-rastlinjaki","12":"first","13":"instock","14":"sale","15":"taxable","16":"shipping-taxable","17":"purchasable","18":"product-type-variable","19":"has-default-attributes"},"_links":{"self":[{"href":"https:\/\/agroflex.cz\/sl\/wp-json\/wp\/v2\/product\/21112","targetHints":{"allow":["GET"]}}],"collection":[{"href":"https:\/\/agroflex.cz\/sl\/wp-json\/wp\/v2\/product"}],"about":[{"href":"https:\/\/agroflex.cz\/sl\/wp-json\/wp\/v2\/types\/product"}],"replies":[{"embeddable":true,"href":"https:\/\/agroflex.cz\/sl\/wp-json\/wp\/v2\/comments?post=21112"}],"wp:featuredmedia":[{"embeddable":true,"href":"https:\/\/agroflex.cz\/sl\/wp-json\/wp\/v2\/media\/12340"}],"wp:attachment":[{"href":"https:\/\/agroflex.cz\/sl\/wp-json\/wp\/v2\/media?parent=21112"}],"wp:term":[{"taxonomy":"product_brand","embeddable":true,"href":"https:\/\/agroflex.cz\/sl\/wp-json\/wp\/v2\/product_brand?post=21112"},{"taxonomy":"product_cat","embeddable":true,"href":"https:\/\/agroflex.cz\/sl\/wp-json\/wp\/v2\/product_cat?post=21112"},{"taxonomy":"product_tag","embeddable":true,"href":"https:\/\/agroflex.cz\/sl\/wp-json\/wp\/v2\/product_tag?post=21112"}],"curies":[{"name":"wp","href":"https:\/\/api.w.org\/{rel}","templated":true}]}}