{"id":22783,"date":"2025-05-02T10:04:53","date_gmt":"2025-05-02T10:04:53","guid":{"rendered":"https:\/\/agroflex.cz\/product\/pokrov-bazena-tulipan-xl\/"},"modified":"2025-09-19T08:19:18","modified_gmt":"2025-09-19T08:19:18","slug":"pokrov-bazena-tulipan-xl","status":"publish","type":"product","link":"https:\/\/agroflex.cz\/sl\/izdelek\/pokrov-bazena-tulipan-xl\/","title":{"rendered":"Pokrov bazena TULIPAN XL"},"content":{"rendered":"<div class=\"wpb-content-wrapper\"><p>[vc_row][vc_column][vc_separator style=&#8221;shadow&#8221; border_width=&#8221;5&#8243;][vc_column_text css=&#8221;&#8221; text_larger=&#8221;no&#8221; woodmart_inline=&#8221;no&#8221;]<\/p>\n<h2 style=\"text-align: center;\"><strong>Ve\u010dnamenski profesionalni rastlinjak TULIPAN XL<\/strong><\/h2>\n<p><strong>TULIPAN XL<\/strong> je polikarbonatni rastlinjak velike zmogljivosti, ki poleg gojenja pridelkov ponuja tudi elegantno in cenovno <strong>ugodno mo\u017enost kritine bazenov<\/strong>. Zahvaljujo\u010d svoji univerzalni zasnovi in inovativnim funkcijam je idealna re\u0161itev za vsak vrt. <\/p>\n<p><strong>Klju\u010dne zna\u010dilnosti:<\/strong><\/p>\n<ul>\n<li><strong>Ve\u010dnamenska uporaba<\/strong> \u2013 gojenje pridelkov in pokrivanje bazena.<\/li>\n<li><strong>Sistem stranskega odpiranja ANTI-STORM<\/strong> \u2013 pove\u010dana odpornost proti vetru.<\/li>\n<li><strong>Zlo\u017eljiva obokana streha in stranski deli<\/strong> \u2013 celotna streha se lahko odpre z obeh strani ali le z dela.<\/li>\n<li><strong>Drsni elementi \u0161irine 2 m<\/strong> \u2013 enostavno rokovanje in dostop.<\/li>\n<li><strong>Robustna konstrukcija<\/strong> \u2013 40 \u00d7 20 \u00d7 1 mm jeklena rezila z dvojnim lokom zagotavljajo visoko stabilnost.<\/li>\n<\/ul>\n<p><strong>Material in zaklju\u010dki:<\/strong><\/p>\n<ul>\n<li><strong>Certificirani UV polikarbonat<\/strong> \u2013 visoka prepustnost svetlobe, za\u0161\u010dita pred UV sevanjem.<\/li>\n<li>\u010ce uporabljate vrtno rastlinjak kot <strong>cenej\u0161o mo\u017enost za stre\u0161no kritino bazena<\/strong> , lahko kovino obdelate s posebnim barvnim izdelkom, ki bo poleg estetskega videza podalj\u0161al tudi \u017eivljenjsko dobo pocinkane povr\u0161ine.<\/li>\n<li><strong>Barvni polikarbonat na zahtevo<\/strong> \u2013 barvo navedite ob naro\u010dilu (povi\u0161anje cene za pribli\u017eno 5-9%, to\u010dna cena bo sporo\u010dena takoj).<\/li>\n<\/ul>\n<p><strong>Pomemben:<\/strong><\/p>\n<p><strong>Rastlinjaka ne priporo\u010damo sidranja na odprtih in vetrovnih obmo\u010djih<\/strong> (npr. polja, ravnice itd.), kjer se lahko pojavijo mo\u010dni vetrovi. Tak\u0161ni pogoji lahko po\u0161kodujejo <strong>plasti\u010dne mehanizme za odpiranje<\/strong>. V teh primerih priporo\u010damo dodatno varovanje ali primernej\u0161o lokacijo.[\/vc_column_text][vc_separator][\/vc_column][\/vc_row][vc_row][vc_column width=&#8221;1\/2&#8243;][vc_text_separator title=&#8221;Priporo\u010dena dodatna oprema:&#8221; title_align=&#8221;separator_align_left&#8221; align=&#8221;align_left&#8221; style=&#8221;dotted&#8221;]<div class=\"widget_products \"><div class=\"widget woocommerce widget_products\"><ul class=\"product_list_widget\"><li>\n\t\t<span class=\"widget-product-wrap\">\n\t\t<a href=\"https:\/\/agroflex.cz\/sl\/izdelek\/paroprepustni-prezracevalni-trak-antidust-3500\/\" title=\"Paroprepustni prezra\u010devalni trak AntiDust 3500\" class=\"widget-product-img\">\n\t\t\t<img decoding=\"async\" width=\"300\" height=\"300\" src=\"https:\/\/agroflex.cz\/wp-content\/uploads\/2023\/09\/Ventilacni-paska-Antidust-300x300.jpg\" class=\"attachment-woocommerce_thumbnail size-woocommerce_thumbnail\" alt=\"\" srcset=\"https:\/\/agroflex.cz\/wp-content\/uploads\/2023\/09\/Ventilacni-paska-Antidust-300x300.jpg 300w, https:\/\/agroflex.cz\/wp-content\/uploads\/2023\/09\/Ventilacni-paska-Antidust-150x150.jpg 150w\" sizes=\"(max-width: 300px) 100vw, 300px\" \/>\t\t<\/a>\n\t\t<span class=\"widget-product-info\">\n\t\t\t<a href=\"https:\/\/agroflex.cz\/sl\/izdelek\/paroprepustni-prezracevalni-trak-antidust-3500\/\" title=\"Paroprepustni prezra\u010devalni trak AntiDust 3500\" class=\"wd-entities-title\">\n\t\t\t\tParoprepustni prezra\u010devalni trak AntiDust 3500\t\t\t<\/a>\n\t\t\t\t\t\t\t<div class=\"star-rating\" role=\"img\" aria-label=\"Ocenjeno 5.00 od 5\"><span style=\"width:100%\">Ocenjeno <strong class=\"rating\">5.00<\/strong> od 5<\/span><\/div>\t\t\t\t\t\t<span class=\"price\"><span class=\"woocommerce-Price-amount amount\"><bdi>789<span class=\"woocommerce-Price-currencySymbol\">&#75;&#269;<\/span><\/bdi><\/span><\/span>\n\t\t<\/span>\n\t<\/span>\n\t<\/li>\n<\/ul><\/div><\/div>[vc_separator style=&#8221;shadow&#8221; border_width=&#8221;5&#8243;][vc_column_text text_larger=&#8221;no&#8221; woodmart_inline=&#8221;no&#8221;]<\/p>\n<h4 style=\"text-align: center;\"><span style=\"color: #000000;\"><strong>Parametri toplogrednih plinov:<\/strong><\/span><\/h4>\n<table>\n<tbody>\n<tr style=\"height: 24px;\">\n<td style=\"width: 201px; height: 24px; text-align: left;\">Vrsta konstrukcije<\/td>\n<td style=\"width: 262px; height: 24px; text-align: right;\">Upogljivi<\/td>\n<\/tr>\n<tr style=\"height: 24px;\">\n<td style=\"width: 201px; height: 24px; text-align: left;\">Dovoljena obremenitev<\/td>\n<td style=\"width: 262px; height: 24px; text-align: right;\">350 kg<\/td>\n<\/tr>\n<tr style=\"height: 24px;\">\n<td style=\"width: 201px; height: 24px; text-align: left;\">\u0161irina<\/td>\n<td style=\"width: 262px; height: 24px; text-align: right;\">5,38 m<\/td>\n<\/tr>\n<tr style=\"height: 24px;\">\n<td style=\"width: 201px; height: 24px; text-align: left;\">vi\u0161ina<\/td>\n<td style=\"width: 262px; height: 24px; text-align: right;\">2,43 m<\/td>\n<\/tr>\n<tr style=\"height: 24px;\">\n<td style=\"width: 201px; height: 24px; text-align: left;\">Dol\u017eina (razli\u010dice)<\/td>\n<td style=\"width: 262px; height: 24px; text-align: right;\">3,98 m; 5,95 m; 7,91 m; 9,88 m; 11,84 (mo\u017een je tudi podalj\u0161anje po 1,964 m)<\/td>\n<\/tr>\n<tr style=\"height: 24px;\">\n<td style=\"width: 201px; height: 24px; text-align: left;\">Material za zasteklitev<\/td>\n<td style=\"width: 262px; height: 24px; text-align: right;\">polikarbonat 4 mm (jasnost &#8211; do 86%).<\/td>\n<\/tr>\n<tr style=\"height: 24px;\">\n<td style=\"width: 201px; height: 24px; text-align: left;\">UV za\u0161\u010dita<\/td>\n<td style=\"width: 262px; height: 24px; text-align: right;\">da (enostransko)<\/td>\n<\/tr>\n<tr style=\"height: 24px;\">\n<td style=\"width: 201px; height: 24px; text-align: left;\">Gradbeni<\/td>\n<p> material<\/p>\n<td style=\"width: 262px; height: 24px; text-align: right;\">Pocinkano jeklo &#8211; Jekl kvadrat 40&#215;20 \u043c\u043c<\/td>\n<\/tr>\n<tr style=\"height: 24px;\">\n<td style=\"width: 201px; height: 24px; text-align: left;\">Trdnost jeklene<\/td>\n<p> stene<\/p>\n<td style=\"width: 262px; height: 24px; text-align: right;\">1 mm<\/td>\n<\/tr>\n<tr style=\"height: 35px;\">\n<td style=\"width: 201px; height: 35px; text-align: left;\">Razdalja med krivuljami<\/td>\n<td style=\"width: 262px; height: 35px; text-align: right;\">1 meter<\/td>\n<\/tr>\n<tr style=\"height: 24px;\">\n<td style=\"width: 201px; height: 24px; text-align: left;\">vrsta<\/td>\n<td style=\"width: 262px; height: 24px; text-align: right;\">prehoden na obeh straneh<\/td>\n<\/tr>\n<tr style=\"height: 24px;\">\n<td style=\"width: 201px; height: 24px; text-align: left;\">Vhodna<\/td>\n<p> vrata<\/p>\n<td style=\"width: 262px; height: 24px; text-align: right;\">2 kos<\/td>\n<\/tr>\n<tr style=\"height: 35px;\">\n<td style=\"width: 201px; height: 35px; text-align: left;\">Prezra\u010devalno okno spredaj<\/td>\n<td style=\"width: 262px; height: 35px; text-align: right;\">2 kos<\/td>\n<\/tr>\n<tr style=\"height: 24px;\">\n<td style=\"width: 201px; height: 24px; text-align: left;\">Siganje iz polikarbonata<\/td>\n<td style=\"width: 262px; height: 24px; text-align: right;\">Da<\/td>\n<\/tr>\n<tr style=\"height: 24px;\">\n<td style=\"width: 201px; height: 24px; text-align: left;\">Garancija za polikarbonat<\/td>\n<td style=\"width: 262px; height: 24px; text-align: right;\">10 let<\/td>\n<\/tr>\n<tr style=\"height: 35px;\">\n<td style=\"width: 201px; height: 35px; text-align: left;\">Gradbena<\/td>\n<p> garancija<\/p>\n<td style=\"width: 262px; height: 35px; text-align: right;\">2 leti<\/td>\n<\/tr>\n<tr style=\"height: 24px;\">\n<td style=\"width: 201px; height: 24px; text-align: left;\">baza<\/td>\n<td style=\"width: 262px; height: 24px; text-align: right;\">potrebno<\/td>\n<\/tr>\n<\/tbody>\n<\/table>\n<p><span style=\"font-size: 10pt;\">V primeru, da ne \u017eelite skrbeti za sestavljanje potrebnih dodatkov za rastlinjake, vam ponujamo kompletne <\/span><a href=\"https:\/\/agroflex.cz\/kategorie-produktu\/dodatki\/sada-prislusenstvi\/\"><strong><span style=\"font-size: 10pt;\">razli\u010dne komplete \/ komplete dodatkov za rastlinjake.<\/span><\/strong><\/a>[\/vc_column_text][vc_separator style=&#8221;shadow&#8221; border_width=&#8221;5&#8243;][\/vc_column][vc_column width=&#8221;1\/2&#8243;][vc_column_text css=&#8221;&#8221; text_larger=&#8221;no&#8221; woodmart_inline=&#8221;no&#8221;]<\/p>\n<div class=\"vc_row wpb_row vc_row-fluid\">\n<div class=\"wpb_column vc_column_container vc_col-sm-12\">\n<div class=\"vc_column-inner\">\n<div class=\"wpb_wrapper\">\n<div class=\"wpb_text_column wpb_content_element\">\n<div class=\"wpb_wrapper\">\n<h4 style=\"text-align: center;\">Temelji za rastlinjak<\/h4>\n<p>Da bi zagotovili trajnost rastlinjaka, je priporo\u010dljivo, da ga namestite na vnaprej pripravljeno podlago &#8211; temelj, izdelan na podlagi njegovih dimenzij po obodu podno\u017eja, na primer v obliki okvirja debeline 100 &#8230; 200 mm, kar bo znatno zmanj\u0161alo korozijsko aktivnost. Okvir rastlinjaka je treba pritrditi na temelj z vijaki ali \u017eeblji, da se prepre\u010di prevrnitev pri mo\u010dnih vetrovih. <\/p>\n<p>Polikarbonatni rastlinjak se tako lahko pritrdi glede na prioriteto vsakega kupca, lahko se vgradi v tla (pritrditev je zagotovljena s sidrnimi nogami), lesene prizme 10 x 10cm ali na betonsko podlago.<\/p>\n<p>Vendar pa je na splo\u0161no sidranje na betonsko podlago bolj\u0161a izbira, ki bo znatno zmanj\u0161ala korozijsko aktivnost.<\/p>\n<\/div>\n<\/div>\n<\/div>\n<\/div>\n<\/div>\n<\/div>\n<p>[\/vc_column_text]<div class=\"widget_products \"><div class=\"widget woocommerce widget_products\"><ul class=\"product_list_widget\"><li>\n\t\t<span class=\"widget-product-wrap\">\n\t\t<a href=\"https:\/\/agroflex.cz\/sl\/izdelek\/botanik-plocevinasta-podlaga-za-rastlinjake\/\" title=\"Botanik plo\u010devinasta podlaga za rastlinjake\" class=\"widget-product-img\">\n\t\t\t<img decoding=\"async\" width=\"300\" height=\"300\" src=\"https:\/\/agroflex.cz\/wp-content\/uploads\/2023\/09\/Zakladna-pro-zahradni-skleniky-Agroflex-300x300.jpg\" class=\"attachment-woocommerce_thumbnail size-woocommerce_thumbnail\" alt=\"\" srcset=\"https:\/\/agroflex.cz\/wp-content\/uploads\/2023\/09\/Zakladna-pro-zahradni-skleniky-Agroflex-300x300.jpg 300w, https:\/\/agroflex.cz\/wp-content\/uploads\/2023\/09\/Zakladna-pro-zahradni-skleniky-Agroflex-150x150.jpg 150w\" sizes=\"(max-width: 300px) 100vw, 300px\" \/>\t\t<\/a>\n\t\t<span class=\"widget-product-info\">\n\t\t\t<a href=\"https:\/\/agroflex.cz\/sl\/izdelek\/botanik-plocevinasta-podlaga-za-rastlinjake\/\" title=\"Botanik plo\u010devinasta podlaga za rastlinjake\" class=\"wd-entities-title\">\n\t\t\t\tBotanik plo\u010devinasta podlaga za rastlinjake\t\t\t<\/a>\n\t\t\t\t\t\t\t\t\t\t\t\t\t<span class=\"price\"><span class=\"woocommerce-Price-amount amount\" aria-hidden=\"true\"><bdi>968<span class=\"woocommerce-Price-currencySymbol\">&#75;&#269;<\/span><\/bdi><\/span> <span aria-hidden=\"true\">&ndash;<\/span> <span class=\"woocommerce-Price-amount amount\" aria-hidden=\"true\"><bdi>3 267<span class=\"woocommerce-Price-currencySymbol\">&#75;&#269;<\/span><\/bdi><\/span><span class=\"screen-reader-text\">Cenovni razpon: od 968&#75;&#269; do 3 267&#75;&#269;<\/span><\/span>\n\t\t<\/span>\n\t<\/span>\n\t<\/li>\n<\/ul><\/div><\/div>[vc_separator style=&#8221;shadow&#8221; border_width=&#8221;5&#8243;][vc_column_text css=&#8221;&#8221; text_larger=&#8221;no&#8221; woodmart_inline=&#8221;no&#8221;]<\/p>\n<div class=\"vc_row wpb_row vc_row-fluid\">\n<div class=\"wpb_column vc_column_container vc_col-sm-12\">\n<div class=\"vc_column-inner\">\n<div class=\"wpb_wrapper\">\n<div class=\"wpb_text_column wpb_content_element\">\n<div class=\"wpb_wrapper\">\n<h4 style=\"text-align: center;\">Pritrditve<\/h4>\n<p>Sestavljanje rastlinjaka je tudi preprosto in ne zahteva posebnih ve\u0161\u010din. Potreben je le minimalen nabor orodij &#8211; klju\u010d, izvija\u010d, no\u017e. Podrobna navodila boste prejeli skupaj z rastlinjakom. Ilustrirano navodilo bo \u0161e dodatno poenostavilo postopek gradnje rastlinjaka,   <\/p>\n<p>\u010ce nimate \u010dasa za monta\u017eo, <a href=\"https:\/\/agroflex.cz\/montaz-skleniku\/\" target=\"_blank\" rel=\"noopener\"><strong>lahko monta\u017eo<\/strong><\/a> naro\u010dite pri na\u0161ih strokovnjakih, ki vam bodo vse sestavili z visoko strokovnostjo in v najkraj\u0161em mo\u017enem \u010dasu. \u010ceprav je monta\u017ea celotnega rastlinjaka preprosta, je potrebno najve\u010d \u010dasa za rezanje in rob polikarbonata ter njegovo monta\u017eo na obe sprednji strani rastlinjaka. Zato vam ponujamo mo\u017enost naro\u010dila tega dela <a href=\"https:\/\/agroflex.cz\/montaz-skleniku\/\" target=\"_blank\" rel=\"noopener\"><strong>monta\u017ee<\/strong><\/a>, ki se izvaja v na\u0161em skladi\u0161\u010du, od nosilca boste prejeli obe sprednji strani, napolnjeni s polikarbonatom. <\/p>\n<p>Rastlinjak se lahko spremeni in izvedba raz\u0161iritev je mo\u017ena v prihodnosti, zato je teoreti\u010dna dol\u017eina rastlinjaka neomejena.<\/p>\n<\/div>\n<\/div>\n<\/div>\n<\/div>\n<\/div>\n<\/div>\n<p>[\/vc_column_text][vc_separator style=&#8221;shadow&#8221; border_width=&#8221;5&#8243;][vc_column_text woodmart_inline=&#8221;no&#8221; text_larger=&#8221;no&#8221;]<\/p>\n<h4 style=\"text-align: center;\">Alternative<\/h4>\n<p>[\/vc_column_text]<div class=\"widget_products \"><div class=\"widget woocommerce widget_products\"><ul class=\"product_list_widget\"><li>\n\t\t<span class=\"widget-product-wrap\">\n\t\t<a href=\"https:\/\/agroflex.cz\/sl\/izdelek\/velika-polikarbonatna-rastlinjaka-rimessa-l50v\/\" title=\"Velika polikarbonatna rastlinjaka RIMESSA L50V\" class=\"widget-product-img\">\n\t\t\t<img decoding=\"async\" width=\"300\" height=\"300\" src=\"https:\/\/agroflex.cz\/wp-content\/uploads\/2023\/09\/polykarbonatovy-sklenik-2-300x300.jpg\" class=\"attachment-woocommerce_thumbnail size-woocommerce_thumbnail\" alt=\"sklen\u00edk polykarbon\u00e1t\" srcset=\"https:\/\/agroflex.cz\/wp-content\/uploads\/2023\/09\/polykarbonatovy-sklenik-2-300x300.jpg 300w, https:\/\/agroflex.cz\/wp-content\/uploads\/2023\/09\/polykarbonatovy-sklenik-2-150x150.jpg 150w\" sizes=\"(max-width: 300px) 100vw, 300px\" \/>\t\t<\/a>\n\t\t<span class=\"widget-product-info\">\n\t\t\t<a href=\"https:\/\/agroflex.cz\/sl\/izdelek\/velika-polikarbonatna-rastlinjaka-rimessa-l50v\/\" title=\"Velika polikarbonatna rastlinjaka RIMESSA L50V\" class=\"wd-entities-title\">\n\t\t\t\tVelika polikarbonatna rastlinjaka RIMESSA L50V\t\t\t<\/a>\n\t\t\t\t\t\t\t\t\t\t\t\t\t<span class=\"price\"><span class=\"woocommerce-Price-amount amount\" aria-hidden=\"true\"><bdi>69 112<span class=\"woocommerce-Price-currencySymbol\">&#75;&#269;<\/span><\/bdi><\/span> <span aria-hidden=\"true\">&ndash;<\/span> <span class=\"woocommerce-Price-amount amount\" aria-hidden=\"true\"><bdi>262 411<span class=\"woocommerce-Price-currencySymbol\">&#75;&#269;<\/span><\/bdi><\/span><span class=\"screen-reader-text\">Cenovni razpon: od 69 112&#75;&#269; do 262 411&#75;&#269;<\/span><\/span>\n\t\t<\/span>\n\t<\/span>\n\t<\/li>\n<\/ul><\/div><\/div>[vc_separator style=&#8221;shadow&#8221; border_width=&#8221;5&#8243;][\/vc_column][\/vc_row]<\/p>\n<\/div>","protected":false},"excerpt":{"rendered":"<p style=\"text-align: justify;\"><span style=\"font-size: 10pt;\"><span style=\"color: #993300;\"><strong>NOVICE!<\/strong> <\/span>\u0160irina rastlinjaka 5,38m, vi\u0161ina 2,43m, dol\u017eina od 4m. Novi sistem stranskega odpiranja &#8220;ANTI-STORM&#8221; je odporen na veter. Drsni del \u0161irine 2 metra. Rastlinjak zagotavlja popolno prezra\u010devanje, naravno zalivanje z de\u017eevnico. Poseben certificiran prosojni polikarbonat za rastlinjake debeline 4 mm z UV filtrom. Rastlinjak je prehoden na obeh straneh.     <\/span><\/p>\n<p><strong> <\/strong><\/p>\n","protected":false},"featured_media":22785,"comment_status":"open","ping_status":"closed","template":"","meta":[],"product_brand":[419],"product_cat":[852],"product_tag":[],"class_list":{"0":"post-22783","1":"product","2":"type-product","3":"status-publish","4":"has-post-thumbnail","6":"product_brand-agroflex","7":"product_cat-pokrivanje-bazena","9":"first","10":"instock","11":"taxable","12":"shipping-taxable","13":"purchasable","14":"product-type-variable","15":"has-default-attributes"},"_links":{"self":[{"href":"https:\/\/agroflex.cz\/sl\/wp-json\/wp\/v2\/product\/22783","targetHints":{"allow":["GET"]}}],"collection":[{"href":"https:\/\/agroflex.cz\/sl\/wp-json\/wp\/v2\/product"}],"about":[{"href":"https:\/\/agroflex.cz\/sl\/wp-json\/wp\/v2\/types\/product"}],"replies":[{"embeddable":true,"href":"https:\/\/agroflex.cz\/sl\/wp-json\/wp\/v2\/comments?post=22783"}],"wp:featuredmedia":[{"embeddable":true,"href":"https:\/\/agroflex.cz\/sl\/wp-json\/wp\/v2\/media\/22785"}],"wp:attachment":[{"href":"https:\/\/agroflex.cz\/sl\/wp-json\/wp\/v2\/media?parent=22783"}],"wp:term":[{"taxonomy":"product_brand","embeddable":true,"href":"https:\/\/agroflex.cz\/sl\/wp-json\/wp\/v2\/product_brand?post=22783"},{"taxonomy":"product_cat","embeddable":true,"href":"https:\/\/agroflex.cz\/sl\/wp-json\/wp\/v2\/product_cat?post=22783"},{"taxonomy":"product_tag","embeddable":true,"href":"https:\/\/agroflex.cz\/sl\/wp-json\/wp\/v2\/product_tag?post=22783"}],"curies":[{"name":"wp","href":"https:\/\/api.w.org\/{rel}","templated":true}]}}