{"id":22797,"date":"2025-05-02T10:45:27","date_gmt":"2025-05-02T10:45:27","guid":{"rendered":"https:\/\/agroflex.cz\/product\/bazensko-ohisje-tulipan-l40\/"},"modified":"2025-09-19T08:19:17","modified_gmt":"2025-09-19T08:19:17","slug":"bazensko-ohisje-tulipan-l40","status":"publish","type":"product","link":"https:\/\/agroflex.cz\/sl\/izdelek\/bazensko-ohisje-tulipan-l40\/","title":{"rendered":"Bazensko ohi\u0161je TULIPAN L40"},"content":{"rendered":"<div class=\"wpb-content-wrapper\"><p>[vc_row][vc_column][vc_separator style=&#8221;shadow&#8221; border_width=&#8221;5&#8243;][vc_column_text css=&#8221;&#8221; text_larger=&#8221;no&#8221; woodmart_inline=&#8221;no&#8221;]<\/p>\n<h2 style=\"text-align: center;\">Bazensko ohi\u0161je <strong>TULIPAN L40<br \/>\n<\/strong><\/h2>\n<p data-start=\"177\" data-end=\"259\"><strong data-start=\"177\" data-end=\"259\">Ve\u010dnamenski profesionalni rastlinjak z zlo\u017eljivo konstrukcijo<\/strong><\/p>\n<p data-start=\"261\" data-end=\"611\">Agroflex TULIPAN XL je polikarbonatni rastlinjak velike zmogljivosti, ki zdru\u017euje eleganco, prakti\u010dnost in visoko vzdr\u017eljivost. Poleg tradicionalne uporabe za gojenje pridelkov je tudi cenovno ugodna in estetsko privla\u010dna alternativa <strong data-start=\"494\" data-end=\"515\">stre\u0161nim kritinam bazenov<\/strong>. Zahvaljujo\u010d svoji univerzalni zasnovi in sodobnim tehni\u010dnim re\u0161itvam je kot nala\u0161\u010d za vsak vrt.  <\/p>\n<h3 data-start=\"613\" data-end=\"636\">Klju\u010dne zna\u010dilnosti:<\/h3>\n<ul data-start=\"638\" data-end=\"1153\">\n<li data-start=\"638\" data-end=\"720\">\n<p data-start=\"640\" data-end=\"720\"><strong data-start=\"640\" data-end=\"663\">Ve\u010dnamenska uporaba<\/strong> \u2013 idealna kot vrtni rastlinjak ali kot pokrov za bazen.<\/p>\n<\/li>\n<li data-start=\"721\" data-end=\"824\">\n<p data-start=\"723\" data-end=\"824\"><strong data-start=\"723\" data-end=\"762\">Sistem stranskega odpiranja ANTI-STORM<\/strong> \u2013 zagotavlja bolj\u0161o odpornost proti vetru in enostavno prezra\u010devanje.<\/p>\n<\/li>\n<li data-start=\"825\" data-end=\"939\">\n<p data-start=\"827\" data-end=\"939\"><strong data-start=\"827\" data-end=\"870\">Zlo\u017eljiva obokana streha in stranski deli<\/strong> \u2013 omogo\u010dajo odpiranje strehe z ene ali obeh strani po potrebi.<\/p>\n<\/li>\n<li data-start=\"940\" data-end=\"1026\">\n<p data-start=\"942\" data-end=\"1026\"><strong data-start=\"942\" data-end=\"971\">Drsni elementi \u0161irine 1 m<\/strong> \u2013 udoben dostop do bazena in enostavno rokovanje.<\/p>\n<\/li>\n<li data-start=\"1027\" data-end=\"1153\">\n<p data-start=\"1029\" data-end=\"1153\"><strong data-start=\"1029\" data-end=\"1052\">Robustna konstrukcija<\/strong> \u2013 izdelana iz dvokrilnih profilov 40 \u00d7 20 \u00d7 1 mm za maksimalno stabilnost in dolgo \u017eivljenjsko dobo.<\/p>\n<\/li>\n<\/ul>\n<h3 data-start=\"1155\" data-end=\"1177\">Material in zaklju\u010dki:<\/h3>\n<ul data-start=\"1179\" data-end=\"1588\">\n<li data-start=\"1179\" data-end=\"1290\">\n<p data-start=\"1181\" data-end=\"1290\"><strong data-start=\"1181\" data-end=\"1214\">Certificirani UV polikarbonat<\/strong> \u2013 zagotavlja visoko prepustnost svetlobe in u\u010dinkovito za\u0161\u010dito pred UV sevanjem.<\/p>\n<\/li>\n<li data-start=\"1428\" data-end=\"1588\">\n<p data-start=\"1430\" data-end=\"1588\"><strong data-start=\"1430\" data-end=\"1463\">Barvni polikarbonat na zahtevo<\/strong> \u2013 izberite odtenek, ki se najbolje ujema z okolico (navedite ob naro\u010dilu, dopla\u010dilo v vi\u0161ini cca 5-9% \u2013 o to\u010dni ceni vas bomo takoj obvestili).<\/p>\n<\/li>\n<li data-start=\"1428\" data-end=\"1588\">V primeru uporabe vrtnega rastlinjaka kot <strong>cenovno dostopne stre\u0161ne kritine bazena<\/strong> se lahko kovinska konstrukcija obdela s posebnim barvnim premazom, ki ne bo le izbolj\u0161al videza, temve\u010d tudi podalj\u0161al \u017eivljenjsko dobo pocinkane povr\u0161ine.<\/li>\n<\/ul>\n<p><strong data-start=\"70\" data-end=\"94\">Pomemben:<\/strong><br data-start=\"94\" data-end=\"97\">Ne priporo\u010damo namestitve rastlinjaka na odprtih in vetrovnih obmo\u010djih, kot so polja, ravnine ali druga nepokrita obmo\u010dja, kjer se lahko pojavijo mo\u010dni vetrovi. V takih pogojih obstaja nevarnost po\u0161kodb plasti\u010dnih mehanizmov za odpiranje. Priporo\u010damo izbiro bolj za\u0161\u010ditene lokacije ali zavarovanje konstrukcije z dodatnimi varnostnimi elementi.[\/vc_column_text][vc_separator][\/vc_column][\/vc_row][vc_row][vc_column width=&#8221;1\/2&#8243;][vc_separator style=&#8221;shadow&#8221; border_width=&#8221;5&#8243;][vc_text_separator title=&#8221;Priporo\u010dena dodatna oprema:&#8221; title_align=&#8221;separator_align_left&#8221; align=&#8221;align_left&#8221; style=&#8221;dotted&#8221;]<div class=\"widget_products \"><div class=\"widget woocommerce widget_products\"><ul class=\"product_list_widget\"><li>\n\t\t<span class=\"widget-product-wrap\">\n\t\t<a href=\"https:\/\/agroflex.cz\/sl\/izdelek\/aero-100-avtomatski-odpirac-oken-za-rastlinjake\/\" title=\"AERO-100 Avtomatski odpira\u010d oken za rastlinjake\" class=\"widget-product-img\">\n\t\t\t<img decoding=\"async\" width=\"300\" height=\"300\" src=\"https:\/\/agroflex.cz\/wp-content\/uploads\/2023\/09\/avtomat2-1-300x300.jpg\" class=\"attachment-woocommerce_thumbnail size-woocommerce_thumbnail\" alt=\"Olejov\u00fd p\u00edst do sklen\u00edku\" srcset=\"https:\/\/agroflex.cz\/wp-content\/uploads\/2023\/09\/avtomat2-1-300x300.jpg 300w, https:\/\/agroflex.cz\/wp-content\/uploads\/2023\/09\/avtomat2-1-150x150.jpg 150w, https:\/\/agroflex.cz\/wp-content\/uploads\/2023\/09\/avtomat2-1-600x600.jpg 600w, https:\/\/agroflex.cz\/wp-content\/uploads\/2023\/09\/avtomat2-1.jpg 690w\" sizes=\"(max-width: 300px) 100vw, 300px\" \/>\t\t<\/a>\n\t\t<span class=\"widget-product-info\">\n\t\t\t<a href=\"https:\/\/agroflex.cz\/sl\/izdelek\/aero-100-avtomatski-odpirac-oken-za-rastlinjake\/\" title=\"AERO-100 Avtomatski odpira\u010d oken za rastlinjake\" class=\"wd-entities-title\">\n\t\t\t\tAERO-100 Avtomatski odpira\u010d oken za rastlinjake\t\t\t<\/a>\n\t\t\t\t\t\t\t\t\t\t\t\t\t<span class=\"price\"><del aria-hidden=\"true\"><span class=\"woocommerce-Price-amount amount\"><bdi>1 632<span class=\"woocommerce-Price-currencySymbol\">&#75;&#269;<\/span><\/bdi><\/span><\/del> <span class=\"screen-reader-text\">Izvirna cena je bila: 1 632&#075;&#269;.<\/span><ins aria-hidden=\"true\"><span class=\"woocommerce-Price-amount amount\"><bdi>1 531<span class=\"woocommerce-Price-currencySymbol\">&#75;&#269;<\/span><\/bdi><\/span><\/ins><span class=\"screen-reader-text\">Trenutna cena je: 1 531&#075;&#269;.<\/span><\/span>\n\t\t<\/span>\n\t<\/span>\n\t<\/li>\n<\/ul><\/div><\/div>[vc_separator style=&#8221;shadow&#8221; border_width=&#8221;5&#8243;][vc_column_text css=&#8221;&#8221; text_larger=&#8221;no&#8221; woodmart_inline=&#8221;no&#8221;]<\/p>\n<h4 style=\"text-align: center;\"><span style=\"color: #000000;\"><strong>Parametri toplogrednih plinov:<\/strong><\/span><\/h4>\n<table>\n<tbody>\n<tr style=\"height: 24px;\">\n<td style=\"width: 201px; height: 24px; text-align: left;\">Vrsta konstrukcije<\/td>\n<td style=\"width: 262px; height: 24px; text-align: right;\">Snemljivi loki<\/td>\n<\/tr>\n<tr style=\"height: 24px;\">\n<td style=\"width: 201px; height: 24px; text-align: left;\">Dovoljena obremenitev<\/td>\n<td style=\"width: 262px; height: 24px; text-align: right;\">300 kg<\/td>\n<\/tr>\n<tr style=\"height: 24px;\">\n<td style=\"width: 201px; height: 24px; text-align: left;\">\u0161irina<\/td>\n<td style=\"width: 262px; height: 24px; text-align: right;\">4,00 m<\/td>\n<\/tr>\n<tr style=\"height: 24px;\">\n<td style=\"width: 201px; height: 24px; text-align: left;\">vi\u0161ina<\/td>\n<td style=\"width: 262px; height: 24px; text-align: right;\">2,24 m<\/td>\n<\/tr>\n<tr style=\"height: 24px;\">\n<td style=\"width: 201px; height: 24px; text-align: left;\">Dol\u017eina (razli\u010dice)<\/td>\n<td style=\"width: 262px; height: 24px; text-align: right;\">3,98 m; 5,95 m; 7,91 m; 9,88 m; 11,84 (mo\u017een je tudi podalj\u0161anje po 1,964 m)<\/td>\n<\/tr>\n<tr style=\"height: 24px;\">\n<td style=\"width: 201px; height: 24px; text-align: left;\">Material za zasteklitev<\/td>\n<td style=\"width: 262px; height: 24px; text-align: right;\">polikarbonat 4 mm (jasnost &#8211; do 86%).<\/td>\n<\/tr>\n<tr style=\"height: 24px;\">\n<td style=\"width: 201px; height: 24px; text-align: left;\">UV za\u0161\u010dita<\/td>\n<td style=\"width: 262px; height: 24px; text-align: right;\">da (enostransko)<\/td>\n<\/tr>\n<tr style=\"height: 24px;\">\n<td style=\"width: 201px; height: 24px; text-align: left;\">Gradbeni<\/td>\n<p> material<\/p>\n<td style=\"width: 262px; height: 24px; text-align: right;\"> Pocinkano jeklo &#8211; Jekl kvadrat 40&#215;20 \u043c\u043c<\/td>\n<\/tr>\n<tr style=\"height: 24px;\">\n<td style=\"width: 201px; height: 24px; text-align: left;\">Trdnost jeklene<\/td>\n<p> stene<\/p>\n<td style=\"width: 262px; height: 24px; text-align: right;\">1 mm<\/td>\n<\/tr>\n<tr style=\"height: 35px;\">\n<td style=\"width: 201px; height: 35px; text-align: left;\">Razdalja med krivuljami<\/td>\n<td style=\"width: 262px; height: 35px; text-align: right;\">1 meter<\/td>\n<\/tr>\n<tr style=\"height: 24px;\">\n<td style=\"width: 201px; height: 24px; text-align: left;\">vrsta<\/td>\n<td style=\"width: 262px; height: 24px; text-align: right;\">prehoden na obeh straneh<\/td>\n<\/tr>\n<tr style=\"height: 24px;\">\n<td style=\"width: 201px; height: 24px; text-align: left;\">Vhodna<\/td>\n<p> vrata<\/p>\n<td style=\"width: 262px; height: 24px; text-align: right;\">2 kos<\/td>\n<\/tr>\n<tr style=\"height: 24px;\">\n<td style=\"width: 201px; height: 24px; text-align: left;\">Siganje iz polikarbonata<\/td>\n<td style=\"width: 262px; height: 24px; text-align: right;\">Da<\/td>\n<\/tr>\n<tr style=\"height: 24px;\">\n<td style=\"width: 201px; height: 24px; text-align: left;\">Garancija za polikarbonat<\/td>\n<td style=\"width: 262px; height: 24px; text-align: right;\">10 let<\/td>\n<\/tr>\n<tr style=\"height: 35px;\">\n<td style=\"width: 201px; height: 35px; text-align: left;\">Gradbena<\/td>\n<p> garancija<\/p>\n<td style=\"width: 262px; height: 35px; text-align: right;\">2 leti<\/td>\n<\/tr>\n<tr style=\"height: 24px;\">\n<td style=\"width: 185.867px; height: 24px; text-align: left;\">baza<\/td>\n<td style=\"width: 282.967px; height: 24px; text-align: right;\">Priporo\u010damo, da ga namestite v betonsko podlago<\/td>\n<\/tr>\n<\/tbody>\n<\/table>\n<p><span style=\"font-size: 10pt;\">V primeru, da ne \u017eelite skrbeti za sestavljanje potrebnih dodatkov za rastlinjake, vam ponujamo kompletne <a href=\"https:\/\/agroflex.cz\/kategorie-produktu\/accessories\/sada-prislusenstvi\/\"><strong>razli\u010dne komplete \/ komplete dodatkov za rastlinjake.<\/strong><\/a><\/span>[\/vc_column_text][vc_separator style=&#8221;shadow&#8221; border_width=&#8221;5&#8243;][\/vc_column][vc_column width=&#8221;1\/2&#8243;][vc_separator style=&#8221;shadow&#8221; border_width=&#8221;5&#8243;][vc_column_text css=&#8221;&#8221; text_larger=&#8221;no&#8221; woodmart_inline=&#8221;no&#8221;]<\/p>\n<div class=\"vc_row wpb_row vc_row-fluid\">\n<div class=\"wpb_column vc_column_container vc_col-sm-12\">\n<div class=\"vc_column-inner\">\n<div class=\"wpb_wrapper\">\n<div class=\"wpb_text_column wpb_content_element\">\n<div class=\"wpb_wrapper\">\n<h4 style=\"text-align: center;\">Temelji za rastlinjak<\/h4>\n<p>Da bi zagotovili trajnost rastlinjaka, je priporo\u010dljivo, da ga namestite na vnaprej pripravljeno podlago &#8211; temelj, izdelan na podlagi njegovih dimenzij po obodu podno\u017eja, na primer v obliki okvirja debeline 100 &#8230; 200 mm, kar bo znatno zmanj\u0161alo korozijsko aktivnost. Okvir rastlinjaka je treba pritrditi na temelj z vijaki ali \u017eeblji, da se prepre\u010di prevrnitev pri mo\u010dnih vetrovih. <\/p>\n<p>Polikarbonatni rastlinjak se tako lahko pritrdi glede na prioriteto vsakega kupca, lahko se vgradi v tla (pritrditev je zagotovljena s sidrnimi nogami), lesene prizme 20 x 20 cm ali na betonsko podlago. Vendar pa je na splo\u0161no sidranje na betonsko podlago bolj\u0161a izbira, ki bo znatno zmanj\u0161ala korozijsko aktivnost.<\/p>\n<\/div>\n<\/div>\n<\/div>\n<\/div>\n<\/div>\n<\/div>\n<p>[\/vc_column_text]<div class=\"widget_products \"><div class=\"widget woocommerce widget_products\"><ul class=\"product_list_widget\"><li>\n\t\t<span class=\"widget-product-wrap\">\n\t\t<a href=\"https:\/\/agroflex.cz\/sl\/izdelek\/uni-plocevinasta-podlaga-za-rastlinjake\/\" title=\"UNI plo\u010devinasta podlaga za rastlinjake\" class=\"widget-product-img\">\n\t\t\t<img decoding=\"async\" width=\"300\" height=\"300\" src=\"https:\/\/agroflex.cz\/wp-content\/uploads\/2023\/09\/Plechova-zakladna-ke-skleniku-9-300x300.jpeg\" class=\"attachment-woocommerce_thumbnail size-woocommerce_thumbnail\" alt=\"\" srcset=\"https:\/\/agroflex.cz\/wp-content\/uploads\/2023\/09\/Plechova-zakladna-ke-skleniku-9-300x300.jpeg 300w, https:\/\/agroflex.cz\/wp-content\/uploads\/2023\/09\/Plechova-zakladna-ke-skleniku-9-150x150.jpeg 150w\" sizes=\"(max-width: 300px) 100vw, 300px\" \/>\t\t<\/a>\n\t\t<span class=\"widget-product-info\">\n\t\t\t<a href=\"https:\/\/agroflex.cz\/sl\/izdelek\/uni-plocevinasta-podlaga-za-rastlinjake\/\" title=\"UNI plo\u010devinasta podlaga za rastlinjake\" class=\"wd-entities-title\">\n\t\t\t\tUNI plo\u010devinasta podlaga za rastlinjake\t\t\t<\/a>\n\t\t\t\t\t\t\t\t\t\t\t\t\t<span class=\"price\"><span class=\"woocommerce-Price-amount amount\" aria-hidden=\"true\"><bdi>1 452<span class=\"woocommerce-Price-currencySymbol\">&#75;&#269;<\/span><\/bdi><\/span> <span aria-hidden=\"true\">&ndash;<\/span> <span class=\"woocommerce-Price-amount amount\" aria-hidden=\"true\"><bdi>3 116<span class=\"woocommerce-Price-currencySymbol\">&#75;&#269;<\/span><\/bdi><\/span><span class=\"screen-reader-text\">Cenovni razpon: od 1 452&#75;&#269; do 3 116&#75;&#269;<\/span><\/span>\n\t\t<\/span>\n\t<\/span>\n\t<\/li>\n<\/ul><\/div><\/div>[vc_separator style=&#8221;shadow&#8221; border_width=&#8221;5&#8243;][vc_column_text css=&#8221;&#8221; text_larger=&#8221;no&#8221; woodmart_inline=&#8221;no&#8221;]<\/p>\n<div class=\"vc_row wpb_row vc_row-fluid\">\n<div class=\"wpb_column vc_column_container vc_col-sm-12\">\n<div class=\"vc_column-inner\">\n<div class=\"wpb_wrapper\">\n<div class=\"wpb_text_column wpb_content_element\">\n<div class=\"wpb_wrapper\">\n<h4 style=\"text-align: center;\">Pritrditve<\/h4>\n<p>Sestavljanje rastlinjaka je tudi preprosto in ne zahteva posebnih ve\u0161\u010din. Potreben je le minimalen nabor orodij &#8211; klju\u010d, izvija\u010d, no\u017e. Podrobna navodila boste prejeli skupaj z rastlinjakom. Ilustrirano navodilo bo \u0161e dodatno poenostavilo postopek gradnje rastlinjaka,   <\/p>\n<p>\u010ce nimate \u010dasa za monta\u017eo, <a href=\"https:\/\/agroflex.cz\/montaz-skleniku\/\" target=\"_blank\" rel=\"noopener\"><strong>lahko monta\u017eo<\/strong><\/a> naro\u010dite pri na\u0161ih strokovnjakih, ki vam bodo vse sestavili z visoko strokovnostjo in v najkraj\u0161em mo\u017enem \u010dasu. \u010ceprav je monta\u017ea celotnega rastlinjaka preprosta, je potrebno najve\u010d \u010dasa za rezanje in rob polikarbonata ter njegovo monta\u017eo na obe sprednji strani rastlinjaka. Zato vam ponujamo mo\u017enost naro\u010dila tega dela <a href=\"https:\/\/agroflex.cz\/montaz-skleniku\/\" target=\"_blank\" rel=\"noopener\"><strong>monta\u017ee<\/strong><\/a>, ki se izvaja v na\u0161em skladi\u0161\u010du, od nosilca boste prejeli obe sprednji strani, napolnjeni s polikarbonatom. <\/p>\n<p>Rastlinjak se lahko spremeni in izvedba raz\u0161iritev je mo\u017ena v prihodnosti, zato je teoreti\u010dna dol\u017eina rastlinjaka neomejena.<\/p>\n<\/div>\n<\/div>\n<\/div>\n<\/div>\n<\/div>\n<\/div>\n<p>[\/vc_column_text][vc_separator style=&#8221;shadow&#8221; border_width=&#8221;5&#8243;][vc_column_text woodmart_inline=&#8221;no&#8221; text_larger=&#8221;no&#8221;]<\/p>\n<h4 style=\"text-align: center;\">Alternative<\/h4>\n<p>[\/vc_column_text]<div class=\"widget_products \"><div class=\"widget woocommerce widget_products\"><ul class=\"product_list_widget\"><li>\n\t\t<span class=\"widget-product-wrap\">\n\t\t<a href=\"https:\/\/agroflex.cz\/sl\/izdelek\/vrtni-rastlinjak-proti-vetru-profi-plus\/\" title=\"Vrtni rastlinjak proti vetru PROFI PLUS\" class=\"widget-product-img\">\n\t\t\t<img decoding=\"async\" width=\"300\" height=\"300\" src=\"https:\/\/agroflex.cz\/wp-content\/uploads\/2023\/09\/polykarbonatovy-sklenik-4x6m-1-300x300.png\" class=\"attachment-woocommerce_thumbnail size-woocommerce_thumbnail\" alt=\"Polikarbonatna rastlinjaka 8mm\" srcset=\"https:\/\/agroflex.cz\/wp-content\/uploads\/2023\/09\/polykarbonatovy-sklenik-4x6m-1-300x300.png 300w, https:\/\/agroflex.cz\/wp-content\/uploads\/2023\/09\/polykarbonatovy-sklenik-4x6m-1-800x800.png 800w, https:\/\/agroflex.cz\/wp-content\/uploads\/2023\/09\/polykarbonatovy-sklenik-4x6m-1-150x150.png 150w, https:\/\/agroflex.cz\/wp-content\/uploads\/2023\/09\/polykarbonatovy-sklenik-4x6m-1-768x768.png 768w, https:\/\/agroflex.cz\/wp-content\/uploads\/2023\/09\/polykarbonatovy-sklenik-4x6m-1-600x600.png 600w, https:\/\/agroflex.cz\/wp-content\/uploads\/2023\/09\/polykarbonatovy-sklenik-4x6m-1.png 1024w\" sizes=\"(max-width: 300px) 100vw, 300px\" \/>\t\t<\/a>\n\t\t<span class=\"widget-product-info\">\n\t\t\t<a href=\"https:\/\/agroflex.cz\/sl\/izdelek\/vrtni-rastlinjak-proti-vetru-profi-plus\/\" title=\"Vrtni rastlinjak proti vetru PROFI PLUS\" class=\"wd-entities-title\">\n\t\t\t\tVrtni rastlinjak proti vetru PROFI PLUS\t\t\t<\/a>\n\t\t\t\t\t\t\t\t\t\t\t\t\t<span class=\"price\"><span class=\"woocommerce-Price-amount amount\" aria-hidden=\"true\"><bdi>47 295<span class=\"woocommerce-Price-currencySymbol\">&#75;&#269;<\/span><\/bdi><\/span> <span aria-hidden=\"true\">&ndash;<\/span> <span class=\"woocommerce-Price-amount amount\" aria-hidden=\"true\"><bdi>111 967<span class=\"woocommerce-Price-currencySymbol\">&#75;&#269;<\/span><\/bdi><\/span><span class=\"screen-reader-text\">Cenovni razpon: od 47 295&#75;&#269; do 111 967&#75;&#269;<\/span><\/span>\n\t\t<\/span>\n\t<\/span>\n\t<\/li>\n<\/ul><\/div><\/div>[vc_separator style=&#8221;shadow&#8221; border_width=&#8221;5&#8243;][\/vc_column][\/vc_row]<\/p>\n<\/div>","protected":false},"excerpt":{"rendered":"<p style=\"text-align: justify;\"><span style=\"font-size: 10pt;\"><span style=\"color: #993300;\"><strong>NOVICE!  <\/strong><\/span>\u0160irina rastlinjaka 4m, vi\u0161ina 2,24m, dol\u017eina od 4m. Novi sistem stranskega odpiranja &#8220;ANTI-STORM&#8221; je odporen na veter. Drsni del \u0161irine 1 meter. Rastlinjak zagotavlja popolno prezra\u010devanje, naravno zalivanje z de\u017eevnico. Robustna konstrukcija. Poseben certificiran prosojni polikarbonat za rastlinjake debeline 4 mm z UV filtrom. Rastlinjak je prehoden na obeh straneh.      <\/span><\/p>\n<p><strong> <\/strong><\/p>\n","protected":false},"featured_media":18955,"comment_status":"open","ping_status":"closed","template":"","meta":[],"product_brand":[419],"product_cat":[852],"product_tag":[],"class_list":{"0":"post-22797","1":"product","2":"type-product","3":"status-publish","4":"has-post-thumbnail","6":"product_brand-agroflex","7":"product_cat-pokrivanje-bazena","9":"first","10":"instock","11":"taxable","12":"shipping-taxable","13":"purchasable","14":"product-type-variable","15":"has-default-attributes"},"_links":{"self":[{"href":"https:\/\/agroflex.cz\/sl\/wp-json\/wp\/v2\/product\/22797","targetHints":{"allow":["GET"]}}],"collection":[{"href":"https:\/\/agroflex.cz\/sl\/wp-json\/wp\/v2\/product"}],"about":[{"href":"https:\/\/agroflex.cz\/sl\/wp-json\/wp\/v2\/types\/product"}],"replies":[{"embeddable":true,"href":"https:\/\/agroflex.cz\/sl\/wp-json\/wp\/v2\/comments?post=22797"}],"wp:featuredmedia":[{"embeddable":true,"href":"https:\/\/agroflex.cz\/sl\/wp-json\/wp\/v2\/media\/18955"}],"wp:attachment":[{"href":"https:\/\/agroflex.cz\/sl\/wp-json\/wp\/v2\/media?parent=22797"}],"wp:term":[{"taxonomy":"product_brand","embeddable":true,"href":"https:\/\/agroflex.cz\/sl\/wp-json\/wp\/v2\/product_brand?post=22797"},{"taxonomy":"product_cat","embeddable":true,"href":"https:\/\/agroflex.cz\/sl\/wp-json\/wp\/v2\/product_cat?post=22797"},{"taxonomy":"product_tag","embeddable":true,"href":"https:\/\/agroflex.cz\/sl\/wp-json\/wp\/v2\/product_tag?post=22797"}],"curies":[{"name":"wp","href":"https:\/\/api.w.org\/{rel}","templated":true}]}}