{"id":22895,"date":"2023-09-04T21:05:30","date_gmt":"2023-09-04T21:05:30","guid":{"rendered":"https:\/\/agroflex.cz\/product\/pokrivanje-bazena-agroflex-tulipan\/"},"modified":"2026-02-02T00:53:51","modified_gmt":"2026-02-02T00:53:51","slug":"pokrivanje-bazena-agroflex-tulipan","status":"publish","type":"product","link":"https:\/\/agroflex.cz\/sl\/izdelek\/pokrivanje-bazena-agroflex-tulipan\/","title":{"rendered":"Pokrivanje bazena Agroflex TULIPAN"},"content":{"rendered":"<div class=\"wpb-content-wrapper\"><p>[vc_row][vc_column][vc_separator style=&#8221;shadow&#8221; border_width=&#8221;5&#8243;][vc_column_text css=&#8221;&#8221; text_larger=&#8221;no&#8221; woodmart_inline=&#8221;no&#8221;]<\/p>\n<h2 style=\"text-align: center;\">Poceni<strong> Agroflex TULIPAN<br \/>\n<\/strong> ohi\u0161je za bazen<\/h2>\n<p>To je novost leta 2021! Sodoben, robusten obokani polikarbonatni rastlinjak z zlo\u017eljivo streho in stranskimi deli je zasnovan ne samo za gojenje pridelkov, temve\u010d se lahko uporablja tudi kot pametna streha za bazene, gazebos, itd. <\/p>\n<p>Glavna razlika od ve\u010dine rastlinjakov te vrste je nov sistem stranskega odpiranja &#8220;ANTI-STORM&#8221;: 2 metra \u0161iroka drsna streha in stranski deli z jekleno konstrukcijo debeline 40 x 20 x 1 mm tvorijo stabilno strukturo in zagotavljajo visoko vzdr\u017eljivost. Primeren je tudi za gorska obmo\u010dja. <\/p>\n<p>Za razliko od drugih struktur je vrtni rastlinjak prostoren in vam omogo\u010da, da stojite pokon\u010dno v notranjosti. V notranjosti se lahko postavijo mize ali le\u017ealniki in se lahko udobno sprostite z vso dru\u017eino ali podjetjem.[\/vc_column_text][vc_separator wd_hide_on_desktop=&#8221;no&#8221; wd_hide_on_tablet=&#8221;no&#8221; wd_hide_on_mobile=&#8221;no&#8221;][vc_column_text woodmart_inline=&#8221;no&#8221; text_larger=&#8221;no&#8221;]<\/p>\n<h3 style=\"text-align: center;\">Polikarbonatna zasteklitev<\/h3>\n<p>Poseben certificirani votli polikarbonat za vrtne rastlinjake z UV filtrom. Prednost tega izdelka je visoka toplotna izolacija proti steklu. Odporen na mehanske po\u0161kodbe, vremenske vplive in to\u010do. Temperatura vode je zaradi ohi\u0161ja vi\u0161ja kot brez strehe.   <\/p>\n<p>Kovino lahko obdelamo s posebnim barvnim izdelkom, ki bo poleg estetskega videza podalj\u0161al tudi \u017eivljenjsko dobo pocinkane povr\u0161ine. Hkrati lahko izberete tudi barvni odtenek polikarbonata (ob oddaji naro\u010dila v opombi navedite barvo polikarbonata, natan\u010dno ceno vam bomo poslali takoj, pribli\u017eno cena se bo pove\u010dala za 5-9%) <\/p>\n<p><strong><span style=\"color: #ff0000;\">Obvestilo:<\/span> Ne priporo\u010damo sidranja vrtnega rastlinjaka na obmo\u010dju, kjer je mo\u010dan veter, npr. polje itd. Mo\u010dni vetrovi lahko po\u0161kodujejo plasti\u010dne komponente za odpiranje.  <\/strong>[\/vc_column_text][\/vc_column][\/vc_row][vc_row][vc_column width=&#8221;1\/2&#8243;][vc_separator style=&#8221;shadow&#8221; border_width=&#8221;5&#8243;][vc_column_text text_larger=&#8221;no&#8221; woodmart_inline=&#8221;no&#8221;]<\/p>\n<h4 style=\"text-align: center;\"><strong>Parametri toplogrednih plinov:<\/strong><\/h4>\n<table>\n<tbody>\n<tr style=\"height: 24px;\">\n<td style=\"width: 201px; height: 24px; text-align: left;\">Vrsta konstrukcije<\/td>\n<td style=\"width: 262px; height: 24px; text-align: right;\">Fiksni loki<\/td>\n<\/tr>\n<tr style=\"height: 24px;\">\n<td style=\"width: 201px; height: 24px; text-align: left;\">Dovoljena obremenitev<\/td>\n<td style=\"width: 262px; height: 24px; text-align: right;\">240 kg<\/td>\n<\/tr>\n<tr style=\"height: 24px;\">\n<td style=\"width: 201px; height: 24px; text-align: left;\">\u0161irina<\/td>\n<td style=\"width: 262px; height: 24px; text-align: right;\">3,08 m<\/td>\n<\/tr>\n<tr style=\"height: 24px;\">\n<td style=\"width: 201px; height: 24px; text-align: left;\">vi\u0161ina<\/td>\n<td style=\"width: 262px; height: 24px; text-align: right;\">2,02 m<\/td>\n<\/tr>\n<tr style=\"height: 24px;\">\n<td style=\"width: 201px; height: 24px; text-align: left;\">Dol\u017eina (razli\u010dice)<\/td>\n<td style=\"width: 262px; height: 24px; text-align: right;\">3,95 m; 5,91 m; 7,88 m; 9,845 m, 11,84; (mo\u017een je tudi dalj\u0161i podalj\u0161ek po 1.964 m)<\/td>\n<\/tr>\n<tr style=\"height: 24px;\">\n<td style=\"width: 201px; height: 24px; text-align: left;\">Material za zasteklitev<\/td>\n<td style=\"width: 262px; height: 24px; text-align: right;\">polikarbonat 4 mm (jasnost &#8211; do 86%).<\/td>\n<\/tr>\n<tr style=\"height: 24px;\">\n<td style=\"width: 201px; height: 24px; text-align: left;\">UV za\u0161\u010dita<\/td>\n<td style=\"width: 262px; height: 24px; text-align: right;\">da (enostransko)<\/td>\n<\/tr>\n<tr style=\"height: 24px;\">\n<td style=\"width: 201px; height: 24px; text-align: left;\">Gradbeni<\/td>\n<p> material<\/p>\n<td style=\"width: 262px; height: 24px; text-align: right;\"> Pocinkano jeklo &#8211; Jekl kvadrat 40&#215;20 \u043c\u043c<\/td>\n<\/tr>\n<tr style=\"height: 24px;\">\n<td style=\"width: 201px; height: 24px; text-align: left;\">Trdnost jeklene<\/td>\n<p> stene<\/p>\n<td style=\"width: 262px; height: 24px; text-align: right;\">1 mm<\/td>\n<\/tr>\n<tr style=\"height: 35px;\">\n<td style=\"width: 201px; height: 35px; text-align: left;\">Razdalja med krivuljami<\/td>\n<td style=\"width: 262px; height: 35px; text-align: right;\">1 meter<\/td>\n<\/tr>\n<tr style=\"height: 24px;\">\n<td style=\"width: 201px; height: 24px; text-align: left;\">vrsta<\/td>\n<td style=\"width: 262px; height: 24px; text-align: right;\">prehoden na obeh straneh<\/td>\n<\/tr>\n<tr style=\"height: 24px;\">\n<td style=\"width: 201px; height: 24px; text-align: left;\">Vhodna<\/td>\n<p> vrata<\/p>\n<td style=\"width: 262px; height: 24px; text-align: right;\">2 kos<\/td>\n<\/tr>\n<tr style=\"height: 35px;\">\n<td style=\"width: 201px; height: 35px; text-align: left;\">Prezra\u010devalno okno spredaj<\/td>\n<td style=\"width: 262px; height: 35px; text-align: right;\">2 kos<\/td>\n<\/tr>\n<tr style=\"height: 24px;\">\n<td style=\"width: 201px; height: 24px; text-align: left;\">Siganje iz polikarbonata<\/td>\n<td style=\"width: 262px; height: 24px; text-align: right;\">Da<\/td>\n<\/tr>\n<tr style=\"height: 24px;\">\n<td style=\"width: 201px; height: 24px; text-align: left;\">Garancija za polikarbonat<\/td>\n<td style=\"width: 262px; height: 24px; text-align: right;\">10 let<\/td>\n<\/tr>\n<tr style=\"height: 35px;\">\n<td style=\"width: 201px; height: 35px; text-align: left;\">Gradbena<\/td>\n<p> garancija<\/p>\n<td style=\"width: 262px; height: 35px; text-align: right;\">2 leti<\/td>\n<\/tr>\n<tr style=\"height: 24px;\">\n<td style=\"width: 201px; height: 24px; text-align: left;\">baza<\/td>\n<td style=\"width: 262px; height: 24px; text-align: right;\">potrebno<\/td>\n<\/tr>\n<tr style=\"height: 24px;\">\n<td style=\"width: 185.867px; height: 24px; text-align: left;\">Siganje na tla<\/td>\n<td style=\"width: 243.133px; height: 24px; text-align: right;\"><a href=\"https:\/\/agroflex.cz\/kategorie-produktu\/dodatki\/kotveni-skleniku\/\" target=\"_blank\" rel=\"noopener\">Sorodni izdelki<\/a><\/td>\n<\/tr>\n<\/tbody>\n<\/table>\n<p><span style=\"font-size: 10pt;\">V primeru, da ne \u017eelite skrbeti za sestavljanje potrebnih dodatkov za rastlinjake, vam ponujamo kompletne <a href=\"https:\/\/agroflex.cz\/kategorie-produktu\/accessoires\/sada-prislusenstvi\/\"><strong>razli\u010dne komplete \/ komplete dodatkov za rastlinjake.<\/strong><\/a><\/span>[\/vc_column_text][vc_separator style=&#8221;shadow&#8221; border_width=&#8221;5&#8243;][\/vc_column][vc_column width=&#8221;1\/2&#8243;][vc_separator style=&#8221;shadow&#8221; border_width=&#8221;5&#8243;][vc_column_text text_larger=&#8221;no&#8221; woodmart_inline=&#8221;no&#8221;]<\/p>\n<div class=\"vc_row wpb_row vc_row-fluid\">\n<div class=\"wpb_column vc_column_container vc_col-sm-12\">\n<div class=\"vc_column-inner\">\n<div class=\"wpb_wrapper\">\n<div class=\"wpb_text_column wpb_content_element\">\n<div class=\"wpb_wrapper\">\n<h4 style=\"text-align: center;\"><span style=\"font-family: georgia, palatino, serif;\">Pritrditve<\/span><\/h4>\n<p>Namestitev ohi\u0161ja je preprosta in ne zahteva posebnih ve\u0161\u010din. Potreben je le minimalen nabor orodij &#8211; klju\u010d, izvija\u010d, no\u017e. <\/p>\n<p>\u010ce nimate \u010dasa za monta\u017eo, <a href=\"\/?p=128\">lahko monta\u017eo<\/a> naro\u010dite pri na\u0161ih strokovnjakih, ki vam bodo vse sestavili z visoko strokovnostjo in v najkraj\u0161em mo\u017enem \u010dasu. Bazensko ohi\u0161je se lahko spremeni in izvedba raz\u0161iritev je mo\u017ena v prihodnosti, zato je teoreti\u010dna dol\u017eina rastlinjaka neomejena<\/p>\n<\/div>\n<\/div>\n<\/div>\n<\/div>\n<\/div>\n<\/div>\n<p>[\/vc_column_text][vc_separator style=&#8221;shadow&#8221; border_width=&#8221;5&#8243;][vc_column_text woodmart_inline=&#8221;no&#8221; text_larger=&#8221;no&#8221;]<\/p>\n<h4 style=\"text-align: center;\"><span style=\"font-family: georgia, palatino, serif;\">Alternative<\/span><\/h4>\n<p>[\/vc_column_text]<div class=\"widget_products \"><div class=\"widget woocommerce widget_products\"><ul class=\"product_list_widget\"><li>\n\t\t<span class=\"widget-product-wrap\">\n\t\t<a href=\"https:\/\/agroflex.cz\/sl\/izdelek\/ohisje-za-bazen-agroflex-tulipan-b40\/\" title=\"Ohi\u0161je za bazen Agroflex TULIPAN B40\" class=\"widget-product-img\">\n\t\t\t<img decoding=\"async\" width=\"300\" height=\"300\" src=\"https:\/\/agroflex.cz\/wp-content\/uploads\/2023\/09\/Zastreseni-bazenu-300x300.jpg\" class=\"attachment-woocommerce_thumbnail size-woocommerce_thumbnail\" alt=\"Okroglo ograjeno bazensko ohi\u0161je\" srcset=\"https:\/\/agroflex.cz\/wp-content\/uploads\/2023\/09\/Zastreseni-bazenu-300x300.jpg 300w, https:\/\/agroflex.cz\/wp-content\/uploads\/2023\/09\/Zastreseni-bazenu-150x150.jpg 150w, https:\/\/agroflex.cz\/wp-content\/uploads\/2023\/09\/Zastreseni-bazenu-600x600.jpg 600w\" sizes=\"(max-width: 300px) 100vw, 300px\" \/>\t\t<\/a>\n\t\t<span class=\"widget-product-info\">\n\t\t\t<a href=\"https:\/\/agroflex.cz\/sl\/izdelek\/ohisje-za-bazen-agroflex-tulipan-b40\/\" title=\"Ohi\u0161je za bazen Agroflex TULIPAN B40\" class=\"wd-entities-title\">\n\t\t\t\tOhi\u0161je za bazen Agroflex TULIPAN B40\t\t\t<\/a>\n\t\t\t\t\t\t\t\t\t\t\t\t\t<span class=\"price\"><span class=\"woocommerce-Price-amount amount\" aria-hidden=\"true\"><bdi>122 237<span class=\"woocommerce-Price-currencySymbol\">&#75;&#269;<\/span><\/bdi><\/span> <span aria-hidden=\"true\">&ndash;<\/span> <span class=\"woocommerce-Price-amount amount\" aria-hidden=\"true\"><bdi>207 242<span class=\"woocommerce-Price-currencySymbol\">&#75;&#269;<\/span><\/bdi><\/span><span class=\"screen-reader-text\">Cenovni razpon: od 122 237&#75;&#269; do 207 242&#75;&#269;<\/span><\/span>\n\t\t<\/span>\n\t<\/span>\n\t<\/li>\n<\/ul><\/div><\/div>[vc_separator style=&#8221;shadow&#8221; border_width=&#8221;5&#8243;][\/vc_column][\/vc_row]<\/p>\n<\/div>","protected":false},"excerpt":{"rendered":"<p style=\"text-align: justify;\"><span style=\"font-size: 10pt;\"><span style=\"color: #993300;\"><strong>NOVICE!<\/strong> <\/span>\u0160irina 3m, vi\u0161ina 2m, dol\u017eina od 2m. Novi sistem stranskega odpiranja &#8220;ANTI-STORM&#8221; je odporen na veter. Drsni del \u0161irine 2 metra. Poseben certificiran prosojni polikarbonat debeline 4 mm z UV filtrom. Enostaven za monta\u017eo.<br \/>\n<\/span><\/p>\n","protected":false},"featured_media":32534,"comment_status":"open","ping_status":"closed","template":"","meta":[],"product_brand":[419],"product_cat":[852],"product_tag":[],"class_list":{"0":"post-22895","1":"product","2":"type-product","3":"status-publish","4":"has-post-thumbnail","6":"product_brand-agroflex","7":"product_cat-pokrivanje-bazena","9":"first","10":"instock","11":"taxable","12":"shipping-taxable","13":"purchasable","14":"product-type-variable","15":"has-default-attributes"},"_links":{"self":[{"href":"https:\/\/agroflex.cz\/sl\/wp-json\/wp\/v2\/product\/22895","targetHints":{"allow":["GET"]}}],"collection":[{"href":"https:\/\/agroflex.cz\/sl\/wp-json\/wp\/v2\/product"}],"about":[{"href":"https:\/\/agroflex.cz\/sl\/wp-json\/wp\/v2\/types\/product"}],"replies":[{"embeddable":true,"href":"https:\/\/agroflex.cz\/sl\/wp-json\/wp\/v2\/comments?post=22895"}],"wp:featuredmedia":[{"embeddable":true,"href":"https:\/\/agroflex.cz\/sl\/wp-json\/wp\/v2\/media\/32534"}],"wp:attachment":[{"href":"https:\/\/agroflex.cz\/sl\/wp-json\/wp\/v2\/media?parent=22895"}],"wp:term":[{"taxonomy":"product_brand","embeddable":true,"href":"https:\/\/agroflex.cz\/sl\/wp-json\/wp\/v2\/product_brand?post=22895"},{"taxonomy":"product_cat","embeddable":true,"href":"https:\/\/agroflex.cz\/sl\/wp-json\/wp\/v2\/product_cat?post=22895"},{"taxonomy":"product_tag","embeddable":true,"href":"https:\/\/agroflex.cz\/sl\/wp-json\/wp\/v2\/product_tag?post=22895"}],"curies":[{"name":"wp","href":"https:\/\/api.w.org\/{rel}","templated":true}]}}